{"id":124,"date":"2022-01-28T14:35:20","date_gmt":"2022-01-28T13:35:20","guid":{"rendered":"https:\/\/zunkacichoscameleon.pl\/?page_id=124"},"modified":"2026-02-19T13:07:20","modified_gmt":"2026-02-19T12:07:20","slug":"touch-drawing-polska-zunka-cichos","status":"publish","type":"page","link":"https:\/\/zunkacichoscameleon.pl\/en\/touch-drawing-polska-zunka-cichos\/","title":{"rendered":"events"},"content":{"rendered":"<div class=\"wp-block-image\">\n<figure class=\"aligncenter size-full\"><img loading=\"lazy\" decoding=\"async\" width=\"1920\" height=\"1080\" src=\"https:\/\/zunkacichoscameleon.pl\/wp-content\/uploads\/2024\/07\/1.jpg\" alt=\"\" class=\"wp-image-2341\" srcset=\"https:\/\/zunkacichoscameleon.pl\/wp-content\/uploads\/2024\/07\/1.jpg 1920w, https:\/\/zunkacichoscameleon.pl\/wp-content\/uploads\/2024\/07\/1-300x169.jpg 300w, https:\/\/zunkacichoscameleon.pl\/wp-content\/uploads\/2024\/07\/1-1024x576.jpg 1024w, https:\/\/zunkacichoscameleon.pl\/wp-content\/uploads\/2024\/07\/1-768x432.jpg 768w, https:\/\/zunkacichoscameleon.pl\/wp-content\/uploads\/2024\/07\/1-1536x864.jpg 1536w, https:\/\/zunkacichoscameleon.pl\/wp-content\/uploads\/2024\/07\/1-18x10.jpg 18w, https:\/\/zunkacichoscameleon.pl\/wp-content\/uploads\/2024\/07\/1-416x234.jpg 416w\" sizes=\"auto, (max-width: 1920px) 100vw, 1920px\" \/><\/figure>\n<\/div>\n\n\n<p>I would like to invite you to very special event <strong>the Touch Drawing<\/strong>.<\/p>\n\n\n\n<p>It will be 4 hour long journey <strong>to your inner temple.<\/strong><\/p>\n\n\n\n<p>Your hands <strong>will help you to express what is happening inside of you.<\/strong> They will translate your inner landscape into a movement on the paper and into an image<\/p>\n\n\n\n<p><strong>Feeling yourself<\/strong> and expressing it will be the most important thing for us during the workshop<\/p>\n\n\n\n<p>In this experience<strong> estetics and artistry will be not our goal<\/strong>you do not need to know how to paint or have experience in painting and arts, you just need your hands<\/p>\n\n\n\n<p>Artistic skills do not help sometimes in expressing authenticity<\/p>\n\n\n\n<p>You will paint images, that  need be seen right now in your life, to support your process and healing<\/p>\n\n\n\n<p>It may be a journey <strong>to your creativity, to your emotions, to your body, to your higher self and even deeper. Each person has their own unique process to be experienced.<\/strong><\/p>\n\n\n\n<p>You can paint for the intention of another person<\/p>\n\n\n\n<p>Touch drawing is a powerful transformative process that is hard to capture in words<\/p>\n\n\n\n<p>In a small group of 6 people we will enter creative sanctuary, where we will draw in a safe space of a sacred circle, in meditation and sound.<\/p>\n\n\n\n<p>I invite men and women and everybody in between<\/p>\n\n\n\n<p>I invite you if you feel a need to contect with yourself on a deep level. We will dive deep.<\/p>\n\n\n\n<p>The Touch Drawing came to Deborah Koff Chapin in 1974 and since then it has been supporting people as  complement to many therapies and as spiritual creative pratice.<\/p>\n\n\n\n<p><\/p>\n\n\n\n<p>I feel very coherent and aligned with  this practice and I am absolutely delighted by it. I practice regulary&nbsp;<\/p>\n\n\n\n<p>I am allowed by Deborah Koff Chapin and i have her blessing to share Touch Drawing in Poland<\/p>\n\n\n\n<p>My name is Zunka Cichos and since 2 years I have been invinting people to painting rituals. I am a guide into soul images, into inner temple, i am an artist and women in a journey to herself. I guide to freedom, authenticity and healing through creative process.<\/p>\n\n\n\n<p><\/p>\n\n\n\n<p>I graduated form Academy of Expressive Arts, I am instructor of Movement Improvisation and Body Symbolism, I studied two years of Process Oriented Psychology<\/p>\n\n\n\n<p>Zobacz opinie kobiet, kt\u00f3re uczestniczy\u0142y w moich warsztatach.<\/p>\n\n\n\n<figure class=\"wp-block-embed is-type-wp-embed is-provider-zunka-cichos-jak-kameleon wp-block-embed-zunka-cichos-jak-kameleon\"><div class=\"wp-block-embed__wrapper\">\n<blockquote class=\"wp-embedded-content\" data-secret=\"cU5O0g7X5N\"><a href=\"https:\/\/zunkacichoscameleon.pl\/en\/opinie-zunka-cichos-cameleon\/\">Reviews<\/a><\/blockquote><iframe loading=\"lazy\" class=\"wp-embedded-content\" sandbox=\"allow-scripts\" security=\"restricted\" style=\"position: absolute; visibility: hidden;\" title=\"&#8222;Opinie&#8221; &#8212; Zunka Cichos jak  kameleon\" src=\"https:\/\/zunkacichoscameleon.pl\/opinie-zunka-cichos-cameleon\/embed\/#?secret=SH1SKtrgKv#?secret=cU5O0g7X5N\" data-secret=\"cU5O0g7X5N\" width=\"600\" height=\"338\" frameborder=\"0\" marginwidth=\"0\" marginheight=\"0\" scrolling=\"no\"><\/iframe>\n<\/div><\/figure>\n\n\n\n<p>From my heart and from the spirit of Touch Drawing<\/p>\n\n\n\n<p><\/p>\n\n\n\n<p><\/p>\n\n\n\n<p><strong>Where<\/strong> Cieszyn<\/p>\n\n\n\n<p><strong>When<\/strong> 22 marca 2026, godzina 11.00-15.00<\/p>\n\n\n\n<p><strong>Inwestycja:<\/strong> 350 z\u0142, <strong>w razie rezygnacji z warsztatu zwracam 50 % op\u0142aty przed 15 marca,<\/strong> poniewa\u017c pracuj\u0119 w ma\u0142ych grupach i maksymalna ilo\u015b\u0107 os\u00f3b jest jednocze\u015bnie minimaln\u0105 liczb\u0105 os\u00f3b, potrzebn\u0105 do pokrycia koszt\u00f3w\u00a0. Rezygnacja po 15 tym marca jest r\u00f3wnoznaczna z pobraniem ca\u0142ej kwoty 350 z\u0142.<\/p>\n\n\n\n<p>Here you can buy your ticket<\/p>\n\n\n\n<figure class=\"wp-block-embed is-type-wp-embed is-provider-zunka-cichos-jak-kameleon wp-block-embed-zunka-cichos-jak-kameleon\"><div class=\"wp-block-embed__wrapper\">\n<blockquote class=\"wp-embedded-content\" data-secret=\"IEcS5RXtrH\"><a href=\"https:\/\/zunkacichoscameleon.pl\/en\/product\/touch-drawing-malowane-dotykiem-warsztat-stacjonarny-cieszyn\/\">Touch Drawing &#8211; Malowane dotykiem, warsztat stacjonarny Cieszyn 22 marca<\/a><\/blockquote><iframe loading=\"lazy\" class=\"wp-embedded-content\" sandbox=\"allow-scripts\" security=\"restricted\" style=\"position: absolute; visibility: hidden;\" title=\"&#8222;Touch Drawing &#8211; Malowane dotykiem, warsztat stacjonarny Cieszyn 22 marca&#8221; &#8212; Zunka Cichos jak  kameleon\" src=\"https:\/\/zunkacichoscameleon.pl\/produkt\/touch-drawing-malowane-dotykiem-warsztat-stacjonarny-cieszyn\/embed\/#?secret=VkXLWnIXSJ#?secret=IEcS5RXtrH\" data-secret=\"IEcS5RXtrH\" width=\"600\" height=\"338\" frameborder=\"0\" marginwidth=\"0\" marginheight=\"0\" scrolling=\"no\"><\/iframe>\n<\/div><\/figure>\n\n\n\n<p><\/p>\n\n\n\n<p><\/p>\n\n\n\n<p><\/p>","protected":false},"excerpt":{"rendered":"<p>Droga Istoto Tw\u00f3rcza, zapraszam Ci\u0119 do bardzo unikatowego do\u015bwiadczenia The Touch Drawing- Malowane dotykiem. To b\u0119dzie oko\u0142o 4 godzinna podr\u00f3\u017c do wewn\u0119trznej \u015bwi\u0105tyni. Twoje r\u0119ce pos\u0142u\u017c\u0105 Ci jako przeka\u017aniki tego, co dzieje si\u0119 w Tobie. Czucie siebie i wyra\u017canie tego przez r\u0119ce b\u0119dzie dla nas najwa\u017cniejsze. W tym do\u015bwiadczeniu artyzm nie ma \u017cadnego znaczenia, mo\u017cesz [&hellip;]<\/p>\n","protected":false},"author":1,"featured_media":0,"parent":0,"menu_order":0,"comment_status":"closed","ping_status":"closed","template":"","meta":{"footnotes":""},"class_list":["post-124","page","type-page","status-publish","hentry"],"yoast_head":"<!-- This site is optimized with the Yoast SEO plugin v27.3 - https:\/\/yoast.com\/product\/yoast-seo-wordpress\/ -->\n<title>Wydarzenia - Zunka Cichos jak kameleon<\/title>\n<meta name=\"description\" content=\"Zapraszam Ci\u0119 do kr\u0119gu kobiet, w kt\u00f3rym stworzymy portrety naszych postaci wewn\u0119trznych, kt\u00f3re pomog\u0105 nam bardziej skontaktowa\u0107 z nimi.\" \/>\n<meta name=\"robots\" content=\"index, follow, max-snippet:-1, max-image-preview:large, max-video-preview:-1\" \/>\n<link rel=\"canonical\" href=\"https:\/\/zunkacichoscameleon.pl\/en\/touch-drawing-polska-zunka-cichos\/\" \/>\n<meta property=\"og:locale\" content=\"en_GB\" \/>\n<meta property=\"og:type\" content=\"article\" \/>\n<meta property=\"og:title\" content=\"Wydarzenia - Zunka Cichos jak kameleon\" \/>\n<meta property=\"og:description\" content=\"Zapraszam Ci\u0119 do kr\u0119gu kobiet, w kt\u00f3rym stworzymy portrety naszych postaci wewn\u0119trznych, kt\u00f3re pomog\u0105 nam bardziej skontaktowa\u0107 z nimi.\" \/>\n<meta property=\"og:url\" content=\"https:\/\/zunkacichoscameleon.pl\/en\/touch-drawing-polska-zunka-cichos\/\" \/>\n<meta property=\"og:site_name\" content=\"Zunka Cichos jak kameleon\" \/>\n<meta property=\"article:publisher\" content=\"https:\/\/www.facebook.com\/Cameleon-100398745427656\" \/>\n<meta property=\"article:modified_time\" content=\"2026-02-19T12:07:20+00:00\" \/>\n<meta property=\"og:image\" content=\"https:\/\/zunkacichoscameleon.pl\/wp-content\/uploads\/2024\/07\/1.jpg\" \/>\n\t<meta property=\"og:image:width\" content=\"1920\" \/>\n\t<meta property=\"og:image:height\" content=\"1080\" \/>\n\t<meta property=\"og:image:type\" content=\"image\/jpeg\" \/>\n<meta name=\"twitter:card\" content=\"summary_large_image\" \/>\n<meta name=\"twitter:label1\" content=\"Estimated reading time\" \/>\n\t<meta name=\"twitter:data1\" content=\"3 minutes\" \/>\n<script type=\"application\/ld+json\" class=\"yoast-schema-graph\">{\"@context\":\"https:\\\/\\\/schema.org\",\"@graph\":[{\"@type\":\"WebPage\",\"@id\":\"https:\\\/\\\/zunkacichoscameleon.pl\\\/touch-drawing-polska-zunka-cichos\\\/\",\"url\":\"https:\\\/\\\/zunkacichoscameleon.pl\\\/touch-drawing-polska-zunka-cichos\\\/\",\"name\":\"Wydarzenia - Zunka Cichos jak kameleon\",\"isPartOf\":{\"@id\":\"https:\\\/\\\/zunkacichoscameleon.pl\\\/#website\"},\"primaryImageOfPage\":{\"@id\":\"https:\\\/\\\/zunkacichoscameleon.pl\\\/touch-drawing-polska-zunka-cichos\\\/#primaryimage\"},\"image\":{\"@id\":\"https:\\\/\\\/zunkacichoscameleon.pl\\\/touch-drawing-polska-zunka-cichos\\\/#primaryimage\"},\"thumbnailUrl\":\"https:\\\/\\\/zunkacichoscameleon.pl\\\/wp-content\\\/uploads\\\/2024\\\/07\\\/1.jpg\",\"datePublished\":\"2022-01-28T13:35:20+00:00\",\"dateModified\":\"2026-02-19T12:07:20+00:00\",\"description\":\"Zapraszam Ci\u0119 do kr\u0119gu kobiet, w kt\u00f3rym stworzymy portrety naszych postaci wewn\u0119trznych, kt\u00f3re pomog\u0105 nam bardziej skontaktowa\u0107 z nimi.\",\"breadcrumb\":{\"@id\":\"https:\\\/\\\/zunkacichoscameleon.pl\\\/touch-drawing-polska-zunka-cichos\\\/#breadcrumb\"},\"inLanguage\":\"en-GB\",\"potentialAction\":[{\"@type\":\"ReadAction\",\"target\":[\"https:\\\/\\\/zunkacichoscameleon.pl\\\/touch-drawing-polska-zunka-cichos\\\/\"]}]},{\"@type\":\"ImageObject\",\"inLanguage\":\"en-GB\",\"@id\":\"https:\\\/\\\/zunkacichoscameleon.pl\\\/touch-drawing-polska-zunka-cichos\\\/#primaryimage\",\"url\":\"https:\\\/\\\/zunkacichoscameleon.pl\\\/wp-content\\\/uploads\\\/2024\\\/07\\\/1.jpg\",\"contentUrl\":\"https:\\\/\\\/zunkacichoscameleon.pl\\\/wp-content\\\/uploads\\\/2024\\\/07\\\/1.jpg\"},{\"@type\":\"BreadcrumbList\",\"@id\":\"https:\\\/\\\/zunkacichoscameleon.pl\\\/touch-drawing-polska-zunka-cichos\\\/#breadcrumb\",\"itemListElement\":[{\"@type\":\"ListItem\",\"position\":1,\"name\":\"Strona g\u0142\u00f3wna\",\"item\":\"https:\\\/\\\/zunkacichoscameleon.pl\\\/\"},{\"@type\":\"ListItem\",\"position\":2,\"name\":\"Wydarzenia\"}]},{\"@type\":\"WebSite\",\"@id\":\"https:\\\/\\\/zunkacichoscameleon.pl\\\/#website\",\"url\":\"https:\\\/\\\/zunkacichoscameleon.pl\\\/\",\"name\":\"Zunka Cichos jak kameleon\",\"description\":\"Rozkminy artystyczno-\u017cyciowe\",\"publisher\":{\"@id\":\"https:\\\/\\\/zunkacichoscameleon.pl\\\/#\\\/schema\\\/person\\\/54eb2742270ae1528910f7e3c94c38a2\"},\"potentialAction\":[{\"@type\":\"SearchAction\",\"target\":{\"@type\":\"EntryPoint\",\"urlTemplate\":\"https:\\\/\\\/zunkacichoscameleon.pl\\\/?s={search_term_string}\"},\"query-input\":{\"@type\":\"PropertyValueSpecification\",\"valueRequired\":true,\"valueName\":\"search_term_string\"}}],\"inLanguage\":\"en-GB\"},{\"@type\":[\"Person\",\"Organization\"],\"@id\":\"https:\\\/\\\/zunkacichoscameleon.pl\\\/#\\\/schema\\\/person\\\/54eb2742270ae1528910f7e3c94c38a2\",\"name\":\"Zunka Cichos\",\"image\":{\"@type\":\"ImageObject\",\"inLanguage\":\"en-GB\",\"@id\":\"https:\\\/\\\/zunkacichoscameleon.pl\\\/wp-content\\\/uploads\\\/2021\\\/12\\\/3.jpg-necklace.jpg\",\"url\":\"https:\\\/\\\/zunkacichoscameleon.pl\\\/wp-content\\\/uploads\\\/2021\\\/12\\\/3.jpg-necklace.jpg\",\"contentUrl\":\"https:\\\/\\\/zunkacichoscameleon.pl\\\/wp-content\\\/uploads\\\/2021\\\/12\\\/3.jpg-necklace.jpg\",\"width\":900,\"height\":600,\"caption\":\"Zunka Cichos\"},\"logo\":{\"@id\":\"https:\\\/\\\/zunkacichoscameleon.pl\\\/wp-content\\\/uploads\\\/2021\\\/12\\\/3.jpg-necklace.jpg\"},\"sameAs\":[\"https:\\\/\\\/zunkacichoscameleon.pl\",\"https:\\\/\\\/www.facebook.com\\\/Cameleon-100398745427656\",\"https:\\\/\\\/www.instagram.com\\\/cameleonka\\\/?hl=en\",\"https:\\\/\\\/pl.pinterest.com\\\/cameleonartshop\\\/_created\\\/\"]}]}<\/script>\n<!-- \/ Yoast SEO plugin. -->","yoast_head_json":{"title":"Wydarzenia - Zunka Cichos jak kameleon","description":"Zapraszam Ci\u0119 do kr\u0119gu kobiet, w kt\u00f3rym stworzymy portrety naszych postaci wewn\u0119trznych, kt\u00f3re pomog\u0105 nam bardziej skontaktowa\u0107 z nimi.","robots":{"index":"index","follow":"follow","max-snippet":"max-snippet:-1","max-image-preview":"max-image-preview:large","max-video-preview":"max-video-preview:-1"},"canonical":"https:\/\/zunkacichoscameleon.pl\/en\/touch-drawing-polska-zunka-cichos\/","og_locale":"en_GB","og_type":"article","og_title":"Wydarzenia - Zunka Cichos jak kameleon","og_description":"Zapraszam Ci\u0119 do kr\u0119gu kobiet, w kt\u00f3rym stworzymy portrety naszych postaci wewn\u0119trznych, kt\u00f3re pomog\u0105 nam bardziej skontaktowa\u0107 z nimi.","og_url":"https:\/\/zunkacichoscameleon.pl\/en\/touch-drawing-polska-zunka-cichos\/","og_site_name":"Zunka Cichos jak kameleon","article_publisher":"https:\/\/www.facebook.com\/Cameleon-100398745427656","article_modified_time":"2026-02-19T12:07:20+00:00","og_image":[{"width":1920,"height":1080,"url":"https:\/\/zunkacichoscameleon.pl\/wp-content\/uploads\/2024\/07\/1.jpg","type":"image\/jpeg"}],"twitter_card":"summary_large_image","twitter_misc":{"Estimated reading time":"3 minutes"},"schema":{"@context":"https:\/\/schema.org","@graph":[{"@type":"WebPage","@id":"https:\/\/zunkacichoscameleon.pl\/touch-drawing-polska-zunka-cichos\/","url":"https:\/\/zunkacichoscameleon.pl\/touch-drawing-polska-zunka-cichos\/","name":"Wydarzenia - Zunka Cichos jak kameleon","isPartOf":{"@id":"https:\/\/zunkacichoscameleon.pl\/#website"},"primaryImageOfPage":{"@id":"https:\/\/zunkacichoscameleon.pl\/touch-drawing-polska-zunka-cichos\/#primaryimage"},"image":{"@id":"https:\/\/zunkacichoscameleon.pl\/touch-drawing-polska-zunka-cichos\/#primaryimage"},"thumbnailUrl":"https:\/\/zunkacichoscameleon.pl\/wp-content\/uploads\/2024\/07\/1.jpg","datePublished":"2022-01-28T13:35:20+00:00","dateModified":"2026-02-19T12:07:20+00:00","description":"Zapraszam Ci\u0119 do kr\u0119gu kobiet, w kt\u00f3rym stworzymy portrety naszych postaci wewn\u0119trznych, kt\u00f3re pomog\u0105 nam bardziej skontaktowa\u0107 z nimi.","breadcrumb":{"@id":"https:\/\/zunkacichoscameleon.pl\/touch-drawing-polska-zunka-cichos\/#breadcrumb"},"inLanguage":"en-GB","potentialAction":[{"@type":"ReadAction","target":["https:\/\/zunkacichoscameleon.pl\/touch-drawing-polska-zunka-cichos\/"]}]},{"@type":"ImageObject","inLanguage":"en-GB","@id":"https:\/\/zunkacichoscameleon.pl\/touch-drawing-polska-zunka-cichos\/#primaryimage","url":"https:\/\/zunkacichoscameleon.pl\/wp-content\/uploads\/2024\/07\/1.jpg","contentUrl":"https:\/\/zunkacichoscameleon.pl\/wp-content\/uploads\/2024\/07\/1.jpg"},{"@type":"BreadcrumbList","@id":"https:\/\/zunkacichoscameleon.pl\/touch-drawing-polska-zunka-cichos\/#breadcrumb","itemListElement":[{"@type":"ListItem","position":1,"name":"Strona g\u0142\u00f3wna","item":"https:\/\/zunkacichoscameleon.pl\/"},{"@type":"ListItem","position":2,"name":"Wydarzenia"}]},{"@type":"WebSite","@id":"https:\/\/zunkacichoscameleon.pl\/#website","url":"https:\/\/zunkacichoscameleon.pl\/","name":"Zunka Cichos jak kameleon","description":"Rozkminy artystyczno-\u017cyciowe","publisher":{"@id":"https:\/\/zunkacichoscameleon.pl\/#\/schema\/person\/54eb2742270ae1528910f7e3c94c38a2"},"potentialAction":[{"@type":"SearchAction","target":{"@type":"EntryPoint","urlTemplate":"https:\/\/zunkacichoscameleon.pl\/?s={search_term_string}"},"query-input":{"@type":"PropertyValueSpecification","valueRequired":true,"valueName":"search_term_string"}}],"inLanguage":"en-GB"},{"@type":["Person","Organization"],"@id":"https:\/\/zunkacichoscameleon.pl\/#\/schema\/person\/54eb2742270ae1528910f7e3c94c38a2","name":"Zunka Cichos","image":{"@type":"ImageObject","inLanguage":"en-GB","@id":"https:\/\/zunkacichoscameleon.pl\/wp-content\/uploads\/2021\/12\/3.jpg-necklace.jpg","url":"https:\/\/zunkacichoscameleon.pl\/wp-content\/uploads\/2021\/12\/3.jpg-necklace.jpg","contentUrl":"https:\/\/zunkacichoscameleon.pl\/wp-content\/uploads\/2021\/12\/3.jpg-necklace.jpg","width":900,"height":600,"caption":"Zunka Cichos"},"logo":{"@id":"https:\/\/zunkacichoscameleon.pl\/wp-content\/uploads\/2021\/12\/3.jpg-necklace.jpg"},"sameAs":["https:\/\/zunkacichoscameleon.pl","https:\/\/www.facebook.com\/Cameleon-100398745427656","https:\/\/www.instagram.com\/cameleonka\/?hl=en","https:\/\/pl.pinterest.com\/cameleonartshop\/_created\/"]}]}},"jetpack_sharing_enabled":true,"_links":{"self":[{"href":"https:\/\/zunkacichoscameleon.pl\/en\/wp-json\/wp\/v2\/pages\/124","targetHints":{"allow":["GET"]}}],"collection":[{"href":"https:\/\/zunkacichoscameleon.pl\/en\/wp-json\/wp\/v2\/pages"}],"about":[{"href":"https:\/\/zunkacichoscameleon.pl\/en\/wp-json\/wp\/v2\/types\/page"}],"author":[{"embeddable":true,"href":"https:\/\/zunkacichoscameleon.pl\/en\/wp-json\/wp\/v2\/users\/1"}],"replies":[{"embeddable":true,"href":"https:\/\/zunkacichoscameleon.pl\/en\/wp-json\/wp\/v2\/comments?post=124"}],"version-history":[{"count":33,"href":"https:\/\/zunkacichoscameleon.pl\/en\/wp-json\/wp\/v2\/pages\/124\/revisions"}],"predecessor-version":[{"id":2359,"href":"https:\/\/zunkacichoscameleon.pl\/en\/wp-json\/wp\/v2\/pages\/124\/revisions\/2359"}],"wp:attachment":[{"href":"https:\/\/zunkacichoscameleon.pl\/en\/wp-json\/wp\/v2\/media?parent=124"}],"curies":[{"name":"wp","href":"https:\/\/api.w.org\/{rel}","templated":true}]}}