{"id":1331,"date":"2024-04-09T13:19:07","date_gmt":"2024-04-09T11:19:07","guid":{"rendered":"https:\/\/zunkacichoscameleon.pl\/?page_id=1331"},"modified":"2026-03-02T16:38:07","modified_gmt":"2026-03-02T15:38:07","slug":"tworcze-sesje-indywidualne","status":"publish","type":"page","link":"https:\/\/zunkacichoscameleon.pl\/en\/tworcze-sesje-indywidualne\/","title":{"rendered":"Tw\u00f3rcze Sesje indywidualne"},"content":{"rendered":"<div class=\"wp-block-image\">\n<figure class=\"alignright size-large is-resized\"><img loading=\"lazy\" decoding=\"async\" width=\"682\" height=\"1024\" src=\"https:\/\/zunkacichoscameleon.pl\/wp-content\/uploads\/2024\/04\/IMG-20230929-WA0010-682x1024.jpg\" alt=\"\" class=\"wp-image-1334\" style=\"width:374px;height:auto\" srcset=\"https:\/\/zunkacichoscameleon.pl\/wp-content\/uploads\/2024\/04\/IMG-20230929-WA0010-682x1024.jpg 682w, https:\/\/zunkacichoscameleon.pl\/wp-content\/uploads\/2024\/04\/IMG-20230929-WA0010-200x300.jpg 200w, https:\/\/zunkacichoscameleon.pl\/wp-content\/uploads\/2024\/04\/IMG-20230929-WA0010-768x1153.jpg 768w, https:\/\/zunkacichoscameleon.pl\/wp-content\/uploads\/2024\/04\/IMG-20230929-WA0010-1023x1536.jpg 1023w, https:\/\/zunkacichoscameleon.pl\/wp-content\/uploads\/2024\/04\/IMG-20230929-WA0010-8x12.jpg 8w, https:\/\/zunkacichoscameleon.pl\/wp-content\/uploads\/2024\/04\/IMG-20230929-WA0010-416x624.jpg 416w, https:\/\/zunkacichoscameleon.pl\/wp-content\/uploads\/2024\/04\/IMG-20230929-WA0010.jpg 1066w\" sizes=\"auto, (max-width: 682px) 100vw, 682px\" \/><\/figure>\n<\/div>\n\n\n<p><strong>SESJA KREATYWNA tylko dla Ciebie<\/strong><\/p>\n\n\n\n<p><em>Zapraszam Ci\u0119 do tw\u00f3rczego spotkania online sam na sam ze mn\u0105, podczas kt\u00f3rego przejdziemy wsp\u00f3lnie przez wybrany przez Ciebie rytua\u0142 lub praktyk\u0119 malarsk\u0105. <\/em>Spotkanie potrwa 2 godziny.<\/p>\n\n\n\n<ul class=\"wp-block-list\">\n<li>dostaniesz 100 % mojej uwagi<\/li>\n\n\n\n<li>moje prowadzenie do <strong>obraz\u00f3w z g\u0142\u0119bi<\/strong>, kt\u00f3re uzdrawiaj\u0105 swoim przekazem<\/li>\n\n\n\n<li><strong><em>poczujesz jakbym siedzia\u0142a obok Ciebie<\/em> <\/strong>i trzyma\u0142a przestrze\u0144 dla Twojej podr\u00f3\u017cy malarskiej, dla Twojego procesu<\/li>\n\n\n\n<li>b\u0119dziesz pracowa\u0142a z <em>konkretn\u0105 intencj\u0105 <\/em>i tworz\u0105c obraz pomaga\u0142a jej si\u0119 zamanifestowa\u0107<\/li>\n\n\n\n<li>skontaktujesz si\u0119 z Twoj\u0105 Uzdrowicielk\u0105-Malark\u0105 w sobie<\/li>\n\n\n\n<li>na dwie godziny zanurzysz si\u0119 w tworzeniu i magii kt\u00f3re ono niesie ze sob\u0105<\/li>\n\n\n\n<li><strong><em>stworzysz \u017cywy obraz<\/em><\/strong>, nas\u0105czony Twoj\u0105 energi\u0105, opowie\u015bci\u0105, autentyczno\u015bci\u0105 i medycyn\u0105 dla Ciebie<\/li>\n<\/ul>\n\n\n\n<p>To nie jest lekcja malarstwa!!! Ani \u017caden inny rodzaj lekcji. To Twoja osobista kreatywna podr\u00f3\u017c, do\u015bwiadczenie w kt\u00f3rym pod\u0105\u017caj\u0105c za sob\u0105 i czuj\u0105c siebie, stworzysz obraz- talizman albo wiele obraz\u00f3w. To tw\u00f3rcza praktyka duchowa, w kt\u00f3rej b\u0119d\u0119 Ci trzyma\u0107 bezpieczn\u0105, czu\u0142\u0105 przestrze\u0144, otworz\u0119 kana\u0142, dzi\u0119ki kt\u00f3remu spotkasz si\u0119 z Malark\u0105-Uzdrowicielk\u0105 w sobie <strong>i stworzysz swoj\u0105 malarsk\u0105 medycyn\u0119<\/strong>.<\/p>\n\n\n\n<p><\/p>\n\n\n\n<p><em>Zarezerwuj sobie dwie godziny.<\/em><\/p>\n\n\n\n<p>Rytua\u0142y do wyboru:<\/p>\n\n\n\n<ul class=\"wp-block-list\">\n<li>Ancestors portraits<\/li>\n\n\n\n<li><a href=\"https:\/\/youtu.be\/u8O1oMkadPY\">Ogrody Obfito\u015bci Rytua\u0142 Ukochania Cia\u0142a<\/a><\/li>\n\n\n\n<li><a href=\"https:\/\/www.youtube.com\/watch?v=hXTK-gtXej8\">Touch Drawing-malowane dotykiem<\/a><\/li>\n\n\n\n<li>oraz spontanicznie dopasowane do Ciebie tworzenie<\/li>\n<\/ul>\n\n\n\n<p><\/p>\n\n\n\n<p>Um\u00f3w ze mn\u0105 dat\u0119 sesji pisz\u0105c na adres mailowy:<a href=\"mailto:zuzaci@gmail.com\">zuzaci@gmail.com<\/a><\/p>\n\n\n\n<p><\/p>\n\n\n\n<p>Co otrzymasz:<\/p>\n\n\n\n<ul class=\"wp-block-list\">\n<li>dwie godziny tw\u00f3rczego od\u017cywienia i poruszenia przep\u0142ywem tw\u00f3rczym<\/li>\n\n\n\n<li>dwie godziny odpoczynku od codziennych trosk i burzy<\/li>\n\n\n\n<li>\u015bwi\u0119t\u0105 tw\u00f3rcz\u0105 przestrze\u0144, w kt\u00f3rej zanurzysz si\u0119 po uszy<\/li>\n\n\n\n<li>namalujesz obraz kt\u00f3ry uzdrawia kolorem, ruchem p\u0119dzla lub r\u0119ki, energi\u0105, opowie\u015bci\u0105<\/li>\n\n\n\n<li>b\u0119dziesz bardzo blisko siebie, w czu\u0142ym i uwa\u017cnym moim towarzyszeniu<\/li>\n\n\n\n<li>b\u0119dziesz wzmacnia\u0107 swoj\u0105 intuicj\u0119 poprzez pod\u0105\u017canie za sob\u0105 w tworzeniu<\/li>\n\n\n\n<li>wolno\u015b\u0107<\/li>\n\n\n\n<li>tw\u00f3rczy tunnel kt\u00f3rym zejdziesz do siebie, kt\u00f3ry otworz\u0119 dla Ciebie<\/li>\n\n\n\n<li>Twoje artystyczne iskierki rozpal\u0105 si\u0119<\/li>\n\n\n\n<li>moj\u0105 obecno\u015b\u0107<\/li>\r\n<li>wsparcie w temacie wypalenia artystycznego<\/li>\n<\/ul>\n\n\n\n<p><em>Spotykamy si\u0119 na zoom.<\/em><\/p>\n\n\n\n<p>B\u0119dziesz potrzebowa\u0142a zaopatrzy\u0107 si\u0119 w materia\u0142y malarskie, kt\u00f3rych list\u0119 udost\u0119pni\u0119 Ci z wyprzedzeniem, po um\u00f3wieniu spotkania.<\/p>\n\n\n\n<p><strong>Cena pojedy\u0144czej  oko\u0142o dwugodzinnej sesji<\/strong> &#8211; <strong>350 z\u0142otych<\/strong><\/p>\n\n\n\n<p><a href=\"https:\/\/zunkacichoscameleon.pl\/en\/product\/tworcza-sesja-indywidualna\/\">Link do rezerwacji dwugodzinnej sesji.<\/a><\/p>\n\n\n\n<p><\/p>\n\n\n\n<p><strong>SESJA W FORMIE ROZMOWY<\/strong><\/p>\n\n\n\n<p>Zapraszam osoby kt\u00f3re do\u015bwiadczaj\u0105, jakiego\u015b rodzaju zatrzymania, utkni\u0119cia, trudno\u015bci w procesie tw\u00f3rczym i chcia\u0142yby o tym porozmawia\u0107 i si\u0119 temu przygl\u0105dn\u0105\u0107.<\/p>\n\n\n\n<p>Zapraszam osoby, kt\u00f3re chcia\u0142yby tworzy\u0107 ale nie potrafi\u0105 postawi\u0107 pierwszego kroku.<\/p>\n\n\n\n<p>Zapraszam Tw\u00f3rczynie, kt\u00f3re potrzebuj\u0105 uzna\u0107 Artystk\u0119 w sobie, postawi\u0107 j\u0105 na wa\u017cnym miejscu w swoim \u017cyciu.<\/p>\n\n\n\n<p>Zapraszam Artyst\u00f3w do\u015bwiadczaj\u0105cych wypalania artystycznego.<\/p>\n\n\n\n<p>Godzinna sesja kosztuje<strong> 190 z\u0142.<\/strong><\/p>\n\n\n\n<p>Um\u00f3w ze mn\u0105 termin pisz\u0105c na adres: zuzaci@gmail.com<\/p>\n\n\n\n<p><a href=\"https:\/\/zunkacichoscameleon.pl\/en\/product\/sesja-indywidualna-rozmowa\/\">op\u0142a\u0107 sesj\u0119 tutaj .<\/a><\/p>\n\n\n\n<p><\/p>\n\n\n\n<p>&nbsp;<\/p>\n\n\n\n<p><\/p>","protected":false},"excerpt":{"rendered":"<p>SESJA KREATYWNA tylko dla Ciebie Zapraszam Ci\u0119 do tw\u00f3rczego spotkania online sam na sam ze mn\u0105, podczas kt\u00f3rego przejdziemy wsp\u00f3lnie przez wybrany przez Ciebie rytua\u0142 lub praktyk\u0119 malarsk\u0105. Spotkanie potrwa 2 godziny. To nie jest lekcja malarstwa!!! Ani \u017caden inny rodzaj lekcji. To Twoja osobista kreatywna podr\u00f3\u017c, do\u015bwiadczenie w kt\u00f3rym pod\u0105\u017caj\u0105c za sob\u0105 i czuj\u0105c [&hellip;]<\/p>\n","protected":false},"author":1,"featured_media":0,"parent":0,"menu_order":0,"comment_status":"closed","ping_status":"closed","template":"","meta":{"footnotes":""},"class_list":["post-1331","page","type-page","status-publish","hentry"],"yoast_head":"<!-- This site is optimized with the Yoast SEO plugin v27.3 - https:\/\/yoast.com\/product\/yoast-seo-wordpress\/ -->\n<title>Tw\u00f3rcze Sesje indywidualne - Zunka Cichos jak kameleon<\/title>\n<meta name=\"description\" content=\"Indywidualne sesje tw\u00f3rcze, podr\u00f3\u017ce po Twoje obrazy wewn\u0119trzne z moim przewodnictwem\" \/>\n<meta name=\"robots\" content=\"index, follow, max-snippet:-1, max-image-preview:large, max-video-preview:-1\" \/>\n<link rel=\"canonical\" href=\"https:\/\/zunkacichoscameleon.pl\/en\/tworcze-sesje-indywidualne\/\" \/>\n<meta property=\"og:locale\" content=\"en_GB\" \/>\n<meta property=\"og:type\" content=\"article\" \/>\n<meta property=\"og:title\" content=\"Tw\u00f3rcze Sesje indywidualne - Zunka Cichos jak kameleon\" \/>\n<meta property=\"og:description\" content=\"Indywidualne sesje tw\u00f3rcze, podr\u00f3\u017ce po Twoje obrazy wewn\u0119trzne z moim przewodnictwem\" \/>\n<meta property=\"og:url\" content=\"https:\/\/zunkacichoscameleon.pl\/en\/tworcze-sesje-indywidualne\/\" \/>\n<meta property=\"og:site_name\" content=\"Zunka Cichos jak kameleon\" \/>\n<meta property=\"article:publisher\" content=\"https:\/\/www.facebook.com\/Cameleon-100398745427656\" \/>\n<meta property=\"article:modified_time\" content=\"2026-03-02T15:38:07+00:00\" \/>\n<meta property=\"og:image\" content=\"https:\/\/zunkacichoscameleon.pl\/wp-content\/uploads\/2024\/04\/IMG-20230929-WA0010.jpg\" \/>\n\t<meta property=\"og:image:width\" content=\"1066\" \/>\n\t<meta property=\"og:image:height\" content=\"1600\" \/>\n\t<meta property=\"og:image:type\" content=\"image\/jpeg\" \/>\n<meta name=\"twitter:card\" content=\"summary_large_image\" \/>\n<meta name=\"twitter:label1\" content=\"Estimated reading time\" \/>\n\t<meta name=\"twitter:data1\" content=\"3 minutes\" \/>\n<script type=\"application\/ld+json\" class=\"yoast-schema-graph\">{\"@context\":\"https:\\\/\\\/schema.org\",\"@graph\":[{\"@type\":\"WebPage\",\"@id\":\"https:\\\/\\\/zunkacichoscameleon.pl\\\/tworcze-sesje-indywidualne\\\/\",\"url\":\"https:\\\/\\\/zunkacichoscameleon.pl\\\/tworcze-sesje-indywidualne\\\/\",\"name\":\"Tw\u00f3rcze Sesje indywidualne - Zunka Cichos jak kameleon\",\"isPartOf\":{\"@id\":\"https:\\\/\\\/zunkacichoscameleon.pl\\\/#website\"},\"primaryImageOfPage\":{\"@id\":\"https:\\\/\\\/zunkacichoscameleon.pl\\\/tworcze-sesje-indywidualne\\\/#primaryimage\"},\"image\":{\"@id\":\"https:\\\/\\\/zunkacichoscameleon.pl\\\/tworcze-sesje-indywidualne\\\/#primaryimage\"},\"thumbnailUrl\":\"https:\\\/\\\/zunkacichoscameleon.pl\\\/wp-content\\\/uploads\\\/2024\\\/04\\\/IMG-20230929-WA0010-682x1024.jpg\",\"datePublished\":\"2024-04-09T11:19:07+00:00\",\"dateModified\":\"2026-03-02T15:38:07+00:00\",\"description\":\"Indywidualne sesje tw\u00f3rcze, podr\u00f3\u017ce po Twoje obrazy wewn\u0119trzne z moim przewodnictwem\",\"breadcrumb\":{\"@id\":\"https:\\\/\\\/zunkacichoscameleon.pl\\\/tworcze-sesje-indywidualne\\\/#breadcrumb\"},\"inLanguage\":\"en-GB\",\"potentialAction\":[{\"@type\":\"ReadAction\",\"target\":[\"https:\\\/\\\/zunkacichoscameleon.pl\\\/tworcze-sesje-indywidualne\\\/\"]}]},{\"@type\":\"ImageObject\",\"inLanguage\":\"en-GB\",\"@id\":\"https:\\\/\\\/zunkacichoscameleon.pl\\\/tworcze-sesje-indywidualne\\\/#primaryimage\",\"url\":\"https:\\\/\\\/zunkacichoscameleon.pl\\\/wp-content\\\/uploads\\\/2024\\\/04\\\/IMG-20230929-WA0010-682x1024.jpg\",\"contentUrl\":\"https:\\\/\\\/zunkacichoscameleon.pl\\\/wp-content\\\/uploads\\\/2024\\\/04\\\/IMG-20230929-WA0010-682x1024.jpg\"},{\"@type\":\"BreadcrumbList\",\"@id\":\"https:\\\/\\\/zunkacichoscameleon.pl\\\/tworcze-sesje-indywidualne\\\/#breadcrumb\",\"itemListElement\":[{\"@type\":\"ListItem\",\"position\":1,\"name\":\"Strona g\u0142\u00f3wna\",\"item\":\"https:\\\/\\\/zunkacichoscameleon.pl\\\/\"},{\"@type\":\"ListItem\",\"position\":2,\"name\":\"Tw\u00f3rcze Sesje indywidualne\"}]},{\"@type\":\"WebSite\",\"@id\":\"https:\\\/\\\/zunkacichoscameleon.pl\\\/#website\",\"url\":\"https:\\\/\\\/zunkacichoscameleon.pl\\\/\",\"name\":\"Zunka Cichos jak kameleon\",\"description\":\"Rozkminy artystyczno-\u017cyciowe\",\"publisher\":{\"@id\":\"https:\\\/\\\/zunkacichoscameleon.pl\\\/#\\\/schema\\\/person\\\/54eb2742270ae1528910f7e3c94c38a2\"},\"potentialAction\":[{\"@type\":\"SearchAction\",\"target\":{\"@type\":\"EntryPoint\",\"urlTemplate\":\"https:\\\/\\\/zunkacichoscameleon.pl\\\/?s={search_term_string}\"},\"query-input\":{\"@type\":\"PropertyValueSpecification\",\"valueRequired\":true,\"valueName\":\"search_term_string\"}}],\"inLanguage\":\"en-GB\"},{\"@type\":[\"Person\",\"Organization\"],\"@id\":\"https:\\\/\\\/zunkacichoscameleon.pl\\\/#\\\/schema\\\/person\\\/54eb2742270ae1528910f7e3c94c38a2\",\"name\":\"Zunka Cichos\",\"image\":{\"@type\":\"ImageObject\",\"inLanguage\":\"en-GB\",\"@id\":\"https:\\\/\\\/zunkacichoscameleon.pl\\\/wp-content\\\/uploads\\\/2021\\\/12\\\/3.jpg-necklace.jpg\",\"url\":\"https:\\\/\\\/zunkacichoscameleon.pl\\\/wp-content\\\/uploads\\\/2021\\\/12\\\/3.jpg-necklace.jpg\",\"contentUrl\":\"https:\\\/\\\/zunkacichoscameleon.pl\\\/wp-content\\\/uploads\\\/2021\\\/12\\\/3.jpg-necklace.jpg\",\"width\":900,\"height\":600,\"caption\":\"Zunka Cichos\"},\"logo\":{\"@id\":\"https:\\\/\\\/zunkacichoscameleon.pl\\\/wp-content\\\/uploads\\\/2021\\\/12\\\/3.jpg-necklace.jpg\"},\"sameAs\":[\"https:\\\/\\\/zunkacichoscameleon.pl\",\"https:\\\/\\\/www.facebook.com\\\/Cameleon-100398745427656\",\"https:\\\/\\\/www.instagram.com\\\/cameleonka\\\/?hl=en\",\"https:\\\/\\\/pl.pinterest.com\\\/cameleonartshop\\\/_created\\\/\"]}]}<\/script>\n<!-- \/ Yoast SEO plugin. -->","yoast_head_json":{"title":"Tw\u00f3rcze Sesje indywidualne - Zunka Cichos jak kameleon","description":"Indywidualne sesje tw\u00f3rcze, podr\u00f3\u017ce po Twoje obrazy wewn\u0119trzne z moim przewodnictwem","robots":{"index":"index","follow":"follow","max-snippet":"max-snippet:-1","max-image-preview":"max-image-preview:large","max-video-preview":"max-video-preview:-1"},"canonical":"https:\/\/zunkacichoscameleon.pl\/en\/tworcze-sesje-indywidualne\/","og_locale":"en_GB","og_type":"article","og_title":"Tw\u00f3rcze Sesje indywidualne - Zunka Cichos jak kameleon","og_description":"Indywidualne sesje tw\u00f3rcze, podr\u00f3\u017ce po Twoje obrazy wewn\u0119trzne z moim przewodnictwem","og_url":"https:\/\/zunkacichoscameleon.pl\/en\/tworcze-sesje-indywidualne\/","og_site_name":"Zunka Cichos jak kameleon","article_publisher":"https:\/\/www.facebook.com\/Cameleon-100398745427656","article_modified_time":"2026-03-02T15:38:07+00:00","og_image":[{"width":1066,"height":1600,"url":"https:\/\/zunkacichoscameleon.pl\/wp-content\/uploads\/2024\/04\/IMG-20230929-WA0010.jpg","type":"image\/jpeg"}],"twitter_card":"summary_large_image","twitter_misc":{"Estimated reading time":"3 minutes"},"schema":{"@context":"https:\/\/schema.org","@graph":[{"@type":"WebPage","@id":"https:\/\/zunkacichoscameleon.pl\/tworcze-sesje-indywidualne\/","url":"https:\/\/zunkacichoscameleon.pl\/tworcze-sesje-indywidualne\/","name":"Tw\u00f3rcze Sesje indywidualne - Zunka Cichos jak kameleon","isPartOf":{"@id":"https:\/\/zunkacichoscameleon.pl\/#website"},"primaryImageOfPage":{"@id":"https:\/\/zunkacichoscameleon.pl\/tworcze-sesje-indywidualne\/#primaryimage"},"image":{"@id":"https:\/\/zunkacichoscameleon.pl\/tworcze-sesje-indywidualne\/#primaryimage"},"thumbnailUrl":"https:\/\/zunkacichoscameleon.pl\/wp-content\/uploads\/2024\/04\/IMG-20230929-WA0010-682x1024.jpg","datePublished":"2024-04-09T11:19:07+00:00","dateModified":"2026-03-02T15:38:07+00:00","description":"Indywidualne sesje tw\u00f3rcze, podr\u00f3\u017ce po Twoje obrazy wewn\u0119trzne z moim przewodnictwem","breadcrumb":{"@id":"https:\/\/zunkacichoscameleon.pl\/tworcze-sesje-indywidualne\/#breadcrumb"},"inLanguage":"en-GB","potentialAction":[{"@type":"ReadAction","target":["https:\/\/zunkacichoscameleon.pl\/tworcze-sesje-indywidualne\/"]}]},{"@type":"ImageObject","inLanguage":"en-GB","@id":"https:\/\/zunkacichoscameleon.pl\/tworcze-sesje-indywidualne\/#primaryimage","url":"https:\/\/zunkacichoscameleon.pl\/wp-content\/uploads\/2024\/04\/IMG-20230929-WA0010-682x1024.jpg","contentUrl":"https:\/\/zunkacichoscameleon.pl\/wp-content\/uploads\/2024\/04\/IMG-20230929-WA0010-682x1024.jpg"},{"@type":"BreadcrumbList","@id":"https:\/\/zunkacichoscameleon.pl\/tworcze-sesje-indywidualne\/#breadcrumb","itemListElement":[{"@type":"ListItem","position":1,"name":"Strona g\u0142\u00f3wna","item":"https:\/\/zunkacichoscameleon.pl\/"},{"@type":"ListItem","position":2,"name":"Tw\u00f3rcze Sesje indywidualne"}]},{"@type":"WebSite","@id":"https:\/\/zunkacichoscameleon.pl\/#website","url":"https:\/\/zunkacichoscameleon.pl\/","name":"Zunka Cichos jak kameleon","description":"Rozkminy artystyczno-\u017cyciowe","publisher":{"@id":"https:\/\/zunkacichoscameleon.pl\/#\/schema\/person\/54eb2742270ae1528910f7e3c94c38a2"},"potentialAction":[{"@type":"SearchAction","target":{"@type":"EntryPoint","urlTemplate":"https:\/\/zunkacichoscameleon.pl\/?s={search_term_string}"},"query-input":{"@type":"PropertyValueSpecification","valueRequired":true,"valueName":"search_term_string"}}],"inLanguage":"en-GB"},{"@type":["Person","Organization"],"@id":"https:\/\/zunkacichoscameleon.pl\/#\/schema\/person\/54eb2742270ae1528910f7e3c94c38a2","name":"Zunka Cichos","image":{"@type":"ImageObject","inLanguage":"en-GB","@id":"https:\/\/zunkacichoscameleon.pl\/wp-content\/uploads\/2021\/12\/3.jpg-necklace.jpg","url":"https:\/\/zunkacichoscameleon.pl\/wp-content\/uploads\/2021\/12\/3.jpg-necklace.jpg","contentUrl":"https:\/\/zunkacichoscameleon.pl\/wp-content\/uploads\/2021\/12\/3.jpg-necklace.jpg","width":900,"height":600,"caption":"Zunka Cichos"},"logo":{"@id":"https:\/\/zunkacichoscameleon.pl\/wp-content\/uploads\/2021\/12\/3.jpg-necklace.jpg"},"sameAs":["https:\/\/zunkacichoscameleon.pl","https:\/\/www.facebook.com\/Cameleon-100398745427656","https:\/\/www.instagram.com\/cameleonka\/?hl=en","https:\/\/pl.pinterest.com\/cameleonartshop\/_created\/"]}]}},"jetpack_sharing_enabled":true,"_links":{"self":[{"href":"https:\/\/zunkacichoscameleon.pl\/en\/wp-json\/wp\/v2\/pages\/1331","targetHints":{"allow":["GET"]}}],"collection":[{"href":"https:\/\/zunkacichoscameleon.pl\/en\/wp-json\/wp\/v2\/pages"}],"about":[{"href":"https:\/\/zunkacichoscameleon.pl\/en\/wp-json\/wp\/v2\/types\/page"}],"author":[{"embeddable":true,"href":"https:\/\/zunkacichoscameleon.pl\/en\/wp-json\/wp\/v2\/users\/1"}],"replies":[{"embeddable":true,"href":"https:\/\/zunkacichoscameleon.pl\/en\/wp-json\/wp\/v2\/comments?post=1331"}],"version-history":[{"count":12,"href":"https:\/\/zunkacichoscameleon.pl\/en\/wp-json\/wp\/v2\/pages\/1331\/revisions"}],"predecessor-version":[{"id":2392,"href":"https:\/\/zunkacichoscameleon.pl\/en\/wp-json\/wp\/v2\/pages\/1331\/revisions\/2392"}],"wp:attachment":[{"href":"https:\/\/zunkacichoscameleon.pl\/en\/wp-json\/wp\/v2\/media?parent=1331"}],"curies":[{"name":"wp","href":"https:\/\/api.w.org\/{rel}","templated":true}]}}