{"id":2360,"date":"2026-02-16T13:04:32","date_gmt":"2026-02-16T12:04:32","guid":{"rendered":"https:\/\/zunkacichoscameleon.pl\/?page_id=2360"},"modified":"2026-02-16T13:22:01","modified_gmt":"2026-02-16T12:22:01","slug":"pracownia-glebi-obrazu","status":"publish","type":"page","link":"https:\/\/zunkacichoscameleon.pl\/en\/pracownia-glebi-obrazu\/","title":{"rendered":"Pracownia G\u0142\u0119bi Obrazu"},"content":{"rendered":"<div class=\"wp-block-image\">\n<figure class=\"aligncenter size-full\"><img loading=\"lazy\" decoding=\"async\" width=\"940\" height=\"788\" src=\"https:\/\/zunkacichoscameleon.pl\/wp-content\/uploads\/2026\/02\/Pracownia.jpg\" alt=\"\" class=\"wp-image-2361\" srcset=\"https:\/\/zunkacichoscameleon.pl\/wp-content\/uploads\/2026\/02\/Pracownia.jpg 940w, https:\/\/zunkacichoscameleon.pl\/wp-content\/uploads\/2026\/02\/Pracownia-300x251.jpg 300w, https:\/\/zunkacichoscameleon.pl\/wp-content\/uploads\/2026\/02\/Pracownia-768x644.jpg 768w, https:\/\/zunkacichoscameleon.pl\/wp-content\/uploads\/2026\/02\/Pracownia-14x12.jpg 14w, https:\/\/zunkacichoscameleon.pl\/wp-content\/uploads\/2026\/02\/Pracownia-416x349.jpg 416w\" sizes=\"auto, (max-width: 940px) 100vw, 940px\" \/><\/figure>\n<\/div>\n\n\n<p>Pracownia G\u0142\u0119bi Obrazu, to program  w kt\u00f3rym przekazuj\u0119 swoj\u0105 wiedz\u0119, do\u015bwiadczenie oraz autorskie metody pracy z obrazem. To nie jest vedic art ani \u017cadna metoda arteterapeutyczna, na kt\u00f3rej kurs mo\u017cesz si\u0119 zapisa\u0107 i o kt\u00f3rej mo\u017cesz przeczyta\u0107 ksi\u0105\u017ck\u0119.<\/p>\n\n\n\n<p>\u015acie\u017ck\u0119 t\u0119 odkry\u0142am maluj\u0105c swoje obrazy oraz zapraszaj\u0105c do tw\u00f3rczych podr\u00f3\u017cy inne kobiety. Przepu\u015bci\u0142am j\u0105 przez swoje cia\u0142o, dusz\u0119 i serce, nazwa\u0142am, ugruntowa\u0142am wieloletnim do\u015bwiadczeniem jako trzymaj\u0105ca przestrze\u0144.<\/p>\n\n\n\n<p>Program b\u0119dzie trwa\u0142 6 miesi\u0119cy. B\u0119dzie nie tylko wiedzowy ale przede wszystkim do\u015bwiadczeniowy.<\/p>\n\n\n\n<p>B\u0119dziesz si\u0119 uczy\u0142a poprzez g\u0142\u0119bokie wchodzenie w procesy do kt\u00f3rych Ci\u0119 zaprosz\u0119.<\/p>\n\n\n\n<p>Po jego zako\u0144czeniu Pracowni G\u0142\u0119bi Obrazu, otrzymasz zgod\u0119 do korzystania z autorskich rytua\u0142\u00f3w malarskich kt\u00f3re stworzy\u0142am, a kt\u00f3re b\u0119dziesz mog\u0142a wykorzysta\u0107 w swojej szeroko poj\u0119tej pracy terapeutyczno-rozwojowej.ZZ<\/p>\n\n\n\n<p>Zapisz si\u0119 na list\u0119 zainteresowanych kolejn\u0105 edycj\u0105 <a href=\"https:\/\/tworczezycie.zunkacichoscameleon.pl\/ups-sprzedaz-sie-skonczyla\/\">Pracowni G\u0142\u0119bi Obrazu<\/a>.<\/p>","protected":false},"excerpt":{"rendered":"<p>Pracownia G\u0142\u0119bi Obrazu, to program w kt\u00f3rym przekazuj\u0119 swoj\u0105 wiedz\u0119, do\u015bwiadczenie oraz autorskie metody pracy z obrazem. To nie jest vedic art ani \u017cadna metoda arteterapeutyczna, na kt\u00f3rej kurs mo\u017cesz si\u0119 zapisa\u0107 i o kt\u00f3rej mo\u017cesz przeczyta\u0107 ksi\u0105\u017ck\u0119. \u015acie\u017ck\u0119 t\u0119 odkry\u0142am maluj\u0105c swoje obrazy oraz zapraszaj\u0105c do tw\u00f3rczych podr\u00f3\u017cy inne kobiety. Przepu\u015bci\u0142am j\u0105 przez swoje [&hellip;]<\/p>\n","protected":false},"author":1,"featured_media":0,"parent":0,"menu_order":0,"comment_status":"closed","ping_status":"closed","template":"","meta":{"footnotes":""},"class_list":["post-2360","page","type-page","status-publish","hentry"],"yoast_head":"<!-- This site is optimized with the Yoast SEO plugin v27.3 - https:\/\/yoast.com\/product\/yoast-seo-wordpress\/ -->\n<title>Pracownia G\u0142\u0119bi Obrazu - Zunka Cichos jak kameleon<\/title>\n<meta name=\"robots\" content=\"index, follow, max-snippet:-1, max-image-preview:large, max-video-preview:-1\" \/>\n<link rel=\"canonical\" href=\"https:\/\/zunkacichoscameleon.pl\/en\/pracownia-glebi-obrazu\/\" \/>\n<meta property=\"og:locale\" content=\"en_GB\" \/>\n<meta property=\"og:type\" content=\"article\" \/>\n<meta property=\"og:title\" content=\"Pracownia G\u0142\u0119bi Obrazu - Zunka Cichos jak kameleon\" \/>\n<meta property=\"og:description\" content=\"Pracownia G\u0142\u0119bi Obrazu, to program w kt\u00f3rym przekazuj\u0119 swoj\u0105 wiedz\u0119, do\u015bwiadczenie oraz autorskie metody pracy z obrazem. To nie jest vedic art ani \u017cadna metoda arteterapeutyczna, na kt\u00f3rej kurs mo\u017cesz si\u0119 zapisa\u0107 i o kt\u00f3rej mo\u017cesz przeczyta\u0107 ksi\u0105\u017ck\u0119. \u015acie\u017ck\u0119 t\u0119 odkry\u0142am maluj\u0105c swoje obrazy oraz zapraszaj\u0105c do tw\u00f3rczych podr\u00f3\u017cy inne kobiety. Przepu\u015bci\u0142am j\u0105 przez swoje [&hellip;]\" \/>\n<meta property=\"og:url\" content=\"https:\/\/zunkacichoscameleon.pl\/en\/pracownia-glebi-obrazu\/\" \/>\n<meta property=\"og:site_name\" content=\"Zunka Cichos jak kameleon\" \/>\n<meta property=\"article:publisher\" content=\"https:\/\/www.facebook.com\/Cameleon-100398745427656\" \/>\n<meta property=\"article:modified_time\" content=\"2026-02-16T12:22:01+00:00\" \/>\n<meta property=\"og:image\" content=\"https:\/\/zunkacichoscameleon.pl\/wp-content\/uploads\/2026\/02\/Pracownia.jpg\" \/>\n\t<meta property=\"og:image:width\" content=\"940\" \/>\n\t<meta property=\"og:image:height\" content=\"788\" \/>\n\t<meta property=\"og:image:type\" content=\"image\/jpeg\" \/>\n<meta name=\"twitter:card\" content=\"summary_large_image\" \/>\n<meta name=\"twitter:label1\" content=\"Estimated reading time\" \/>\n\t<meta name=\"twitter:data1\" content=\"1 minute\" \/>\n<script type=\"application\/ld+json\" class=\"yoast-schema-graph\">{\"@context\":\"https:\\\/\\\/schema.org\",\"@graph\":[{\"@type\":\"WebPage\",\"@id\":\"https:\\\/\\\/zunkacichoscameleon.pl\\\/pracownia-glebi-obrazu\\\/\",\"url\":\"https:\\\/\\\/zunkacichoscameleon.pl\\\/pracownia-glebi-obrazu\\\/\",\"name\":\"Pracownia G\u0142\u0119bi Obrazu - Zunka Cichos jak kameleon\",\"isPartOf\":{\"@id\":\"https:\\\/\\\/zunkacichoscameleon.pl\\\/#website\"},\"primaryImageOfPage\":{\"@id\":\"https:\\\/\\\/zunkacichoscameleon.pl\\\/pracownia-glebi-obrazu\\\/#primaryimage\"},\"image\":{\"@id\":\"https:\\\/\\\/zunkacichoscameleon.pl\\\/pracownia-glebi-obrazu\\\/#primaryimage\"},\"thumbnailUrl\":\"https:\\\/\\\/zunkacichoscameleon.pl\\\/wp-content\\\/uploads\\\/2026\\\/02\\\/Pracownia.jpg\",\"datePublished\":\"2026-02-16T12:04:32+00:00\",\"dateModified\":\"2026-02-16T12:22:01+00:00\",\"breadcrumb\":{\"@id\":\"https:\\\/\\\/zunkacichoscameleon.pl\\\/pracownia-glebi-obrazu\\\/#breadcrumb\"},\"inLanguage\":\"en-GB\",\"potentialAction\":[{\"@type\":\"ReadAction\",\"target\":[\"https:\\\/\\\/zunkacichoscameleon.pl\\\/pracownia-glebi-obrazu\\\/\"]}]},{\"@type\":\"ImageObject\",\"inLanguage\":\"en-GB\",\"@id\":\"https:\\\/\\\/zunkacichoscameleon.pl\\\/pracownia-glebi-obrazu\\\/#primaryimage\",\"url\":\"https:\\\/\\\/zunkacichoscameleon.pl\\\/wp-content\\\/uploads\\\/2026\\\/02\\\/Pracownia.jpg\",\"contentUrl\":\"https:\\\/\\\/zunkacichoscameleon.pl\\\/wp-content\\\/uploads\\\/2026\\\/02\\\/Pracownia.jpg\"},{\"@type\":\"BreadcrumbList\",\"@id\":\"https:\\\/\\\/zunkacichoscameleon.pl\\\/pracownia-glebi-obrazu\\\/#breadcrumb\",\"itemListElement\":[{\"@type\":\"ListItem\",\"position\":1,\"name\":\"Strona g\u0142\u00f3wna\",\"item\":\"https:\\\/\\\/zunkacichoscameleon.pl\\\/\"},{\"@type\":\"ListItem\",\"position\":2,\"name\":\"Pracownia G\u0142\u0119bi Obrazu\"}]},{\"@type\":\"WebSite\",\"@id\":\"https:\\\/\\\/zunkacichoscameleon.pl\\\/#website\",\"url\":\"https:\\\/\\\/zunkacichoscameleon.pl\\\/\",\"name\":\"Zunka Cichos jak kameleon\",\"description\":\"Rozkminy artystyczno-\u017cyciowe\",\"publisher\":{\"@id\":\"https:\\\/\\\/zunkacichoscameleon.pl\\\/#\\\/schema\\\/person\\\/54eb2742270ae1528910f7e3c94c38a2\"},\"potentialAction\":[{\"@type\":\"SearchAction\",\"target\":{\"@type\":\"EntryPoint\",\"urlTemplate\":\"https:\\\/\\\/zunkacichoscameleon.pl\\\/?s={search_term_string}\"},\"query-input\":{\"@type\":\"PropertyValueSpecification\",\"valueRequired\":true,\"valueName\":\"search_term_string\"}}],\"inLanguage\":\"en-GB\"},{\"@type\":[\"Person\",\"Organization\"],\"@id\":\"https:\\\/\\\/zunkacichoscameleon.pl\\\/#\\\/schema\\\/person\\\/54eb2742270ae1528910f7e3c94c38a2\",\"name\":\"Zunka Cichos\",\"image\":{\"@type\":\"ImageObject\",\"inLanguage\":\"en-GB\",\"@id\":\"https:\\\/\\\/zunkacichoscameleon.pl\\\/wp-content\\\/uploads\\\/2021\\\/12\\\/3.jpg-necklace.jpg\",\"url\":\"https:\\\/\\\/zunkacichoscameleon.pl\\\/wp-content\\\/uploads\\\/2021\\\/12\\\/3.jpg-necklace.jpg\",\"contentUrl\":\"https:\\\/\\\/zunkacichoscameleon.pl\\\/wp-content\\\/uploads\\\/2021\\\/12\\\/3.jpg-necklace.jpg\",\"width\":900,\"height\":600,\"caption\":\"Zunka Cichos\"},\"logo\":{\"@id\":\"https:\\\/\\\/zunkacichoscameleon.pl\\\/wp-content\\\/uploads\\\/2021\\\/12\\\/3.jpg-necklace.jpg\"},\"sameAs\":[\"https:\\\/\\\/zunkacichoscameleon.pl\",\"https:\\\/\\\/www.facebook.com\\\/Cameleon-100398745427656\",\"https:\\\/\\\/www.instagram.com\\\/cameleonka\\\/?hl=en\",\"https:\\\/\\\/pl.pinterest.com\\\/cameleonartshop\\\/_created\\\/\"]}]}<\/script>\n<!-- \/ Yoast SEO plugin. -->","yoast_head_json":{"title":"Pracownia G\u0142\u0119bi Obrazu - Zunka Cichos jak kameleon","robots":{"index":"index","follow":"follow","max-snippet":"max-snippet:-1","max-image-preview":"max-image-preview:large","max-video-preview":"max-video-preview:-1"},"canonical":"https:\/\/zunkacichoscameleon.pl\/en\/pracownia-glebi-obrazu\/","og_locale":"en_GB","og_type":"article","og_title":"Pracownia G\u0142\u0119bi Obrazu - Zunka Cichos jak kameleon","og_description":"Pracownia G\u0142\u0119bi Obrazu, to program w kt\u00f3rym przekazuj\u0119 swoj\u0105 wiedz\u0119, do\u015bwiadczenie oraz autorskie metody pracy z obrazem. To nie jest vedic art ani \u017cadna metoda arteterapeutyczna, na kt\u00f3rej kurs mo\u017cesz si\u0119 zapisa\u0107 i o kt\u00f3rej mo\u017cesz przeczyta\u0107 ksi\u0105\u017ck\u0119. \u015acie\u017ck\u0119 t\u0119 odkry\u0142am maluj\u0105c swoje obrazy oraz zapraszaj\u0105c do tw\u00f3rczych podr\u00f3\u017cy inne kobiety. Przepu\u015bci\u0142am j\u0105 przez swoje [&hellip;]","og_url":"https:\/\/zunkacichoscameleon.pl\/en\/pracownia-glebi-obrazu\/","og_site_name":"Zunka Cichos jak kameleon","article_publisher":"https:\/\/www.facebook.com\/Cameleon-100398745427656","article_modified_time":"2026-02-16T12:22:01+00:00","og_image":[{"width":940,"height":788,"url":"https:\/\/zunkacichoscameleon.pl\/wp-content\/uploads\/2026\/02\/Pracownia.jpg","type":"image\/jpeg"}],"twitter_card":"summary_large_image","twitter_misc":{"Estimated reading time":"1 minute"},"schema":{"@context":"https:\/\/schema.org","@graph":[{"@type":"WebPage","@id":"https:\/\/zunkacichoscameleon.pl\/pracownia-glebi-obrazu\/","url":"https:\/\/zunkacichoscameleon.pl\/pracownia-glebi-obrazu\/","name":"Pracownia G\u0142\u0119bi Obrazu - Zunka Cichos jak kameleon","isPartOf":{"@id":"https:\/\/zunkacichoscameleon.pl\/#website"},"primaryImageOfPage":{"@id":"https:\/\/zunkacichoscameleon.pl\/pracownia-glebi-obrazu\/#primaryimage"},"image":{"@id":"https:\/\/zunkacichoscameleon.pl\/pracownia-glebi-obrazu\/#primaryimage"},"thumbnailUrl":"https:\/\/zunkacichoscameleon.pl\/wp-content\/uploads\/2026\/02\/Pracownia.jpg","datePublished":"2026-02-16T12:04:32+00:00","dateModified":"2026-02-16T12:22:01+00:00","breadcrumb":{"@id":"https:\/\/zunkacichoscameleon.pl\/pracownia-glebi-obrazu\/#breadcrumb"},"inLanguage":"en-GB","potentialAction":[{"@type":"ReadAction","target":["https:\/\/zunkacichoscameleon.pl\/pracownia-glebi-obrazu\/"]}]},{"@type":"ImageObject","inLanguage":"en-GB","@id":"https:\/\/zunkacichoscameleon.pl\/pracownia-glebi-obrazu\/#primaryimage","url":"https:\/\/zunkacichoscameleon.pl\/wp-content\/uploads\/2026\/02\/Pracownia.jpg","contentUrl":"https:\/\/zunkacichoscameleon.pl\/wp-content\/uploads\/2026\/02\/Pracownia.jpg"},{"@type":"BreadcrumbList","@id":"https:\/\/zunkacichoscameleon.pl\/pracownia-glebi-obrazu\/#breadcrumb","itemListElement":[{"@type":"ListItem","position":1,"name":"Strona g\u0142\u00f3wna","item":"https:\/\/zunkacichoscameleon.pl\/"},{"@type":"ListItem","position":2,"name":"Pracownia G\u0142\u0119bi Obrazu"}]},{"@type":"WebSite","@id":"https:\/\/zunkacichoscameleon.pl\/#website","url":"https:\/\/zunkacichoscameleon.pl\/","name":"Zunka Cichos jak kameleon","description":"Rozkminy artystyczno-\u017cyciowe","publisher":{"@id":"https:\/\/zunkacichoscameleon.pl\/#\/schema\/person\/54eb2742270ae1528910f7e3c94c38a2"},"potentialAction":[{"@type":"SearchAction","target":{"@type":"EntryPoint","urlTemplate":"https:\/\/zunkacichoscameleon.pl\/?s={search_term_string}"},"query-input":{"@type":"PropertyValueSpecification","valueRequired":true,"valueName":"search_term_string"}}],"inLanguage":"en-GB"},{"@type":["Person","Organization"],"@id":"https:\/\/zunkacichoscameleon.pl\/#\/schema\/person\/54eb2742270ae1528910f7e3c94c38a2","name":"Zunka Cichos","image":{"@type":"ImageObject","inLanguage":"en-GB","@id":"https:\/\/zunkacichoscameleon.pl\/wp-content\/uploads\/2021\/12\/3.jpg-necklace.jpg","url":"https:\/\/zunkacichoscameleon.pl\/wp-content\/uploads\/2021\/12\/3.jpg-necklace.jpg","contentUrl":"https:\/\/zunkacichoscameleon.pl\/wp-content\/uploads\/2021\/12\/3.jpg-necklace.jpg","width":900,"height":600,"caption":"Zunka Cichos"},"logo":{"@id":"https:\/\/zunkacichoscameleon.pl\/wp-content\/uploads\/2021\/12\/3.jpg-necklace.jpg"},"sameAs":["https:\/\/zunkacichoscameleon.pl","https:\/\/www.facebook.com\/Cameleon-100398745427656","https:\/\/www.instagram.com\/cameleonka\/?hl=en","https:\/\/pl.pinterest.com\/cameleonartshop\/_created\/"]}]}},"jetpack_sharing_enabled":true,"_links":{"self":[{"href":"https:\/\/zunkacichoscameleon.pl\/en\/wp-json\/wp\/v2\/pages\/2360","targetHints":{"allow":["GET"]}}],"collection":[{"href":"https:\/\/zunkacichoscameleon.pl\/en\/wp-json\/wp\/v2\/pages"}],"about":[{"href":"https:\/\/zunkacichoscameleon.pl\/en\/wp-json\/wp\/v2\/types\/page"}],"author":[{"embeddable":true,"href":"https:\/\/zunkacichoscameleon.pl\/en\/wp-json\/wp\/v2\/users\/1"}],"replies":[{"embeddable":true,"href":"https:\/\/zunkacichoscameleon.pl\/en\/wp-json\/wp\/v2\/comments?post=2360"}],"version-history":[{"count":2,"href":"https:\/\/zunkacichoscameleon.pl\/en\/wp-json\/wp\/v2\/pages\/2360\/revisions"}],"predecessor-version":[{"id":2364,"href":"https:\/\/zunkacichoscameleon.pl\/en\/wp-json\/wp\/v2\/pages\/2360\/revisions\/2364"}],"wp:attachment":[{"href":"https:\/\/zunkacichoscameleon.pl\/en\/wp-json\/wp\/v2\/media?parent=2360"}],"curies":[{"name":"wp","href":"https:\/\/api.w.org\/{rel}","templated":true}]}}