{"id":28,"date":"2021-12-20T18:32:28","date_gmt":"2021-12-20T17:32:28","guid":{"rendered":"https:\/\/zunkacichoscameleon.pl\/?page_id=28"},"modified":"2026-02-21T13:36:33","modified_gmt":"2026-02-21T12:36:33","slug":"o-mnie","status":"publish","type":"page","link":"https:\/\/zunkacichoscameleon.pl\/en\/","title":{"rendered":"About me"},"content":{"rendered":"<figure class=\"wp-block-image size-large is-style-rounded\"><img loading=\"lazy\" decoding=\"async\" width=\"1024\" height=\"682\" src=\"https:\/\/zunkacichoscameleon.pl\/wp-content\/uploads\/2023\/09\/IMG-20230927-WA0002-1024x682.jpg\" alt=\"Zunka Cichos\" class=\"wp-image-885\" srcset=\"https:\/\/zunkacichoscameleon.pl\/wp-content\/uploads\/2023\/09\/IMG-20230927-WA0002-1024x682.jpg 1024w, https:\/\/zunkacichoscameleon.pl\/wp-content\/uploads\/2023\/09\/IMG-20230927-WA0002-300x200.jpg 300w, https:\/\/zunkacichoscameleon.pl\/wp-content\/uploads\/2023\/09\/IMG-20230927-WA0002-768x512.jpg 768w, https:\/\/zunkacichoscameleon.pl\/wp-content\/uploads\/2023\/09\/IMG-20230927-WA0002-1536x1023.jpg 1536w, https:\/\/zunkacichoscameleon.pl\/wp-content\/uploads\/2023\/09\/IMG-20230927-WA0002-416x277.jpg 416w, https:\/\/zunkacichoscameleon.pl\/wp-content\/uploads\/2023\/09\/IMG-20230927-WA0002.jpg 1600w\" sizes=\"auto, (max-width: 1024px) 100vw, 1024px\" \/><\/figure>\n\n\n\n<h2 class=\"wp-block-heading has-text-align-center\">Nazywam si\u0119 Zunka Cichos jestem Artystk\u0105-Mistyczk\u0105, przewodniczk\u0105 do obraz\u00f3w z g\u0142\u0119bi oraz \u0142\u0105cznikiem pomi\u0119dzy Niewidzialnym a obrazem.<\/h2>\n\n\n\n<p class=\"has-text-align-center\">W swojej osobistej praktyce oraz podczas prowadzonych warsztat\u00f3w odkry\u0142am, \u017ce malowany z czucia obraz mo\u017ce kontaktowa\u0107 nas z najstarsz\u0105 m\u0105dro\u015bci\u0105 kt\u00f3ra w nas \u017cyje, pokazywa\u0107 kierunek i energi\u0119 zmiany w kt\u00f3rej jeste\u015bmy, kierowa\u0107 nasze oczy na historie, na kt\u00f3re potrzebujemy popatrze\u0107 \u017ceby \u017cy\u0107 pe\u0142ni\u0105 i swoim  potencja\u0142em.<\/p>\n\n\n\n<p class=\"has-text-align-center\"><br>Jestem tw\u00f3rczyni\u0105 rytua\u0142\u00f3w malarskich za\u0142o\u017cycielk\u0105 <a href=\"https:\/\/zunkacichoscameleon.pl\/en\/pracownia-glebi-obrazu\/\">Pracowni G\u0142\u0119bi Obrazu<\/a>, autorskiego programu w kt\u00f3rym przekazuj\u0119 swoj\u0105 wiedz\u0119 na temat trzymania przestrzeni w tw\u00f3rczych kr\u0119gach, prowadzenia rytua\u0142\u00f3w malarskich oraz g\u0142\u0119bokiej pracy z obrazem.<br>Nie jestem arteterapeutk\u0105. Tworzenie jest dla mnie niezwykle m\u0105dr\u0105 technologi\u0105 duchow\u0105.<\/p>\n\n\n\n<p class=\"has-text-align-center\">\u015acie\u017cki kt\u00f3r\u0105 si\u0119 dziel\u0119 nie nauczy\u0142am si\u0119 z ksi\u0105\u017cek ani  nie dosta\u0142am \u017cadnego certifikatu. To droga kt\u00f3r\u0105 przesz\u0142am swoim cia\u0142em, sercem i dusz\u0105, kt\u00f3r\u0105 nazwa\u0142am, sprawdzi\u0142am i kt\u00f3ra mnie nieustannie uzdrawia. Przepu\u015bci\u0142am j\u0105 przez siebie tworz\u0105c kilkadziesi\u0105t obraz\u00f3w.<br><\/p>\n\n\n\n<p class=\"has-text-align-center\">Od kilku lat zapraszam kobiety na t\u0105 \u015bcie\u017ck\u0119. Nie po to \u017ceby prowadzi\u0107 je za r\u0119k\u0119, co\u015b za nie wiedzie\u0107, interpretowa\u0107, podpowiada\u0107 ale po to aby tworzy\u0107 dla nich bezpieczn\u0105 przestrze\u0144 i towarzyszy\u0107 im w odkrywaniu w\u0142asnego, niezale\u017cnego przewodnictwa poprzez malowanie obraz\u00f3w oraz w przywo\u0142ywaniu utraconych kawa\u0142\u00f3w siebie.<\/p>\n\n\n\n<p class=\"has-text-align-center\">Jestem jedynym w Polsce facilitatorem metody <a href=\"https:\/\/zunkacichoscameleon.pl\/en\/touch-drawing-polska-zunka-cichos\/\">Touch Drawing-malowane dotykiem<\/a>, kt\u00f3r\u0105 zg\u0142\u0119biam bezpo\u015brednio u jej tw\u00f3rczni.<\/p>\n\n\n\n<p class=\"has-text-align-center\">Jestem dyplomowanym instruktorem Improwizacji Ruchu i Symboliki Cia\u0142a wg metody Detlefa Kapperta (Instytut Ta\u0144ca w Essen), absolwentk\u0105 Akademii Terapii Ekspresyjnych dr.Mateusza Wiszniewskiego, by\u0142am uczestniczk\u0105 dwuletniego studium Psychoterapii Zorientowanej na Proces, w 2023 zosta\u0142am przyj\u0119ta do Starszyzny w Kr\u0119gu Uzdrawiaj\u0105cej Mocy. Od 2012 tworz\u0119, projektuj\u0119, szyje, maluje, prowadz\u0119 kursy, warsztaty i programy tw\u00f3rczo- rozwojowe . Trzymam przestrze\u0144 i zasiadam w kr\u0119gach ok 10 lat. Na \u015bcie\u017cce rozwoju osobistego 25 lat.<br><\/p>\n\n\n\n<figure class=\"wp-block-image size-large\"><img loading=\"lazy\" decoding=\"async\" width=\"1024\" height=\"682\" src=\"https:\/\/zunkacichoscameleon.pl\/wp-content\/uploads\/2023\/09\/IMG-20230929-WA0005-1024x682.jpg\" alt=\"Zunka Cichos Uzdrawianie przez malowanie\" class=\"wp-image-887\" srcset=\"https:\/\/zunkacichoscameleon.pl\/wp-content\/uploads\/2023\/09\/IMG-20230929-WA0005-1024x682.jpg 1024w, https:\/\/zunkacichoscameleon.pl\/wp-content\/uploads\/2023\/09\/IMG-20230929-WA0005-300x200.jpg 300w, https:\/\/zunkacichoscameleon.pl\/wp-content\/uploads\/2023\/09\/IMG-20230929-WA0005-768x512.jpg 768w, https:\/\/zunkacichoscameleon.pl\/wp-content\/uploads\/2023\/09\/IMG-20230929-WA0005-1536x1023.jpg 1536w, https:\/\/zunkacichoscameleon.pl\/wp-content\/uploads\/2023\/09\/IMG-20230929-WA0005-416x277.jpg 416w, https:\/\/zunkacichoscameleon.pl\/wp-content\/uploads\/2023\/09\/IMG-20230929-WA0005.jpg 1600w\" sizes=\"auto, (max-width: 1024px) 100vw, 1024px\" \/><\/figure>","protected":false},"excerpt":{"rendered":"<p>Nazywam si\u0119 Zunka Cichos jestem Artystk\u0105-Mistyczk\u0105, przewodniczk\u0105 do obraz\u00f3w z g\u0142\u0119bi oraz \u0142\u0105cznikiem pomi\u0119dzy Niewidzialnym a obrazem. W swojej osobistej praktyce oraz podczas prowadzonych warsztat\u00f3w odkry\u0142am, \u017ce malowany z czucia obraz mo\u017ce kontaktowa\u0107 nas z najstarsz\u0105 m\u0105dro\u015bci\u0105 kt\u00f3ra w nas \u017cyje, pokazywa\u0107 kierunek i energi\u0119 zmiany w kt\u00f3rej jeste\u015bmy, kierowa\u0107 nasze oczy na historie, na [&hellip;]<\/p>\n","protected":false},"author":1,"featured_media":0,"parent":10,"menu_order":1,"comment_status":"closed","ping_status":"closed","template":"","meta":{"footnotes":""},"class_list":["post-28","page","type-page","status-publish","hentry"],"yoast_head":"<!-- This site is optimized with the Yoast SEO plugin v27.3 - https:\/\/yoast.com\/product\/yoast-seo-wordpress\/ -->\n<title>O mnie - Zunka Cichos jak kameleon<\/title>\n<meta name=\"description\" content=\"Zunka Cichos Cameleon artystyczne rytua\u0142y i uzdrawianie kreatywno\u015bci\u0105\" \/>\n<meta name=\"robots\" content=\"index, follow, max-snippet:-1, max-image-preview:large, max-video-preview:-1\" \/>\n<link rel=\"canonical\" href=\"https:\/\/zunkacichoscameleon.pl\/en\/\" \/>\n<meta property=\"og:locale\" content=\"en_GB\" \/>\n<meta property=\"og:type\" content=\"article\" \/>\n<meta property=\"og:title\" content=\"O mnie - Zunka Cichos jak kameleon\" \/>\n<meta property=\"og:description\" content=\"Zunka Cichos Cameleon artystyczne rytua\u0142y i uzdrawianie kreatywno\u015bci\u0105\" \/>\n<meta property=\"og:url\" content=\"https:\/\/zunkacichoscameleon.pl\/en\/\" \/>\n<meta property=\"og:site_name\" content=\"Zunka Cichos jak kameleon\" \/>\n<meta property=\"article:publisher\" content=\"https:\/\/www.facebook.com\/Cameleon-100398745427656\" \/>\n<meta property=\"article:modified_time\" content=\"2026-02-21T12:36:33+00:00\" \/>\n<meta property=\"og:image\" content=\"https:\/\/zunkacichoscameleon.pl\/wp-content\/uploads\/2023\/09\/IMG-20230927-WA0002.jpg\" \/>\n\t<meta property=\"og:image:width\" content=\"1600\" \/>\n\t<meta property=\"og:image:height\" content=\"1066\" \/>\n\t<meta property=\"og:image:type\" content=\"image\/jpeg\" \/>\n<meta name=\"twitter:card\" content=\"summary_large_image\" \/>\n<meta name=\"twitter:label1\" content=\"Estimated reading time\" \/>\n\t<meta name=\"twitter:data1\" content=\"3 minutes\" \/>\n<script type=\"application\/ld+json\" class=\"yoast-schema-graph\">{\"@context\":\"https:\\\/\\\/schema.org\",\"@graph\":[{\"@type\":\"WebPage\",\"@id\":\"https:\\\/\\\/zunkacichoscameleon.pl\\\/\",\"url\":\"https:\\\/\\\/zunkacichoscameleon.pl\\\/\",\"name\":\"O mnie - Zunka Cichos jak kameleon\",\"isPartOf\":{\"@id\":\"https:\\\/\\\/zunkacichoscameleon.pl\\\/#website\"},\"primaryImageOfPage\":{\"@id\":\"https:\\\/\\\/zunkacichoscameleon.pl\\\/#primaryimage\"},\"image\":{\"@id\":\"https:\\\/\\\/zunkacichoscameleon.pl\\\/#primaryimage\"},\"thumbnailUrl\":\"https:\\\/\\\/zunkacichoscameleon.pl\\\/wp-content\\\/uploads\\\/2023\\\/09\\\/IMG-20230927-WA0002-1024x682.jpg\",\"datePublished\":\"2021-12-20T17:32:28+00:00\",\"dateModified\":\"2026-02-21T12:36:33+00:00\",\"description\":\"Zunka Cichos Cameleon artystyczne rytua\u0142y i uzdrawianie kreatywno\u015bci\u0105\",\"breadcrumb\":{\"@id\":\"https:\\\/\\\/zunkacichoscameleon.pl\\\/#breadcrumb\"},\"inLanguage\":\"en-GB\",\"potentialAction\":[{\"@type\":\"ReadAction\",\"target\":[\"https:\\\/\\\/zunkacichoscameleon.pl\\\/\"]}]},{\"@type\":\"ImageObject\",\"inLanguage\":\"en-GB\",\"@id\":\"https:\\\/\\\/zunkacichoscameleon.pl\\\/#primaryimage\",\"url\":\"https:\\\/\\\/zunkacichoscameleon.pl\\\/wp-content\\\/uploads\\\/2023\\\/09\\\/IMG-20230927-WA0002-1024x682.jpg\",\"contentUrl\":\"https:\\\/\\\/zunkacichoscameleon.pl\\\/wp-content\\\/uploads\\\/2023\\\/09\\\/IMG-20230927-WA0002-1024x682.jpg\"},{\"@type\":\"BreadcrumbList\",\"@id\":\"https:\\\/\\\/zunkacichoscameleon.pl\\\/#breadcrumb\",\"itemListElement\":[{\"@type\":\"ListItem\",\"position\":1,\"name\":\"Strona g\u0142\u00f3wna\",\"item\":\"https:\\\/\\\/zunkacichoscameleon.pl\\\/\"},{\"@type\":\"ListItem\",\"position\":2,\"name\":\"strona g\u0142\u00f3wna\",\"item\":\"https:\\\/\\\/zunkacichoscameleon.pl\\\/strona-glowna\\\/\"},{\"@type\":\"ListItem\",\"position\":3,\"name\":\"O mnie\"}]},{\"@type\":\"WebSite\",\"@id\":\"https:\\\/\\\/zunkacichoscameleon.pl\\\/#website\",\"url\":\"https:\\\/\\\/zunkacichoscameleon.pl\\\/\",\"name\":\"Zunka Cichos jak kameleon\",\"description\":\"Rozkminy artystyczno-\u017cyciowe\",\"publisher\":{\"@id\":\"https:\\\/\\\/zunkacichoscameleon.pl\\\/#\\\/schema\\\/person\\\/54eb2742270ae1528910f7e3c94c38a2\"},\"potentialAction\":[{\"@type\":\"SearchAction\",\"target\":{\"@type\":\"EntryPoint\",\"urlTemplate\":\"https:\\\/\\\/zunkacichoscameleon.pl\\\/?s={search_term_string}\"},\"query-input\":{\"@type\":\"PropertyValueSpecification\",\"valueRequired\":true,\"valueName\":\"search_term_string\"}}],\"inLanguage\":\"en-GB\"},{\"@type\":[\"Person\",\"Organization\"],\"@id\":\"https:\\\/\\\/zunkacichoscameleon.pl\\\/#\\\/schema\\\/person\\\/54eb2742270ae1528910f7e3c94c38a2\",\"name\":\"Zunka Cichos\",\"image\":{\"@type\":\"ImageObject\",\"inLanguage\":\"en-GB\",\"@id\":\"https:\\\/\\\/zunkacichoscameleon.pl\\\/wp-content\\\/uploads\\\/2021\\\/12\\\/3.jpg-necklace.jpg\",\"url\":\"https:\\\/\\\/zunkacichoscameleon.pl\\\/wp-content\\\/uploads\\\/2021\\\/12\\\/3.jpg-necklace.jpg\",\"contentUrl\":\"https:\\\/\\\/zunkacichoscameleon.pl\\\/wp-content\\\/uploads\\\/2021\\\/12\\\/3.jpg-necklace.jpg\",\"width\":900,\"height\":600,\"caption\":\"Zunka Cichos\"},\"logo\":{\"@id\":\"https:\\\/\\\/zunkacichoscameleon.pl\\\/wp-content\\\/uploads\\\/2021\\\/12\\\/3.jpg-necklace.jpg\"},\"sameAs\":[\"https:\\\/\\\/zunkacichoscameleon.pl\",\"https:\\\/\\\/www.facebook.com\\\/Cameleon-100398745427656\",\"https:\\\/\\\/www.instagram.com\\\/cameleonka\\\/?hl=en\",\"https:\\\/\\\/pl.pinterest.com\\\/cameleonartshop\\\/_created\\\/\"]}]}<\/script>\n<!-- \/ Yoast SEO plugin. -->","yoast_head_json":{"title":"O mnie - Zunka Cichos jak kameleon","description":"Zunka Cichos Cameleon artystyczne rytua\u0142y i uzdrawianie kreatywno\u015bci\u0105","robots":{"index":"index","follow":"follow","max-snippet":"max-snippet:-1","max-image-preview":"max-image-preview:large","max-video-preview":"max-video-preview:-1"},"canonical":"https:\/\/zunkacichoscameleon.pl\/en\/","og_locale":"en_GB","og_type":"article","og_title":"O mnie - Zunka Cichos jak kameleon","og_description":"Zunka Cichos Cameleon artystyczne rytua\u0142y i uzdrawianie kreatywno\u015bci\u0105","og_url":"https:\/\/zunkacichoscameleon.pl\/en\/","og_site_name":"Zunka Cichos jak kameleon","article_publisher":"https:\/\/www.facebook.com\/Cameleon-100398745427656","article_modified_time":"2026-02-21T12:36:33+00:00","og_image":[{"width":1600,"height":1066,"url":"https:\/\/zunkacichoscameleon.pl\/wp-content\/uploads\/2023\/09\/IMG-20230927-WA0002.jpg","type":"image\/jpeg"}],"twitter_card":"summary_large_image","twitter_misc":{"Estimated reading time":"3 minutes"},"schema":{"@context":"https:\/\/schema.org","@graph":[{"@type":"WebPage","@id":"https:\/\/zunkacichoscameleon.pl\/","url":"https:\/\/zunkacichoscameleon.pl\/","name":"O mnie - Zunka Cichos jak kameleon","isPartOf":{"@id":"https:\/\/zunkacichoscameleon.pl\/#website"},"primaryImageOfPage":{"@id":"https:\/\/zunkacichoscameleon.pl\/#primaryimage"},"image":{"@id":"https:\/\/zunkacichoscameleon.pl\/#primaryimage"},"thumbnailUrl":"https:\/\/zunkacichoscameleon.pl\/wp-content\/uploads\/2023\/09\/IMG-20230927-WA0002-1024x682.jpg","datePublished":"2021-12-20T17:32:28+00:00","dateModified":"2026-02-21T12:36:33+00:00","description":"Zunka Cichos Cameleon artystyczne rytua\u0142y i uzdrawianie kreatywno\u015bci\u0105","breadcrumb":{"@id":"https:\/\/zunkacichoscameleon.pl\/#breadcrumb"},"inLanguage":"en-GB","potentialAction":[{"@type":"ReadAction","target":["https:\/\/zunkacichoscameleon.pl\/"]}]},{"@type":"ImageObject","inLanguage":"en-GB","@id":"https:\/\/zunkacichoscameleon.pl\/#primaryimage","url":"https:\/\/zunkacichoscameleon.pl\/wp-content\/uploads\/2023\/09\/IMG-20230927-WA0002-1024x682.jpg","contentUrl":"https:\/\/zunkacichoscameleon.pl\/wp-content\/uploads\/2023\/09\/IMG-20230927-WA0002-1024x682.jpg"},{"@type":"BreadcrumbList","@id":"https:\/\/zunkacichoscameleon.pl\/#breadcrumb","itemListElement":[{"@type":"ListItem","position":1,"name":"Strona g\u0142\u00f3wna","item":"https:\/\/zunkacichoscameleon.pl\/"},{"@type":"ListItem","position":2,"name":"strona g\u0142\u00f3wna","item":"https:\/\/zunkacichoscameleon.pl\/strona-glowna\/"},{"@type":"ListItem","position":3,"name":"O mnie"}]},{"@type":"WebSite","@id":"https:\/\/zunkacichoscameleon.pl\/#website","url":"https:\/\/zunkacichoscameleon.pl\/","name":"Zunka Cichos jak kameleon","description":"Rozkminy artystyczno-\u017cyciowe","publisher":{"@id":"https:\/\/zunkacichoscameleon.pl\/#\/schema\/person\/54eb2742270ae1528910f7e3c94c38a2"},"potentialAction":[{"@type":"SearchAction","target":{"@type":"EntryPoint","urlTemplate":"https:\/\/zunkacichoscameleon.pl\/?s={search_term_string}"},"query-input":{"@type":"PropertyValueSpecification","valueRequired":true,"valueName":"search_term_string"}}],"inLanguage":"en-GB"},{"@type":["Person","Organization"],"@id":"https:\/\/zunkacichoscameleon.pl\/#\/schema\/person\/54eb2742270ae1528910f7e3c94c38a2","name":"Zunka Cichos","image":{"@type":"ImageObject","inLanguage":"en-GB","@id":"https:\/\/zunkacichoscameleon.pl\/wp-content\/uploads\/2021\/12\/3.jpg-necklace.jpg","url":"https:\/\/zunkacichoscameleon.pl\/wp-content\/uploads\/2021\/12\/3.jpg-necklace.jpg","contentUrl":"https:\/\/zunkacichoscameleon.pl\/wp-content\/uploads\/2021\/12\/3.jpg-necklace.jpg","width":900,"height":600,"caption":"Zunka Cichos"},"logo":{"@id":"https:\/\/zunkacichoscameleon.pl\/wp-content\/uploads\/2021\/12\/3.jpg-necklace.jpg"},"sameAs":["https:\/\/zunkacichoscameleon.pl","https:\/\/www.facebook.com\/Cameleon-100398745427656","https:\/\/www.instagram.com\/cameleonka\/?hl=en","https:\/\/pl.pinterest.com\/cameleonartshop\/_created\/"]}]}},"jetpack_sharing_enabled":true,"_links":{"self":[{"href":"https:\/\/zunkacichoscameleon.pl\/en\/wp-json\/wp\/v2\/pages\/28","targetHints":{"allow":["GET"]}}],"collection":[{"href":"https:\/\/zunkacichoscameleon.pl\/en\/wp-json\/wp\/v2\/pages"}],"about":[{"href":"https:\/\/zunkacichoscameleon.pl\/en\/wp-json\/wp\/v2\/types\/page"}],"author":[{"embeddable":true,"href":"https:\/\/zunkacichoscameleon.pl\/en\/wp-json\/wp\/v2\/users\/1"}],"replies":[{"embeddable":true,"href":"https:\/\/zunkacichoscameleon.pl\/en\/wp-json\/wp\/v2\/comments?post=28"}],"version-history":[{"count":15,"href":"https:\/\/zunkacichoscameleon.pl\/en\/wp-json\/wp\/v2\/pages\/28\/revisions"}],"predecessor-version":[{"id":2375,"href":"https:\/\/zunkacichoscameleon.pl\/en\/wp-json\/wp\/v2\/pages\/28\/revisions\/2375"}],"up":[{"embeddable":true,"href":"https:\/\/zunkacichoscameleon.pl\/en\/wp-json\/wp\/v2\/pages\/10"}],"wp:attachment":[{"href":"https:\/\/zunkacichoscameleon.pl\/en\/wp-json\/wp\/v2\/media?parent=28"}],"curies":[{"name":"wp","href":"https:\/\/api.w.org\/{rel}","templated":true}]}}