{"id":3,"date":"2021-12-13T15:50:03","date_gmt":"2021-12-13T14:50:03","guid":{"rendered":"https:\/\/zunkacichoscameleon.pl\/?page_id=3"},"modified":"2023-09-15T19:36:34","modified_gmt":"2023-09-15T17:36:34","slug":"polityka-prywatnosci","status":"publish","type":"page","link":"https:\/\/zunkacichoscameleon.pl\/en\/polityka-prywatnosci\/","title":{"rendered":"Polityka prywatno\u015bci"},"content":{"rendered":"\n<p>Niniejsza Polityka prywatno\u015bci i plik\u00f3w cookies strony, zwana dalej Stron\u0105 internetow\u0105, okre\u015bla zasady przetwarzania i ochrony danych osobowych oraz wykorzystania plik\u00f3w cookies oraz innych technologii takich jak: Google Analitycs, Facebook Pixel w zwi\u0105zku z korzystaniem przez U\u017cytkownik\u00f3w ze Strony internetowej oraz fanpage, a tak\u017ce z korzystaniem przez nich z us\u0142ug oferowanych w Sklepie dost\u0119pnym na Stronie internetowej <\/p>\n\n\n\n<p><strong>\u00a7 1<\/strong><\/p>\n\n\n\n<p><strong>Definicje<\/strong><\/p>\n\n\n\n<p>Na potrzeby niniejszej polityki prywatno\u015bci przyjmuje si\u0119 nast\u0119puj\u0105ce znaczenie poni\u017cszych poj\u0119\u0107:<\/p>\n\n\n\n<ol class=\"wp-block-list\">\n<li><strong>Administrator<\/strong> &#8211;\u00a0 Zuzanna Cichos prowadzaca dzia\u0142alno\u015b\u0107 gospodarcz\u0105 pod nazw\u0105 Zuzanna Cichos, z siedzib\u0105 ul.L.Staffa 25D\/2, 43-450 Ustro\u0144, NIP 647-186-18-80, Regon 276787397<\/li>\n\n\n\n<li><strong>Sklep<\/strong> &#8211; sklep internetowy dost\u0119pny pod adresem www.zunkacichoscameleon.pl\/sklep\/<\/li>\n\n\n\n<li><strong>Strona internetowa<\/strong> &#8211; serwis dost\u0119pny pod adresem <strong>www.zunkacichoscameleon.pl&nbsp; <\/strong>oraz fanpage pod adresem: https:\/\/www.facebook.com\/Cameleon-100398745427656<\/li>\n\n\n\n<li><strong>U\u017cytkownik<\/strong> &#8211; ka\u017cdy podmiot, kt\u00f3ry przegl\u0105da zawarto\u015b\u0107 Strony internetowej.<\/li>\n\n\n\n<li><strong>RODO<\/strong> &#8211; Rozporz\u0105dzenie Parlamentu Europejskiego i&nbsp;Rady (UE) 2016\/679 z&nbsp;dnia 27 kwietnia 2016 r. w&nbsp;sprawie ochrony os\u00f3b fizycznych w&nbsp;zwi\u0105zku z&nbsp;przetwarzaniem danych osobowych i&nbsp;w sprawie swobodnego przep\u0142ywu takich danych oraz uchylenia dyrektywy 95\/46\/WE<\/li>\n<\/ol>\n\n\n\n<p><strong>\u00a7 2<\/strong><\/p>\n\n\n\n<p><strong>Dane osobowe<\/strong><\/p>\n\n\n\n<ol class=\"wp-block-list\">\n<li>Administratorem danych osobowych U\u017cytkownika w rozumieniu RODO jest Administrator.&nbsp;<\/li>\n\n\n\n<li>U\u017cytkownik mo\u017ce przekazywa\u0107 swoje dane osobowe Administratorowi za pomoc\u0105 formularzy dost\u0119pnych na Stronie internetowej, a tak\u017ce takich rozwi\u0105za\u0144, jak Messenger, fanpage, itd.&nbsp;<\/li>\n\n\n\n<li>Podstaw\u0105 prawn\u0105 przetwarzania danych osobowych U\u017cytkownik\u00f3w jest dobrowolna, konkretna, \u015bwiadoma i jednoznaczna zgoda U\u017cytkownika wyra\u017cona za pomoc\u0105 odpowiedniego formularza na Stronie internetowej.&nbsp;<\/li>\n\n\n\n<li>Dane osobowe mog\u0105 by\u0107 przetwarzane tak\u017ce w przypadkach, w kt\u00f3rych Administrator jest upowa\u017cniony do przetwarzania danych osobowych na podstawie przepis\u00f3w prawa lub w celu realizacji zawartej pomi\u0119dzy stronami umowy, a tak\u017ce na podstawie prawnie uzasadnionego interesu realizowanego przez administratora. W szczeg\u00f3lno\u015bci:\n<ol class=\"wp-block-list\">\n<li>[<strong>FORMULARZ ZAM\u00d3WIENIA<\/strong>]<\/li>\n<\/ol>\n<\/li>\n<\/ol>\n\n\n\n<p>Dane osobowe przekazywane Administratorowi przez U\u017cytkownika w ramach formularza zam\u00f3wienia przetwarzane s\u0105 w celu wykonania umowy zawieranej za po\u015brednictwem Strony internetowej. Umowa ta jest podstaw\u0105 przetwarzania. Podanie danych osobowych przez U\u017cytkownika jest dobrowolne, ale niezb\u0119dne, by U\u017cytkownik m\u00f3g\u0142 zawrze\u0107 umow\u0119 z Administratorem. Dane te b\u0119d\u0105 przetwarzane przez czas realizacji zam\u00f3wienia oraz realizacji obowi\u0105zk\u00f3w ustawowych ci\u0105\u017c\u0105cych na administratorze (np. podatkowo-ksi\u0119gowych), a tak\u017ce na wypadek roszcze\u0144. <\/p>\n\n\n\n<ol class=\"wp-block-list\">\n<li>[<strong>FORMULARZ ZAPISU NA NEWSLETTER<\/strong>]<br>Dane osobowe przekazywane Administratorowi przez U\u017cytkownika w ramach formularza zapisu na newsletter przetwarzane s\u0105 w celu przesy\u0142ania U\u017cytkownikowi newslettera zawieraj\u0105cego informacje o nowo\u015bciach i wybranych ofertach. Podanie danych osobowych przez U\u017cytkownika jest dobrowolne, ale niezb\u0119dne, by U\u017cytkownik m\u00f3g\u0142 zapisa\u0107 si\u0119 i otrzymywa\u0107 newsletter. Przetwarzanie danych w tym celu odbywa si\u0119 tylko i&nbsp;wy\u0142\u0105cznie za zgod\u0105 U\u017cytkownika, kt\u00f3r\u0105 U\u017cytkownik mo\u017ce wyrazi\u0107 w formularzu zapisu na newsletter i mo\u017ce j\u0105 cofn\u0105\u0107 w dowolnym momencie. Dane te b\u0119d\u0105 przetwarzane do czasu zaprzestania wysy\u0142ki newslettera lub wcze\u015bniejszym wycofaniu zgody przez U\u017cytkownika.<em> <\/em><\/li>\n\n\n\n<li>[<strong>FORMULARZ KONTAKTOWY<\/strong>]<br>Dane osobowe przekazywane Administratorowi przez U\u017cytkownika w ramach formularza kontaktowego przetwarzane s\u0105 w celu udzielenia odpowiedzi na wys\u0142ane za pomoc\u0105 formularza zapytanie. Podanie danych osobowych przez U\u017cytkownika jest dobrowolne, ale niezb\u0119dne, by U\u017cytkownik otrzyma\u0142 odpowied\u017a. Przetwarzanie danych w tym celu odbywa si\u0119 na podstawie prawnie uzasadnionego interesu realizowanego przez administratora (Art.6 ust.1 lit.f RODO). Dane te b\u0119d\u0105 przetwarzane do czasu zako\u0144czenia korespondencji oraz \u20262\u2026 lata od jej zako\u0144czenia. <\/li>\n\n\n\n<li><strong>[FORMULARZ DODAWANIA KOMENTARZY<\/strong>]<br>Dane osobowe przekazywane Administratorowi przez U\u017cytkownika w ramach formularza komentarzy przetwarzane s\u0105 w celu wy\u015bwietlenia komentarza U\u017cytkownika. Podanie danych osobowych przez U\u017cytkownika jest dobrowolne, ale niezb\u0119dne, by U\u017cytkownik m\u00f3g\u0142 umie\u015bci\u0107 komentarz. Przetwarzanie danych w tym celu odbywa si\u0119 na podstawie zgody u\u017cytkownika. Dane te b\u0119d\u0105 przetwarzane tak d\u0142ugo, jak d\u0142ugo b\u0119dzie istnia\u0142a Strona internetowa lub do czasu cofni\u0119cia zgody przez U\u017cytkownika. <\/li>\n\n\n\n<li>Administrator mo\u017ce powierzy\u0107 dane osobowe innym podmiotom, z pomoc\u0105 kt\u00f3rych realizuje wskazane&nbsp; w poprzednich punktach cele (np. firmom dostarczaj\u0105cym us\u0142ug\u0119 hostingu, firmie ksi\u0119gowej, firmom kurierskim, Poczcie Polskiej, firmie dostarczaj\u0105cej aplikacj\u0119 do emailingu). <\/li>\n\n\n\n<li>Dane osobowe U\u017cytkownika nie b\u0119d\u0105 przekazywane do odbiorc\u00f3w z pa\u0144stw trzecich ani organizacji mi\u0119dzynarodowych, kt\u00f3re nie zapewniaj\u0105 odpowiedniego stopnia ochrony. Odpowiedni stopie\u0144 ochrony musi by\u0107 potwierdzony odpowiedni\u0105 decyzj\u0105 Komisji Europejskiej lub innym wi\u0105\u017c\u0105cym instrumentem prawnym.<\/li>\n\n\n\n<li>Administrator gwarantuje poufno\u015b\u0107 wszelkich przekazanych mu danych osobowych.&nbsp;<\/li>\n\n\n\n<li>Dane osobowe s\u0105 gromadzone z nale\u017cyt\u0105 staranno\u015bci\u0105 i odpowiednio chronione przed dost\u0119pem przez osoby do tego nieupowa\u017cnione, a ich przetwarzanie odbywa si\u0119 zgodnie oraz na warunkach okre\u015blonych szczeg\u00f3\u0142owo w:&nbsp;<\/li>\n<\/ol>\n\n\n\n<ol class=\"wp-block-list\">\n<li>Rozporz\u0105dzeniu Parlamentu Europejskiego i&nbsp;Rady (UE) 2016\/679 z&nbsp;dnia 27 kwietnia 2016 r. w&nbsp;sprawie ochrony os\u00f3b fizycznych w&nbsp;zwi\u0105zku z&nbsp;przetwarzaniem danych osobowych i&nbsp;w sprawie swobodnego przep\u0142ywu takich danych oraz uchylenia dyrektywy 95\/46\/WE,<\/li>\n\n\n\n<li>ustawie z dnia 18 lipca 2002 o \u015bwiadczenie us\u0142ug drog\u0105 elektroniczn\u0105,<\/li>\n\n\n\n<li>ustawie z dnia 10 maja 2018 o ochronie danych osobowych.<\/li>\n<\/ol>\n\n\n\n<p><strong>\u00a7 3<\/strong><\/p>\n\n\n\n<p><strong>Prawa u\u017cytkownika<\/strong><\/p>\n\n\n\n<ol class=\"wp-block-list\">\n<li>U\u017cytkownikowi przys\u0142uguj\u0105 prawa zwi\u0105zane z przetwarzaniem jego danych osobowych, w&nbsp;tym:&nbsp;<\/li>\n<\/ol>\n\n\n\n<ol class=\"wp-block-list\">\n<li>prawo dost\u0119pu do danych&nbsp;<\/li>\n\n\n\n<li>prawo do poprawienia danych<\/li>\n\n\n\n<li>prawo do ograniczenia przetwarzania danych<\/li>\n\n\n\n<li>prawo do sprzeciwu&nbsp; wobec przetwarzania danych<\/li>\n\n\n\n<li>prawo do usuni\u0119cia danych (tzw. prawo do bycia zapomnianym)<\/li>\n\n\n\n<li>prawo do przenoszenia danych<\/li>\n\n\n\n<li>prawo do wniesienia skargi do organu nadzorczego w zwi\u0105zku z przetwarzaniem danych osobowych przez Administratora<\/li>\n<\/ol>\n\n\n\n<ol class=\"wp-block-list\">\n<li>U\u017cytkownik ma prawo do cofni\u0119cia swojej zgody w ka\u017cdej chwili, je\u015bli U\u017cytkownik uprzednio wyrazi\u0142 tak\u0105 zgod\u0119.&nbsp; &nbsp;<\/li>\n\n\n\n<li>W celu realizacji swoich praw U\u017cytkownik powinien skierowa\u0107 odpowiednie \u017c\u0105danie na adres: <em>zuzaci@gmail.com <\/em>&nbsp;<\/li>\n<\/ol>\n\n\n\n<p><strong>\u00a7 4<\/strong><\/p>\n\n\n\n<p><strong>Gromadzone informacje<\/strong><\/p>\n\n\n\n<ol class=\"wp-block-list\">\n<li>Podczas korzystania przez U\u017cytkownika ze Strony internetowej automatycznie zbierane s\u0105&nbsp;dane dotycz\u0105ce U\u017cytkownika. Do tych danych zalicza si\u0119 m.in.: adres IP, nazwa domeny, typ przegl\u0105darki, typ systemu operacyjnego. Dane te mog\u0105 by\u0107 zbierane przez pliki cookies (tzw.&nbsp;ciasteczka), a tak\u017ce mog\u0105 by\u0107 zapisywane w logach serwera.<\/li>\n\n\n\n<li>Pliki cookies (tzw. ciasteczka) to pliki wysy\u0142ane do komputera lub innego urz\u0105dzenia (np.&nbsp;laptop, smartfon, tablet) U\u017cytkownika i tam zapisywane podczas przegl\u0105dania Strony internetowej. Pliki&nbsp;cookie zapami\u0119tuj\u0105 preferencje U\u017cytkownika, co umo\u017cliwia podnoszenie jako\u015bci \u015bwiadczonych us\u0142ug, poprawianie wynik\u00f3w wyszukiwania i trafno\u015bci wy\u015bwietlanych informacji oraz anonimowe \u015bledzenie preferencji U\u017cytkownika.&nbsp;<\/li>\n\n\n\n<li>Zgod\u0119 na przechowywanie lub uzyskiwanie dost\u0119pu do cookies przez Administratora na jego urz\u0105dzeniu U\u017cytkownik wyra\u017ca za pomoc\u0105 ustawie\u0144 przegl\u0105darki zainstalowanej na urz\u0105dzeniu U\u017cytkownika.&nbsp;<\/li>\n\n\n\n<li>U\u017cytkownik mo\u017ce zrezygnowa\u0107 z cookies, wybieraj\u0105c odpowiednie ustawienia w u\u017cywanej przez siebie przegl\u0105darce stron www. W takiej sytuacji korzystanie ze Strony internetowej przez U\u017cytkownika mo\u017ce by\u0107 utrudnione (np. strona mo\u017ce pracowa\u0107 wolniej).&nbsp;<\/li>\n\n\n\n<li>U\u017cytkownik mo\u017ce usun\u0105\u0107 istniej\u0105ce pliki cookies z urz\u0105dzenia, korzystaj\u0105c z odpowiednich funkcji przegl\u0105darki internetowej, program\u00f3w s\u0142u\u017c\u0105cych w tym celu lub skorzystanie z&nbsp;odpowiednich narz\u0119dzi dost\u0119pnych w ramach systemu operacyjnego, z kt\u00f3rego korzysta U\u017cytkownik.&nbsp;<\/li>\n\n\n\n<li>Dane zapisane w logach serwera lub za pomoc\u0105 cookies nie s\u0105 \u0142\u0105czone w \u017caden spos\u00f3b z&nbsp;konkretnymi U\u017cytkownikami&nbsp; Strony internetowej i nie s\u0105 wykorzystywane przez Administratora w celu identyfikacji U\u017cytkownika. Logi serwera s\u0142u\u017c\u0105 do administrowania Stron\u0105 internetow\u0105, a ich zawarto\u015b\u0107 nie jest ujawniania nikomu poza osobami upowa\u017cnionymi do administrowania serwerem.&nbsp;<\/li>\n\n\n\n<li>Na Stronie internetowej s\u0105 stosowane technologie rejestruj\u0105ce <strong>anonimowo<\/strong> dzia\u0142ania podejmowane przez U\u017cytkownika podczas korzystania ze Strony internetowej. S\u0105 to m.in.:\n<ol class=\"wp-block-list\">\n<li>Google Analitysc &#8211; stosowana w celu analizowania statystyk Strony internetowej<\/li>\n\n\n\n<li>Facebook Pixel &#8211; stosowana w celu zarz\u0105dzania i optymalizacji reklamy na Facebooku <\/li>\n<\/ol>\n<\/li>\n\n\n\n<li>Dane uzyskane przez te narz\u0119dzia nie s\u0105 \u0142\u0105czone w \u017caden spos\u00f3b z konkretnymi U\u017cytkownikami Strony internetowej i nie s\u0105 wykorzystywane przez Administratora w celu identyfikacji U\u017cytkownika. <\/li>\n\n\n\n<li>Konsekwencj\u0105 zastosowania technologii wymienionych w \u00a7 3 pkt. 7 b\u0119dzie&nbsp; zoptymalizowanie Strony internetowej, jej tre\u015bci oraz oferty Produkt\u00f3w do potrzeb U\u017cytkownika. <\/li>\n<\/ol>\n\n\n\n<p><strong>\u00a7 5<\/strong><\/p>\n\n\n\n<p><strong>Cel wykorzystania danych<\/strong><\/p>\n\n\n\n<p>Dane podane przez U\u017cytkownika lub zbierane automatycznie Administrator wykorzystuje w celu:<\/p>\n\n\n\n<ol class=\"wp-block-list\">\n<li>prawid\u0142owego funkcjonowania, konfiguracji, bezpiecze\u0144stwa Strony internetowej,<\/li>\n\n\n\n<li>monitorowania stanu sesji,<\/li>\n\n\n\n<li>analiz, bada\u0144&nbsp;i audytu wy\u015bwietle\u0144 Strony internetowej,&nbsp;<\/li>\n\n\n\n<li>realizacji um\u00f3w zawartych za pomoc\u0105 Strony internetowej (realizacji zam\u00f3wie\u0144 z\u0142o\u017conych w Sklepie) <\/li>\n\n\n\n<li>a tak\u017ce w celach statystycznych i marketingowych.<\/li>\n<\/ol>\n\n\n\n<p><strong>\u00a7 6<\/strong><\/p>\n\n\n\n<p><strong>Postanowienia ko\u0144cowe<\/strong><\/p>\n\n\n\n<ol class=\"wp-block-list\">\n<li>W niniejszym dokumencie mog\u0105 nast\u0105pi\u0107 zmiany, na kt\u00f3re mo\u017ce wp\u0142yn\u0105\u0107 rozw\u00f3j technologii internetowej, zmiany prawa w zakresie ochrony danych osobowych oraz rozw\u00f3j naszej Strony internetowej i Sklepu. Wszelkie zmiany b\u0119d\u0105 komunikowane U\u017cytkownikom niezw\u0142ocznie w spos\u00f3b widoczny i zrozumia\u0142y.&nbsp;<\/li>\n\n\n\n<li>Wszelkie pytania lub uwagi dotycz\u0105ce Polityki prywatno\u015bci i plik\u00f3w cookies prosimy kierowa\u0107 na adres:&nbsp; zuzaci@gmail.com<\/li>\n<\/ol>\n\n\n\n<p><\/p>\n","protected":false},"excerpt":{"rendered":"<p>Niniejsza Polityka prywatno\u015bci i plik\u00f3w cookies strony, zwana dalej Stron\u0105 internetow\u0105, okre\u015bla zasady przetwarzania i ochrony danych osobowych oraz wykorzystania plik\u00f3w cookies oraz innych technologii takich jak: Google Analitycs, Facebook Pixel w zwi\u0105zku z korzystaniem przez U\u017cytkownik\u00f3w ze Strony internetowej oraz fanpage, a tak\u017ce z korzystaniem przez nich z us\u0142ug oferowanych w Sklepie dost\u0119pnym na [&hellip;]<\/p>\n","protected":false},"author":1,"featured_media":0,"parent":0,"menu_order":0,"comment_status":"closed","ping_status":"open","template":"","meta":{"footnotes":""},"class_list":["post-3","page","type-page","status-publish","hentry"],"yoast_head":"<!-- This site is optimized with the Yoast SEO plugin v27.3 - https:\/\/yoast.com\/product\/yoast-seo-wordpress\/ -->\n<title>Polityka prywatno\u015bci - Zunka Cichos jak kameleon<\/title>\n<meta name=\"robots\" content=\"index, follow, max-snippet:-1, max-image-preview:large, max-video-preview:-1\" \/>\n<link rel=\"canonical\" href=\"https:\/\/zunkacichoscameleon.pl\/en\/polityka-prywatnosci\/\" \/>\n<meta property=\"og:locale\" content=\"en_GB\" \/>\n<meta property=\"og:type\" content=\"article\" \/>\n<meta property=\"og:title\" content=\"Polityka prywatno\u015bci - Zunka Cichos jak kameleon\" \/>\n<meta property=\"og:description\" content=\"Niniejsza Polityka prywatno\u015bci i plik\u00f3w cookies strony, zwana dalej Stron\u0105 internetow\u0105, okre\u015bla zasady przetwarzania i ochrony danych osobowych oraz wykorzystania plik\u00f3w cookies oraz innych technologii takich jak: Google Analitycs, Facebook Pixel w zwi\u0105zku z korzystaniem przez U\u017cytkownik\u00f3w ze Strony internetowej oraz fanpage, a tak\u017ce z korzystaniem przez nich z us\u0142ug oferowanych w Sklepie dost\u0119pnym na [&hellip;]\" \/>\n<meta property=\"og:url\" content=\"https:\/\/zunkacichoscameleon.pl\/en\/polityka-prywatnosci\/\" \/>\n<meta property=\"og:site_name\" content=\"Zunka Cichos jak kameleon\" \/>\n<meta property=\"article:publisher\" content=\"https:\/\/www.facebook.com\/Cameleon-100398745427656\" \/>\n<meta property=\"article:modified_time\" content=\"2023-09-15T17:36:34+00:00\" \/>\n<meta name=\"twitter:card\" content=\"summary_large_image\" \/>\n<meta name=\"twitter:label1\" content=\"Estimated reading time\" \/>\n\t<meta name=\"twitter:data1\" content=\"8 minutes\" \/>\n<script type=\"application\/ld+json\" class=\"yoast-schema-graph\">{\"@context\":\"https:\\\/\\\/schema.org\",\"@graph\":[{\"@type\":\"WebPage\",\"@id\":\"https:\\\/\\\/zunkacichoscameleon.pl\\\/polityka-prywatnosci\\\/\",\"url\":\"https:\\\/\\\/zunkacichoscameleon.pl\\\/polityka-prywatnosci\\\/\",\"name\":\"Polityka prywatno\u015bci - Zunka Cichos jak kameleon\",\"isPartOf\":{\"@id\":\"https:\\\/\\\/zunkacichoscameleon.pl\\\/#website\"},\"datePublished\":\"2021-12-13T14:50:03+00:00\",\"dateModified\":\"2023-09-15T17:36:34+00:00\",\"breadcrumb\":{\"@id\":\"https:\\\/\\\/zunkacichoscameleon.pl\\\/polityka-prywatnosci\\\/#breadcrumb\"},\"inLanguage\":\"en-GB\",\"potentialAction\":[{\"@type\":\"ReadAction\",\"target\":[\"https:\\\/\\\/zunkacichoscameleon.pl\\\/polityka-prywatnosci\\\/\"]}]},{\"@type\":\"BreadcrumbList\",\"@id\":\"https:\\\/\\\/zunkacichoscameleon.pl\\\/polityka-prywatnosci\\\/#breadcrumb\",\"itemListElement\":[{\"@type\":\"ListItem\",\"position\":1,\"name\":\"Strona g\u0142\u00f3wna\",\"item\":\"https:\\\/\\\/zunkacichoscameleon.pl\\\/\"},{\"@type\":\"ListItem\",\"position\":2,\"name\":\"Polityka prywatno\u015bci\"}]},{\"@type\":\"WebSite\",\"@id\":\"https:\\\/\\\/zunkacichoscameleon.pl\\\/#website\",\"url\":\"https:\\\/\\\/zunkacichoscameleon.pl\\\/\",\"name\":\"Zunka Cichos jak kameleon\",\"description\":\"Rozkminy artystyczno-\u017cyciowe\",\"publisher\":{\"@id\":\"https:\\\/\\\/zunkacichoscameleon.pl\\\/#\\\/schema\\\/person\\\/54eb2742270ae1528910f7e3c94c38a2\"},\"potentialAction\":[{\"@type\":\"SearchAction\",\"target\":{\"@type\":\"EntryPoint\",\"urlTemplate\":\"https:\\\/\\\/zunkacichoscameleon.pl\\\/?s={search_term_string}\"},\"query-input\":{\"@type\":\"PropertyValueSpecification\",\"valueRequired\":true,\"valueName\":\"search_term_string\"}}],\"inLanguage\":\"en-GB\"},{\"@type\":[\"Person\",\"Organization\"],\"@id\":\"https:\\\/\\\/zunkacichoscameleon.pl\\\/#\\\/schema\\\/person\\\/54eb2742270ae1528910f7e3c94c38a2\",\"name\":\"Zunka Cichos\",\"image\":{\"@type\":\"ImageObject\",\"inLanguage\":\"en-GB\",\"@id\":\"https:\\\/\\\/zunkacichoscameleon.pl\\\/wp-content\\\/uploads\\\/2021\\\/12\\\/3.jpg-necklace.jpg\",\"url\":\"https:\\\/\\\/zunkacichoscameleon.pl\\\/wp-content\\\/uploads\\\/2021\\\/12\\\/3.jpg-necklace.jpg\",\"contentUrl\":\"https:\\\/\\\/zunkacichoscameleon.pl\\\/wp-content\\\/uploads\\\/2021\\\/12\\\/3.jpg-necklace.jpg\",\"width\":900,\"height\":600,\"caption\":\"Zunka Cichos\"},\"logo\":{\"@id\":\"https:\\\/\\\/zunkacichoscameleon.pl\\\/wp-content\\\/uploads\\\/2021\\\/12\\\/3.jpg-necklace.jpg\"},\"sameAs\":[\"https:\\\/\\\/zunkacichoscameleon.pl\",\"https:\\\/\\\/www.facebook.com\\\/Cameleon-100398745427656\",\"https:\\\/\\\/www.instagram.com\\\/cameleonka\\\/?hl=en\",\"https:\\\/\\\/pl.pinterest.com\\\/cameleonartshop\\\/_created\\\/\"]}]}<\/script>\n<!-- \/ Yoast SEO plugin. -->","yoast_head_json":{"title":"Polityka prywatno\u015bci - Zunka Cichos jak kameleon","robots":{"index":"index","follow":"follow","max-snippet":"max-snippet:-1","max-image-preview":"max-image-preview:large","max-video-preview":"max-video-preview:-1"},"canonical":"https:\/\/zunkacichoscameleon.pl\/en\/polityka-prywatnosci\/","og_locale":"en_GB","og_type":"article","og_title":"Polityka prywatno\u015bci - Zunka Cichos jak kameleon","og_description":"Niniejsza Polityka prywatno\u015bci i plik\u00f3w cookies strony, zwana dalej Stron\u0105 internetow\u0105, okre\u015bla zasady przetwarzania i ochrony danych osobowych oraz wykorzystania plik\u00f3w cookies oraz innych technologii takich jak: Google Analitycs, Facebook Pixel w zwi\u0105zku z korzystaniem przez U\u017cytkownik\u00f3w ze Strony internetowej oraz fanpage, a tak\u017ce z korzystaniem przez nich z us\u0142ug oferowanych w Sklepie dost\u0119pnym na [&hellip;]","og_url":"https:\/\/zunkacichoscameleon.pl\/en\/polityka-prywatnosci\/","og_site_name":"Zunka Cichos jak kameleon","article_publisher":"https:\/\/www.facebook.com\/Cameleon-100398745427656","article_modified_time":"2023-09-15T17:36:34+00:00","twitter_card":"summary_large_image","twitter_misc":{"Estimated reading time":"8 minutes"},"schema":{"@context":"https:\/\/schema.org","@graph":[{"@type":"WebPage","@id":"https:\/\/zunkacichoscameleon.pl\/polityka-prywatnosci\/","url":"https:\/\/zunkacichoscameleon.pl\/polityka-prywatnosci\/","name":"Polityka prywatno\u015bci - Zunka Cichos jak kameleon","isPartOf":{"@id":"https:\/\/zunkacichoscameleon.pl\/#website"},"datePublished":"2021-12-13T14:50:03+00:00","dateModified":"2023-09-15T17:36:34+00:00","breadcrumb":{"@id":"https:\/\/zunkacichoscameleon.pl\/polityka-prywatnosci\/#breadcrumb"},"inLanguage":"en-GB","potentialAction":[{"@type":"ReadAction","target":["https:\/\/zunkacichoscameleon.pl\/polityka-prywatnosci\/"]}]},{"@type":"BreadcrumbList","@id":"https:\/\/zunkacichoscameleon.pl\/polityka-prywatnosci\/#breadcrumb","itemListElement":[{"@type":"ListItem","position":1,"name":"Strona g\u0142\u00f3wna","item":"https:\/\/zunkacichoscameleon.pl\/"},{"@type":"ListItem","position":2,"name":"Polityka prywatno\u015bci"}]},{"@type":"WebSite","@id":"https:\/\/zunkacichoscameleon.pl\/#website","url":"https:\/\/zunkacichoscameleon.pl\/","name":"Zunka Cichos jak kameleon","description":"Rozkminy artystyczno-\u017cyciowe","publisher":{"@id":"https:\/\/zunkacichoscameleon.pl\/#\/schema\/person\/54eb2742270ae1528910f7e3c94c38a2"},"potentialAction":[{"@type":"SearchAction","target":{"@type":"EntryPoint","urlTemplate":"https:\/\/zunkacichoscameleon.pl\/?s={search_term_string}"},"query-input":{"@type":"PropertyValueSpecification","valueRequired":true,"valueName":"search_term_string"}}],"inLanguage":"en-GB"},{"@type":["Person","Organization"],"@id":"https:\/\/zunkacichoscameleon.pl\/#\/schema\/person\/54eb2742270ae1528910f7e3c94c38a2","name":"Zunka Cichos","image":{"@type":"ImageObject","inLanguage":"en-GB","@id":"https:\/\/zunkacichoscameleon.pl\/wp-content\/uploads\/2021\/12\/3.jpg-necklace.jpg","url":"https:\/\/zunkacichoscameleon.pl\/wp-content\/uploads\/2021\/12\/3.jpg-necklace.jpg","contentUrl":"https:\/\/zunkacichoscameleon.pl\/wp-content\/uploads\/2021\/12\/3.jpg-necklace.jpg","width":900,"height":600,"caption":"Zunka Cichos"},"logo":{"@id":"https:\/\/zunkacichoscameleon.pl\/wp-content\/uploads\/2021\/12\/3.jpg-necklace.jpg"},"sameAs":["https:\/\/zunkacichoscameleon.pl","https:\/\/www.facebook.com\/Cameleon-100398745427656","https:\/\/www.instagram.com\/cameleonka\/?hl=en","https:\/\/pl.pinterest.com\/cameleonartshop\/_created\/"]}]}},"jetpack_sharing_enabled":true,"_links":{"self":[{"href":"https:\/\/zunkacichoscameleon.pl\/en\/wp-json\/wp\/v2\/pages\/3","targetHints":{"allow":["GET"]}}],"collection":[{"href":"https:\/\/zunkacichoscameleon.pl\/en\/wp-json\/wp\/v2\/pages"}],"about":[{"href":"https:\/\/zunkacichoscameleon.pl\/en\/wp-json\/wp\/v2\/types\/page"}],"author":[{"embeddable":true,"href":"https:\/\/zunkacichoscameleon.pl\/en\/wp-json\/wp\/v2\/users\/1"}],"replies":[{"embeddable":true,"href":"https:\/\/zunkacichoscameleon.pl\/en\/wp-json\/wp\/v2\/comments?post=3"}],"version-history":[{"count":5,"href":"https:\/\/zunkacichoscameleon.pl\/en\/wp-json\/wp\/v2\/pages\/3\/revisions"}],"predecessor-version":[{"id":831,"href":"https:\/\/zunkacichoscameleon.pl\/en\/wp-json\/wp\/v2\/pages\/3\/revisions\/831"}],"wp:attachment":[{"href":"https:\/\/zunkacichoscameleon.pl\/en\/wp-json\/wp\/v2\/media?parent=3"}],"curies":[{"name":"wp","href":"https:\/\/api.w.org\/{rel}","templated":true}]}}