{"id":413,"date":"2022-06-04T16:51:23","date_gmt":"2022-06-04T14:51:23","guid":{"rendered":"https:\/\/zunkacichoscameleon.pl\/?page_id=413"},"modified":"2026-02-16T13:23:46","modified_gmt":"2026-02-16T12:23:46","slug":"malowanie-rytualne-zaproszenie-do-wspolpracy","status":"publish","type":"page","link":"https:\/\/zunkacichoscameleon.pl\/en\/malowanie-rytualne-zaproszenie-do-wspolpracy\/","title":{"rendered":"cooperation"},"content":{"rendered":"<figure class=\"wp-block-image size-large\"><img loading=\"lazy\" decoding=\"async\" width=\"1024\" height=\"819\" src=\"https:\/\/zunkacichoscameleon.pl\/wp-content\/uploads\/2022\/06\/Malowanie-rztualne-1-1024x819.png\" alt=\"\" class=\"wp-image-414\" srcset=\"https:\/\/zunkacichoscameleon.pl\/wp-content\/uploads\/2022\/06\/Malowanie-rztualne-1-1024x819.png 1024w, https:\/\/zunkacichoscameleon.pl\/wp-content\/uploads\/2022\/06\/Malowanie-rztualne-1-300x240.png 300w, https:\/\/zunkacichoscameleon.pl\/wp-content\/uploads\/2022\/06\/Malowanie-rztualne-1-768x614.png 768w, https:\/\/zunkacichoscameleon.pl\/wp-content\/uploads\/2022\/06\/Malowanie-rztualne-1-1536x1229.png 1536w, https:\/\/zunkacichoscameleon.pl\/wp-content\/uploads\/2022\/06\/Malowanie-rztualne-1-416x333.png 416w, https:\/\/zunkacichoscameleon.pl\/wp-content\/uploads\/2022\/06\/Malowanie-rztualne-1.png 2000w\" sizes=\"auto, (max-width: 1024px) 100vw, 1024px\" \/><figcaption class=\"wp-element-caption\">rytua\u0142 malowania z Zunk\u0105<\/figcaption><\/figure>\n\n\n\n<p>Welcome, I would like to invitie self development workshop and event organisers to cooperate with me. I can run a separate art\/spiritual workshop or add a ritual to already existing structure\/ event.<\/p>\n\n\n\n<p>I am facinated with the combination of art and spirituality <\/p>\n\n\n\n<p>I use art as a bridge to travel into different dimentions and unconsciousness<\/p>\n\n\n\n<p>Stworzy\u0142am seri\u0119 autorskich warsztat\u00f3w, kt\u00f3re oparte s\u0105 na strukturze kr\u0119gu, wype\u0142nione do\u015bwiadczeniem malarskim z nauk\u0105 techniki, po to aby skontaktowa\u0107 si\u0119 z obrazami kt\u00f3re uzdrawiaj\u0105 i kt\u00f3re nosi w sobie ka\u017cdy cz\u0142owiek. Zapraszam do bezpiecznej i g\u0142\u0119bokiej podr\u00f3\u017cy przez tw\u00f3rczo\u015b\u0107 do duszy, grupy max 10-12 os\u00f3b.<\/p>\n\n\n\n<p><\/p>\n\n\n\n<p>Lubi\u0119 pracowa\u0107 z kobietami i w tym mam najwi\u0119ksze do\u015bwiadczenie.<\/p>\n\n\n\n<p><strong>Jestem r\u00f3wnie\u017c jedynym w Polsce facilitatorem praktyki Touch Drawing-malowane dotykiem<\/strong>. Ucz\u0119 si\u0119 jej od samej tw\u00f3rczyni tej metody Deborah Koff Chopin, w 2024 roku by\u0142am w Seattle \u017ceby pog\u0142\u0119bi\u0107 do\u015bwiadczenie u \u017ar\u00f3d\u0142a.<\/p>\n\n\n\n<p><strong>Prowadz\u0119 warsztaty\/ceremonie, w kr\u0119gu<\/strong>, przy rytmie b\u0119bna szama\u0144skiego, trzymaj\u0105c przestrze\u0144 dla bezpiecznych podr\u00f3\u017cy w siebie, poprzez malowanie dotykiem. Praktyka ta  jest niezwykle g\u0142\u0119boka i transformuj\u0105ca, wspiera wiele modalno\u015bci i przestrzeni terapeutycznych .<\/p>\n\n\n\n<p>Ch\u0119tnie podziel\u0119 si\u0119 swoj\u0105 wiedz\u0105 o rytua\u0142ach malarskich i obrazach, kt\u00f3re s\u0105 bram\u0105 do Niewidzialnego a kt\u00f3re maluj\u0119. Mog\u0119 opowiedzie\u0107 o swojej osobistej i tw\u00f3rczej \u015bcie\u017cce na konferencjach, warsztatach czy festiwalach albo przyjecha\u0107 do Twojego miasta z<strong> wystaw\u0105 Odciski Duszy i prezentacj\u0105 Touch Drawing.<\/strong><\/p>\n\n\n\n<p><a href=\"https:\/\/youtube.com\/shorts\/i2Cp4kY0kc8?feature=share\">Link z ostatniej wystawy znajdziesz tutaj.<\/a><\/p>\n\n\n\n<p><\/p>\n\n\n\n<p>Na szlaku rozwoju osobistego od ok 20 lat.<\/p>\n\n\n\n<p><\/p>\n\n\n\n<p>You can contact me by sending an email to this address: zuzaci@gmail.com<\/p>\n\n\n\n<p>Zunka Cichos<\/p>\n\n\n<div class=\"wp-block-image\">\n<figure class=\"aligncenter size-large\"><img loading=\"lazy\" decoding=\"async\" width=\"576\" height=\"1024\" src=\"https:\/\/zunkacichoscameleon.pl\/wp-content\/uploads\/2026\/02\/wernisaz-stories-576x1024.jpg\" alt=\"\" class=\"wp-image-2336\" srcset=\"https:\/\/zunkacichoscameleon.pl\/wp-content\/uploads\/2026\/02\/wernisaz-stories-576x1024.jpg 576w, https:\/\/zunkacichoscameleon.pl\/wp-content\/uploads\/2026\/02\/wernisaz-stories-169x300.jpg 169w, https:\/\/zunkacichoscameleon.pl\/wp-content\/uploads\/2026\/02\/wernisaz-stories-768x1365.jpg 768w, https:\/\/zunkacichoscameleon.pl\/wp-content\/uploads\/2026\/02\/wernisaz-stories-864x1536.jpg 864w, https:\/\/zunkacichoscameleon.pl\/wp-content\/uploads\/2026\/02\/wernisaz-stories-7x12.jpg 7w, https:\/\/zunkacichoscameleon.pl\/wp-content\/uploads\/2026\/02\/wernisaz-stories-416x740.jpg 416w, https:\/\/zunkacichoscameleon.pl\/wp-content\/uploads\/2026\/02\/wernisaz-stories.jpg 1080w\" sizes=\"auto, (max-width: 576px) 100vw, 576px\" \/><\/figure>\n<\/div>\n\n<div class=\"wp-block-image\">\n<figure class=\"aligncenter size-large\"><img loading=\"lazy\" decoding=\"async\" width=\"1024\" height=\"692\" src=\"https:\/\/zunkacichoscameleon.pl\/wp-content\/uploads\/2026\/02\/Screenshot-2025-11-12-at-16.30.20-1024x692.png\" alt=\"\" class=\"wp-image-2351\" srcset=\"https:\/\/zunkacichoscameleon.pl\/wp-content\/uploads\/2026\/02\/Screenshot-2025-11-12-at-16.30.20-1024x692.png 1024w, https:\/\/zunkacichoscameleon.pl\/wp-content\/uploads\/2026\/02\/Screenshot-2025-11-12-at-16.30.20-300x203.png 300w, https:\/\/zunkacichoscameleon.pl\/wp-content\/uploads\/2026\/02\/Screenshot-2025-11-12-at-16.30.20-768x519.png 768w, https:\/\/zunkacichoscameleon.pl\/wp-content\/uploads\/2026\/02\/Screenshot-2025-11-12-at-16.30.20-18x12.png 18w, https:\/\/zunkacichoscameleon.pl\/wp-content\/uploads\/2026\/02\/Screenshot-2025-11-12-at-16.30.20-416x281.png 416w, https:\/\/zunkacichoscameleon.pl\/wp-content\/uploads\/2026\/02\/Screenshot-2025-11-12-at-16.30.20.png 1413w\" sizes=\"auto, (max-width: 1024px) 100vw, 1024px\" \/><\/figure>\n<\/div>","protected":false},"excerpt":{"rendered":"<p>Zapraszam do wsp\u00f3\u0142pracy osoby zajmuj\u0105ce si\u0119 organizowaniem wydarze\u0144 o charakterze rozwojowym, chc\u0105cych do swoich warsztat\u00f3w doda\u0107 element uzupe\u0142niaj\u0105cy, w formie do\u015bwiadczenia\/rytua\u0142u tw\u00f3rczego. Fascynuje mnie po\u0142\u0105czenie psychologii, sztuki i duszy. U\u017cywam tego mostu do podr\u00f3\u017cowania w inne wymiary i w pod\u015bwiadomo\u015b\u0107 a mo\u017ce nawet dalej. Stworzy\u0142am seri\u0119 autorskich warsztat\u00f3w, kt\u00f3re oparte s\u0105 na strukturze kr\u0119gu, wype\u0142nione [&hellip;]<\/p>\n","protected":false},"author":1,"featured_media":0,"parent":0,"menu_order":0,"comment_status":"closed","ping_status":"closed","template":"","meta":{"footnotes":""},"class_list":["post-413","page","type-page","status-publish","hentry"],"yoast_head":"<!-- This site is optimized with the Yoast SEO plugin v27.3 - https:\/\/yoast.com\/product\/yoast-seo-wordpress\/ -->\n<title>Wsp\u00f3\u0142praca - Zunka Cichos jak kameleon<\/title>\n<meta name=\"description\" content=\"Zapraszam do wsp\u00f3\u0142pracy osoby organizuj\u0105ce warsztaty rozwojowe, chc\u0105ce uzupe\u0142ni\u0107 je o element tw\u00f3rczy w formie rytua\u0142u malarskiego\" \/>\n<meta name=\"robots\" content=\"index, follow, max-snippet:-1, max-image-preview:large, max-video-preview:-1\" \/>\n<link rel=\"canonical\" href=\"https:\/\/zunkacichoscameleon.pl\/en\/malowanie-rytualne-zaproszenie-do-wspolpracy\/\" \/>\n<meta property=\"og:locale\" content=\"en_GB\" \/>\n<meta property=\"og:type\" content=\"article\" \/>\n<meta property=\"og:title\" content=\"Wsp\u00f3\u0142praca - Zunka Cichos jak kameleon\" \/>\n<meta property=\"og:description\" content=\"Zapraszam do wsp\u00f3\u0142pracy osoby organizuj\u0105ce warsztaty rozwojowe, chc\u0105ce uzupe\u0142ni\u0107 je o element tw\u00f3rczy w formie rytua\u0142u malarskiego\" \/>\n<meta property=\"og:url\" content=\"https:\/\/zunkacichoscameleon.pl\/en\/malowanie-rytualne-zaproszenie-do-wspolpracy\/\" \/>\n<meta property=\"og:site_name\" content=\"Zunka Cichos jak kameleon\" \/>\n<meta property=\"article:publisher\" content=\"https:\/\/www.facebook.com\/Cameleon-100398745427656\" \/>\n<meta property=\"article:modified_time\" content=\"2026-02-16T12:23:46+00:00\" \/>\n<meta property=\"og:image\" content=\"https:\/\/zunkacichoscameleon.pl\/wp-content\/uploads\/2022\/06\/Malowanie-rztualne-1-1024x819.png\" \/>\n\t<meta property=\"og:image:width\" content=\"1024\" \/>\n\t<meta property=\"og:image:height\" content=\"819\" \/>\n\t<meta property=\"og:image:type\" content=\"image\/png\" \/>\n<meta name=\"twitter:card\" content=\"summary_large_image\" \/>\n<meta name=\"twitter:label1\" content=\"Estimated reading time\" \/>\n\t<meta name=\"twitter:data1\" content=\"3 minutes\" \/>\n<script type=\"application\/ld+json\" class=\"yoast-schema-graph\">{\"@context\":\"https:\\\/\\\/schema.org\",\"@graph\":[{\"@type\":\"WebPage\",\"@id\":\"https:\\\/\\\/zunkacichoscameleon.pl\\\/malowanie-rytualne-zaproszenie-do-wspolpracy\\\/\",\"url\":\"https:\\\/\\\/zunkacichoscameleon.pl\\\/malowanie-rytualne-zaproszenie-do-wspolpracy\\\/\",\"name\":\"Wsp\u00f3\u0142praca - Zunka Cichos jak kameleon\",\"isPartOf\":{\"@id\":\"https:\\\/\\\/zunkacichoscameleon.pl\\\/#website\"},\"primaryImageOfPage\":{\"@id\":\"https:\\\/\\\/zunkacichoscameleon.pl\\\/malowanie-rytualne-zaproszenie-do-wspolpracy\\\/#primaryimage\"},\"image\":{\"@id\":\"https:\\\/\\\/zunkacichoscameleon.pl\\\/malowanie-rytualne-zaproszenie-do-wspolpracy\\\/#primaryimage\"},\"thumbnailUrl\":\"https:\\\/\\\/zunkacichoscameleon.pl\\\/wp-content\\\/uploads\\\/2022\\\/06\\\/Malowanie-rztualne-1-1024x819.png\",\"datePublished\":\"2022-06-04T14:51:23+00:00\",\"dateModified\":\"2026-02-16T12:23:46+00:00\",\"description\":\"Zapraszam do wsp\u00f3\u0142pracy osoby organizuj\u0105ce warsztaty rozwojowe, chc\u0105ce uzupe\u0142ni\u0107 je o element tw\u00f3rczy w formie rytua\u0142u malarskiego\",\"breadcrumb\":{\"@id\":\"https:\\\/\\\/zunkacichoscameleon.pl\\\/malowanie-rytualne-zaproszenie-do-wspolpracy\\\/#breadcrumb\"},\"inLanguage\":\"en-GB\",\"potentialAction\":[{\"@type\":\"ReadAction\",\"target\":[\"https:\\\/\\\/zunkacichoscameleon.pl\\\/malowanie-rytualne-zaproszenie-do-wspolpracy\\\/\"]}]},{\"@type\":\"ImageObject\",\"inLanguage\":\"en-GB\",\"@id\":\"https:\\\/\\\/zunkacichoscameleon.pl\\\/malowanie-rytualne-zaproszenie-do-wspolpracy\\\/#primaryimage\",\"url\":\"https:\\\/\\\/zunkacichoscameleon.pl\\\/wp-content\\\/uploads\\\/2022\\\/06\\\/Malowanie-rztualne-1-1024x819.png\",\"contentUrl\":\"https:\\\/\\\/zunkacichoscameleon.pl\\\/wp-content\\\/uploads\\\/2022\\\/06\\\/Malowanie-rztualne-1-1024x819.png\"},{\"@type\":\"BreadcrumbList\",\"@id\":\"https:\\\/\\\/zunkacichoscameleon.pl\\\/malowanie-rytualne-zaproszenie-do-wspolpracy\\\/#breadcrumb\",\"itemListElement\":[{\"@type\":\"ListItem\",\"position\":1,\"name\":\"Strona g\u0142\u00f3wna\",\"item\":\"https:\\\/\\\/zunkacichoscameleon.pl\\\/\"},{\"@type\":\"ListItem\",\"position\":2,\"name\":\"Wsp\u00f3\u0142praca\"}]},{\"@type\":\"WebSite\",\"@id\":\"https:\\\/\\\/zunkacichoscameleon.pl\\\/#website\",\"url\":\"https:\\\/\\\/zunkacichoscameleon.pl\\\/\",\"name\":\"Zunka Cichos jak kameleon\",\"description\":\"Rozkminy artystyczno-\u017cyciowe\",\"publisher\":{\"@id\":\"https:\\\/\\\/zunkacichoscameleon.pl\\\/#\\\/schema\\\/person\\\/54eb2742270ae1528910f7e3c94c38a2\"},\"potentialAction\":[{\"@type\":\"SearchAction\",\"target\":{\"@type\":\"EntryPoint\",\"urlTemplate\":\"https:\\\/\\\/zunkacichoscameleon.pl\\\/?s={search_term_string}\"},\"query-input\":{\"@type\":\"PropertyValueSpecification\",\"valueRequired\":true,\"valueName\":\"search_term_string\"}}],\"inLanguage\":\"en-GB\"},{\"@type\":[\"Person\",\"Organization\"],\"@id\":\"https:\\\/\\\/zunkacichoscameleon.pl\\\/#\\\/schema\\\/person\\\/54eb2742270ae1528910f7e3c94c38a2\",\"name\":\"Zunka Cichos\",\"image\":{\"@type\":\"ImageObject\",\"inLanguage\":\"en-GB\",\"@id\":\"https:\\\/\\\/zunkacichoscameleon.pl\\\/wp-content\\\/uploads\\\/2021\\\/12\\\/3.jpg-necklace.jpg\",\"url\":\"https:\\\/\\\/zunkacichoscameleon.pl\\\/wp-content\\\/uploads\\\/2021\\\/12\\\/3.jpg-necklace.jpg\",\"contentUrl\":\"https:\\\/\\\/zunkacichoscameleon.pl\\\/wp-content\\\/uploads\\\/2021\\\/12\\\/3.jpg-necklace.jpg\",\"width\":900,\"height\":600,\"caption\":\"Zunka Cichos\"},\"logo\":{\"@id\":\"https:\\\/\\\/zunkacichoscameleon.pl\\\/wp-content\\\/uploads\\\/2021\\\/12\\\/3.jpg-necklace.jpg\"},\"sameAs\":[\"https:\\\/\\\/zunkacichoscameleon.pl\",\"https:\\\/\\\/www.facebook.com\\\/Cameleon-100398745427656\",\"https:\\\/\\\/www.instagram.com\\\/cameleonka\\\/?hl=en\",\"https:\\\/\\\/pl.pinterest.com\\\/cameleonartshop\\\/_created\\\/\"]}]}<\/script>\n<!-- \/ Yoast SEO plugin. -->","yoast_head_json":{"title":"Wsp\u00f3\u0142praca - Zunka Cichos jak kameleon","description":"Zapraszam do wsp\u00f3\u0142pracy osoby organizuj\u0105ce warsztaty rozwojowe, chc\u0105ce uzupe\u0142ni\u0107 je o element tw\u00f3rczy w formie rytua\u0142u malarskiego","robots":{"index":"index","follow":"follow","max-snippet":"max-snippet:-1","max-image-preview":"max-image-preview:large","max-video-preview":"max-video-preview:-1"},"canonical":"https:\/\/zunkacichoscameleon.pl\/en\/malowanie-rytualne-zaproszenie-do-wspolpracy\/","og_locale":"en_GB","og_type":"article","og_title":"Wsp\u00f3\u0142praca - Zunka Cichos jak kameleon","og_description":"Zapraszam do wsp\u00f3\u0142pracy osoby organizuj\u0105ce warsztaty rozwojowe, chc\u0105ce uzupe\u0142ni\u0107 je o element tw\u00f3rczy w formie rytua\u0142u malarskiego","og_url":"https:\/\/zunkacichoscameleon.pl\/en\/malowanie-rytualne-zaproszenie-do-wspolpracy\/","og_site_name":"Zunka Cichos jak kameleon","article_publisher":"https:\/\/www.facebook.com\/Cameleon-100398745427656","article_modified_time":"2026-02-16T12:23:46+00:00","og_image":[{"width":1024,"height":819,"url":"https:\/\/zunkacichoscameleon.pl\/wp-content\/uploads\/2022\/06\/Malowanie-rztualne-1-1024x819.png","type":"image\/png"}],"twitter_card":"summary_large_image","twitter_misc":{"Estimated reading time":"3 minutes"},"schema":{"@context":"https:\/\/schema.org","@graph":[{"@type":"WebPage","@id":"https:\/\/zunkacichoscameleon.pl\/malowanie-rytualne-zaproszenie-do-wspolpracy\/","url":"https:\/\/zunkacichoscameleon.pl\/malowanie-rytualne-zaproszenie-do-wspolpracy\/","name":"Wsp\u00f3\u0142praca - Zunka Cichos jak kameleon","isPartOf":{"@id":"https:\/\/zunkacichoscameleon.pl\/#website"},"primaryImageOfPage":{"@id":"https:\/\/zunkacichoscameleon.pl\/malowanie-rytualne-zaproszenie-do-wspolpracy\/#primaryimage"},"image":{"@id":"https:\/\/zunkacichoscameleon.pl\/malowanie-rytualne-zaproszenie-do-wspolpracy\/#primaryimage"},"thumbnailUrl":"https:\/\/zunkacichoscameleon.pl\/wp-content\/uploads\/2022\/06\/Malowanie-rztualne-1-1024x819.png","datePublished":"2022-06-04T14:51:23+00:00","dateModified":"2026-02-16T12:23:46+00:00","description":"Zapraszam do wsp\u00f3\u0142pracy osoby organizuj\u0105ce warsztaty rozwojowe, chc\u0105ce uzupe\u0142ni\u0107 je o element tw\u00f3rczy w formie rytua\u0142u malarskiego","breadcrumb":{"@id":"https:\/\/zunkacichoscameleon.pl\/malowanie-rytualne-zaproszenie-do-wspolpracy\/#breadcrumb"},"inLanguage":"en-GB","potentialAction":[{"@type":"ReadAction","target":["https:\/\/zunkacichoscameleon.pl\/malowanie-rytualne-zaproszenie-do-wspolpracy\/"]}]},{"@type":"ImageObject","inLanguage":"en-GB","@id":"https:\/\/zunkacichoscameleon.pl\/malowanie-rytualne-zaproszenie-do-wspolpracy\/#primaryimage","url":"https:\/\/zunkacichoscameleon.pl\/wp-content\/uploads\/2022\/06\/Malowanie-rztualne-1-1024x819.png","contentUrl":"https:\/\/zunkacichoscameleon.pl\/wp-content\/uploads\/2022\/06\/Malowanie-rztualne-1-1024x819.png"},{"@type":"BreadcrumbList","@id":"https:\/\/zunkacichoscameleon.pl\/malowanie-rytualne-zaproszenie-do-wspolpracy\/#breadcrumb","itemListElement":[{"@type":"ListItem","position":1,"name":"Strona g\u0142\u00f3wna","item":"https:\/\/zunkacichoscameleon.pl\/"},{"@type":"ListItem","position":2,"name":"Wsp\u00f3\u0142praca"}]},{"@type":"WebSite","@id":"https:\/\/zunkacichoscameleon.pl\/#website","url":"https:\/\/zunkacichoscameleon.pl\/","name":"Zunka Cichos jak kameleon","description":"Rozkminy artystyczno-\u017cyciowe","publisher":{"@id":"https:\/\/zunkacichoscameleon.pl\/#\/schema\/person\/54eb2742270ae1528910f7e3c94c38a2"},"potentialAction":[{"@type":"SearchAction","target":{"@type":"EntryPoint","urlTemplate":"https:\/\/zunkacichoscameleon.pl\/?s={search_term_string}"},"query-input":{"@type":"PropertyValueSpecification","valueRequired":true,"valueName":"search_term_string"}}],"inLanguage":"en-GB"},{"@type":["Person","Organization"],"@id":"https:\/\/zunkacichoscameleon.pl\/#\/schema\/person\/54eb2742270ae1528910f7e3c94c38a2","name":"Zunka Cichos","image":{"@type":"ImageObject","inLanguage":"en-GB","@id":"https:\/\/zunkacichoscameleon.pl\/wp-content\/uploads\/2021\/12\/3.jpg-necklace.jpg","url":"https:\/\/zunkacichoscameleon.pl\/wp-content\/uploads\/2021\/12\/3.jpg-necklace.jpg","contentUrl":"https:\/\/zunkacichoscameleon.pl\/wp-content\/uploads\/2021\/12\/3.jpg-necklace.jpg","width":900,"height":600,"caption":"Zunka Cichos"},"logo":{"@id":"https:\/\/zunkacichoscameleon.pl\/wp-content\/uploads\/2021\/12\/3.jpg-necklace.jpg"},"sameAs":["https:\/\/zunkacichoscameleon.pl","https:\/\/www.facebook.com\/Cameleon-100398745427656","https:\/\/www.instagram.com\/cameleonka\/?hl=en","https:\/\/pl.pinterest.com\/cameleonartshop\/_created\/"]}]}},"jetpack_sharing_enabled":true,"_links":{"self":[{"href":"https:\/\/zunkacichoscameleon.pl\/en\/wp-json\/wp\/v2\/pages\/413","targetHints":{"allow":["GET"]}}],"collection":[{"href":"https:\/\/zunkacichoscameleon.pl\/en\/wp-json\/wp\/v2\/pages"}],"about":[{"href":"https:\/\/zunkacichoscameleon.pl\/en\/wp-json\/wp\/v2\/types\/page"}],"author":[{"embeddable":true,"href":"https:\/\/zunkacichoscameleon.pl\/en\/wp-json\/wp\/v2\/users\/1"}],"replies":[{"embeddable":true,"href":"https:\/\/zunkacichoscameleon.pl\/en\/wp-json\/wp\/v2\/comments?post=413"}],"version-history":[{"count":7,"href":"https:\/\/zunkacichoscameleon.pl\/en\/wp-json\/wp\/v2\/pages\/413\/revisions"}],"predecessor-version":[{"id":2352,"href":"https:\/\/zunkacichoscameleon.pl\/en\/wp-json\/wp\/v2\/pages\/413\/revisions\/2352"}],"wp:attachment":[{"href":"https:\/\/zunkacichoscameleon.pl\/en\/wp-json\/wp\/v2\/media?parent=413"}],"curies":[{"name":"wp","href":"https:\/\/api.w.org\/{rel}","templated":true}]}}