{"id":1044,"date":"2023-11-28T13:41:06","date_gmt":"2023-11-28T12:41:06","guid":{"rendered":"https:\/\/zunkacichoscameleon.pl\/?post_type=product&#038;p=1044"},"modified":"2025-02-16T16:05:15","modified_gmt":"2025-02-16T15:05:15","slug":"kobieta-wieloryb","status":"publish","type":"product","link":"https:\/\/zunkacichoscameleon.pl\/en\/product\/kobieta-wieloryb\/","title":{"rendered":"Whale women digital download"},"content":{"rendered":"<p>Art changes the interior and the person that is looking at it<\/p>\n<p>Each of my paintings brought something important to my life. That is why I would like to share it with you in a accessible way<\/p>\n<p>Whale woman - in was belived that whale\u00b4s and woman soul are the same. In this painting whale is entering the woman belly. She is connecting with the old wisdom, unconciousness, speaking her own truths, creativity and depth which whale symbolises as a spirit animal.<\/p>\n<p>Ask the painting a question a wait for the answer<\/p>\n<p>This is a digital download<\/p>\n<p>.<\/p>\n<p>Due to differences in monitor and printer calibrations, colors may appear different in print than on screen. The final print quality will depend on the type of printer and paper used. Because of this, I cannot guarantee that what you see on your monitor will match your final pieces exactly. You may take your digital file to a printer for professional printing if desired.<\/p>\n<p>Whale women is a digital dowload, you won't receive a phisical item but <strong>2 files<\/strong> to download <strong>JPEG I TIFF<\/strong> in very high resolution <strong>600 DPI<\/strong>.<\/p>\n<p>You will get them in a confirmation email <strong>Twoje Zam\u00f3wienie zosta\u0142o zrealizowane<\/strong><\/p>\n<p>Download files to your computer and go the print point to print<\/p>\n<p>You can print small as well as big size. Original size of the painting is A3<\/p>\n<p>All orders are final, non-returnable and non-refundable. <strong>please be aware of that<\/strong><\/p>\n<p><strong>Copyright\u00a0<\/strong><\/p>\n<p>All images and content Copyright Zunka Cichos Cameleon. By purchasing you are granted permission for personal use only. Images and content are non-transferable. Sharing of files is strictly prohibited. Images\/templates may NOT be resold in digital form, as part of a digital kit, or as a printed piece. Lots of hard work and love goes into making these paintings. Thank you for respecting these terms.<\/p>","protected":false},"excerpt":{"rendered":"<p>Whale women. digital download, it was belived that the soul of a woman and whale is one. Unconsciousness, communication, family, memory<\/p>","protected":false},"featured_media":1048,"comment_status":"open","ping_status":"closed","template":"","meta":[],"product_brand":[],"product_cat":[19,106],"product_tag":[],"class_list":{"0":"post-1044","1":"product","2":"type-product","3":"status-publish","4":"has-post-thumbnail","6":"product_cat-bez-kategorii","7":"product_cat-obrazy-produkty-cyfrowe","9":"first","10":"instock","11":"downloadable","12":"virtual","13":"purchasable","14":"product-type-simple"},"yoast_head":"<!-- This site is optimized with the Yoast SEO plugin v27.3 - https:\/\/yoast.com\/product\/yoast-seo-wordpress\/ -->\n<title>Kobieta Wieloryb- produktu cyfrowy do pobrania - Zunka Cichos jak kameleon<\/title>\n<meta name=\"description\" content=\"Kobieta wieloryb, produkt cyfrowy do pobrania, kiedy\u015b wierzono \u017ce dusza kobiety i wieloryba jest jednym. Pod\u015bwiadomo\u015b\u0107, komunikacja, rodzina, pami\u0119\u0107.\" \/>\n<meta name=\"robots\" content=\"index, follow, max-snippet:-1, max-image-preview:large, max-video-preview:-1\" \/>\n<link rel=\"canonical\" href=\"https:\/\/zunkacichoscameleon.pl\/en\/product\/kobieta-wieloryb\/\" \/>\n<meta property=\"og:locale\" content=\"en_GB\" \/>\n<meta property=\"og:type\" content=\"article\" \/>\n<meta property=\"og:title\" content=\"Kobieta Wieloryb- produktu cyfrowy do pobrania - Zunka Cichos jak kameleon\" \/>\n<meta property=\"og:description\" content=\"Kobieta wieloryb, produkt cyfrowy do pobrania, kiedy\u015b wierzono \u017ce dusza kobiety i wieloryba jest jednym. Pod\u015bwiadomo\u015b\u0107, komunikacja, rodzina, pami\u0119\u0107.\" \/>\n<meta property=\"og:url\" content=\"https:\/\/zunkacichoscameleon.pl\/en\/product\/kobieta-wieloryb\/\" \/>\n<meta property=\"og:site_name\" content=\"Zunka Cichos jak kameleon\" \/>\n<meta property=\"article:publisher\" content=\"https:\/\/www.facebook.com\/Cameleon-100398745427656\" \/>\n<meta property=\"article:modified_time\" content=\"2025-02-16T15:05:15+00:00\" \/>\n<meta property=\"og:image\" content=\"https:\/\/zunkacichoscameleon.pl\/wp-content\/uploads\/2023\/11\/kobieta-wieloryb-scaled.jpg\" \/>\n\t<meta property=\"og:image:width\" content=\"2560\" \/>\n\t<meta property=\"og:image:height\" content=\"2006\" \/>\n\t<meta property=\"og:image:type\" content=\"image\/jpeg\" \/>\n<meta name=\"twitter:card\" content=\"summary_large_image\" \/>\n<meta name=\"twitter:label1\" content=\"Estimated reading time\" \/>\n\t<meta name=\"twitter:data1\" content=\"2 minutes\" \/>\n<script type=\"application\/ld+json\" class=\"yoast-schema-graph\">{\"@context\":\"https:\\\/\\\/schema.org\",\"@graph\":[{\"@type\":\"WebPage\",\"@id\":\"https:\\\/\\\/zunkacichoscameleon.pl\\\/produkt\\\/kobieta-wieloryb\\\/\",\"url\":\"https:\\\/\\\/zunkacichoscameleon.pl\\\/produkt\\\/kobieta-wieloryb\\\/\",\"name\":\"Kobieta Wieloryb- produktu cyfrowy do pobrania - Zunka Cichos jak kameleon\",\"isPartOf\":{\"@id\":\"https:\\\/\\\/zunkacichoscameleon.pl\\\/#website\"},\"primaryImageOfPage\":{\"@id\":\"https:\\\/\\\/zunkacichoscameleon.pl\\\/produkt\\\/kobieta-wieloryb\\\/#primaryimage\"},\"image\":{\"@id\":\"https:\\\/\\\/zunkacichoscameleon.pl\\\/produkt\\\/kobieta-wieloryb\\\/#primaryimage\"},\"thumbnailUrl\":\"https:\\\/\\\/zunkacichoscameleon.pl\\\/wp-content\\\/uploads\\\/2023\\\/11\\\/kobieta-wieloryb-scaled.jpg\",\"datePublished\":\"2023-11-28T12:41:06+00:00\",\"dateModified\":\"2025-02-16T15:05:15+00:00\",\"description\":\"Kobieta wieloryb, produkt cyfrowy do pobrania, kiedy\u015b wierzono \u017ce dusza kobiety i wieloryba jest jednym. Pod\u015bwiadomo\u015b\u0107, komunikacja, rodzina, pami\u0119\u0107.\",\"breadcrumb\":{\"@id\":\"https:\\\/\\\/zunkacichoscameleon.pl\\\/produkt\\\/kobieta-wieloryb\\\/#breadcrumb\"},\"inLanguage\":\"en-GB\",\"potentialAction\":[{\"@type\":\"ReadAction\",\"target\":[\"https:\\\/\\\/zunkacichoscameleon.pl\\\/produkt\\\/kobieta-wieloryb\\\/\"]}]},{\"@type\":\"ImageObject\",\"inLanguage\":\"en-GB\",\"@id\":\"https:\\\/\\\/zunkacichoscameleon.pl\\\/produkt\\\/kobieta-wieloryb\\\/#primaryimage\",\"url\":\"https:\\\/\\\/zunkacichoscameleon.pl\\\/wp-content\\\/uploads\\\/2023\\\/11\\\/kobieta-wieloryb-scaled.jpg\",\"contentUrl\":\"https:\\\/\\\/zunkacichoscameleon.pl\\\/wp-content\\\/uploads\\\/2023\\\/11\\\/kobieta-wieloryb-scaled.jpg\",\"width\":2560,\"height\":2006,\"caption\":\"kobieta wieloryb\"},{\"@type\":\"BreadcrumbList\",\"@id\":\"https:\\\/\\\/zunkacichoscameleon.pl\\\/produkt\\\/kobieta-wieloryb\\\/#breadcrumb\",\"itemListElement\":[{\"@type\":\"ListItem\",\"position\":1,\"name\":\"Strona g\u0142\u00f3wna\",\"item\":\"https:\\\/\\\/zunkacichoscameleon.pl\\\/\"},{\"@type\":\"ListItem\",\"position\":2,\"name\":\"Sklep\",\"item\":\"https:\\\/\\\/zunkacichoscameleon.pl\\\/sklep\\\/\"},{\"@type\":\"ListItem\",\"position\":3,\"name\":\"Kobieta Wieloryb- produktu cyfrowy do pobrania\"}]},{\"@type\":\"WebSite\",\"@id\":\"https:\\\/\\\/zunkacichoscameleon.pl\\\/#website\",\"url\":\"https:\\\/\\\/zunkacichoscameleon.pl\\\/\",\"name\":\"Zunka Cichos jak kameleon\",\"description\":\"Rozkminy artystyczno-\u017cyciowe\",\"publisher\":{\"@id\":\"https:\\\/\\\/zunkacichoscameleon.pl\\\/#\\\/schema\\\/person\\\/54eb2742270ae1528910f7e3c94c38a2\"},\"potentialAction\":[{\"@type\":\"SearchAction\",\"target\":{\"@type\":\"EntryPoint\",\"urlTemplate\":\"https:\\\/\\\/zunkacichoscameleon.pl\\\/?s={search_term_string}\"},\"query-input\":{\"@type\":\"PropertyValueSpecification\",\"valueRequired\":true,\"valueName\":\"search_term_string\"}}],\"inLanguage\":\"en-GB\"},{\"@type\":[\"Person\",\"Organization\"],\"@id\":\"https:\\\/\\\/zunkacichoscameleon.pl\\\/#\\\/schema\\\/person\\\/54eb2742270ae1528910f7e3c94c38a2\",\"name\":\"Zunka Cichos\",\"image\":{\"@type\":\"ImageObject\",\"inLanguage\":\"en-GB\",\"@id\":\"https:\\\/\\\/zunkacichoscameleon.pl\\\/wp-content\\\/uploads\\\/2021\\\/12\\\/3.jpg-necklace.jpg\",\"url\":\"https:\\\/\\\/zunkacichoscameleon.pl\\\/wp-content\\\/uploads\\\/2021\\\/12\\\/3.jpg-necklace.jpg\",\"contentUrl\":\"https:\\\/\\\/zunkacichoscameleon.pl\\\/wp-content\\\/uploads\\\/2021\\\/12\\\/3.jpg-necklace.jpg\",\"width\":900,\"height\":600,\"caption\":\"Zunka Cichos\"},\"logo\":{\"@id\":\"https:\\\/\\\/zunkacichoscameleon.pl\\\/wp-content\\\/uploads\\\/2021\\\/12\\\/3.jpg-necklace.jpg\"},\"sameAs\":[\"https:\\\/\\\/zunkacichoscameleon.pl\",\"https:\\\/\\\/www.facebook.com\\\/Cameleon-100398745427656\",\"https:\\\/\\\/www.instagram.com\\\/cameleonka\\\/?hl=en\",\"https:\\\/\\\/pl.pinterest.com\\\/cameleonartshop\\\/_created\\\/\"]}]}<\/script>\n<!-- \/ Yoast SEO plugin. -->","yoast_head_json":{"title":"Kobieta Wieloryb- produktu cyfrowy do pobrania - Zunka Cichos jak kameleon","description":"Whale women. digital download, it was belived that the soul of a woman and whale is one. Unconsciousness, communication, family, memory","robots":{"index":"index","follow":"follow","max-snippet":"max-snippet:-1","max-image-preview":"max-image-preview:large","max-video-preview":"max-video-preview:-1"},"canonical":"https:\/\/zunkacichoscameleon.pl\/en\/product\/kobieta-wieloryb\/","og_locale":"en_GB","og_type":"article","og_title":"Kobieta Wieloryb- produktu cyfrowy do pobrania - Zunka Cichos jak kameleon","og_description":"Kobieta wieloryb, produkt cyfrowy do pobrania, kiedy\u015b wierzono \u017ce dusza kobiety i wieloryba jest jednym. Pod\u015bwiadomo\u015b\u0107, komunikacja, rodzina, pami\u0119\u0107.","og_url":"https:\/\/zunkacichoscameleon.pl\/en\/product\/kobieta-wieloryb\/","og_site_name":"Zunka Cichos jak kameleon","article_publisher":"https:\/\/www.facebook.com\/Cameleon-100398745427656","article_modified_time":"2025-02-16T15:05:15+00:00","og_image":[{"width":2560,"height":2006,"url":"https:\/\/zunkacichoscameleon.pl\/wp-content\/uploads\/2023\/11\/kobieta-wieloryb-scaled.jpg","type":"image\/jpeg"}],"twitter_card":"summary_large_image","twitter_misc":{"Estimated reading time":"2 minutes"},"schema":{"@context":"https:\/\/schema.org","@graph":[{"@type":"WebPage","@id":"https:\/\/zunkacichoscameleon.pl\/produkt\/kobieta-wieloryb\/","url":"https:\/\/zunkacichoscameleon.pl\/produkt\/kobieta-wieloryb\/","name":"Kobieta Wieloryb- produktu cyfrowy do pobrania - Zunka Cichos jak kameleon","isPartOf":{"@id":"https:\/\/zunkacichoscameleon.pl\/#website"},"primaryImageOfPage":{"@id":"https:\/\/zunkacichoscameleon.pl\/produkt\/kobieta-wieloryb\/#primaryimage"},"image":{"@id":"https:\/\/zunkacichoscameleon.pl\/produkt\/kobieta-wieloryb\/#primaryimage"},"thumbnailUrl":"https:\/\/zunkacichoscameleon.pl\/wp-content\/uploads\/2023\/11\/kobieta-wieloryb-scaled.jpg","datePublished":"2023-11-28T12:41:06+00:00","dateModified":"2025-02-16T15:05:15+00:00","description":"Whale women. digital download, it was belived that the soul of a woman and whale is one. Unconsciousness, communication, family, memory","breadcrumb":{"@id":"https:\/\/zunkacichoscameleon.pl\/produkt\/kobieta-wieloryb\/#breadcrumb"},"inLanguage":"en-GB","potentialAction":[{"@type":"ReadAction","target":["https:\/\/zunkacichoscameleon.pl\/produkt\/kobieta-wieloryb\/"]}]},{"@type":"ImageObject","inLanguage":"en-GB","@id":"https:\/\/zunkacichoscameleon.pl\/produkt\/kobieta-wieloryb\/#primaryimage","url":"https:\/\/zunkacichoscameleon.pl\/wp-content\/uploads\/2023\/11\/kobieta-wieloryb-scaled.jpg","contentUrl":"https:\/\/zunkacichoscameleon.pl\/wp-content\/uploads\/2023\/11\/kobieta-wieloryb-scaled.jpg","width":2560,"height":2006,"caption":"kobieta wieloryb"},{"@type":"BreadcrumbList","@id":"https:\/\/zunkacichoscameleon.pl\/produkt\/kobieta-wieloryb\/#breadcrumb","itemListElement":[{"@type":"ListItem","position":1,"name":"Strona g\u0142\u00f3wna","item":"https:\/\/zunkacichoscameleon.pl\/"},{"@type":"ListItem","position":2,"name":"Sklep","item":"https:\/\/zunkacichoscameleon.pl\/sklep\/"},{"@type":"ListItem","position":3,"name":"Kobieta Wieloryb- produktu cyfrowy do pobrania"}]},{"@type":"WebSite","@id":"https:\/\/zunkacichoscameleon.pl\/#website","url":"https:\/\/zunkacichoscameleon.pl\/","name":"Zunka Cichos jak kameleon","description":"Rozkminy artystyczno-\u017cyciowe","publisher":{"@id":"https:\/\/zunkacichoscameleon.pl\/#\/schema\/person\/54eb2742270ae1528910f7e3c94c38a2"},"potentialAction":[{"@type":"SearchAction","target":{"@type":"EntryPoint","urlTemplate":"https:\/\/zunkacichoscameleon.pl\/?s={search_term_string}"},"query-input":{"@type":"PropertyValueSpecification","valueRequired":true,"valueName":"search_term_string"}}],"inLanguage":"en-GB"},{"@type":["Person","Organization"],"@id":"https:\/\/zunkacichoscameleon.pl\/#\/schema\/person\/54eb2742270ae1528910f7e3c94c38a2","name":"Zunka Cichos","image":{"@type":"ImageObject","inLanguage":"en-GB","@id":"https:\/\/zunkacichoscameleon.pl\/wp-content\/uploads\/2021\/12\/3.jpg-necklace.jpg","url":"https:\/\/zunkacichoscameleon.pl\/wp-content\/uploads\/2021\/12\/3.jpg-necklace.jpg","contentUrl":"https:\/\/zunkacichoscameleon.pl\/wp-content\/uploads\/2021\/12\/3.jpg-necklace.jpg","width":900,"height":600,"caption":"Zunka Cichos"},"logo":{"@id":"https:\/\/zunkacichoscameleon.pl\/wp-content\/uploads\/2021\/12\/3.jpg-necklace.jpg"},"sameAs":["https:\/\/zunkacichoscameleon.pl","https:\/\/www.facebook.com\/Cameleon-100398745427656","https:\/\/www.instagram.com\/cameleonka\/?hl=en","https:\/\/pl.pinterest.com\/cameleonartshop\/_created\/"]}]}},"jetpack_sharing_enabled":true,"_links":{"self":[{"href":"https:\/\/zunkacichoscameleon.pl\/en\/wp-json\/wp\/v2\/product\/1044","targetHints":{"allow":["GET"]}}],"collection":[{"href":"https:\/\/zunkacichoscameleon.pl\/en\/wp-json\/wp\/v2\/product"}],"about":[{"href":"https:\/\/zunkacichoscameleon.pl\/en\/wp-json\/wp\/v2\/types\/product"}],"replies":[{"embeddable":true,"href":"https:\/\/zunkacichoscameleon.pl\/en\/wp-json\/wp\/v2\/comments?post=1044"}],"wp:featuredmedia":[{"embeddable":true,"href":"https:\/\/zunkacichoscameleon.pl\/en\/wp-json\/wp\/v2\/media\/1048"}],"wp:attachment":[{"href":"https:\/\/zunkacichoscameleon.pl\/en\/wp-json\/wp\/v2\/media?parent=1044"}],"wp:term":[{"taxonomy":"product_brand","embeddable":true,"href":"https:\/\/zunkacichoscameleon.pl\/en\/wp-json\/wp\/v2\/product_brand?post=1044"},{"taxonomy":"product_cat","embeddable":true,"href":"https:\/\/zunkacichoscameleon.pl\/en\/wp-json\/wp\/v2\/product_cat?post=1044"},{"taxonomy":"product_tag","embeddable":true,"href":"https:\/\/zunkacichoscameleon.pl\/en\/wp-json\/wp\/v2\/product_tag?post=1044"}],"curies":[{"name":"wp","href":"https:\/\/api.w.org\/{rel}","templated":true}]}}