{"id":1051,"date":"2023-11-29T16:38:55","date_gmt":"2023-11-29T15:38:55","guid":{"rendered":"https:\/\/zunkacichoscameleon.pl\/?post_type=product&#038;p=1051"},"modified":"2025-02-16T16:05:03","modified_gmt":"2025-02-16T15:05:03","slug":"kobieta-z-orlem-ochrona-obraz-do-pobrania","status":"publish","type":"product","link":"https:\/\/zunkacichoscameleon.pl\/en\/product\/kobieta-z-orlem-ochrona-obraz-do-pobrania\/","title":{"rendered":"Woman with an eagle, digital download"},"content":{"rendered":"<p>Art changes the interior and the person that is looking at it<\/p>\n<p>Each of my paintings brought something important to my life. That is why I would like to share it with you in a accessible way<\/p>\n<p>Eagle woman - the eagle appears on this paining to protect the woman also to give her bigger and wider perspective on life. You may not feel it always but there is something bigger that keeps an eye on you. Eagle is the bird who soars the highest among all birds, it is the closest to the spirit, this is also why angels borrowed their wings from Eagle.<\/p>\n<p>This is a digital download<\/p>\n<p>.<\/p>\n<p>Due to differences in monitor and printer calibrations, colors may appear different in print than on screen. The final print quality will depend on the type of printer and paper used. Because of this, I cannot guarantee that what you see on your monitor will match your final pieces exactly. You may take your digital file to a printer for professional printing if desired.<\/p>\n<p>This is digital download, you won't receive any phisical item. You will receive 2 flies, JPEG AND TIFF in high resoultion 600DPI <strong>2 files<\/strong> to download <strong>JPEG I TIFF<\/strong> in very high resolution <strong>600 DPI<\/strong>.<\/p>\n<p>You will get them in a confirmation email <strong>Twoje Zam\u00f3wienie zosta\u0142o zrealizowane<br \/>\n<\/strong><br \/>\nDownload files to your computer and go the print point to print<\/p>\n<p>You can print small as well as big size. Original size of the painting is A3<\/p>\n<p>All orders are final, non-returnable and non-refundable. <strong>nie ma mo\u017cliwo\u015bci zwrot\u00f3w<\/strong>.<\/p>\n<p><strong>Copyright<\/strong><br \/>\nAll images and content Copyright Zunka Cichos Cameleon. By purchasing you are granted permission for personal use only. Images and content are non-transferable. Sharing of files is strictly prohibited. Images\/templates may NOT be resold in digital form, as part of a digital kit, or as a printed piece. Lots of hard work and love goes into making these paintings. Thank you for respecting these terms.<\/p>","protected":false},"excerpt":{"rendered":"<p>Eagle woman - the eagle appears on this paining to protect the woman also to give her bigger and wider perspective on life.<\/p>","protected":false},"featured_media":1052,"comment_status":"open","ping_status":"closed","template":"","meta":[],"product_brand":[],"product_cat":[19,106],"product_tag":[],"class_list":{"0":"post-1051","1":"product","2":"type-product","3":"status-publish","4":"has-post-thumbnail","6":"product_cat-bez-kategorii","7":"product_cat-obrazy-produkty-cyfrowe","9":"first","10":"instock","11":"downloadable","12":"virtual","13":"purchasable","14":"product-type-simple"},"yoast_head":"<!-- This site is optimized with the Yoast SEO plugin v27.3 - https:\/\/yoast.com\/product\/yoast-seo-wordpress\/ -->\n<title>Kobieta z or\u0142em, ochrona, obraz do pobrania - Zunka Cichos jak kameleon<\/title>\n<meta name=\"description\" content=\"Orze\u0142 chroni kobiet\u0119. Przynosi umiej\u0119tno\u015b\u0107 patrzenia z dystansu, nie zawieszaj\u0105c si\u0119 na szczeg\u00f3\u0142ach, produkt cyfrowy do pobrania\" \/>\n<meta name=\"robots\" content=\"index, follow, max-snippet:-1, max-image-preview:large, max-video-preview:-1\" \/>\n<link rel=\"canonical\" href=\"https:\/\/zunkacichoscameleon.pl\/en\/product\/kobieta-z-orlem-ochrona-obraz-do-pobrania\/\" \/>\n<meta property=\"og:locale\" content=\"en_GB\" \/>\n<meta property=\"og:type\" content=\"article\" \/>\n<meta property=\"og:title\" content=\"Kobieta z or\u0142em, ochrona, obraz do pobrania - Zunka Cichos jak kameleon\" \/>\n<meta property=\"og:description\" content=\"Orze\u0142 chroni kobiet\u0119. Przynosi umiej\u0119tno\u015b\u0107 patrzenia z dystansu, nie zawieszaj\u0105c si\u0119 na szczeg\u00f3\u0142ach, produkt cyfrowy do pobrania\" \/>\n<meta property=\"og:url\" content=\"https:\/\/zunkacichoscameleon.pl\/en\/product\/kobieta-z-orlem-ochrona-obraz-do-pobrania\/\" \/>\n<meta property=\"og:site_name\" content=\"Zunka Cichos jak kameleon\" \/>\n<meta property=\"article:publisher\" content=\"https:\/\/www.facebook.com\/Cameleon-100398745427656\" \/>\n<meta property=\"article:modified_time\" content=\"2025-02-16T15:05:03+00:00\" \/>\n<meta property=\"og:image\" content=\"https:\/\/zunkacichoscameleon.pl\/wp-content\/uploads\/2023\/11\/ochrona-orzel-scaled.jpg\" \/>\n\t<meta property=\"og:image:width\" content=\"2560\" \/>\n\t<meta property=\"og:image:height\" content=\"2006\" \/>\n\t<meta property=\"og:image:type\" content=\"image\/jpeg\" \/>\n<meta name=\"twitter:card\" content=\"summary_large_image\" \/>\n<meta name=\"twitter:label1\" content=\"Estimated reading time\" \/>\n\t<meta name=\"twitter:data1\" content=\"2 minutes\" \/>\n<script type=\"application\/ld+json\" class=\"yoast-schema-graph\">{\"@context\":\"https:\\\/\\\/schema.org\",\"@graph\":[{\"@type\":\"WebPage\",\"@id\":\"https:\\\/\\\/zunkacichoscameleon.pl\\\/produkt\\\/kobieta-z-orlem-ochrona-obraz-do-pobrania\\\/\",\"url\":\"https:\\\/\\\/zunkacichoscameleon.pl\\\/produkt\\\/kobieta-z-orlem-ochrona-obraz-do-pobrania\\\/\",\"name\":\"Kobieta z or\u0142em, ochrona, obraz do pobrania - Zunka Cichos jak kameleon\",\"isPartOf\":{\"@id\":\"https:\\\/\\\/zunkacichoscameleon.pl\\\/#website\"},\"primaryImageOfPage\":{\"@id\":\"https:\\\/\\\/zunkacichoscameleon.pl\\\/produkt\\\/kobieta-z-orlem-ochrona-obraz-do-pobrania\\\/#primaryimage\"},\"image\":{\"@id\":\"https:\\\/\\\/zunkacichoscameleon.pl\\\/produkt\\\/kobieta-z-orlem-ochrona-obraz-do-pobrania\\\/#primaryimage\"},\"thumbnailUrl\":\"https:\\\/\\\/zunkacichoscameleon.pl\\\/wp-content\\\/uploads\\\/2023\\\/11\\\/ochrona-orzel-scaled.jpg\",\"datePublished\":\"2023-11-29T15:38:55+00:00\",\"dateModified\":\"2025-02-16T15:05:03+00:00\",\"description\":\"Orze\u0142 chroni kobiet\u0119. Przynosi umiej\u0119tno\u015b\u0107 patrzenia z dystansu, nie zawieszaj\u0105c si\u0119 na szczeg\u00f3\u0142ach, produkt cyfrowy do pobrania\",\"breadcrumb\":{\"@id\":\"https:\\\/\\\/zunkacichoscameleon.pl\\\/produkt\\\/kobieta-z-orlem-ochrona-obraz-do-pobrania\\\/#breadcrumb\"},\"inLanguage\":\"en-GB\",\"potentialAction\":[{\"@type\":\"ReadAction\",\"target\":[\"https:\\\/\\\/zunkacichoscameleon.pl\\\/produkt\\\/kobieta-z-orlem-ochrona-obraz-do-pobrania\\\/\"]}]},{\"@type\":\"ImageObject\",\"inLanguage\":\"en-GB\",\"@id\":\"https:\\\/\\\/zunkacichoscameleon.pl\\\/produkt\\\/kobieta-z-orlem-ochrona-obraz-do-pobrania\\\/#primaryimage\",\"url\":\"https:\\\/\\\/zunkacichoscameleon.pl\\\/wp-content\\\/uploads\\\/2023\\\/11\\\/ochrona-orzel-scaled.jpg\",\"contentUrl\":\"https:\\\/\\\/zunkacichoscameleon.pl\\\/wp-content\\\/uploads\\\/2023\\\/11\\\/ochrona-orzel-scaled.jpg\",\"width\":2560,\"height\":2006,\"caption\":\"Kobieta z or\u0142em\"},{\"@type\":\"BreadcrumbList\",\"@id\":\"https:\\\/\\\/zunkacichoscameleon.pl\\\/produkt\\\/kobieta-z-orlem-ochrona-obraz-do-pobrania\\\/#breadcrumb\",\"itemListElement\":[{\"@type\":\"ListItem\",\"position\":1,\"name\":\"Strona g\u0142\u00f3wna\",\"item\":\"https:\\\/\\\/zunkacichoscameleon.pl\\\/\"},{\"@type\":\"ListItem\",\"position\":2,\"name\":\"Sklep\",\"item\":\"https:\\\/\\\/zunkacichoscameleon.pl\\\/sklep\\\/\"},{\"@type\":\"ListItem\",\"position\":3,\"name\":\"Kobieta z or\u0142em, ochrona, obraz do pobrania\"}]},{\"@type\":\"WebSite\",\"@id\":\"https:\\\/\\\/zunkacichoscameleon.pl\\\/#website\",\"url\":\"https:\\\/\\\/zunkacichoscameleon.pl\\\/\",\"name\":\"Zunka Cichos jak kameleon\",\"description\":\"Rozkminy artystyczno-\u017cyciowe\",\"publisher\":{\"@id\":\"https:\\\/\\\/zunkacichoscameleon.pl\\\/#\\\/schema\\\/person\\\/54eb2742270ae1528910f7e3c94c38a2\"},\"potentialAction\":[{\"@type\":\"SearchAction\",\"target\":{\"@type\":\"EntryPoint\",\"urlTemplate\":\"https:\\\/\\\/zunkacichoscameleon.pl\\\/?s={search_term_string}\"},\"query-input\":{\"@type\":\"PropertyValueSpecification\",\"valueRequired\":true,\"valueName\":\"search_term_string\"}}],\"inLanguage\":\"en-GB\"},{\"@type\":[\"Person\",\"Organization\"],\"@id\":\"https:\\\/\\\/zunkacichoscameleon.pl\\\/#\\\/schema\\\/person\\\/54eb2742270ae1528910f7e3c94c38a2\",\"name\":\"Zunka Cichos\",\"image\":{\"@type\":\"ImageObject\",\"inLanguage\":\"en-GB\",\"@id\":\"https:\\\/\\\/zunkacichoscameleon.pl\\\/wp-content\\\/uploads\\\/2021\\\/12\\\/3.jpg-necklace.jpg\",\"url\":\"https:\\\/\\\/zunkacichoscameleon.pl\\\/wp-content\\\/uploads\\\/2021\\\/12\\\/3.jpg-necklace.jpg\",\"contentUrl\":\"https:\\\/\\\/zunkacichoscameleon.pl\\\/wp-content\\\/uploads\\\/2021\\\/12\\\/3.jpg-necklace.jpg\",\"width\":900,\"height\":600,\"caption\":\"Zunka Cichos\"},\"logo\":{\"@id\":\"https:\\\/\\\/zunkacichoscameleon.pl\\\/wp-content\\\/uploads\\\/2021\\\/12\\\/3.jpg-necklace.jpg\"},\"sameAs\":[\"https:\\\/\\\/zunkacichoscameleon.pl\",\"https:\\\/\\\/www.facebook.com\\\/Cameleon-100398745427656\",\"https:\\\/\\\/www.instagram.com\\\/cameleonka\\\/?hl=en\",\"https:\\\/\\\/pl.pinterest.com\\\/cameleonartshop\\\/_created\\\/\"]}]}<\/script>\n<!-- \/ Yoast SEO plugin. -->","yoast_head_json":{"title":"Kobieta z or\u0142em, ochrona, obraz do pobrania - Zunka Cichos jak kameleon","description":"Eagle woman - the eagle appears on this paining to protect the woman also to give her bigger and wider perspective on life.","robots":{"index":"index","follow":"follow","max-snippet":"max-snippet:-1","max-image-preview":"max-image-preview:large","max-video-preview":"max-video-preview:-1"},"canonical":"https:\/\/zunkacichoscameleon.pl\/en\/product\/kobieta-z-orlem-ochrona-obraz-do-pobrania\/","og_locale":"en_GB","og_type":"article","og_title":"Kobieta z or\u0142em, ochrona, obraz do pobrania - Zunka Cichos jak kameleon","og_description":"Orze\u0142 chroni kobiet\u0119. Przynosi umiej\u0119tno\u015b\u0107 patrzenia z dystansu, nie zawieszaj\u0105c si\u0119 na szczeg\u00f3\u0142ach, produkt cyfrowy do pobrania","og_url":"https:\/\/zunkacichoscameleon.pl\/en\/product\/kobieta-z-orlem-ochrona-obraz-do-pobrania\/","og_site_name":"Zunka Cichos jak kameleon","article_publisher":"https:\/\/www.facebook.com\/Cameleon-100398745427656","article_modified_time":"2025-02-16T15:05:03+00:00","og_image":[{"width":2560,"height":2006,"url":"https:\/\/zunkacichoscameleon.pl\/wp-content\/uploads\/2023\/11\/ochrona-orzel-scaled.jpg","type":"image\/jpeg"}],"twitter_card":"summary_large_image","twitter_misc":{"Estimated reading time":"2 minutes"},"schema":{"@context":"https:\/\/schema.org","@graph":[{"@type":"WebPage","@id":"https:\/\/zunkacichoscameleon.pl\/produkt\/kobieta-z-orlem-ochrona-obraz-do-pobrania\/","url":"https:\/\/zunkacichoscameleon.pl\/produkt\/kobieta-z-orlem-ochrona-obraz-do-pobrania\/","name":"Kobieta z or\u0142em, ochrona, obraz do pobrania - Zunka Cichos jak kameleon","isPartOf":{"@id":"https:\/\/zunkacichoscameleon.pl\/#website"},"primaryImageOfPage":{"@id":"https:\/\/zunkacichoscameleon.pl\/produkt\/kobieta-z-orlem-ochrona-obraz-do-pobrania\/#primaryimage"},"image":{"@id":"https:\/\/zunkacichoscameleon.pl\/produkt\/kobieta-z-orlem-ochrona-obraz-do-pobrania\/#primaryimage"},"thumbnailUrl":"https:\/\/zunkacichoscameleon.pl\/wp-content\/uploads\/2023\/11\/ochrona-orzel-scaled.jpg","datePublished":"2023-11-29T15:38:55+00:00","dateModified":"2025-02-16T15:05:03+00:00","description":"Eagle woman - the eagle appears on this paining to protect the woman also to give her bigger and wider perspective on life.","breadcrumb":{"@id":"https:\/\/zunkacichoscameleon.pl\/produkt\/kobieta-z-orlem-ochrona-obraz-do-pobrania\/#breadcrumb"},"inLanguage":"en-GB","potentialAction":[{"@type":"ReadAction","target":["https:\/\/zunkacichoscameleon.pl\/produkt\/kobieta-z-orlem-ochrona-obraz-do-pobrania\/"]}]},{"@type":"ImageObject","inLanguage":"en-GB","@id":"https:\/\/zunkacichoscameleon.pl\/produkt\/kobieta-z-orlem-ochrona-obraz-do-pobrania\/#primaryimage","url":"https:\/\/zunkacichoscameleon.pl\/wp-content\/uploads\/2023\/11\/ochrona-orzel-scaled.jpg","contentUrl":"https:\/\/zunkacichoscameleon.pl\/wp-content\/uploads\/2023\/11\/ochrona-orzel-scaled.jpg","width":2560,"height":2006,"caption":"Kobieta z or\u0142em"},{"@type":"BreadcrumbList","@id":"https:\/\/zunkacichoscameleon.pl\/produkt\/kobieta-z-orlem-ochrona-obraz-do-pobrania\/#breadcrumb","itemListElement":[{"@type":"ListItem","position":1,"name":"Strona g\u0142\u00f3wna","item":"https:\/\/zunkacichoscameleon.pl\/"},{"@type":"ListItem","position":2,"name":"Sklep","item":"https:\/\/zunkacichoscameleon.pl\/sklep\/"},{"@type":"ListItem","position":3,"name":"Kobieta z or\u0142em, ochrona, obraz do pobrania"}]},{"@type":"WebSite","@id":"https:\/\/zunkacichoscameleon.pl\/#website","url":"https:\/\/zunkacichoscameleon.pl\/","name":"Zunka Cichos jak kameleon","description":"Rozkminy artystyczno-\u017cyciowe","publisher":{"@id":"https:\/\/zunkacichoscameleon.pl\/#\/schema\/person\/54eb2742270ae1528910f7e3c94c38a2"},"potentialAction":[{"@type":"SearchAction","target":{"@type":"EntryPoint","urlTemplate":"https:\/\/zunkacichoscameleon.pl\/?s={search_term_string}"},"query-input":{"@type":"PropertyValueSpecification","valueRequired":true,"valueName":"search_term_string"}}],"inLanguage":"en-GB"},{"@type":["Person","Organization"],"@id":"https:\/\/zunkacichoscameleon.pl\/#\/schema\/person\/54eb2742270ae1528910f7e3c94c38a2","name":"Zunka Cichos","image":{"@type":"ImageObject","inLanguage":"en-GB","@id":"https:\/\/zunkacichoscameleon.pl\/wp-content\/uploads\/2021\/12\/3.jpg-necklace.jpg","url":"https:\/\/zunkacichoscameleon.pl\/wp-content\/uploads\/2021\/12\/3.jpg-necklace.jpg","contentUrl":"https:\/\/zunkacichoscameleon.pl\/wp-content\/uploads\/2021\/12\/3.jpg-necklace.jpg","width":900,"height":600,"caption":"Zunka Cichos"},"logo":{"@id":"https:\/\/zunkacichoscameleon.pl\/wp-content\/uploads\/2021\/12\/3.jpg-necklace.jpg"},"sameAs":["https:\/\/zunkacichoscameleon.pl","https:\/\/www.facebook.com\/Cameleon-100398745427656","https:\/\/www.instagram.com\/cameleonka\/?hl=en","https:\/\/pl.pinterest.com\/cameleonartshop\/_created\/"]}]}},"jetpack_sharing_enabled":true,"_links":{"self":[{"href":"https:\/\/zunkacichoscameleon.pl\/en\/wp-json\/wp\/v2\/product\/1051","targetHints":{"allow":["GET"]}}],"collection":[{"href":"https:\/\/zunkacichoscameleon.pl\/en\/wp-json\/wp\/v2\/product"}],"about":[{"href":"https:\/\/zunkacichoscameleon.pl\/en\/wp-json\/wp\/v2\/types\/product"}],"replies":[{"embeddable":true,"href":"https:\/\/zunkacichoscameleon.pl\/en\/wp-json\/wp\/v2\/comments?post=1051"}],"wp:featuredmedia":[{"embeddable":true,"href":"https:\/\/zunkacichoscameleon.pl\/en\/wp-json\/wp\/v2\/media\/1052"}],"wp:attachment":[{"href":"https:\/\/zunkacichoscameleon.pl\/en\/wp-json\/wp\/v2\/media?parent=1051"}],"wp:term":[{"taxonomy":"product_brand","embeddable":true,"href":"https:\/\/zunkacichoscameleon.pl\/en\/wp-json\/wp\/v2\/product_brand?post=1051"},{"taxonomy":"product_cat","embeddable":true,"href":"https:\/\/zunkacichoscameleon.pl\/en\/wp-json\/wp\/v2\/product_cat?post=1051"},{"taxonomy":"product_tag","embeddable":true,"href":"https:\/\/zunkacichoscameleon.pl\/en\/wp-json\/wp\/v2\/product_tag?post=1051"}],"curies":[{"name":"wp","href":"https:\/\/api.w.org\/{rel}","templated":true}]}}