{"id":1059,"date":"2023-11-30T17:06:02","date_gmt":"2023-11-30T16:06:02","guid":{"rendered":"https:\/\/zunkacichoscameleon.pl\/?post_type=product&#038;p=1059"},"modified":"2025-02-16T16:04:41","modified_gmt":"2025-02-16T15:04:41","slug":"kobieta-i-pies-obraz-cyfrowy-do-pobrania","status":"publish","type":"product","link":"https:\/\/zunkacichoscameleon.pl\/en\/product\/kobieta-i-pies-obraz-cyfrowy-do-pobrania\/","title":{"rendered":"Woman with a dog, digital download"},"content":{"rendered":"<p>Art changes the interior and the person that is looking at it<\/p>\n<p>Each of my paintings brought something important to my life. That is why I would like to share it with you in a accessible way<\/p>\n<p>Woman and dog travel together. A dog is a symbol of trust and reminds you that you can count on a friend.<\/p>\n<p>This is a digital download<\/p>\n<p>Due to differences in monitor and printer calibrations, colors may appear different in print than on screen. The final print quality will depend on the type of printer and paper used. Because of this, I cannot guarantee that what you see on your monitor will match your final pieces exactly. You may take your digital file to a printer for professional printing if desired.<\/p>\n<p>There is no waiting for delivery or shipping costs. You\u2019ll receive your ready to print digital art download straight to your inbox. <strong>2 files<\/strong>\u00a0to download\u00a0<strong>JPEG I TIFF<\/strong>\u00a0in very high resolution\u00a0<strong>600 DPI<\/strong>.<\/p>\n<p>You will get them in a confirmation email\u00a0<strong>Twoje Zam\u00f3wienie zosta\u0142o zrealizowane<\/strong><\/p>\n<p>Download files to your computer and go the print point to print<\/p>\n<p>You can print small as well as big size. Original size of the painting is A3<\/p>\n<p>All orders are final, non-returnable and non-refundable.\u00a0<strong>please be aware of that<\/strong><\/p>\n<p><strong>Copyright\u00a0<\/strong><\/p>\n<p>All images and content Copyright Zunka Cichos Cameleon. By purchasing you are granted permission for personal use only. Images and content are non-transferable. Sharing of files is strictly prohibited. Images\/templates may NOT be resold in digital form, as part of a digital kit, or as a printed piece. Lots of hard work and love goes into making these paintings. Thank you for respecting these terms.<\/p>","protected":false},"excerpt":{"rendered":"<p>Woman with a dog, digital download. Dog as spirit animal reminds us that loyalty and friendship exist. A dog brinds you trust and unconditional love<\/p>","protected":false},"featured_media":1060,"comment_status":"open","ping_status":"closed","template":"","meta":[],"product_brand":[],"product_cat":[106],"product_tag":[],"class_list":{"0":"post-1059","1":"product","2":"type-product","3":"status-publish","4":"has-post-thumbnail","6":"product_cat-obrazy-produkty-cyfrowe","8":"first","9":"instock","10":"downloadable","11":"virtual","12":"purchasable","13":"product-type-simple"},"yoast_head":"<!-- This site is optimized with the Yoast SEO plugin v27.3 - https:\/\/yoast.com\/product\/yoast-seo-wordpress\/ -->\n<title>Kobieta i pies, obraz cyfrowy do pobrania - Zunka Cichos jak kameleon<\/title>\n<meta name=\"description\" content=\"Kobieta i pies, obraz cyfrowy do pobrana. Pies jako zwierz\u0119 mocy, przypomina Ci o tym \u017ce lojalno\u015b\u0107 i przyja\u017a\u0144 istniej\u0105. Pies przynosi zaufanie i poczucie \u017ce mo\u017cna na kim\u015b polega\u0107 jest symbolem bezwarunkowej mi\u0142o\u015bci.\" \/>\n<meta name=\"robots\" content=\"index, follow, max-snippet:-1, max-image-preview:large, max-video-preview:-1\" \/>\n<link rel=\"canonical\" href=\"https:\/\/zunkacichoscameleon.pl\/en\/product\/kobieta-i-pies-obraz-cyfrowy-do-pobrania\/\" \/>\n<meta property=\"og:locale\" content=\"en_GB\" \/>\n<meta property=\"og:type\" content=\"article\" \/>\n<meta property=\"og:title\" content=\"Kobieta i pies, obraz cyfrowy do pobrania - Zunka Cichos jak kameleon\" \/>\n<meta property=\"og:description\" content=\"Kobieta i pies, obraz cyfrowy do pobrana. Pies jako zwierz\u0119 mocy, przypomina Ci o tym \u017ce lojalno\u015b\u0107 i przyja\u017a\u0144 istniej\u0105. Pies przynosi zaufanie i poczucie \u017ce mo\u017cna na kim\u015b polega\u0107 jest symbolem bezwarunkowej mi\u0142o\u015bci.\" \/>\n<meta property=\"og:url\" content=\"https:\/\/zunkacichoscameleon.pl\/en\/product\/kobieta-i-pies-obraz-cyfrowy-do-pobrania\/\" \/>\n<meta property=\"og:site_name\" content=\"Zunka Cichos jak kameleon\" \/>\n<meta property=\"article:publisher\" content=\"https:\/\/www.facebook.com\/Cameleon-100398745427656\" \/>\n<meta property=\"article:modified_time\" content=\"2025-02-16T15:04:41+00:00\" \/>\n<meta property=\"og:image\" content=\"https:\/\/zunkacichoscameleon.pl\/wp-content\/uploads\/2023\/11\/kobieta-i-wilk-scaled.jpg\" \/>\n\t<meta property=\"og:image:width\" content=\"2560\" \/>\n\t<meta property=\"og:image:height\" content=\"2006\" \/>\n\t<meta property=\"og:image:type\" content=\"image\/jpeg\" \/>\n<meta name=\"twitter:card\" content=\"summary_large_image\" \/>\n<meta name=\"twitter:label1\" content=\"Estimated reading time\" \/>\n\t<meta name=\"twitter:data1\" content=\"2 minutes\" \/>\n<script type=\"application\/ld+json\" class=\"yoast-schema-graph\">{\"@context\":\"https:\\\/\\\/schema.org\",\"@graph\":[{\"@type\":\"WebPage\",\"@id\":\"https:\\\/\\\/zunkacichoscameleon.pl\\\/produkt\\\/kobieta-i-pies-obraz-cyfrowy-do-pobrania\\\/\",\"url\":\"https:\\\/\\\/zunkacichoscameleon.pl\\\/produkt\\\/kobieta-i-pies-obraz-cyfrowy-do-pobrania\\\/\",\"name\":\"Kobieta i pies, obraz cyfrowy do pobrania - Zunka Cichos jak kameleon\",\"isPartOf\":{\"@id\":\"https:\\\/\\\/zunkacichoscameleon.pl\\\/#website\"},\"primaryImageOfPage\":{\"@id\":\"https:\\\/\\\/zunkacichoscameleon.pl\\\/produkt\\\/kobieta-i-pies-obraz-cyfrowy-do-pobrania\\\/#primaryimage\"},\"image\":{\"@id\":\"https:\\\/\\\/zunkacichoscameleon.pl\\\/produkt\\\/kobieta-i-pies-obraz-cyfrowy-do-pobrania\\\/#primaryimage\"},\"thumbnailUrl\":\"https:\\\/\\\/zunkacichoscameleon.pl\\\/wp-content\\\/uploads\\\/2023\\\/11\\\/kobieta-i-wilk-scaled.jpg\",\"datePublished\":\"2023-11-30T16:06:02+00:00\",\"dateModified\":\"2025-02-16T15:04:41+00:00\",\"description\":\"Kobieta i pies, obraz cyfrowy do pobrana. Pies jako zwierz\u0119 mocy, przypomina Ci o tym \u017ce lojalno\u015b\u0107 i przyja\u017a\u0144 istniej\u0105. Pies przynosi zaufanie i poczucie \u017ce mo\u017cna na kim\u015b polega\u0107 jest symbolem bezwarunkowej mi\u0142o\u015bci.\",\"breadcrumb\":{\"@id\":\"https:\\\/\\\/zunkacichoscameleon.pl\\\/produkt\\\/kobieta-i-pies-obraz-cyfrowy-do-pobrania\\\/#breadcrumb\"},\"inLanguage\":\"en-GB\",\"potentialAction\":[{\"@type\":\"ReadAction\",\"target\":[\"https:\\\/\\\/zunkacichoscameleon.pl\\\/produkt\\\/kobieta-i-pies-obraz-cyfrowy-do-pobrania\\\/\"]}]},{\"@type\":\"ImageObject\",\"inLanguage\":\"en-GB\",\"@id\":\"https:\\\/\\\/zunkacichoscameleon.pl\\\/produkt\\\/kobieta-i-pies-obraz-cyfrowy-do-pobrania\\\/#primaryimage\",\"url\":\"https:\\\/\\\/zunkacichoscameleon.pl\\\/wp-content\\\/uploads\\\/2023\\\/11\\\/kobieta-i-wilk-scaled.jpg\",\"contentUrl\":\"https:\\\/\\\/zunkacichoscameleon.pl\\\/wp-content\\\/uploads\\\/2023\\\/11\\\/kobieta-i-wilk-scaled.jpg\",\"width\":2560,\"height\":2006,\"caption\":\"Kobieta i pies\"},{\"@type\":\"BreadcrumbList\",\"@id\":\"https:\\\/\\\/zunkacichoscameleon.pl\\\/produkt\\\/kobieta-i-pies-obraz-cyfrowy-do-pobrania\\\/#breadcrumb\",\"itemListElement\":[{\"@type\":\"ListItem\",\"position\":1,\"name\":\"Strona g\u0142\u00f3wna\",\"item\":\"https:\\\/\\\/zunkacichoscameleon.pl\\\/\"},{\"@type\":\"ListItem\",\"position\":2,\"name\":\"Sklep\",\"item\":\"https:\\\/\\\/zunkacichoscameleon.pl\\\/sklep\\\/\"},{\"@type\":\"ListItem\",\"position\":3,\"name\":\"Kobieta i pies, obraz cyfrowy do pobrania\"}]},{\"@type\":\"WebSite\",\"@id\":\"https:\\\/\\\/zunkacichoscameleon.pl\\\/#website\",\"url\":\"https:\\\/\\\/zunkacichoscameleon.pl\\\/\",\"name\":\"Zunka Cichos jak kameleon\",\"description\":\"Rozkminy artystyczno-\u017cyciowe\",\"publisher\":{\"@id\":\"https:\\\/\\\/zunkacichoscameleon.pl\\\/#\\\/schema\\\/person\\\/54eb2742270ae1528910f7e3c94c38a2\"},\"potentialAction\":[{\"@type\":\"SearchAction\",\"target\":{\"@type\":\"EntryPoint\",\"urlTemplate\":\"https:\\\/\\\/zunkacichoscameleon.pl\\\/?s={search_term_string}\"},\"query-input\":{\"@type\":\"PropertyValueSpecification\",\"valueRequired\":true,\"valueName\":\"search_term_string\"}}],\"inLanguage\":\"en-GB\"},{\"@type\":[\"Person\",\"Organization\"],\"@id\":\"https:\\\/\\\/zunkacichoscameleon.pl\\\/#\\\/schema\\\/person\\\/54eb2742270ae1528910f7e3c94c38a2\",\"name\":\"Zunka Cichos\",\"image\":{\"@type\":\"ImageObject\",\"inLanguage\":\"en-GB\",\"@id\":\"https:\\\/\\\/zunkacichoscameleon.pl\\\/wp-content\\\/uploads\\\/2021\\\/12\\\/3.jpg-necklace.jpg\",\"url\":\"https:\\\/\\\/zunkacichoscameleon.pl\\\/wp-content\\\/uploads\\\/2021\\\/12\\\/3.jpg-necklace.jpg\",\"contentUrl\":\"https:\\\/\\\/zunkacichoscameleon.pl\\\/wp-content\\\/uploads\\\/2021\\\/12\\\/3.jpg-necklace.jpg\",\"width\":900,\"height\":600,\"caption\":\"Zunka Cichos\"},\"logo\":{\"@id\":\"https:\\\/\\\/zunkacichoscameleon.pl\\\/wp-content\\\/uploads\\\/2021\\\/12\\\/3.jpg-necklace.jpg\"},\"sameAs\":[\"https:\\\/\\\/zunkacichoscameleon.pl\",\"https:\\\/\\\/www.facebook.com\\\/Cameleon-100398745427656\",\"https:\\\/\\\/www.instagram.com\\\/cameleonka\\\/?hl=en\",\"https:\\\/\\\/pl.pinterest.com\\\/cameleonartshop\\\/_created\\\/\"]}]}<\/script>\n<!-- \/ Yoast SEO plugin. -->","yoast_head_json":{"title":"Kobieta i pies, obraz cyfrowy do pobrania - Zunka Cichos jak kameleon","description":"Woman with a dog, digital download. Dog as spirit animal reminds us that loyalty and friendship exist. A dog brinds you trust and unconditional love","robots":{"index":"index","follow":"follow","max-snippet":"max-snippet:-1","max-image-preview":"max-image-preview:large","max-video-preview":"max-video-preview:-1"},"canonical":"https:\/\/zunkacichoscameleon.pl\/en\/product\/kobieta-i-pies-obraz-cyfrowy-do-pobrania\/","og_locale":"en_GB","og_type":"article","og_title":"Kobieta i pies, obraz cyfrowy do pobrania - Zunka Cichos jak kameleon","og_description":"Kobieta i pies, obraz cyfrowy do pobrana. Pies jako zwierz\u0119 mocy, przypomina Ci o tym \u017ce lojalno\u015b\u0107 i przyja\u017a\u0144 istniej\u0105. Pies przynosi zaufanie i poczucie \u017ce mo\u017cna na kim\u015b polega\u0107 jest symbolem bezwarunkowej mi\u0142o\u015bci.","og_url":"https:\/\/zunkacichoscameleon.pl\/en\/product\/kobieta-i-pies-obraz-cyfrowy-do-pobrania\/","og_site_name":"Zunka Cichos jak kameleon","article_publisher":"https:\/\/www.facebook.com\/Cameleon-100398745427656","article_modified_time":"2025-02-16T15:04:41+00:00","og_image":[{"width":2560,"height":2006,"url":"https:\/\/zunkacichoscameleon.pl\/wp-content\/uploads\/2023\/11\/kobieta-i-wilk-scaled.jpg","type":"image\/jpeg"}],"twitter_card":"summary_large_image","twitter_misc":{"Estimated reading time":"2 minutes"},"schema":{"@context":"https:\/\/schema.org","@graph":[{"@type":"WebPage","@id":"https:\/\/zunkacichoscameleon.pl\/produkt\/kobieta-i-pies-obraz-cyfrowy-do-pobrania\/","url":"https:\/\/zunkacichoscameleon.pl\/produkt\/kobieta-i-pies-obraz-cyfrowy-do-pobrania\/","name":"Kobieta i pies, obraz cyfrowy do pobrania - Zunka Cichos jak kameleon","isPartOf":{"@id":"https:\/\/zunkacichoscameleon.pl\/#website"},"primaryImageOfPage":{"@id":"https:\/\/zunkacichoscameleon.pl\/produkt\/kobieta-i-pies-obraz-cyfrowy-do-pobrania\/#primaryimage"},"image":{"@id":"https:\/\/zunkacichoscameleon.pl\/produkt\/kobieta-i-pies-obraz-cyfrowy-do-pobrania\/#primaryimage"},"thumbnailUrl":"https:\/\/zunkacichoscameleon.pl\/wp-content\/uploads\/2023\/11\/kobieta-i-wilk-scaled.jpg","datePublished":"2023-11-30T16:06:02+00:00","dateModified":"2025-02-16T15:04:41+00:00","description":"Woman with a dog, digital download. Dog as spirit animal reminds us that loyalty and friendship exist. A dog brinds you trust and unconditional love","breadcrumb":{"@id":"https:\/\/zunkacichoscameleon.pl\/produkt\/kobieta-i-pies-obraz-cyfrowy-do-pobrania\/#breadcrumb"},"inLanguage":"en-GB","potentialAction":[{"@type":"ReadAction","target":["https:\/\/zunkacichoscameleon.pl\/produkt\/kobieta-i-pies-obraz-cyfrowy-do-pobrania\/"]}]},{"@type":"ImageObject","inLanguage":"en-GB","@id":"https:\/\/zunkacichoscameleon.pl\/produkt\/kobieta-i-pies-obraz-cyfrowy-do-pobrania\/#primaryimage","url":"https:\/\/zunkacichoscameleon.pl\/wp-content\/uploads\/2023\/11\/kobieta-i-wilk-scaled.jpg","contentUrl":"https:\/\/zunkacichoscameleon.pl\/wp-content\/uploads\/2023\/11\/kobieta-i-wilk-scaled.jpg","width":2560,"height":2006,"caption":"Kobieta i pies"},{"@type":"BreadcrumbList","@id":"https:\/\/zunkacichoscameleon.pl\/produkt\/kobieta-i-pies-obraz-cyfrowy-do-pobrania\/#breadcrumb","itemListElement":[{"@type":"ListItem","position":1,"name":"Strona g\u0142\u00f3wna","item":"https:\/\/zunkacichoscameleon.pl\/"},{"@type":"ListItem","position":2,"name":"Sklep","item":"https:\/\/zunkacichoscameleon.pl\/sklep\/"},{"@type":"ListItem","position":3,"name":"Kobieta i pies, obraz cyfrowy do pobrania"}]},{"@type":"WebSite","@id":"https:\/\/zunkacichoscameleon.pl\/#website","url":"https:\/\/zunkacichoscameleon.pl\/","name":"Zunka Cichos jak kameleon","description":"Rozkminy artystyczno-\u017cyciowe","publisher":{"@id":"https:\/\/zunkacichoscameleon.pl\/#\/schema\/person\/54eb2742270ae1528910f7e3c94c38a2"},"potentialAction":[{"@type":"SearchAction","target":{"@type":"EntryPoint","urlTemplate":"https:\/\/zunkacichoscameleon.pl\/?s={search_term_string}"},"query-input":{"@type":"PropertyValueSpecification","valueRequired":true,"valueName":"search_term_string"}}],"inLanguage":"en-GB"},{"@type":["Person","Organization"],"@id":"https:\/\/zunkacichoscameleon.pl\/#\/schema\/person\/54eb2742270ae1528910f7e3c94c38a2","name":"Zunka Cichos","image":{"@type":"ImageObject","inLanguage":"en-GB","@id":"https:\/\/zunkacichoscameleon.pl\/wp-content\/uploads\/2021\/12\/3.jpg-necklace.jpg","url":"https:\/\/zunkacichoscameleon.pl\/wp-content\/uploads\/2021\/12\/3.jpg-necklace.jpg","contentUrl":"https:\/\/zunkacichoscameleon.pl\/wp-content\/uploads\/2021\/12\/3.jpg-necklace.jpg","width":900,"height":600,"caption":"Zunka Cichos"},"logo":{"@id":"https:\/\/zunkacichoscameleon.pl\/wp-content\/uploads\/2021\/12\/3.jpg-necklace.jpg"},"sameAs":["https:\/\/zunkacichoscameleon.pl","https:\/\/www.facebook.com\/Cameleon-100398745427656","https:\/\/www.instagram.com\/cameleonka\/?hl=en","https:\/\/pl.pinterest.com\/cameleonartshop\/_created\/"]}]}},"jetpack_sharing_enabled":true,"_links":{"self":[{"href":"https:\/\/zunkacichoscameleon.pl\/en\/wp-json\/wp\/v2\/product\/1059","targetHints":{"allow":["GET"]}}],"collection":[{"href":"https:\/\/zunkacichoscameleon.pl\/en\/wp-json\/wp\/v2\/product"}],"about":[{"href":"https:\/\/zunkacichoscameleon.pl\/en\/wp-json\/wp\/v2\/types\/product"}],"replies":[{"embeddable":true,"href":"https:\/\/zunkacichoscameleon.pl\/en\/wp-json\/wp\/v2\/comments?post=1059"}],"wp:featuredmedia":[{"embeddable":true,"href":"https:\/\/zunkacichoscameleon.pl\/en\/wp-json\/wp\/v2\/media\/1060"}],"wp:attachment":[{"href":"https:\/\/zunkacichoscameleon.pl\/en\/wp-json\/wp\/v2\/media?parent=1059"}],"wp:term":[{"taxonomy":"product_brand","embeddable":true,"href":"https:\/\/zunkacichoscameleon.pl\/en\/wp-json\/wp\/v2\/product_brand?post=1059"},{"taxonomy":"product_cat","embeddable":true,"href":"https:\/\/zunkacichoscameleon.pl\/en\/wp-json\/wp\/v2\/product_cat?post=1059"},{"taxonomy":"product_tag","embeddable":true,"href":"https:\/\/zunkacichoscameleon.pl\/en\/wp-json\/wp\/v2\/product_tag?post=1059"}],"curies":[{"name":"wp","href":"https:\/\/api.w.org\/{rel}","templated":true}]}}