{"id":1245,"date":"2024-03-11T15:30:49","date_gmt":"2024-03-11T14:30:49","guid":{"rendered":"https:\/\/zunkacichoscameleon.pl\/?post_type=product&#038;p=1245"},"modified":"2025-12-05T10:59:18","modified_gmt":"2025-12-05T09:59:18","slug":"ogrody-obfitosci-malarski-rytual-ukochania-ciala","status":"publish","type":"product","link":"https:\/\/zunkacichoscameleon.pl\/en\/product\/ogrody-obfitosci-malarski-rytual-ukochania-ciala\/","title":{"rendered":"Ogrody obfito\u015bci malarski rytua\u0142 ukochania cia\u0142a"},"content":{"rendered":"<p>Kochana Kobieto,<\/p>\n<p>Zapraszam Ci\u0119 do rytua\u0142u\u00a0 w kt\u00f3rym ukochasz swoje cia\u0142o poprzez stworzenie obrazu- talizmanu oraz przez przej\u015bcie przez proces w kt\u00f3rym Ci\u0119 poprowadz\u0119.<\/p>\n<p>Czy potrzebujesz powiedzie\u0107 swojemu cia\u0142u &#8220;przepraszam&#8221;, &#8220;wybacz mi&#8221;, &#8220;dziekuj\u0119&#8221;, &#8220;kocham ci\u0119&#8221;? Albo mo\u017ce co\u015b innego&#8230;&#8230;.Mo\u017cesz to zrobi\u0107 maluj\u0105c.<\/p>\n<p>Zapraszam Ci\u0119 bez wzgl\u0119du\u00a0 jaki jest poziom Twoich zdolno\u015bci plastycznych poniewa\u017c zale\u017cy mi na Tym, aby\u015b stworzy\u0142a swoje unikatowe dzie\u0142o, wype\u0142nione Twoj\u0105 energi\u0105 i Twoj\u0105 histori\u0105, namalowane tak jak chcesz i jak potrafisz.<\/p>\n<p>Nagranie trwa 1 godzine i 42 minuty<\/p>\n<p>Jest podzielone na kroki w kt\u00f3rych zapraszam Ci\u0119 do eksploracji Twojej relacji z cia\u0142em poprzez kreatywne dzia\u0142anie.<\/p>\n<p>Po z\u0142o\u017ceniu zam\u00f3wienia dostaniesz link do pobrania. \u015aci\u0105gnij go na sw\u00f3j komputer.Je\u015bli masz z tym problem, daj mi prosz\u0119 zna\u0107.<\/p>\n<p>Dost\u0119p do linka wygasa po 6 miesi\u0105cach.<\/p>","protected":false},"excerpt":{"rendered":"<p>Zapraszam Ci\u0119 do rytua\u0142u\u00a0 w kt\u00f3rym ukochasz swoje cia\u0142o poprzez stworzenie obrazu- talizmanu oraz przez przej\u015bcie przez proces w kt\u00f3rym Ci\u0119 poprowadz\u0119<\/p>","protected":false},"featured_media":1246,"comment_status":"open","ping_status":"closed","template":"","meta":[],"product_brand":[],"product_cat":[99],"product_tag":[],"class_list":{"0":"post-1245","1":"product","2":"type-product","3":"status-publish","4":"has-post-thumbnail","6":"product_cat-nagrania","8":"first","9":"instock","10":"downloadable","11":"virtual","12":"purchasable","13":"product-type-simple"},"yoast_head":"<!-- This site is optimized with the Yoast SEO plugin v27.3 - https:\/\/yoast.com\/product\/yoast-seo-wordpress\/ -->\n<title>Ogrody obfito\u015bci malarski rytua\u0142 ukochania cia\u0142a - Zunka Cichos jak kameleon<\/title>\n<meta name=\"description\" content=\"Zapraszam Ci\u0119 do rytua\u0142u\u00a0 w kt\u00f3rym ukochasz swoje cia\u0142o poprzez stworzenie obrazu- talizmanu oraz przez przej\u015bcie przez proces w kt\u00f3rym Ci\u0119 poprowadz\u0119\" \/>\n<meta name=\"robots\" content=\"index, follow, max-snippet:-1, max-image-preview:large, max-video-preview:-1\" \/>\n<link rel=\"canonical\" href=\"https:\/\/zunkacichoscameleon.pl\/en\/product\/ogrody-obfitosci-malarski-rytual-ukochania-ciala\/\" \/>\n<meta property=\"og:locale\" content=\"en_GB\" \/>\n<meta property=\"og:type\" content=\"article\" \/>\n<meta property=\"og:title\" content=\"Ogrody obfito\u015bci malarski rytua\u0142 ukochania cia\u0142a - Zunka Cichos jak kameleon\" \/>\n<meta property=\"og:description\" content=\"Zapraszam Ci\u0119 do rytua\u0142u\u00a0 w kt\u00f3rym ukochasz swoje cia\u0142o poprzez stworzenie obrazu- talizmanu oraz przez przej\u015bcie przez proces w kt\u00f3rym Ci\u0119 poprowadz\u0119\" \/>\n<meta property=\"og:url\" content=\"https:\/\/zunkacichoscameleon.pl\/en\/product\/ogrody-obfitosci-malarski-rytual-ukochania-ciala\/\" \/>\n<meta property=\"og:site_name\" content=\"Zunka Cichos jak kameleon\" \/>\n<meta property=\"article:publisher\" content=\"https:\/\/www.facebook.com\/Cameleon-100398745427656\" \/>\n<meta property=\"article:modified_time\" content=\"2025-12-05T09:59:18+00:00\" \/>\n<meta property=\"og:image\" content=\"https:\/\/zunkacichoscameleon.pl\/wp-content\/uploads\/2024\/03\/OgROdy-obfitosci.jpg\" \/>\n\t<meta property=\"og:image:width\" content=\"2560\" \/>\n\t<meta property=\"og:image:height\" content=\"1440\" \/>\n\t<meta property=\"og:image:type\" content=\"image\/jpeg\" \/>\n<meta name=\"twitter:card\" content=\"summary_large_image\" \/>\n<meta name=\"twitter:label1\" content=\"Estimated reading time\" \/>\n\t<meta name=\"twitter:data1\" content=\"1 minute\" \/>\n<script type=\"application\/ld+json\" class=\"yoast-schema-graph\">{\"@context\":\"https:\\\/\\\/schema.org\",\"@graph\":[{\"@type\":\"WebPage\",\"@id\":\"https:\\\/\\\/zunkacichoscameleon.pl\\\/produkt\\\/ogrody-obfitosci-malarski-rytual-ukochania-ciala\\\/\",\"url\":\"https:\\\/\\\/zunkacichoscameleon.pl\\\/produkt\\\/ogrody-obfitosci-malarski-rytual-ukochania-ciala\\\/\",\"name\":\"Ogrody obfito\u015bci malarski rytua\u0142 ukochania cia\u0142a - Zunka Cichos jak kameleon\",\"isPartOf\":{\"@id\":\"https:\\\/\\\/zunkacichoscameleon.pl\\\/#website\"},\"primaryImageOfPage\":{\"@id\":\"https:\\\/\\\/zunkacichoscameleon.pl\\\/produkt\\\/ogrody-obfitosci-malarski-rytual-ukochania-ciala\\\/#primaryimage\"},\"image\":{\"@id\":\"https:\\\/\\\/zunkacichoscameleon.pl\\\/produkt\\\/ogrody-obfitosci-malarski-rytual-ukochania-ciala\\\/#primaryimage\"},\"thumbnailUrl\":\"https:\\\/\\\/zunkacichoscameleon.pl\\\/wp-content\\\/uploads\\\/2024\\\/03\\\/OgROdy-obfitosci.jpg\",\"datePublished\":\"2024-03-11T14:30:49+00:00\",\"dateModified\":\"2025-12-05T09:59:18+00:00\",\"description\":\"Zapraszam Ci\u0119 do rytua\u0142u\u00a0 w kt\u00f3rym ukochasz swoje cia\u0142o poprzez stworzenie obrazu- talizmanu oraz przez przej\u015bcie przez proces w kt\u00f3rym Ci\u0119 poprowadz\u0119\",\"breadcrumb\":{\"@id\":\"https:\\\/\\\/zunkacichoscameleon.pl\\\/produkt\\\/ogrody-obfitosci-malarski-rytual-ukochania-ciala\\\/#breadcrumb\"},\"inLanguage\":\"en-GB\",\"potentialAction\":[{\"@type\":\"ReadAction\",\"target\":[\"https:\\\/\\\/zunkacichoscameleon.pl\\\/produkt\\\/ogrody-obfitosci-malarski-rytual-ukochania-ciala\\\/\"]}]},{\"@type\":\"ImageObject\",\"inLanguage\":\"en-GB\",\"@id\":\"https:\\\/\\\/zunkacichoscameleon.pl\\\/produkt\\\/ogrody-obfitosci-malarski-rytual-ukochania-ciala\\\/#primaryimage\",\"url\":\"https:\\\/\\\/zunkacichoscameleon.pl\\\/wp-content\\\/uploads\\\/2024\\\/03\\\/OgROdy-obfitosci.jpg\",\"contentUrl\":\"https:\\\/\\\/zunkacichoscameleon.pl\\\/wp-content\\\/uploads\\\/2024\\\/03\\\/OgROdy-obfitosci.jpg\",\"width\":2560,\"height\":1440,\"caption\":\"Ogrody obfitosci\"},{\"@type\":\"BreadcrumbList\",\"@id\":\"https:\\\/\\\/zunkacichoscameleon.pl\\\/produkt\\\/ogrody-obfitosci-malarski-rytual-ukochania-ciala\\\/#breadcrumb\",\"itemListElement\":[{\"@type\":\"ListItem\",\"position\":1,\"name\":\"Strona g\u0142\u00f3wna\",\"item\":\"https:\\\/\\\/zunkacichoscameleon.pl\\\/\"},{\"@type\":\"ListItem\",\"position\":2,\"name\":\"Sklep\",\"item\":\"https:\\\/\\\/zunkacichoscameleon.pl\\\/sklep\\\/\"},{\"@type\":\"ListItem\",\"position\":3,\"name\":\"Ogrody obfito\u015bci malarski rytua\u0142 ukochania cia\u0142a\"}]},{\"@type\":\"WebSite\",\"@id\":\"https:\\\/\\\/zunkacichoscameleon.pl\\\/#website\",\"url\":\"https:\\\/\\\/zunkacichoscameleon.pl\\\/\",\"name\":\"Zunka Cichos jak kameleon\",\"description\":\"Rozkminy artystyczno-\u017cyciowe\",\"publisher\":{\"@id\":\"https:\\\/\\\/zunkacichoscameleon.pl\\\/#\\\/schema\\\/person\\\/54eb2742270ae1528910f7e3c94c38a2\"},\"potentialAction\":[{\"@type\":\"SearchAction\",\"target\":{\"@type\":\"EntryPoint\",\"urlTemplate\":\"https:\\\/\\\/zunkacichoscameleon.pl\\\/?s={search_term_string}\"},\"query-input\":{\"@type\":\"PropertyValueSpecification\",\"valueRequired\":true,\"valueName\":\"search_term_string\"}}],\"inLanguage\":\"en-GB\"},{\"@type\":[\"Person\",\"Organization\"],\"@id\":\"https:\\\/\\\/zunkacichoscameleon.pl\\\/#\\\/schema\\\/person\\\/54eb2742270ae1528910f7e3c94c38a2\",\"name\":\"Zunka Cichos\",\"image\":{\"@type\":\"ImageObject\",\"inLanguage\":\"en-GB\",\"@id\":\"https:\\\/\\\/zunkacichoscameleon.pl\\\/wp-content\\\/uploads\\\/2021\\\/12\\\/3.jpg-necklace.jpg\",\"url\":\"https:\\\/\\\/zunkacichoscameleon.pl\\\/wp-content\\\/uploads\\\/2021\\\/12\\\/3.jpg-necklace.jpg\",\"contentUrl\":\"https:\\\/\\\/zunkacichoscameleon.pl\\\/wp-content\\\/uploads\\\/2021\\\/12\\\/3.jpg-necklace.jpg\",\"width\":900,\"height\":600,\"caption\":\"Zunka Cichos\"},\"logo\":{\"@id\":\"https:\\\/\\\/zunkacichoscameleon.pl\\\/wp-content\\\/uploads\\\/2021\\\/12\\\/3.jpg-necklace.jpg\"},\"sameAs\":[\"https:\\\/\\\/zunkacichoscameleon.pl\",\"https:\\\/\\\/www.facebook.com\\\/Cameleon-100398745427656\",\"https:\\\/\\\/www.instagram.com\\\/cameleonka\\\/?hl=en\",\"https:\\\/\\\/pl.pinterest.com\\\/cameleonartshop\\\/_created\\\/\"]}]}<\/script>\n<!-- \/ Yoast SEO plugin. -->","yoast_head_json":{"title":"Ogrody obfito\u015bci malarski rytua\u0142 ukochania cia\u0142a - Zunka Cichos jak kameleon","description":"Zapraszam Ci\u0119 do rytua\u0142u\u00a0 w kt\u00f3rym ukochasz swoje cia\u0142o poprzez stworzenie obrazu- talizmanu oraz przez przej\u015bcie przez proces w kt\u00f3rym Ci\u0119 poprowadz\u0119","robots":{"index":"index","follow":"follow","max-snippet":"max-snippet:-1","max-image-preview":"max-image-preview:large","max-video-preview":"max-video-preview:-1"},"canonical":"https:\/\/zunkacichoscameleon.pl\/en\/product\/ogrody-obfitosci-malarski-rytual-ukochania-ciala\/","og_locale":"en_GB","og_type":"article","og_title":"Ogrody obfito\u015bci malarski rytua\u0142 ukochania cia\u0142a - Zunka Cichos jak kameleon","og_description":"Zapraszam Ci\u0119 do rytua\u0142u\u00a0 w kt\u00f3rym ukochasz swoje cia\u0142o poprzez stworzenie obrazu- talizmanu oraz przez przej\u015bcie przez proces w kt\u00f3rym Ci\u0119 poprowadz\u0119","og_url":"https:\/\/zunkacichoscameleon.pl\/en\/product\/ogrody-obfitosci-malarski-rytual-ukochania-ciala\/","og_site_name":"Zunka Cichos jak kameleon","article_publisher":"https:\/\/www.facebook.com\/Cameleon-100398745427656","article_modified_time":"2025-12-05T09:59:18+00:00","og_image":[{"width":2560,"height":1440,"url":"https:\/\/zunkacichoscameleon.pl\/wp-content\/uploads\/2024\/03\/OgROdy-obfitosci.jpg","type":"image\/jpeg"}],"twitter_card":"summary_large_image","twitter_misc":{"Estimated reading time":"1 minute"},"schema":{"@context":"https:\/\/schema.org","@graph":[{"@type":"WebPage","@id":"https:\/\/zunkacichoscameleon.pl\/produkt\/ogrody-obfitosci-malarski-rytual-ukochania-ciala\/","url":"https:\/\/zunkacichoscameleon.pl\/produkt\/ogrody-obfitosci-malarski-rytual-ukochania-ciala\/","name":"Ogrody obfito\u015bci malarski rytua\u0142 ukochania cia\u0142a - Zunka Cichos jak kameleon","isPartOf":{"@id":"https:\/\/zunkacichoscameleon.pl\/#website"},"primaryImageOfPage":{"@id":"https:\/\/zunkacichoscameleon.pl\/produkt\/ogrody-obfitosci-malarski-rytual-ukochania-ciala\/#primaryimage"},"image":{"@id":"https:\/\/zunkacichoscameleon.pl\/produkt\/ogrody-obfitosci-malarski-rytual-ukochania-ciala\/#primaryimage"},"thumbnailUrl":"https:\/\/zunkacichoscameleon.pl\/wp-content\/uploads\/2024\/03\/OgROdy-obfitosci.jpg","datePublished":"2024-03-11T14:30:49+00:00","dateModified":"2025-12-05T09:59:18+00:00","description":"Zapraszam Ci\u0119 do rytua\u0142u\u00a0 w kt\u00f3rym ukochasz swoje cia\u0142o poprzez stworzenie obrazu- talizmanu oraz przez przej\u015bcie przez proces w kt\u00f3rym Ci\u0119 poprowadz\u0119","breadcrumb":{"@id":"https:\/\/zunkacichoscameleon.pl\/produkt\/ogrody-obfitosci-malarski-rytual-ukochania-ciala\/#breadcrumb"},"inLanguage":"en-GB","potentialAction":[{"@type":"ReadAction","target":["https:\/\/zunkacichoscameleon.pl\/produkt\/ogrody-obfitosci-malarski-rytual-ukochania-ciala\/"]}]},{"@type":"ImageObject","inLanguage":"en-GB","@id":"https:\/\/zunkacichoscameleon.pl\/produkt\/ogrody-obfitosci-malarski-rytual-ukochania-ciala\/#primaryimage","url":"https:\/\/zunkacichoscameleon.pl\/wp-content\/uploads\/2024\/03\/OgROdy-obfitosci.jpg","contentUrl":"https:\/\/zunkacichoscameleon.pl\/wp-content\/uploads\/2024\/03\/OgROdy-obfitosci.jpg","width":2560,"height":1440,"caption":"Ogrody obfitosci"},{"@type":"BreadcrumbList","@id":"https:\/\/zunkacichoscameleon.pl\/produkt\/ogrody-obfitosci-malarski-rytual-ukochania-ciala\/#breadcrumb","itemListElement":[{"@type":"ListItem","position":1,"name":"Strona g\u0142\u00f3wna","item":"https:\/\/zunkacichoscameleon.pl\/"},{"@type":"ListItem","position":2,"name":"Sklep","item":"https:\/\/zunkacichoscameleon.pl\/sklep\/"},{"@type":"ListItem","position":3,"name":"Ogrody obfito\u015bci malarski rytua\u0142 ukochania cia\u0142a"}]},{"@type":"WebSite","@id":"https:\/\/zunkacichoscameleon.pl\/#website","url":"https:\/\/zunkacichoscameleon.pl\/","name":"Zunka Cichos jak kameleon","description":"Rozkminy artystyczno-\u017cyciowe","publisher":{"@id":"https:\/\/zunkacichoscameleon.pl\/#\/schema\/person\/54eb2742270ae1528910f7e3c94c38a2"},"potentialAction":[{"@type":"SearchAction","target":{"@type":"EntryPoint","urlTemplate":"https:\/\/zunkacichoscameleon.pl\/?s={search_term_string}"},"query-input":{"@type":"PropertyValueSpecification","valueRequired":true,"valueName":"search_term_string"}}],"inLanguage":"en-GB"},{"@type":["Person","Organization"],"@id":"https:\/\/zunkacichoscameleon.pl\/#\/schema\/person\/54eb2742270ae1528910f7e3c94c38a2","name":"Zunka Cichos","image":{"@type":"ImageObject","inLanguage":"en-GB","@id":"https:\/\/zunkacichoscameleon.pl\/wp-content\/uploads\/2021\/12\/3.jpg-necklace.jpg","url":"https:\/\/zunkacichoscameleon.pl\/wp-content\/uploads\/2021\/12\/3.jpg-necklace.jpg","contentUrl":"https:\/\/zunkacichoscameleon.pl\/wp-content\/uploads\/2021\/12\/3.jpg-necklace.jpg","width":900,"height":600,"caption":"Zunka Cichos"},"logo":{"@id":"https:\/\/zunkacichoscameleon.pl\/wp-content\/uploads\/2021\/12\/3.jpg-necklace.jpg"},"sameAs":["https:\/\/zunkacichoscameleon.pl","https:\/\/www.facebook.com\/Cameleon-100398745427656","https:\/\/www.instagram.com\/cameleonka\/?hl=en","https:\/\/pl.pinterest.com\/cameleonartshop\/_created\/"]}]}},"jetpack_sharing_enabled":true,"_links":{"self":[{"href":"https:\/\/zunkacichoscameleon.pl\/en\/wp-json\/wp\/v2\/product\/1245","targetHints":{"allow":["GET"]}}],"collection":[{"href":"https:\/\/zunkacichoscameleon.pl\/en\/wp-json\/wp\/v2\/product"}],"about":[{"href":"https:\/\/zunkacichoscameleon.pl\/en\/wp-json\/wp\/v2\/types\/product"}],"replies":[{"embeddable":true,"href":"https:\/\/zunkacichoscameleon.pl\/en\/wp-json\/wp\/v2\/comments?post=1245"}],"wp:featuredmedia":[{"embeddable":true,"href":"https:\/\/zunkacichoscameleon.pl\/en\/wp-json\/wp\/v2\/media\/1246"}],"wp:attachment":[{"href":"https:\/\/zunkacichoscameleon.pl\/en\/wp-json\/wp\/v2\/media?parent=1245"}],"wp:term":[{"taxonomy":"product_brand","embeddable":true,"href":"https:\/\/zunkacichoscameleon.pl\/en\/wp-json\/wp\/v2\/product_brand?post=1245"},{"taxonomy":"product_cat","embeddable":true,"href":"https:\/\/zunkacichoscameleon.pl\/en\/wp-json\/wp\/v2\/product_cat?post=1245"},{"taxonomy":"product_tag","embeddable":true,"href":"https:\/\/zunkacichoscameleon.pl\/en\/wp-json\/wp\/v2\/product_tag?post=1245"}],"curies":[{"name":"wp","href":"https:\/\/api.w.org\/{rel}","templated":true}]}}