{"id":1338,"date":"2024-04-09T18:04:37","date_gmt":"2024-04-09T16:04:37","guid":{"rendered":"https:\/\/zunkacichoscameleon.pl\/?post_type=product&#038;p=1338"},"modified":"2025-09-19T12:34:01","modified_gmt":"2025-09-19T10:34:01","slug":"tworcza-sesja-indywidualna","status":"publish","type":"product","link":"https:\/\/zunkacichoscameleon.pl\/en\/product\/tworcza-sesja-indywidualna\/","title":{"rendered":"Sesja indywidualna-z rytua\u0142em"},"content":{"rendered":"<p><strong>Sesja kreatywna tylko dla Ciebie<\/strong><\/p>\n<p><em>Zapraszam Ci\u0119 do tw\u00f3rczego spotkania online sam na sam ze mn\u0105, podczas kt\u00f3rego przejdziemy wsp\u00f3lnie przez wybrany przez Ciebie rytua\u0142 lub praktyk\u0119 malarsk\u0105.<\/em><\/p>\n<ul>\n<li>dostaniesz 100 % mojej uwagi<\/li>\n<li>moje prowadzenie do\u00a0<strong>obraz\u00f3w z g\u0142\u0119bi<\/strong>, kt\u00f3re uzdrawiaj\u0105 swoim przekazem<\/li>\n<li><strong><em>poczujesz jakbym siedzia\u0142a obok Ciebie<\/em>\u00a0<\/strong>i trzyma\u0142a przestrze\u0144 dla Twojej podr\u00f3\u017cy malarskiej, dla Twojego procesu<\/li>\n<li>poznasz\u00a0<strong><em>\u015bcie\u017cki tw\u00f3rczego dzia\u0142ania<\/em><\/strong><\/li>\n<li>b\u0119dziesz pracowa\u0142a z\u00a0<em>konkretn\u0105 intencj\u0105\u00a0<\/em>i tworz\u0105c obraz pomaga\u0142a jej si\u0119 zamanifestowa\u0107<\/li>\n<li><strong><em>od\u017cywisz kreatywno\u015b\u0107 w sobie<\/em><\/strong><\/li>\n<li>na dwie godziny zanurzysz si\u0119 w tworzeniu i magii kt\u00f3re ono niesie ze sob\u0105 przyjrzysz si\u0119 sobie<\/li>\n<li><strong><em>stworzysz \u017cywy obraz<\/em><\/strong>, nas\u0105czony Twoj\u0105 energi\u0105, opowie\u015bci\u0105, autentyczno\u015bci\u0105<\/li>\n<\/ul>\n<p>To nie jest lekcja malarstwa, to do\u015bwiadczenie w kt\u00f3rym pod\u0105\u017caj\u0105c za sob\u0105 i czuj\u0105c siebie, stworzysz obraz- talizman albo wiele obraz\u00f3w. To tw\u00f3rcza praktyka duchowa, w kt\u00f3rej b\u0119d\u0119 Ci towarzyszy\u0107.<\/p>\n<p><em>Zarezerwuj sobie dwie godziny.<\/em><\/p>\n<p>Rytua\u0142y do wyboru:<\/p>\n<ul>\n<li>Ancestors portraits<\/li>\n<li><a href=\"https:\/\/youtu.be\/u8O1oMkadPY\">Ogrody Obfito\u015bci Rytua\u0142 Ukochania Cia\u0142a<\/a><\/li>\n<li><a href=\"https:\/\/www.youtube.com\/watch?v=hXTK-gtXej8\">Touch Drawing-malowane dotykiem<\/a><\/li>\n<li>oraz spontanicznie dopasowane do Ciebie tworzenie<\/li>\n<\/ul>\n<p>Kontakt:<a href=\"mailto:zuzaci@gmail.com\">zuzaci@gmail.com<\/a><\/p>\n<p>Co otrzymasz:<\/p>\n<ul>\n<li>dwie godziny tw\u00f3rczego od\u017cywienia i poruszenia przep\u0142ywem tw\u00f3rczym<\/li>\n<li>dwie godziny odpoczynku od codziennych trosk i burzy<\/li>\n<li>\u015bwi\u0119t\u0105 tw\u00f3rcz\u0105 przestrze\u0144, w kt\u00f3rej zanurzysz si\u0119 po uszy<\/li>\n<li>namalujesz obraz kt\u00f3ry uzdrawia kolorem, ruchem p\u0119dzla lub r\u0119ki, energi\u0105, opowie\u015bci\u0105<\/li>\n<li>poznasz ciekawe i lekkie techniki malarskie<\/li>\n<li>b\u0119dziesz bardzo blisko siebie, w czu\u0142ym i uwa\u017cnym kontakcie z sob\u0105<\/li>\n<li>b\u0119dzie wzmacnia\u0107 swoj\u0105 intuicj\u0119 poprzez pod\u0105\u017canie za sob\u0105 w tworzeniu<\/li>\n<li>zabaw\u0119 i wolno\u015b\u0107 w tworzeniu<\/li>\n<li>tw\u00f3rczy tunnel kt\u00f3rym zejdziesz do siebie<\/li>\n<li>Twoje artystyczne iskierki rozpal\u0105 si\u0119<\/li>\n<li>moj\u0105 obecno\u015b\u0107<\/li>\n<\/ul>\n<p><em>Spotykamy si\u0119 na zoom.<\/em><\/p>\n<p>B\u0119dziesz potrzebowa\u0142a zaopatrzy\u0107 si\u0119 w materia\u0142y malarskie, kt\u00f3rych list\u0119 udost\u0119pni\u0119 Ci z wyprzedzeniem, po um\u00f3wieniu spotkania.<\/p>\n<p><strong>Cena pojedy\u0144czej sesji<\/strong> \u2013 350 z\u0142otych<\/p>\n<p>&nbsp;<\/p>\n<p>&nbsp;<\/p>\n<p><em>Czekam na Ciebie<\/em><\/p>\n<p>Zunka<\/p>","protected":false},"excerpt":{"rendered":"<p>Zapraszam Ci\u0119 do tw\u00f3rczego spotkania online sam na sam ze mn\u0105, podczas kt\u00f3rego przejdziemy wsp\u00f3lnie przez wybrany przez Ciebie rytua\u0142 lub praktyk\u0119 malarsk\u0105.<\/p>","protected":false},"featured_media":1339,"comment_status":"open","ping_status":"closed","template":"","meta":[],"product_brand":[],"product_cat":[99],"product_tag":[126,125,127],"class_list":{"0":"post-1338","1":"product","2":"type-product","3":"status-publish","4":"has-post-thumbnail","6":"product_cat-nagrania","7":"product_tag-kreatywna-sesja","8":"product_tag-sesja-indywidualna","9":"product_tag-sesja-tworcza","11":"first","12":"instock","13":"virtual","14":"purchasable","15":"product-type-simple"},"yoast_head":"<!-- This site is optimized with the Yoast SEO plugin v27.3 - https:\/\/yoast.com\/product\/yoast-seo-wordpress\/ -->\n<title>Sesja indywidualna-z rytua\u0142em - Zunka Cichos jak kameleon<\/title>\n<meta name=\"description\" content=\"Zapraszam Ci\u0119 do tw\u00f3rczego spotkania online sam na sam ze mn\u0105, podczas kt\u00f3rego przejdziemy wsp\u00f3lnie przez wybrany przez Ciebie rytua\u0142 lub praktyk\u0119 malarsk\u0105.\" \/>\n<meta name=\"robots\" content=\"index, follow, max-snippet:-1, max-image-preview:large, max-video-preview:-1\" \/>\n<link rel=\"canonical\" href=\"https:\/\/zunkacichoscameleon.pl\/en\/product\/tworcza-sesja-indywidualna\/\" \/>\n<meta property=\"og:locale\" content=\"en_GB\" \/>\n<meta property=\"og:type\" content=\"article\" \/>\n<meta property=\"og:title\" content=\"Sesja indywidualna-z rytua\u0142em - Zunka Cichos jak kameleon\" \/>\n<meta property=\"og:description\" content=\"Zapraszam Ci\u0119 do tw\u00f3rczego spotkania online sam na sam ze mn\u0105, podczas kt\u00f3rego przejdziemy wsp\u00f3lnie przez wybrany przez Ciebie rytua\u0142 lub praktyk\u0119 malarsk\u0105.\" \/>\n<meta property=\"og:url\" content=\"https:\/\/zunkacichoscameleon.pl\/en\/product\/tworcza-sesja-indywidualna\/\" \/>\n<meta property=\"og:site_name\" content=\"Zunka Cichos jak kameleon\" \/>\n<meta property=\"article:publisher\" content=\"https:\/\/www.facebook.com\/Cameleon-100398745427656\" \/>\n<meta property=\"article:modified_time\" content=\"2025-09-19T10:34:01+00:00\" \/>\n<meta property=\"og:image\" content=\"https:\/\/zunkacichoscameleon.pl\/wp-content\/uploads\/2024\/04\/Indywidualne-spotkania-duchowo-artystyczne.jpg\" \/>\n\t<meta property=\"og:image:width\" content=\"940\" \/>\n\t<meta property=\"og:image:height\" content=\"788\" \/>\n\t<meta property=\"og:image:type\" content=\"image\/jpeg\" \/>\n<meta name=\"twitter:card\" content=\"summary_large_image\" \/>\n<meta name=\"twitter:label1\" content=\"Estimated reading time\" \/>\n\t<meta name=\"twitter:data1\" content=\"2 minutes\" \/>\n<script type=\"application\/ld+json\" class=\"yoast-schema-graph\">{\"@context\":\"https:\\\/\\\/schema.org\",\"@graph\":[{\"@type\":\"WebPage\",\"@id\":\"https:\\\/\\\/zunkacichoscameleon.pl\\\/produkt\\\/tworcza-sesja-indywidualna\\\/\",\"url\":\"https:\\\/\\\/zunkacichoscameleon.pl\\\/produkt\\\/tworcza-sesja-indywidualna\\\/\",\"name\":\"Sesja indywidualna-z rytua\u0142em - Zunka Cichos jak kameleon\",\"isPartOf\":{\"@id\":\"https:\\\/\\\/zunkacichoscameleon.pl\\\/#website\"},\"primaryImageOfPage\":{\"@id\":\"https:\\\/\\\/zunkacichoscameleon.pl\\\/produkt\\\/tworcza-sesja-indywidualna\\\/#primaryimage\"},\"image\":{\"@id\":\"https:\\\/\\\/zunkacichoscameleon.pl\\\/produkt\\\/tworcza-sesja-indywidualna\\\/#primaryimage\"},\"thumbnailUrl\":\"https:\\\/\\\/zunkacichoscameleon.pl\\\/wp-content\\\/uploads\\\/2024\\\/04\\\/Indywidualne-spotkania-duchowo-artystyczne.jpg\",\"datePublished\":\"2024-04-09T16:04:37+00:00\",\"dateModified\":\"2025-09-19T10:34:01+00:00\",\"description\":\"Zapraszam Ci\u0119 do tw\u00f3rczego spotkania online sam na sam ze mn\u0105, podczas kt\u00f3rego przejdziemy wsp\u00f3lnie przez wybrany przez Ciebie rytua\u0142 lub praktyk\u0119 malarsk\u0105.\",\"breadcrumb\":{\"@id\":\"https:\\\/\\\/zunkacichoscameleon.pl\\\/produkt\\\/tworcza-sesja-indywidualna\\\/#breadcrumb\"},\"inLanguage\":\"en-GB\",\"potentialAction\":[{\"@type\":\"ReadAction\",\"target\":[\"https:\\\/\\\/zunkacichoscameleon.pl\\\/produkt\\\/tworcza-sesja-indywidualna\\\/\"]}]},{\"@type\":\"ImageObject\",\"inLanguage\":\"en-GB\",\"@id\":\"https:\\\/\\\/zunkacichoscameleon.pl\\\/produkt\\\/tworcza-sesja-indywidualna\\\/#primaryimage\",\"url\":\"https:\\\/\\\/zunkacichoscameleon.pl\\\/wp-content\\\/uploads\\\/2024\\\/04\\\/Indywidualne-spotkania-duchowo-artystyczne.jpg\",\"contentUrl\":\"https:\\\/\\\/zunkacichoscameleon.pl\\\/wp-content\\\/uploads\\\/2024\\\/04\\\/Indywidualne-spotkania-duchowo-artystyczne.jpg\",\"width\":940,\"height\":788,\"caption\":\"kreatywna sesja dla Ciebie\"},{\"@type\":\"BreadcrumbList\",\"@id\":\"https:\\\/\\\/zunkacichoscameleon.pl\\\/produkt\\\/tworcza-sesja-indywidualna\\\/#breadcrumb\",\"itemListElement\":[{\"@type\":\"ListItem\",\"position\":1,\"name\":\"Strona g\u0142\u00f3wna\",\"item\":\"https:\\\/\\\/zunkacichoscameleon.pl\\\/\"},{\"@type\":\"ListItem\",\"position\":2,\"name\":\"Sklep\",\"item\":\"https:\\\/\\\/zunkacichoscameleon.pl\\\/sklep\\\/\"},{\"@type\":\"ListItem\",\"position\":3,\"name\":\"Sesja indywidualna-z rytua\u0142em\"}]},{\"@type\":\"WebSite\",\"@id\":\"https:\\\/\\\/zunkacichoscameleon.pl\\\/#website\",\"url\":\"https:\\\/\\\/zunkacichoscameleon.pl\\\/\",\"name\":\"Zunka Cichos jak kameleon\",\"description\":\"Rozkminy artystyczno-\u017cyciowe\",\"publisher\":{\"@id\":\"https:\\\/\\\/zunkacichoscameleon.pl\\\/#\\\/schema\\\/person\\\/54eb2742270ae1528910f7e3c94c38a2\"},\"potentialAction\":[{\"@type\":\"SearchAction\",\"target\":{\"@type\":\"EntryPoint\",\"urlTemplate\":\"https:\\\/\\\/zunkacichoscameleon.pl\\\/?s={search_term_string}\"},\"query-input\":{\"@type\":\"PropertyValueSpecification\",\"valueRequired\":true,\"valueName\":\"search_term_string\"}}],\"inLanguage\":\"en-GB\"},{\"@type\":[\"Person\",\"Organization\"],\"@id\":\"https:\\\/\\\/zunkacichoscameleon.pl\\\/#\\\/schema\\\/person\\\/54eb2742270ae1528910f7e3c94c38a2\",\"name\":\"Zunka Cichos\",\"image\":{\"@type\":\"ImageObject\",\"inLanguage\":\"en-GB\",\"@id\":\"https:\\\/\\\/zunkacichoscameleon.pl\\\/wp-content\\\/uploads\\\/2021\\\/12\\\/3.jpg-necklace.jpg\",\"url\":\"https:\\\/\\\/zunkacichoscameleon.pl\\\/wp-content\\\/uploads\\\/2021\\\/12\\\/3.jpg-necklace.jpg\",\"contentUrl\":\"https:\\\/\\\/zunkacichoscameleon.pl\\\/wp-content\\\/uploads\\\/2021\\\/12\\\/3.jpg-necklace.jpg\",\"width\":900,\"height\":600,\"caption\":\"Zunka Cichos\"},\"logo\":{\"@id\":\"https:\\\/\\\/zunkacichoscameleon.pl\\\/wp-content\\\/uploads\\\/2021\\\/12\\\/3.jpg-necklace.jpg\"},\"sameAs\":[\"https:\\\/\\\/zunkacichoscameleon.pl\",\"https:\\\/\\\/www.facebook.com\\\/Cameleon-100398745427656\",\"https:\\\/\\\/www.instagram.com\\\/cameleonka\\\/?hl=en\",\"https:\\\/\\\/pl.pinterest.com\\\/cameleonartshop\\\/_created\\\/\"]}]}<\/script>\n<!-- \/ Yoast SEO plugin. -->","yoast_head_json":{"title":"Sesja indywidualna-z rytua\u0142em - Zunka Cichos jak kameleon","description":"Zapraszam Ci\u0119 do tw\u00f3rczego spotkania online sam na sam ze mn\u0105, podczas kt\u00f3rego przejdziemy wsp\u00f3lnie przez wybrany przez Ciebie rytua\u0142 lub praktyk\u0119 malarsk\u0105.","robots":{"index":"index","follow":"follow","max-snippet":"max-snippet:-1","max-image-preview":"max-image-preview:large","max-video-preview":"max-video-preview:-1"},"canonical":"https:\/\/zunkacichoscameleon.pl\/en\/product\/tworcza-sesja-indywidualna\/","og_locale":"en_GB","og_type":"article","og_title":"Sesja indywidualna-z rytua\u0142em - Zunka Cichos jak kameleon","og_description":"Zapraszam Ci\u0119 do tw\u00f3rczego spotkania online sam na sam ze mn\u0105, podczas kt\u00f3rego przejdziemy wsp\u00f3lnie przez wybrany przez Ciebie rytua\u0142 lub praktyk\u0119 malarsk\u0105.","og_url":"https:\/\/zunkacichoscameleon.pl\/en\/product\/tworcza-sesja-indywidualna\/","og_site_name":"Zunka Cichos jak kameleon","article_publisher":"https:\/\/www.facebook.com\/Cameleon-100398745427656","article_modified_time":"2025-09-19T10:34:01+00:00","og_image":[{"width":940,"height":788,"url":"https:\/\/zunkacichoscameleon.pl\/wp-content\/uploads\/2024\/04\/Indywidualne-spotkania-duchowo-artystyczne.jpg","type":"image\/jpeg"}],"twitter_card":"summary_large_image","twitter_misc":{"Estimated reading time":"2 minutes"},"schema":{"@context":"https:\/\/schema.org","@graph":[{"@type":"WebPage","@id":"https:\/\/zunkacichoscameleon.pl\/produkt\/tworcza-sesja-indywidualna\/","url":"https:\/\/zunkacichoscameleon.pl\/produkt\/tworcza-sesja-indywidualna\/","name":"Sesja indywidualna-z rytua\u0142em - Zunka Cichos jak kameleon","isPartOf":{"@id":"https:\/\/zunkacichoscameleon.pl\/#website"},"primaryImageOfPage":{"@id":"https:\/\/zunkacichoscameleon.pl\/produkt\/tworcza-sesja-indywidualna\/#primaryimage"},"image":{"@id":"https:\/\/zunkacichoscameleon.pl\/produkt\/tworcza-sesja-indywidualna\/#primaryimage"},"thumbnailUrl":"https:\/\/zunkacichoscameleon.pl\/wp-content\/uploads\/2024\/04\/Indywidualne-spotkania-duchowo-artystyczne.jpg","datePublished":"2024-04-09T16:04:37+00:00","dateModified":"2025-09-19T10:34:01+00:00","description":"Zapraszam Ci\u0119 do tw\u00f3rczego spotkania online sam na sam ze mn\u0105, podczas kt\u00f3rego przejdziemy wsp\u00f3lnie przez wybrany przez Ciebie rytua\u0142 lub praktyk\u0119 malarsk\u0105.","breadcrumb":{"@id":"https:\/\/zunkacichoscameleon.pl\/produkt\/tworcza-sesja-indywidualna\/#breadcrumb"},"inLanguage":"en-GB","potentialAction":[{"@type":"ReadAction","target":["https:\/\/zunkacichoscameleon.pl\/produkt\/tworcza-sesja-indywidualna\/"]}]},{"@type":"ImageObject","inLanguage":"en-GB","@id":"https:\/\/zunkacichoscameleon.pl\/produkt\/tworcza-sesja-indywidualna\/#primaryimage","url":"https:\/\/zunkacichoscameleon.pl\/wp-content\/uploads\/2024\/04\/Indywidualne-spotkania-duchowo-artystyczne.jpg","contentUrl":"https:\/\/zunkacichoscameleon.pl\/wp-content\/uploads\/2024\/04\/Indywidualne-spotkania-duchowo-artystyczne.jpg","width":940,"height":788,"caption":"kreatywna sesja dla Ciebie"},{"@type":"BreadcrumbList","@id":"https:\/\/zunkacichoscameleon.pl\/produkt\/tworcza-sesja-indywidualna\/#breadcrumb","itemListElement":[{"@type":"ListItem","position":1,"name":"Strona g\u0142\u00f3wna","item":"https:\/\/zunkacichoscameleon.pl\/"},{"@type":"ListItem","position":2,"name":"Sklep","item":"https:\/\/zunkacichoscameleon.pl\/sklep\/"},{"@type":"ListItem","position":3,"name":"Sesja indywidualna-z rytua\u0142em"}]},{"@type":"WebSite","@id":"https:\/\/zunkacichoscameleon.pl\/#website","url":"https:\/\/zunkacichoscameleon.pl\/","name":"Zunka Cichos jak kameleon","description":"Rozkminy artystyczno-\u017cyciowe","publisher":{"@id":"https:\/\/zunkacichoscameleon.pl\/#\/schema\/person\/54eb2742270ae1528910f7e3c94c38a2"},"potentialAction":[{"@type":"SearchAction","target":{"@type":"EntryPoint","urlTemplate":"https:\/\/zunkacichoscameleon.pl\/?s={search_term_string}"},"query-input":{"@type":"PropertyValueSpecification","valueRequired":true,"valueName":"search_term_string"}}],"inLanguage":"en-GB"},{"@type":["Person","Organization"],"@id":"https:\/\/zunkacichoscameleon.pl\/#\/schema\/person\/54eb2742270ae1528910f7e3c94c38a2","name":"Zunka Cichos","image":{"@type":"ImageObject","inLanguage":"en-GB","@id":"https:\/\/zunkacichoscameleon.pl\/wp-content\/uploads\/2021\/12\/3.jpg-necklace.jpg","url":"https:\/\/zunkacichoscameleon.pl\/wp-content\/uploads\/2021\/12\/3.jpg-necklace.jpg","contentUrl":"https:\/\/zunkacichoscameleon.pl\/wp-content\/uploads\/2021\/12\/3.jpg-necklace.jpg","width":900,"height":600,"caption":"Zunka Cichos"},"logo":{"@id":"https:\/\/zunkacichoscameleon.pl\/wp-content\/uploads\/2021\/12\/3.jpg-necklace.jpg"},"sameAs":["https:\/\/zunkacichoscameleon.pl","https:\/\/www.facebook.com\/Cameleon-100398745427656","https:\/\/www.instagram.com\/cameleonka\/?hl=en","https:\/\/pl.pinterest.com\/cameleonartshop\/_created\/"]}]}},"jetpack_sharing_enabled":true,"_links":{"self":[{"href":"https:\/\/zunkacichoscameleon.pl\/en\/wp-json\/wp\/v2\/product\/1338","targetHints":{"allow":["GET"]}}],"collection":[{"href":"https:\/\/zunkacichoscameleon.pl\/en\/wp-json\/wp\/v2\/product"}],"about":[{"href":"https:\/\/zunkacichoscameleon.pl\/en\/wp-json\/wp\/v2\/types\/product"}],"replies":[{"embeddable":true,"href":"https:\/\/zunkacichoscameleon.pl\/en\/wp-json\/wp\/v2\/comments?post=1338"}],"wp:featuredmedia":[{"embeddable":true,"href":"https:\/\/zunkacichoscameleon.pl\/en\/wp-json\/wp\/v2\/media\/1339"}],"wp:attachment":[{"href":"https:\/\/zunkacichoscameleon.pl\/en\/wp-json\/wp\/v2\/media?parent=1338"}],"wp:term":[{"taxonomy":"product_brand","embeddable":true,"href":"https:\/\/zunkacichoscameleon.pl\/en\/wp-json\/wp\/v2\/product_brand?post=1338"},{"taxonomy":"product_cat","embeddable":true,"href":"https:\/\/zunkacichoscameleon.pl\/en\/wp-json\/wp\/v2\/product_cat?post=1338"},{"taxonomy":"product_tag","embeddable":true,"href":"https:\/\/zunkacichoscameleon.pl\/en\/wp-json\/wp\/v2\/product_tag?post=1338"}],"curies":[{"name":"wp","href":"https:\/\/api.w.org\/{rel}","templated":true}]}}