{"id":1413,"date":"2024-05-27T11:05:27","date_gmt":"2024-05-27T09:05:27","guid":{"rendered":"https:\/\/zunkacichoscameleon.pl\/?post_type=product&#038;p=1413"},"modified":"2025-12-02T16:09:56","modified_gmt":"2025-12-02T15:09:56","slug":"syrena-wydruk-artystyczny-a5","status":"publish","type":"product","link":"https:\/\/zunkacichoscameleon.pl\/en\/product\/syrena-wydruk-artystyczny-a5\/","title":{"rendered":"Syrena, wydruk artystyczny A5"},"content":{"rendered":"<p>Syrena &#8211; wydruk artystyczny<\/p>\n<div class=\"xdj266r x11i5rnm xat24cr x1mh8g0r x1vvkbs x126k92a\">\n<div dir=\"auto\">Przyp\u0142yn\u0119\u0142a syrena.<\/div>\n<div dir=\"auto\">Od pocz\u0105tku czu\u0142am, \u017ce to b\u0119dzie jaka\u015b morska istota ale te\u017c bardzo sensualna.<\/div>\n<div dir=\"auto\">Fale niczym w\u0119\u017ce wij\u0105 si\u0119 wzd\u0142u\u017c jej cia\u0142a.<\/div>\n<div dir=\"auto\">Czytam o syrenach w The Book of Symbols.<\/div>\n<\/div>\n<div class=\"x11i5rnm xat24cr x1mh8g0r x1vvkbs xtlvy1s x126k92a\">\n<div dir=\"auto\">Syrena ma w sobie kobiet\u0119 i obcego:))<\/div>\n<div dir=\"auto\">Symbolizuje seksualn\u0105 mi\u0142o\u015b\u0107, przyjemnno\u015b\u0107 i spe\u0142nienie \u017cycze\u0144.<\/div>\n<div dir=\"auto\">Ma dar przepowiadania przysz\u0142o\u015bci.<\/div>\n<div dir=\"auto\">Moc niebywa\u0142ego przyci\u0105gania i niebezpiecze\u0144stwo przeplataj\u0105 si\u0119 w niej.<\/div>\n<div dir=\"auto\">Niebezpiecze\u0144stwo jest w utraceniu siebie w pod\u0105\u017caniu za swoj\u0105 t\u0119sknot\u0105.<\/div>\n<div dir=\"auto\">Podw\u00f3jna natura syreny, pe\u0142na uduchowienia i jednocze\u015bnie zimnokrwisto\u015bci to odbicie blisko\u015bci i oddalenia, kontaktu i separacji kt\u00f3rej do\u015bwiadczamy w relacji z nasz\u0105 psyche.<\/div>\n<div dir=\"auto\"><\/div>\n<\/div>\n<p>Oryginalnie obraz namalowany technik\u0105 mieszan\u0105.<\/p>\n<p>Kupujesz wysokiej jako\u015bci wydruk artystyczny, wydrukowany na pi\u0119knym, mi\u0119sistym papierze.<\/p>\n<p>Kolory s\u0105 \u017cywe i wysycone, bardzo zbli\u017cone do oryginalnych.<\/p>\n<p>Rozmiar A5 w tym 0,5 cm bia\u0142ego marginesu po ka\u017cdej ze stron.<\/p>\n<p>Wysy\u0142ka listem priorytetowym poleconym lub paczk\u0105. Przygotowanie wysy\u0142ki 1-3 dni roboczych+ dostawa.<\/p>","protected":false},"excerpt":{"rendered":"<p>Syrena &#8211; wydruk artystyczny Przyp\u0142yn\u0119\u0142a syrena. Od pocz\u0105tku czu\u0142am, \u017ce to b\u0119dzie jaka\u015b morska istota ale te\u017c bardzo sensualna. Fale niczym w\u0119\u017ce wij\u0105 si\u0119 wzd\u0142u\u017c jej cia\u0142a. Czytam o syrenach w The Book of Symbols. Syrena ma w sobie kobiet\u0119 i obcego:)) Symbolizuje seksualn\u0105 mi\u0142o\u015b\u0107, przyjemnno\u015b\u0107 i spe\u0142nienie \u017cycze\u0144. Ma dar przepowiadania przysz\u0142o\u015bci. Moc niebywa\u0142ego [&hellip;]<\/p>\n","protected":false},"featured_media":1280,"comment_status":"open","ping_status":"closed","template":"","meta":[],"product_brand":[],"product_cat":[112],"product_tag":[],"class_list":{"0":"post-1413","1":"product","2":"type-product","3":"status-publish","4":"has-post-thumbnail","6":"product_cat-wydruki","7":"product_shipping_class-obrazy-oryginalne","9":"first","10":"instock","11":"shipping-taxable","12":"purchasable","13":"product-type-simple"},"yoast_head":"<!-- This site is optimized with the Yoast SEO plugin v27.3 - https:\/\/yoast.com\/product\/yoast-seo-wordpress\/ -->\n<title>Syrena, wydruk artystyczny A5 - Zunka Cichos jak kameleon<\/title>\n<meta name=\"description\" content=\"Wysokiej jako\u015bci wydruk artystyczny, wydrukowany na pi\u0119knym, mi\u0119sistym papierze. Kolory s\u0105 \u017cywe i wysycone, wydruk wygl\u0105da jak orygina\u0142. Rozmiar A5\" \/>\n<meta name=\"robots\" content=\"index, follow, max-snippet:-1, max-image-preview:large, max-video-preview:-1\" \/>\n<link rel=\"canonical\" href=\"https:\/\/zunkacichoscameleon.pl\/en\/product\/syrena-wydruk-artystyczny-a5\/\" \/>\n<meta property=\"og:locale\" content=\"en_GB\" \/>\n<meta property=\"og:type\" content=\"article\" \/>\n<meta property=\"og:title\" content=\"Syrena, wydruk artystyczny A5 - Zunka Cichos jak kameleon\" \/>\n<meta property=\"og:description\" content=\"Wysokiej jako\u015bci wydruk artystyczny, wydrukowany na pi\u0119knym, mi\u0119sistym papierze. Kolory s\u0105 \u017cywe i wysycone, wydruk wygl\u0105da jak orygina\u0142. Rozmiar A5\" \/>\n<meta property=\"og:url\" content=\"https:\/\/zunkacichoscameleon.pl\/en\/product\/syrena-wydruk-artystyczny-a5\/\" \/>\n<meta property=\"og:site_name\" content=\"Zunka Cichos jak kameleon\" \/>\n<meta property=\"article:publisher\" content=\"https:\/\/www.facebook.com\/Cameleon-100398745427656\" \/>\n<meta property=\"article:modified_time\" content=\"2025-12-02T15:09:56+00:00\" \/>\n<meta property=\"og:image\" content=\"https:\/\/zunkacichoscameleon.pl\/wp-content\/uploads\/2024\/03\/IMG_20240126_085643-scaled.jpg\" \/>\n\t<meta property=\"og:image:width\" content=\"1920\" \/>\n\t<meta property=\"og:image:height\" content=\"2560\" \/>\n\t<meta property=\"og:image:type\" content=\"image\/jpeg\" \/>\n<meta name=\"twitter:card\" content=\"summary_large_image\" \/>\n<meta name=\"twitter:label1\" content=\"Estimated reading time\" \/>\n\t<meta name=\"twitter:data1\" content=\"2 minutes\" \/>\n<script type=\"application\/ld+json\" class=\"yoast-schema-graph\">{\"@context\":\"https:\\\/\\\/schema.org\",\"@graph\":[{\"@type\":\"WebPage\",\"@id\":\"https:\\\/\\\/zunkacichoscameleon.pl\\\/produkt\\\/syrena-wydruk-artystyczny-a5\\\/\",\"url\":\"https:\\\/\\\/zunkacichoscameleon.pl\\\/produkt\\\/syrena-wydruk-artystyczny-a5\\\/\",\"name\":\"Syrena, wydruk artystyczny A5 - Zunka Cichos jak kameleon\",\"isPartOf\":{\"@id\":\"https:\\\/\\\/zunkacichoscameleon.pl\\\/#website\"},\"primaryImageOfPage\":{\"@id\":\"https:\\\/\\\/zunkacichoscameleon.pl\\\/produkt\\\/syrena-wydruk-artystyczny-a5\\\/#primaryimage\"},\"image\":{\"@id\":\"https:\\\/\\\/zunkacichoscameleon.pl\\\/produkt\\\/syrena-wydruk-artystyczny-a5\\\/#primaryimage\"},\"thumbnailUrl\":\"https:\\\/\\\/zunkacichoscameleon.pl\\\/wp-content\\\/uploads\\\/2024\\\/03\\\/IMG_20240126_085643-scaled.jpg\",\"datePublished\":\"2024-05-27T09:05:27+00:00\",\"dateModified\":\"2025-12-02T15:09:56+00:00\",\"description\":\"Wysokiej jako\u015bci wydruk artystyczny, wydrukowany na pi\u0119knym, mi\u0119sistym papierze. Kolory s\u0105 \u017cywe i wysycone, wydruk wygl\u0105da jak orygina\u0142. Rozmiar A5\",\"breadcrumb\":{\"@id\":\"https:\\\/\\\/zunkacichoscameleon.pl\\\/produkt\\\/syrena-wydruk-artystyczny-a5\\\/#breadcrumb\"},\"inLanguage\":\"en-GB\",\"potentialAction\":[{\"@type\":\"ReadAction\",\"target\":[\"https:\\\/\\\/zunkacichoscameleon.pl\\\/produkt\\\/syrena-wydruk-artystyczny-a5\\\/\"]}]},{\"@type\":\"ImageObject\",\"inLanguage\":\"en-GB\",\"@id\":\"https:\\\/\\\/zunkacichoscameleon.pl\\\/produkt\\\/syrena-wydruk-artystyczny-a5\\\/#primaryimage\",\"url\":\"https:\\\/\\\/zunkacichoscameleon.pl\\\/wp-content\\\/uploads\\\/2024\\\/03\\\/IMG_20240126_085643-scaled.jpg\",\"contentUrl\":\"https:\\\/\\\/zunkacichoscameleon.pl\\\/wp-content\\\/uploads\\\/2024\\\/03\\\/IMG_20240126_085643-scaled.jpg\",\"width\":1920,\"height\":2560,\"caption\":\"syrena\"},{\"@type\":\"BreadcrumbList\",\"@id\":\"https:\\\/\\\/zunkacichoscameleon.pl\\\/produkt\\\/syrena-wydruk-artystyczny-a5\\\/#breadcrumb\",\"itemListElement\":[{\"@type\":\"ListItem\",\"position\":1,\"name\":\"Strona g\u0142\u00f3wna\",\"item\":\"https:\\\/\\\/zunkacichoscameleon.pl\\\/\"},{\"@type\":\"ListItem\",\"position\":2,\"name\":\"Sklep\",\"item\":\"https:\\\/\\\/zunkacichoscameleon.pl\\\/sklep\\\/\"},{\"@type\":\"ListItem\",\"position\":3,\"name\":\"Syrena, wydruk artystyczny A5\"}]},{\"@type\":\"WebSite\",\"@id\":\"https:\\\/\\\/zunkacichoscameleon.pl\\\/#website\",\"url\":\"https:\\\/\\\/zunkacichoscameleon.pl\\\/\",\"name\":\"Zunka Cichos jak kameleon\",\"description\":\"Rozkminy artystyczno-\u017cyciowe\",\"publisher\":{\"@id\":\"https:\\\/\\\/zunkacichoscameleon.pl\\\/#\\\/schema\\\/person\\\/54eb2742270ae1528910f7e3c94c38a2\"},\"potentialAction\":[{\"@type\":\"SearchAction\",\"target\":{\"@type\":\"EntryPoint\",\"urlTemplate\":\"https:\\\/\\\/zunkacichoscameleon.pl\\\/?s={search_term_string}\"},\"query-input\":{\"@type\":\"PropertyValueSpecification\",\"valueRequired\":true,\"valueName\":\"search_term_string\"}}],\"inLanguage\":\"en-GB\"},{\"@type\":[\"Person\",\"Organization\"],\"@id\":\"https:\\\/\\\/zunkacichoscameleon.pl\\\/#\\\/schema\\\/person\\\/54eb2742270ae1528910f7e3c94c38a2\",\"name\":\"Zunka Cichos\",\"image\":{\"@type\":\"ImageObject\",\"inLanguage\":\"en-GB\",\"@id\":\"https:\\\/\\\/zunkacichoscameleon.pl\\\/wp-content\\\/uploads\\\/2021\\\/12\\\/3.jpg-necklace.jpg\",\"url\":\"https:\\\/\\\/zunkacichoscameleon.pl\\\/wp-content\\\/uploads\\\/2021\\\/12\\\/3.jpg-necklace.jpg\",\"contentUrl\":\"https:\\\/\\\/zunkacichoscameleon.pl\\\/wp-content\\\/uploads\\\/2021\\\/12\\\/3.jpg-necklace.jpg\",\"width\":900,\"height\":600,\"caption\":\"Zunka Cichos\"},\"logo\":{\"@id\":\"https:\\\/\\\/zunkacichoscameleon.pl\\\/wp-content\\\/uploads\\\/2021\\\/12\\\/3.jpg-necklace.jpg\"},\"sameAs\":[\"https:\\\/\\\/zunkacichoscameleon.pl\",\"https:\\\/\\\/www.facebook.com\\\/Cameleon-100398745427656\",\"https:\\\/\\\/www.instagram.com\\\/cameleonka\\\/?hl=en\",\"https:\\\/\\\/pl.pinterest.com\\\/cameleonartshop\\\/_created\\\/\"]}]}<\/script>\n<!-- \/ Yoast SEO plugin. -->","yoast_head_json":{"title":"Syrena, wydruk artystyczny A5 - Zunka Cichos jak kameleon","description":"Wysokiej jako\u015bci wydruk artystyczny, wydrukowany na pi\u0119knym, mi\u0119sistym papierze. Kolory s\u0105 \u017cywe i wysycone, wydruk wygl\u0105da jak orygina\u0142. Rozmiar A5","robots":{"index":"index","follow":"follow","max-snippet":"max-snippet:-1","max-image-preview":"max-image-preview:large","max-video-preview":"max-video-preview:-1"},"canonical":"https:\/\/zunkacichoscameleon.pl\/en\/product\/syrena-wydruk-artystyczny-a5\/","og_locale":"en_GB","og_type":"article","og_title":"Syrena, wydruk artystyczny A5 - Zunka Cichos jak kameleon","og_description":"Wysokiej jako\u015bci wydruk artystyczny, wydrukowany na pi\u0119knym, mi\u0119sistym papierze. Kolory s\u0105 \u017cywe i wysycone, wydruk wygl\u0105da jak orygina\u0142. Rozmiar A5","og_url":"https:\/\/zunkacichoscameleon.pl\/en\/product\/syrena-wydruk-artystyczny-a5\/","og_site_name":"Zunka Cichos jak kameleon","article_publisher":"https:\/\/www.facebook.com\/Cameleon-100398745427656","article_modified_time":"2025-12-02T15:09:56+00:00","og_image":[{"width":1920,"height":2560,"url":"https:\/\/zunkacichoscameleon.pl\/wp-content\/uploads\/2024\/03\/IMG_20240126_085643-scaled.jpg","type":"image\/jpeg"}],"twitter_card":"summary_large_image","twitter_misc":{"Estimated reading time":"2 minutes"},"schema":{"@context":"https:\/\/schema.org","@graph":[{"@type":"WebPage","@id":"https:\/\/zunkacichoscameleon.pl\/produkt\/syrena-wydruk-artystyczny-a5\/","url":"https:\/\/zunkacichoscameleon.pl\/produkt\/syrena-wydruk-artystyczny-a5\/","name":"Syrena, wydruk artystyczny A5 - Zunka Cichos jak kameleon","isPartOf":{"@id":"https:\/\/zunkacichoscameleon.pl\/#website"},"primaryImageOfPage":{"@id":"https:\/\/zunkacichoscameleon.pl\/produkt\/syrena-wydruk-artystyczny-a5\/#primaryimage"},"image":{"@id":"https:\/\/zunkacichoscameleon.pl\/produkt\/syrena-wydruk-artystyczny-a5\/#primaryimage"},"thumbnailUrl":"https:\/\/zunkacichoscameleon.pl\/wp-content\/uploads\/2024\/03\/IMG_20240126_085643-scaled.jpg","datePublished":"2024-05-27T09:05:27+00:00","dateModified":"2025-12-02T15:09:56+00:00","description":"Wysokiej jako\u015bci wydruk artystyczny, wydrukowany na pi\u0119knym, mi\u0119sistym papierze. Kolory s\u0105 \u017cywe i wysycone, wydruk wygl\u0105da jak orygina\u0142. Rozmiar A5","breadcrumb":{"@id":"https:\/\/zunkacichoscameleon.pl\/produkt\/syrena-wydruk-artystyczny-a5\/#breadcrumb"},"inLanguage":"en-GB","potentialAction":[{"@type":"ReadAction","target":["https:\/\/zunkacichoscameleon.pl\/produkt\/syrena-wydruk-artystyczny-a5\/"]}]},{"@type":"ImageObject","inLanguage":"en-GB","@id":"https:\/\/zunkacichoscameleon.pl\/produkt\/syrena-wydruk-artystyczny-a5\/#primaryimage","url":"https:\/\/zunkacichoscameleon.pl\/wp-content\/uploads\/2024\/03\/IMG_20240126_085643-scaled.jpg","contentUrl":"https:\/\/zunkacichoscameleon.pl\/wp-content\/uploads\/2024\/03\/IMG_20240126_085643-scaled.jpg","width":1920,"height":2560,"caption":"syrena"},{"@type":"BreadcrumbList","@id":"https:\/\/zunkacichoscameleon.pl\/produkt\/syrena-wydruk-artystyczny-a5\/#breadcrumb","itemListElement":[{"@type":"ListItem","position":1,"name":"Strona g\u0142\u00f3wna","item":"https:\/\/zunkacichoscameleon.pl\/"},{"@type":"ListItem","position":2,"name":"Sklep","item":"https:\/\/zunkacichoscameleon.pl\/sklep\/"},{"@type":"ListItem","position":3,"name":"Syrena, wydruk artystyczny A5"}]},{"@type":"WebSite","@id":"https:\/\/zunkacichoscameleon.pl\/#website","url":"https:\/\/zunkacichoscameleon.pl\/","name":"Zunka Cichos jak kameleon","description":"Rozkminy artystyczno-\u017cyciowe","publisher":{"@id":"https:\/\/zunkacichoscameleon.pl\/#\/schema\/person\/54eb2742270ae1528910f7e3c94c38a2"},"potentialAction":[{"@type":"SearchAction","target":{"@type":"EntryPoint","urlTemplate":"https:\/\/zunkacichoscameleon.pl\/?s={search_term_string}"},"query-input":{"@type":"PropertyValueSpecification","valueRequired":true,"valueName":"search_term_string"}}],"inLanguage":"en-GB"},{"@type":["Person","Organization"],"@id":"https:\/\/zunkacichoscameleon.pl\/#\/schema\/person\/54eb2742270ae1528910f7e3c94c38a2","name":"Zunka Cichos","image":{"@type":"ImageObject","inLanguage":"en-GB","@id":"https:\/\/zunkacichoscameleon.pl\/wp-content\/uploads\/2021\/12\/3.jpg-necklace.jpg","url":"https:\/\/zunkacichoscameleon.pl\/wp-content\/uploads\/2021\/12\/3.jpg-necklace.jpg","contentUrl":"https:\/\/zunkacichoscameleon.pl\/wp-content\/uploads\/2021\/12\/3.jpg-necklace.jpg","width":900,"height":600,"caption":"Zunka Cichos"},"logo":{"@id":"https:\/\/zunkacichoscameleon.pl\/wp-content\/uploads\/2021\/12\/3.jpg-necklace.jpg"},"sameAs":["https:\/\/zunkacichoscameleon.pl","https:\/\/www.facebook.com\/Cameleon-100398745427656","https:\/\/www.instagram.com\/cameleonka\/?hl=en","https:\/\/pl.pinterest.com\/cameleonartshop\/_created\/"]}]}},"jetpack_sharing_enabled":true,"_links":{"self":[{"href":"https:\/\/zunkacichoscameleon.pl\/en\/wp-json\/wp\/v2\/product\/1413","targetHints":{"allow":["GET"]}}],"collection":[{"href":"https:\/\/zunkacichoscameleon.pl\/en\/wp-json\/wp\/v2\/product"}],"about":[{"href":"https:\/\/zunkacichoscameleon.pl\/en\/wp-json\/wp\/v2\/types\/product"}],"replies":[{"embeddable":true,"href":"https:\/\/zunkacichoscameleon.pl\/en\/wp-json\/wp\/v2\/comments?post=1413"}],"wp:featuredmedia":[{"embeddable":true,"href":"https:\/\/zunkacichoscameleon.pl\/en\/wp-json\/wp\/v2\/media\/1280"}],"wp:attachment":[{"href":"https:\/\/zunkacichoscameleon.pl\/en\/wp-json\/wp\/v2\/media?parent=1413"}],"wp:term":[{"taxonomy":"product_brand","embeddable":true,"href":"https:\/\/zunkacichoscameleon.pl\/en\/wp-json\/wp\/v2\/product_brand?post=1413"},{"taxonomy":"product_cat","embeddable":true,"href":"https:\/\/zunkacichoscameleon.pl\/en\/wp-json\/wp\/v2\/product_cat?post=1413"},{"taxonomy":"product_tag","embeddable":true,"href":"https:\/\/zunkacichoscameleon.pl\/en\/wp-json\/wp\/v2\/product_tag?post=1413"}],"curies":[{"name":"wp","href":"https:\/\/api.w.org\/{rel}","templated":true}]}}