{"id":1416,"date":"2024-05-27T11:11:35","date_gmt":"2024-05-27T09:11:35","guid":{"rendered":"https:\/\/zunkacichoscameleon.pl\/?post_type=product&#038;p=1416"},"modified":"2025-12-02T16:09:28","modified_gmt":"2025-12-02T15:09:28","slug":"kobieta-waz-transformacja-wydruk-artystyczny-a4","status":"publish","type":"product","link":"https:\/\/zunkacichoscameleon.pl\/en\/product\/kobieta-waz-transformacja-wydruk-artystyczny-a4\/","title":{"rendered":"Kobieta w\u0105\u017c, transformacja, wydruk artystyczny A4"},"content":{"rendered":"<p>Woman is intertwined with a snake, the symbol of healing<\/p>\n<p>Snake is close to the earth and reminds us to stay grouded especially during transformation and healing time<\/p>\n<p>snake alike movement  is penetrating womans body and moves her sexual energy. This movement pushes out what still needs to be healed<\/p>\n<p>You are buying fine art print<\/p>\n<p>Originally painted with acrylic inks and paints<\/p>\n<p>high quality print, 270 gram paper<\/p>\n<p>Colours are vivid and crisp<\/p>\n<p>Rozmiar A4 w tym 1 cm margines z ka\u017cdej strony<\/p>\n<p>Unframed<\/p>\n<p>Processing time 1-3 business days+delivery with standard registered mail<\/p>\n<p>&nbsp;<\/p>","protected":false},"excerpt":{"rendered":"<p>Snake women, fine art print, giclee print, without frame<\/p>","protected":false},"featured_media":1184,"comment_status":"open","ping_status":"closed","template":"","meta":[],"product_brand":[],"product_cat":[112],"product_tag":[45,115,47,114,44,116],"class_list":{"0":"post-1416","1":"product","2":"type-product","3":"status-publish","4":"has-post-thumbnail","6":"product_cat-wydruki","7":"product_tag-fine-art-print","8":"product_tag-giclee","9":"product_tag-kobieta","10":"product_tag-kobieta-waz","11":"product_tag-wydruk","12":"product_tag-wydruk-artystyczny","13":"product_shipping_class-obrazy-oryginalne","15":"first","16":"instock","17":"shipping-taxable","18":"purchasable","19":"product-type-simple"},"yoast_head":"<!-- This site is optimized with the Yoast SEO plugin v27.3 - https:\/\/yoast.com\/product\/yoast-seo-wordpress\/ -->\n<title>Kobieta w\u0105\u017c, transformacja, wydruk artystyczny A4 - Zunka Cichos jak kameleon<\/title>\n<meta name=\"description\" content=\"Kobieta w\u0105\u017c, wysokiej jako\u015bci wydruk artystyczny, fine art print, giclee, bez ramy\" \/>\n<meta name=\"robots\" content=\"index, follow, max-snippet:-1, max-image-preview:large, max-video-preview:-1\" \/>\n<link rel=\"canonical\" href=\"https:\/\/zunkacichoscameleon.pl\/en\/product\/kobieta-waz-transformacja-wydruk-artystyczny-a4\/\" \/>\n<meta property=\"og:locale\" content=\"en_GB\" \/>\n<meta property=\"og:type\" content=\"article\" \/>\n<meta property=\"og:title\" content=\"Kobieta w\u0105\u017c, transformacja, wydruk artystyczny A4 - Zunka Cichos jak kameleon\" \/>\n<meta property=\"og:description\" content=\"Kobieta w\u0105\u017c, wysokiej jako\u015bci wydruk artystyczny, fine art print, giclee, bez ramy\" \/>\n<meta property=\"og:url\" content=\"https:\/\/zunkacichoscameleon.pl\/en\/product\/kobieta-waz-transformacja-wydruk-artystyczny-a4\/\" \/>\n<meta property=\"og:site_name\" content=\"Zunka Cichos jak kameleon\" \/>\n<meta property=\"article:publisher\" content=\"https:\/\/www.facebook.com\/Cameleon-100398745427656\" \/>\n<meta property=\"article:modified_time\" content=\"2025-12-02T15:09:28+00:00\" \/>\n<meta property=\"og:image\" content=\"https:\/\/zunkacichoscameleon.pl\/wp-content\/uploads\/2024\/01\/PB051460-scaled.jpg\" \/>\n\t<meta property=\"og:image:width\" content=\"1920\" \/>\n\t<meta property=\"og:image:height\" content=\"2560\" \/>\n\t<meta property=\"og:image:type\" content=\"image\/jpeg\" \/>\n<meta name=\"twitter:card\" content=\"summary_large_image\" \/>\n<meta name=\"twitter:label1\" content=\"Estimated reading time\" \/>\n\t<meta name=\"twitter:data1\" content=\"1 minute\" \/>\n<script type=\"application\/ld+json\" class=\"yoast-schema-graph\">{\"@context\":\"https:\\\/\\\/schema.org\",\"@graph\":[{\"@type\":\"WebPage\",\"@id\":\"https:\\\/\\\/zunkacichoscameleon.pl\\\/produkt\\\/kobieta-waz-transformacja-wydruk-artystyczny-a4\\\/\",\"url\":\"https:\\\/\\\/zunkacichoscameleon.pl\\\/produkt\\\/kobieta-waz-transformacja-wydruk-artystyczny-a4\\\/\",\"name\":\"Kobieta w\u0105\u017c, transformacja, wydruk artystyczny A4 - Zunka Cichos jak kameleon\",\"isPartOf\":{\"@id\":\"https:\\\/\\\/zunkacichoscameleon.pl\\\/#website\"},\"primaryImageOfPage\":{\"@id\":\"https:\\\/\\\/zunkacichoscameleon.pl\\\/produkt\\\/kobieta-waz-transformacja-wydruk-artystyczny-a4\\\/#primaryimage\"},\"image\":{\"@id\":\"https:\\\/\\\/zunkacichoscameleon.pl\\\/produkt\\\/kobieta-waz-transformacja-wydruk-artystyczny-a4\\\/#primaryimage\"},\"thumbnailUrl\":\"https:\\\/\\\/zunkacichoscameleon.pl\\\/wp-content\\\/uploads\\\/2024\\\/01\\\/PB051460-scaled.jpg\",\"datePublished\":\"2024-05-27T09:11:35+00:00\",\"dateModified\":\"2025-12-02T15:09:28+00:00\",\"description\":\"Kobieta w\u0105\u017c, wysokiej jako\u015bci wydruk artystyczny, fine art print, giclee, bez ramy\",\"breadcrumb\":{\"@id\":\"https:\\\/\\\/zunkacichoscameleon.pl\\\/produkt\\\/kobieta-waz-transformacja-wydruk-artystyczny-a4\\\/#breadcrumb\"},\"inLanguage\":\"en-GB\",\"potentialAction\":[{\"@type\":\"ReadAction\",\"target\":[\"https:\\\/\\\/zunkacichoscameleon.pl\\\/produkt\\\/kobieta-waz-transformacja-wydruk-artystyczny-a4\\\/\"]}]},{\"@type\":\"ImageObject\",\"inLanguage\":\"en-GB\",\"@id\":\"https:\\\/\\\/zunkacichoscameleon.pl\\\/produkt\\\/kobieta-waz-transformacja-wydruk-artystyczny-a4\\\/#primaryimage\",\"url\":\"https:\\\/\\\/zunkacichoscameleon.pl\\\/wp-content\\\/uploads\\\/2024\\\/01\\\/PB051460-scaled.jpg\",\"contentUrl\":\"https:\\\/\\\/zunkacichoscameleon.pl\\\/wp-content\\\/uploads\\\/2024\\\/01\\\/PB051460-scaled.jpg\",\"width\":1920,\"height\":2560,\"caption\":\"Kobieta waz transformacja wydruk artystyczny\"},{\"@type\":\"BreadcrumbList\",\"@id\":\"https:\\\/\\\/zunkacichoscameleon.pl\\\/produkt\\\/kobieta-waz-transformacja-wydruk-artystyczny-a4\\\/#breadcrumb\",\"itemListElement\":[{\"@type\":\"ListItem\",\"position\":1,\"name\":\"Strona g\u0142\u00f3wna\",\"item\":\"https:\\\/\\\/zunkacichoscameleon.pl\\\/\"},{\"@type\":\"ListItem\",\"position\":2,\"name\":\"Sklep\",\"item\":\"https:\\\/\\\/zunkacichoscameleon.pl\\\/sklep\\\/\"},{\"@type\":\"ListItem\",\"position\":3,\"name\":\"Kobieta w\u0105\u017c, transformacja, wydruk artystyczny A4\"}]},{\"@type\":\"WebSite\",\"@id\":\"https:\\\/\\\/zunkacichoscameleon.pl\\\/#website\",\"url\":\"https:\\\/\\\/zunkacichoscameleon.pl\\\/\",\"name\":\"Zunka Cichos jak kameleon\",\"description\":\"Rozkminy artystyczno-\u017cyciowe\",\"publisher\":{\"@id\":\"https:\\\/\\\/zunkacichoscameleon.pl\\\/#\\\/schema\\\/person\\\/54eb2742270ae1528910f7e3c94c38a2\"},\"potentialAction\":[{\"@type\":\"SearchAction\",\"target\":{\"@type\":\"EntryPoint\",\"urlTemplate\":\"https:\\\/\\\/zunkacichoscameleon.pl\\\/?s={search_term_string}\"},\"query-input\":{\"@type\":\"PropertyValueSpecification\",\"valueRequired\":true,\"valueName\":\"search_term_string\"}}],\"inLanguage\":\"en-GB\"},{\"@type\":[\"Person\",\"Organization\"],\"@id\":\"https:\\\/\\\/zunkacichoscameleon.pl\\\/#\\\/schema\\\/person\\\/54eb2742270ae1528910f7e3c94c38a2\",\"name\":\"Zunka Cichos\",\"image\":{\"@type\":\"ImageObject\",\"inLanguage\":\"en-GB\",\"@id\":\"https:\\\/\\\/zunkacichoscameleon.pl\\\/wp-content\\\/uploads\\\/2021\\\/12\\\/3.jpg-necklace.jpg\",\"url\":\"https:\\\/\\\/zunkacichoscameleon.pl\\\/wp-content\\\/uploads\\\/2021\\\/12\\\/3.jpg-necklace.jpg\",\"contentUrl\":\"https:\\\/\\\/zunkacichoscameleon.pl\\\/wp-content\\\/uploads\\\/2021\\\/12\\\/3.jpg-necklace.jpg\",\"width\":900,\"height\":600,\"caption\":\"Zunka Cichos\"},\"logo\":{\"@id\":\"https:\\\/\\\/zunkacichoscameleon.pl\\\/wp-content\\\/uploads\\\/2021\\\/12\\\/3.jpg-necklace.jpg\"},\"sameAs\":[\"https:\\\/\\\/zunkacichoscameleon.pl\",\"https:\\\/\\\/www.facebook.com\\\/Cameleon-100398745427656\",\"https:\\\/\\\/www.instagram.com\\\/cameleonka\\\/?hl=en\",\"https:\\\/\\\/pl.pinterest.com\\\/cameleonartshop\\\/_created\\\/\"]}]}<\/script>\n<!-- \/ Yoast SEO plugin. -->","yoast_head_json":{"title":"Kobieta w\u0105\u017c, transformacja, wydruk artystyczny A4 - Zunka Cichos jak kameleon","description":"Snake women, fine art print, giclee print, without frame","robots":{"index":"index","follow":"follow","max-snippet":"max-snippet:-1","max-image-preview":"max-image-preview:large","max-video-preview":"max-video-preview:-1"},"canonical":"https:\/\/zunkacichoscameleon.pl\/en\/product\/kobieta-waz-transformacja-wydruk-artystyczny-a4\/","og_locale":"en_GB","og_type":"article","og_title":"Kobieta w\u0105\u017c, transformacja, wydruk artystyczny A4 - Zunka Cichos jak kameleon","og_description":"Kobieta w\u0105\u017c, wysokiej jako\u015bci wydruk artystyczny, fine art print, giclee, bez ramy","og_url":"https:\/\/zunkacichoscameleon.pl\/en\/product\/kobieta-waz-transformacja-wydruk-artystyczny-a4\/","og_site_name":"Zunka Cichos jak kameleon","article_publisher":"https:\/\/www.facebook.com\/Cameleon-100398745427656","article_modified_time":"2025-12-02T15:09:28+00:00","og_image":[{"width":1920,"height":2560,"url":"https:\/\/zunkacichoscameleon.pl\/wp-content\/uploads\/2024\/01\/PB051460-scaled.jpg","type":"image\/jpeg"}],"twitter_card":"summary_large_image","twitter_misc":{"Estimated reading time":"1 minute"},"schema":{"@context":"https:\/\/schema.org","@graph":[{"@type":"WebPage","@id":"https:\/\/zunkacichoscameleon.pl\/produkt\/kobieta-waz-transformacja-wydruk-artystyczny-a4\/","url":"https:\/\/zunkacichoscameleon.pl\/produkt\/kobieta-waz-transformacja-wydruk-artystyczny-a4\/","name":"Kobieta w\u0105\u017c, transformacja, wydruk artystyczny A4 - Zunka Cichos jak kameleon","isPartOf":{"@id":"https:\/\/zunkacichoscameleon.pl\/#website"},"primaryImageOfPage":{"@id":"https:\/\/zunkacichoscameleon.pl\/produkt\/kobieta-waz-transformacja-wydruk-artystyczny-a4\/#primaryimage"},"image":{"@id":"https:\/\/zunkacichoscameleon.pl\/produkt\/kobieta-waz-transformacja-wydruk-artystyczny-a4\/#primaryimage"},"thumbnailUrl":"https:\/\/zunkacichoscameleon.pl\/wp-content\/uploads\/2024\/01\/PB051460-scaled.jpg","datePublished":"2024-05-27T09:11:35+00:00","dateModified":"2025-12-02T15:09:28+00:00","description":"Snake women, fine art print, giclee print, without frame","breadcrumb":{"@id":"https:\/\/zunkacichoscameleon.pl\/produkt\/kobieta-waz-transformacja-wydruk-artystyczny-a4\/#breadcrumb"},"inLanguage":"en-GB","potentialAction":[{"@type":"ReadAction","target":["https:\/\/zunkacichoscameleon.pl\/produkt\/kobieta-waz-transformacja-wydruk-artystyczny-a4\/"]}]},{"@type":"ImageObject","inLanguage":"en-GB","@id":"https:\/\/zunkacichoscameleon.pl\/produkt\/kobieta-waz-transformacja-wydruk-artystyczny-a4\/#primaryimage","url":"https:\/\/zunkacichoscameleon.pl\/wp-content\/uploads\/2024\/01\/PB051460-scaled.jpg","contentUrl":"https:\/\/zunkacichoscameleon.pl\/wp-content\/uploads\/2024\/01\/PB051460-scaled.jpg","width":1920,"height":2560,"caption":"Kobieta waz transformacja wydruk artystyczny"},{"@type":"BreadcrumbList","@id":"https:\/\/zunkacichoscameleon.pl\/produkt\/kobieta-waz-transformacja-wydruk-artystyczny-a4\/#breadcrumb","itemListElement":[{"@type":"ListItem","position":1,"name":"Strona g\u0142\u00f3wna","item":"https:\/\/zunkacichoscameleon.pl\/"},{"@type":"ListItem","position":2,"name":"Sklep","item":"https:\/\/zunkacichoscameleon.pl\/sklep\/"},{"@type":"ListItem","position":3,"name":"Kobieta w\u0105\u017c, transformacja, wydruk artystyczny A4"}]},{"@type":"WebSite","@id":"https:\/\/zunkacichoscameleon.pl\/#website","url":"https:\/\/zunkacichoscameleon.pl\/","name":"Zunka Cichos jak kameleon","description":"Rozkminy artystyczno-\u017cyciowe","publisher":{"@id":"https:\/\/zunkacichoscameleon.pl\/#\/schema\/person\/54eb2742270ae1528910f7e3c94c38a2"},"potentialAction":[{"@type":"SearchAction","target":{"@type":"EntryPoint","urlTemplate":"https:\/\/zunkacichoscameleon.pl\/?s={search_term_string}"},"query-input":{"@type":"PropertyValueSpecification","valueRequired":true,"valueName":"search_term_string"}}],"inLanguage":"en-GB"},{"@type":["Person","Organization"],"@id":"https:\/\/zunkacichoscameleon.pl\/#\/schema\/person\/54eb2742270ae1528910f7e3c94c38a2","name":"Zunka Cichos","image":{"@type":"ImageObject","inLanguage":"en-GB","@id":"https:\/\/zunkacichoscameleon.pl\/wp-content\/uploads\/2021\/12\/3.jpg-necklace.jpg","url":"https:\/\/zunkacichoscameleon.pl\/wp-content\/uploads\/2021\/12\/3.jpg-necklace.jpg","contentUrl":"https:\/\/zunkacichoscameleon.pl\/wp-content\/uploads\/2021\/12\/3.jpg-necklace.jpg","width":900,"height":600,"caption":"Zunka Cichos"},"logo":{"@id":"https:\/\/zunkacichoscameleon.pl\/wp-content\/uploads\/2021\/12\/3.jpg-necklace.jpg"},"sameAs":["https:\/\/zunkacichoscameleon.pl","https:\/\/www.facebook.com\/Cameleon-100398745427656","https:\/\/www.instagram.com\/cameleonka\/?hl=en","https:\/\/pl.pinterest.com\/cameleonartshop\/_created\/"]}]}},"jetpack_sharing_enabled":true,"_links":{"self":[{"href":"https:\/\/zunkacichoscameleon.pl\/en\/wp-json\/wp\/v2\/product\/1416","targetHints":{"allow":["GET"]}}],"collection":[{"href":"https:\/\/zunkacichoscameleon.pl\/en\/wp-json\/wp\/v2\/product"}],"about":[{"href":"https:\/\/zunkacichoscameleon.pl\/en\/wp-json\/wp\/v2\/types\/product"}],"replies":[{"embeddable":true,"href":"https:\/\/zunkacichoscameleon.pl\/en\/wp-json\/wp\/v2\/comments?post=1416"}],"wp:featuredmedia":[{"embeddable":true,"href":"https:\/\/zunkacichoscameleon.pl\/en\/wp-json\/wp\/v2\/media\/1184"}],"wp:attachment":[{"href":"https:\/\/zunkacichoscameleon.pl\/en\/wp-json\/wp\/v2\/media?parent=1416"}],"wp:term":[{"taxonomy":"product_brand","embeddable":true,"href":"https:\/\/zunkacichoscameleon.pl\/en\/wp-json\/wp\/v2\/product_brand?post=1416"},{"taxonomy":"product_cat","embeddable":true,"href":"https:\/\/zunkacichoscameleon.pl\/en\/wp-json\/wp\/v2\/product_cat?post=1416"},{"taxonomy":"product_tag","embeddable":true,"href":"https:\/\/zunkacichoscameleon.pl\/en\/wp-json\/wp\/v2\/product_tag?post=1416"}],"curies":[{"name":"wp","href":"https:\/\/api.w.org\/{rel}","templated":true}]}}