{"id":1471,"date":"2024-07-17T15:37:19","date_gmt":"2024-07-17T13:37:19","guid":{"rendered":"https:\/\/zunkacichoscameleon.pl\/?post_type=product&#038;p=1471"},"modified":"2025-12-02T16:05:39","modified_gmt":"2025-12-02T15:05:39","slug":"pocztowka-artystyczna-otwarcie-w-sercu-i-w-ciele","status":"publish","type":"product","link":"https:\/\/zunkacichoscameleon.pl\/en\/product\/pocztowka-artystyczna-otwarcie-w-sercu-i-w-ciele\/","title":{"rendered":"Poczt\u00f3wka artystyczna &#8211; otwarcie w sercu i  w ciele"},"content":{"rendered":"<p>Poczt\u00f3wka artystyczna &#8211; otwarcie w sercu i\u00a0 w ciele<\/p>\n<p>+ koperta eko<\/p>\n<p>Obraz oryginalnie namalowany technik\u0105 mieszan\u0105<\/p>\n<p>Wyj\u0105tkowa, kolorowa poczt\u00f3wka lub karta na o\u0142tarzyk<\/p>\n<p>Ty\u0142 z nadrukiem<\/p>\n<p>Wysy\u0142ka listem priorytetowym poleconym, czas przygotowania wysy\u0142ki 1-3 dni roboczych<\/p>","protected":false},"excerpt":{"rendered":"<p>Poczt\u00f3wka artystyczna\u00a0 Otwarcie w sercu i w ciele + koperta eko<\/p>\n<p>Obraz oryginalnie namalowany technik\u0105 mieszan\u0105<\/p>\n<p>Wyj\u0105tkowa poczt\u00f3wka lub karta na o\u0142tarzyk<\/p>\n<p>Ty\u0142 z nadrukiem<\/p>\n<p>Wysy\u0142ka listem priorytetowym poleconym, czas przygotowania wysy\u0142ki 1-3 dni roboczych<\/p>","protected":false},"featured_media":1472,"comment_status":"open","ping_status":"closed","template":"","meta":[],"product_brand":[],"product_cat":[100],"product_tag":[],"class_list":{"0":"post-1471","1":"product","2":"type-product","3":"status-publish","4":"has-post-thumbnail","6":"product_cat-pocztowki","7":"product_shipping_class-pocztowki","9":"first","10":"instock","11":"shipping-taxable","12":"purchasable","13":"product-type-simple"},"yoast_head":"<!-- This site is optimized with the Yoast SEO plugin v27.3 - https:\/\/yoast.com\/product\/yoast-seo-wordpress\/ -->\n<title>Poczt\u00f3wka artystyczna - otwarcie w sercu i w ciele - Zunka Cichos jak kameleon<\/title>\n<meta name=\"description\" content=\"Poczt\u00f3wka artystyczna - Otwarcie w sercu i w ciele, Obraz oryginalnie namalowany technik\u0105 mieszan\u0105, Wyj\u0105tkowa poczt\u00f3wka lub karta na o\u0142tarzyk\" \/>\n<meta name=\"robots\" content=\"index, follow, max-snippet:-1, max-image-preview:large, max-video-preview:-1\" \/>\n<link rel=\"canonical\" href=\"https:\/\/zunkacichoscameleon.pl\/en\/product\/pocztowka-artystyczna-otwarcie-w-sercu-i-w-ciele\/\" \/>\n<meta property=\"og:locale\" content=\"en_GB\" \/>\n<meta property=\"og:type\" content=\"article\" \/>\n<meta property=\"og:title\" content=\"Poczt\u00f3wka artystyczna - otwarcie w sercu i w ciele - Zunka Cichos jak kameleon\" \/>\n<meta property=\"og:description\" content=\"Poczt\u00f3wka artystyczna - Otwarcie w sercu i w ciele, Obraz oryginalnie namalowany technik\u0105 mieszan\u0105, Wyj\u0105tkowa poczt\u00f3wka lub karta na o\u0142tarzyk\" \/>\n<meta property=\"og:url\" content=\"https:\/\/zunkacichoscameleon.pl\/en\/product\/pocztowka-artystyczna-otwarcie-w-sercu-i-w-ciele\/\" \/>\n<meta property=\"og:site_name\" content=\"Zunka Cichos jak kameleon\" \/>\n<meta property=\"article:publisher\" content=\"https:\/\/www.facebook.com\/Cameleon-100398745427656\" \/>\n<meta property=\"article:modified_time\" content=\"2025-12-02T15:05:39+00:00\" \/>\n<meta property=\"og:image\" content=\"https:\/\/zunkacichoscameleon.pl\/wp-content\/uploads\/2024\/07\/IMG_2637.jpg\" \/>\n\t<meta property=\"og:image:width\" content=\"2048\" \/>\n\t<meta property=\"og:image:height\" content=\"1536\" \/>\n\t<meta property=\"og:image:type\" content=\"image\/jpeg\" \/>\n<meta name=\"twitter:card\" content=\"summary_large_image\" \/>\n<meta name=\"twitter:label1\" content=\"Estimated reading time\" \/>\n\t<meta name=\"twitter:data1\" content=\"1 minute\" \/>\n<script type=\"application\/ld+json\" class=\"yoast-schema-graph\">{\"@context\":\"https:\\\/\\\/schema.org\",\"@graph\":[{\"@type\":\"WebPage\",\"@id\":\"https:\\\/\\\/zunkacichoscameleon.pl\\\/produkt\\\/pocztowka-artystyczna-otwarcie-w-sercu-i-w-ciele\\\/\",\"url\":\"https:\\\/\\\/zunkacichoscameleon.pl\\\/produkt\\\/pocztowka-artystyczna-otwarcie-w-sercu-i-w-ciele\\\/\",\"name\":\"Poczt\u00f3wka artystyczna - otwarcie w sercu i w ciele - Zunka Cichos jak kameleon\",\"isPartOf\":{\"@id\":\"https:\\\/\\\/zunkacichoscameleon.pl\\\/#website\"},\"primaryImageOfPage\":{\"@id\":\"https:\\\/\\\/zunkacichoscameleon.pl\\\/produkt\\\/pocztowka-artystyczna-otwarcie-w-sercu-i-w-ciele\\\/#primaryimage\"},\"image\":{\"@id\":\"https:\\\/\\\/zunkacichoscameleon.pl\\\/produkt\\\/pocztowka-artystyczna-otwarcie-w-sercu-i-w-ciele\\\/#primaryimage\"},\"thumbnailUrl\":\"https:\\\/\\\/zunkacichoscameleon.pl\\\/wp-content\\\/uploads\\\/2024\\\/07\\\/IMG_2637.jpg\",\"datePublished\":\"2024-07-17T13:37:19+00:00\",\"dateModified\":\"2025-12-02T15:05:39+00:00\",\"description\":\"Poczt\u00f3wka artystyczna - Otwarcie w sercu i w ciele, Obraz oryginalnie namalowany technik\u0105 mieszan\u0105, Wyj\u0105tkowa poczt\u00f3wka lub karta na o\u0142tarzyk\",\"breadcrumb\":{\"@id\":\"https:\\\/\\\/zunkacichoscameleon.pl\\\/produkt\\\/pocztowka-artystyczna-otwarcie-w-sercu-i-w-ciele\\\/#breadcrumb\"},\"inLanguage\":\"en-GB\",\"potentialAction\":[{\"@type\":\"ReadAction\",\"target\":[\"https:\\\/\\\/zunkacichoscameleon.pl\\\/produkt\\\/pocztowka-artystyczna-otwarcie-w-sercu-i-w-ciele\\\/\"]}]},{\"@type\":\"ImageObject\",\"inLanguage\":\"en-GB\",\"@id\":\"https:\\\/\\\/zunkacichoscameleon.pl\\\/produkt\\\/pocztowka-artystyczna-otwarcie-w-sercu-i-w-ciele\\\/#primaryimage\",\"url\":\"https:\\\/\\\/zunkacichoscameleon.pl\\\/wp-content\\\/uploads\\\/2024\\\/07\\\/IMG_2637.jpg\",\"contentUrl\":\"https:\\\/\\\/zunkacichoscameleon.pl\\\/wp-content\\\/uploads\\\/2024\\\/07\\\/IMG_2637.jpg\",\"width\":2048,\"height\":1536,\"caption\":\"Pocztowka artystyczna Otwarcie w sercu i w ciele\"},{\"@type\":\"BreadcrumbList\",\"@id\":\"https:\\\/\\\/zunkacichoscameleon.pl\\\/produkt\\\/pocztowka-artystyczna-otwarcie-w-sercu-i-w-ciele\\\/#breadcrumb\",\"itemListElement\":[{\"@type\":\"ListItem\",\"position\":1,\"name\":\"Strona g\u0142\u00f3wna\",\"item\":\"https:\\\/\\\/zunkacichoscameleon.pl\\\/\"},{\"@type\":\"ListItem\",\"position\":2,\"name\":\"Sklep\",\"item\":\"https:\\\/\\\/zunkacichoscameleon.pl\\\/sklep\\\/\"},{\"@type\":\"ListItem\",\"position\":3,\"name\":\"Poczt\u00f3wka artystyczna &#8211; otwarcie w sercu i w ciele\"}]},{\"@type\":\"WebSite\",\"@id\":\"https:\\\/\\\/zunkacichoscameleon.pl\\\/#website\",\"url\":\"https:\\\/\\\/zunkacichoscameleon.pl\\\/\",\"name\":\"Zunka Cichos jak kameleon\",\"description\":\"Rozkminy artystyczno-\u017cyciowe\",\"publisher\":{\"@id\":\"https:\\\/\\\/zunkacichoscameleon.pl\\\/#\\\/schema\\\/person\\\/54eb2742270ae1528910f7e3c94c38a2\"},\"potentialAction\":[{\"@type\":\"SearchAction\",\"target\":{\"@type\":\"EntryPoint\",\"urlTemplate\":\"https:\\\/\\\/zunkacichoscameleon.pl\\\/?s={search_term_string}\"},\"query-input\":{\"@type\":\"PropertyValueSpecification\",\"valueRequired\":true,\"valueName\":\"search_term_string\"}}],\"inLanguage\":\"en-GB\"},{\"@type\":[\"Person\",\"Organization\"],\"@id\":\"https:\\\/\\\/zunkacichoscameleon.pl\\\/#\\\/schema\\\/person\\\/54eb2742270ae1528910f7e3c94c38a2\",\"name\":\"Zunka Cichos\",\"image\":{\"@type\":\"ImageObject\",\"inLanguage\":\"en-GB\",\"@id\":\"https:\\\/\\\/zunkacichoscameleon.pl\\\/wp-content\\\/uploads\\\/2021\\\/12\\\/3.jpg-necklace.jpg\",\"url\":\"https:\\\/\\\/zunkacichoscameleon.pl\\\/wp-content\\\/uploads\\\/2021\\\/12\\\/3.jpg-necklace.jpg\",\"contentUrl\":\"https:\\\/\\\/zunkacichoscameleon.pl\\\/wp-content\\\/uploads\\\/2021\\\/12\\\/3.jpg-necklace.jpg\",\"width\":900,\"height\":600,\"caption\":\"Zunka Cichos\"},\"logo\":{\"@id\":\"https:\\\/\\\/zunkacichoscameleon.pl\\\/wp-content\\\/uploads\\\/2021\\\/12\\\/3.jpg-necklace.jpg\"},\"sameAs\":[\"https:\\\/\\\/zunkacichoscameleon.pl\",\"https:\\\/\\\/www.facebook.com\\\/Cameleon-100398745427656\",\"https:\\\/\\\/www.instagram.com\\\/cameleonka\\\/?hl=en\",\"https:\\\/\\\/pl.pinterest.com\\\/cameleonartshop\\\/_created\\\/\"]}]}<\/script>\n<!-- \/ Yoast SEO plugin. -->","yoast_head_json":{"title":"Poczt\u00f3wka artystyczna - otwarcie w sercu i w ciele - Zunka Cichos jak kameleon","description":"Poczt\u00f3wka artystyczna - Otwarcie w sercu i w ciele, Obraz oryginalnie namalowany technik\u0105 mieszan\u0105, Wyj\u0105tkowa poczt\u00f3wka lub karta na o\u0142tarzyk","robots":{"index":"index","follow":"follow","max-snippet":"max-snippet:-1","max-image-preview":"max-image-preview:large","max-video-preview":"max-video-preview:-1"},"canonical":"https:\/\/zunkacichoscameleon.pl\/en\/product\/pocztowka-artystyczna-otwarcie-w-sercu-i-w-ciele\/","og_locale":"en_GB","og_type":"article","og_title":"Poczt\u00f3wka artystyczna - otwarcie w sercu i w ciele - Zunka Cichos jak kameleon","og_description":"Poczt\u00f3wka artystyczna - Otwarcie w sercu i w ciele, Obraz oryginalnie namalowany technik\u0105 mieszan\u0105, Wyj\u0105tkowa poczt\u00f3wka lub karta na o\u0142tarzyk","og_url":"https:\/\/zunkacichoscameleon.pl\/en\/product\/pocztowka-artystyczna-otwarcie-w-sercu-i-w-ciele\/","og_site_name":"Zunka Cichos jak kameleon","article_publisher":"https:\/\/www.facebook.com\/Cameleon-100398745427656","article_modified_time":"2025-12-02T15:05:39+00:00","og_image":[{"width":2048,"height":1536,"url":"https:\/\/zunkacichoscameleon.pl\/wp-content\/uploads\/2024\/07\/IMG_2637.jpg","type":"image\/jpeg"}],"twitter_card":"summary_large_image","twitter_misc":{"Estimated reading time":"1 minute"},"schema":{"@context":"https:\/\/schema.org","@graph":[{"@type":"WebPage","@id":"https:\/\/zunkacichoscameleon.pl\/produkt\/pocztowka-artystyczna-otwarcie-w-sercu-i-w-ciele\/","url":"https:\/\/zunkacichoscameleon.pl\/produkt\/pocztowka-artystyczna-otwarcie-w-sercu-i-w-ciele\/","name":"Poczt\u00f3wka artystyczna - otwarcie w sercu i w ciele - Zunka Cichos jak kameleon","isPartOf":{"@id":"https:\/\/zunkacichoscameleon.pl\/#website"},"primaryImageOfPage":{"@id":"https:\/\/zunkacichoscameleon.pl\/produkt\/pocztowka-artystyczna-otwarcie-w-sercu-i-w-ciele\/#primaryimage"},"image":{"@id":"https:\/\/zunkacichoscameleon.pl\/produkt\/pocztowka-artystyczna-otwarcie-w-sercu-i-w-ciele\/#primaryimage"},"thumbnailUrl":"https:\/\/zunkacichoscameleon.pl\/wp-content\/uploads\/2024\/07\/IMG_2637.jpg","datePublished":"2024-07-17T13:37:19+00:00","dateModified":"2025-12-02T15:05:39+00:00","description":"Poczt\u00f3wka artystyczna - Otwarcie w sercu i w ciele, Obraz oryginalnie namalowany technik\u0105 mieszan\u0105, Wyj\u0105tkowa poczt\u00f3wka lub karta na o\u0142tarzyk","breadcrumb":{"@id":"https:\/\/zunkacichoscameleon.pl\/produkt\/pocztowka-artystyczna-otwarcie-w-sercu-i-w-ciele\/#breadcrumb"},"inLanguage":"en-GB","potentialAction":[{"@type":"ReadAction","target":["https:\/\/zunkacichoscameleon.pl\/produkt\/pocztowka-artystyczna-otwarcie-w-sercu-i-w-ciele\/"]}]},{"@type":"ImageObject","inLanguage":"en-GB","@id":"https:\/\/zunkacichoscameleon.pl\/produkt\/pocztowka-artystyczna-otwarcie-w-sercu-i-w-ciele\/#primaryimage","url":"https:\/\/zunkacichoscameleon.pl\/wp-content\/uploads\/2024\/07\/IMG_2637.jpg","contentUrl":"https:\/\/zunkacichoscameleon.pl\/wp-content\/uploads\/2024\/07\/IMG_2637.jpg","width":2048,"height":1536,"caption":"Pocztowka artystyczna Otwarcie w sercu i w ciele"},{"@type":"BreadcrumbList","@id":"https:\/\/zunkacichoscameleon.pl\/produkt\/pocztowka-artystyczna-otwarcie-w-sercu-i-w-ciele\/#breadcrumb","itemListElement":[{"@type":"ListItem","position":1,"name":"Strona g\u0142\u00f3wna","item":"https:\/\/zunkacichoscameleon.pl\/"},{"@type":"ListItem","position":2,"name":"Sklep","item":"https:\/\/zunkacichoscameleon.pl\/sklep\/"},{"@type":"ListItem","position":3,"name":"Poczt\u00f3wka artystyczna &#8211; otwarcie w sercu i w ciele"}]},{"@type":"WebSite","@id":"https:\/\/zunkacichoscameleon.pl\/#website","url":"https:\/\/zunkacichoscameleon.pl\/","name":"Zunka Cichos jak kameleon","description":"Rozkminy artystyczno-\u017cyciowe","publisher":{"@id":"https:\/\/zunkacichoscameleon.pl\/#\/schema\/person\/54eb2742270ae1528910f7e3c94c38a2"},"potentialAction":[{"@type":"SearchAction","target":{"@type":"EntryPoint","urlTemplate":"https:\/\/zunkacichoscameleon.pl\/?s={search_term_string}"},"query-input":{"@type":"PropertyValueSpecification","valueRequired":true,"valueName":"search_term_string"}}],"inLanguage":"en-GB"},{"@type":["Person","Organization"],"@id":"https:\/\/zunkacichoscameleon.pl\/#\/schema\/person\/54eb2742270ae1528910f7e3c94c38a2","name":"Zunka Cichos","image":{"@type":"ImageObject","inLanguage":"en-GB","@id":"https:\/\/zunkacichoscameleon.pl\/wp-content\/uploads\/2021\/12\/3.jpg-necklace.jpg","url":"https:\/\/zunkacichoscameleon.pl\/wp-content\/uploads\/2021\/12\/3.jpg-necklace.jpg","contentUrl":"https:\/\/zunkacichoscameleon.pl\/wp-content\/uploads\/2021\/12\/3.jpg-necklace.jpg","width":900,"height":600,"caption":"Zunka Cichos"},"logo":{"@id":"https:\/\/zunkacichoscameleon.pl\/wp-content\/uploads\/2021\/12\/3.jpg-necklace.jpg"},"sameAs":["https:\/\/zunkacichoscameleon.pl","https:\/\/www.facebook.com\/Cameleon-100398745427656","https:\/\/www.instagram.com\/cameleonka\/?hl=en","https:\/\/pl.pinterest.com\/cameleonartshop\/_created\/"]}]}},"jetpack_sharing_enabled":true,"_links":{"self":[{"href":"https:\/\/zunkacichoscameleon.pl\/en\/wp-json\/wp\/v2\/product\/1471","targetHints":{"allow":["GET"]}}],"collection":[{"href":"https:\/\/zunkacichoscameleon.pl\/en\/wp-json\/wp\/v2\/product"}],"about":[{"href":"https:\/\/zunkacichoscameleon.pl\/en\/wp-json\/wp\/v2\/types\/product"}],"replies":[{"embeddable":true,"href":"https:\/\/zunkacichoscameleon.pl\/en\/wp-json\/wp\/v2\/comments?post=1471"}],"wp:featuredmedia":[{"embeddable":true,"href":"https:\/\/zunkacichoscameleon.pl\/en\/wp-json\/wp\/v2\/media\/1472"}],"wp:attachment":[{"href":"https:\/\/zunkacichoscameleon.pl\/en\/wp-json\/wp\/v2\/media?parent=1471"}],"wp:term":[{"taxonomy":"product_brand","embeddable":true,"href":"https:\/\/zunkacichoscameleon.pl\/en\/wp-json\/wp\/v2\/product_brand?post=1471"},{"taxonomy":"product_cat","embeddable":true,"href":"https:\/\/zunkacichoscameleon.pl\/en\/wp-json\/wp\/v2\/product_cat?post=1471"},{"taxonomy":"product_tag","embeddable":true,"href":"https:\/\/zunkacichoscameleon.pl\/en\/wp-json\/wp\/v2\/product_tag?post=1471"}],"curies":[{"name":"wp","href":"https:\/\/api.w.org\/{rel}","templated":true}]}}