{"id":1617,"date":"2024-11-09T17:08:13","date_gmt":"2024-11-09T16:08:13","guid":{"rendered":"https:\/\/zunkacichoscameleon.pl\/?post_type=product&#038;p=1617"},"modified":"2025-12-02T16:04:01","modified_gmt":"2025-12-02T15:04:01","slug":"oparcie-w-drodze-do-domu-wydruk-artystyczny-a5","status":"publish","type":"product","link":"https:\/\/zunkacichoscameleon.pl\/en\/product\/oparcie-w-drodze-do-domu-wydruk-artystyczny-a5\/","title":{"rendered":"Oparcie w drodze do domu, wydruk artystyczny A5"},"content":{"rendered":"<p>Oparcie w drodze do domu<\/p>\n<p>Odda\u0107 ci\u0119\u017car na chwil\u0119, oprze\u0107 si\u0119 o co\u015b lub o kogo\u015b, dosta\u0107 wsparcie, poczu\u0107 ukojenie bo mo\u017cesz w ko\u0144cu pu\u015bci\u0107 i g\u0142\u0119boko odpocz\u0105\u0107, poczu\u0107 si\u0119 mi\u0119kko i bezpiecznie<\/p>\n<p>Obraz oryginalnie namalowany technik\u0105 mieszan\u0105 w intencji odnalezienia swojego miejsca na Ziemii<\/p>\n<p>Kupujesz wysokiej jako\u015bci wydruk artystyczny w rozmiarze A5<\/p>\n<p>Bia\u0142y margines po ka\u017cdej ze stron, 1 cm<\/p>\n<p>Kolory \u017cywe i wysycone, zbli\u017cone do orygina\u0142u<\/p>\n<p>Papier mi\u0119sisty, przypominaj\u0105cy papier do akwareli<\/p>\n<p>Przygotowanie do wysy\u0142ki 1-3 dni roboczych, + wysy\u0142ka listem priorytetowym poleconym<\/p>","protected":false},"excerpt":{"rendered":"<p>Oparcie w drodze do domu, wydruku artystyczny A5, obraz namalowany z intencj\u0105 odnalezienia swojego miejsca na Ziemii<\/p>","protected":false},"featured_media":1546,"comment_status":"open","ping_status":"closed","template":"","meta":[],"product_brand":[],"product_cat":[112],"product_tag":[],"class_list":{"0":"post-1617","1":"product","2":"type-product","3":"status-publish","4":"has-post-thumbnail","6":"product_cat-wydruki","7":"product_shipping_class-obrazy-oryginalne","9":"first","10":"outofstock","11":"shipping-taxable","12":"purchasable","13":"product-type-simple"},"yoast_head":"<!-- This site is optimized with the Yoast SEO plugin v27.3 - https:\/\/yoast.com\/product\/yoast-seo-wordpress\/ -->\n<title>Oparcie w drodze do domu, wydruk artystyczny A5 - Zunka Cichos jak kameleon<\/title>\n<meta name=\"description\" content=\"Oparcie w drodze do domu, wydruku artystyczny A4, obraz namalowany z intencj\u0105 odnalezienia swojego miejsca na Ziemii\" \/>\n<meta name=\"robots\" content=\"index, follow, max-snippet:-1, max-image-preview:large, max-video-preview:-1\" \/>\n<link rel=\"canonical\" href=\"https:\/\/zunkacichoscameleon.pl\/en\/product\/oparcie-w-drodze-do-domu-wydruk-artystyczny-a5\/\" \/>\n<meta property=\"og:locale\" content=\"en_GB\" \/>\n<meta property=\"og:type\" content=\"article\" \/>\n<meta property=\"og:title\" content=\"Oparcie w drodze do domu, wydruk artystyczny A5 - Zunka Cichos jak kameleon\" \/>\n<meta property=\"og:description\" content=\"Oparcie w drodze do domu, wydruku artystyczny A4, obraz namalowany z intencj\u0105 odnalezienia swojego miejsca na Ziemii\" \/>\n<meta property=\"og:url\" content=\"https:\/\/zunkacichoscameleon.pl\/en\/product\/oparcie-w-drodze-do-domu-wydruk-artystyczny-a5\/\" \/>\n<meta property=\"og:site_name\" content=\"Zunka Cichos jak kameleon\" \/>\n<meta property=\"article:publisher\" content=\"https:\/\/www.facebook.com\/Cameleon-100398745427656\" \/>\n<meta property=\"article:modified_time\" content=\"2025-12-02T15:04:01+00:00\" \/>\n<meta property=\"og:image\" content=\"https:\/\/zunkacichoscameleon.pl\/wp-content\/uploads\/2024\/09\/IMG_20240623_141436-scaled.jpg\" \/>\n\t<meta property=\"og:image:width\" content=\"1920\" \/>\n\t<meta property=\"og:image:height\" content=\"2560\" \/>\n\t<meta property=\"og:image:type\" content=\"image\/jpeg\" \/>\n<meta name=\"twitter:card\" content=\"summary_large_image\" \/>\n<meta name=\"twitter:label1\" content=\"Estimated reading time\" \/>\n\t<meta name=\"twitter:data1\" content=\"1 minute\" \/>\n<script type=\"application\/ld+json\" class=\"yoast-schema-graph\">{\"@context\":\"https:\\\/\\\/schema.org\",\"@graph\":[{\"@type\":\"WebPage\",\"@id\":\"https:\\\/\\\/zunkacichoscameleon.pl\\\/produkt\\\/oparcie-w-drodze-do-domu-wydruk-artystyczny-a5\\\/\",\"url\":\"https:\\\/\\\/zunkacichoscameleon.pl\\\/produkt\\\/oparcie-w-drodze-do-domu-wydruk-artystyczny-a5\\\/\",\"name\":\"Oparcie w drodze do domu, wydruk artystyczny A5 - Zunka Cichos jak kameleon\",\"isPartOf\":{\"@id\":\"https:\\\/\\\/zunkacichoscameleon.pl\\\/#website\"},\"primaryImageOfPage\":{\"@id\":\"https:\\\/\\\/zunkacichoscameleon.pl\\\/produkt\\\/oparcie-w-drodze-do-domu-wydruk-artystyczny-a5\\\/#primaryimage\"},\"image\":{\"@id\":\"https:\\\/\\\/zunkacichoscameleon.pl\\\/produkt\\\/oparcie-w-drodze-do-domu-wydruk-artystyczny-a5\\\/#primaryimage\"},\"thumbnailUrl\":\"https:\\\/\\\/zunkacichoscameleon.pl\\\/wp-content\\\/uploads\\\/2024\\\/09\\\/IMG_20240623_141436-scaled.jpg\",\"datePublished\":\"2024-11-09T16:08:13+00:00\",\"dateModified\":\"2025-12-02T15:04:01+00:00\",\"description\":\"Oparcie w drodze do domu, wydruku artystyczny A4, obraz namalowany z intencj\u0105 odnalezienia swojego miejsca na Ziemii\",\"breadcrumb\":{\"@id\":\"https:\\\/\\\/zunkacichoscameleon.pl\\\/produkt\\\/oparcie-w-drodze-do-domu-wydruk-artystyczny-a5\\\/#breadcrumb\"},\"inLanguage\":\"en-GB\",\"potentialAction\":[{\"@type\":\"ReadAction\",\"target\":[\"https:\\\/\\\/zunkacichoscameleon.pl\\\/produkt\\\/oparcie-w-drodze-do-domu-wydruk-artystyczny-a5\\\/\"]}]},{\"@type\":\"ImageObject\",\"inLanguage\":\"en-GB\",\"@id\":\"https:\\\/\\\/zunkacichoscameleon.pl\\\/produkt\\\/oparcie-w-drodze-do-domu-wydruk-artystyczny-a5\\\/#primaryimage\",\"url\":\"https:\\\/\\\/zunkacichoscameleon.pl\\\/wp-content\\\/uploads\\\/2024\\\/09\\\/IMG_20240623_141436-scaled.jpg\",\"contentUrl\":\"https:\\\/\\\/zunkacichoscameleon.pl\\\/wp-content\\\/uploads\\\/2024\\\/09\\\/IMG_20240623_141436-scaled.jpg\",\"width\":1920,\"height\":2560,\"caption\":\"Exif_JPEG_420\"},{\"@type\":\"BreadcrumbList\",\"@id\":\"https:\\\/\\\/zunkacichoscameleon.pl\\\/produkt\\\/oparcie-w-drodze-do-domu-wydruk-artystyczny-a5\\\/#breadcrumb\",\"itemListElement\":[{\"@type\":\"ListItem\",\"position\":1,\"name\":\"Strona g\u0142\u00f3wna\",\"item\":\"https:\\\/\\\/zunkacichoscameleon.pl\\\/\"},{\"@type\":\"ListItem\",\"position\":2,\"name\":\"Sklep\",\"item\":\"https:\\\/\\\/zunkacichoscameleon.pl\\\/sklep\\\/\"},{\"@type\":\"ListItem\",\"position\":3,\"name\":\"Oparcie w drodze do domu, wydruk artystyczny A5\"}]},{\"@type\":\"WebSite\",\"@id\":\"https:\\\/\\\/zunkacichoscameleon.pl\\\/#website\",\"url\":\"https:\\\/\\\/zunkacichoscameleon.pl\\\/\",\"name\":\"Zunka Cichos jak kameleon\",\"description\":\"Rozkminy artystyczno-\u017cyciowe\",\"publisher\":{\"@id\":\"https:\\\/\\\/zunkacichoscameleon.pl\\\/#\\\/schema\\\/person\\\/54eb2742270ae1528910f7e3c94c38a2\"},\"potentialAction\":[{\"@type\":\"SearchAction\",\"target\":{\"@type\":\"EntryPoint\",\"urlTemplate\":\"https:\\\/\\\/zunkacichoscameleon.pl\\\/?s={search_term_string}\"},\"query-input\":{\"@type\":\"PropertyValueSpecification\",\"valueRequired\":true,\"valueName\":\"search_term_string\"}}],\"inLanguage\":\"en-GB\"},{\"@type\":[\"Person\",\"Organization\"],\"@id\":\"https:\\\/\\\/zunkacichoscameleon.pl\\\/#\\\/schema\\\/person\\\/54eb2742270ae1528910f7e3c94c38a2\",\"name\":\"Zunka Cichos\",\"image\":{\"@type\":\"ImageObject\",\"inLanguage\":\"en-GB\",\"@id\":\"https:\\\/\\\/zunkacichoscameleon.pl\\\/wp-content\\\/uploads\\\/2021\\\/12\\\/3.jpg-necklace.jpg\",\"url\":\"https:\\\/\\\/zunkacichoscameleon.pl\\\/wp-content\\\/uploads\\\/2021\\\/12\\\/3.jpg-necklace.jpg\",\"contentUrl\":\"https:\\\/\\\/zunkacichoscameleon.pl\\\/wp-content\\\/uploads\\\/2021\\\/12\\\/3.jpg-necklace.jpg\",\"width\":900,\"height\":600,\"caption\":\"Zunka Cichos\"},\"logo\":{\"@id\":\"https:\\\/\\\/zunkacichoscameleon.pl\\\/wp-content\\\/uploads\\\/2021\\\/12\\\/3.jpg-necklace.jpg\"},\"sameAs\":[\"https:\\\/\\\/zunkacichoscameleon.pl\",\"https:\\\/\\\/www.facebook.com\\\/Cameleon-100398745427656\",\"https:\\\/\\\/www.instagram.com\\\/cameleonka\\\/?hl=en\",\"https:\\\/\\\/pl.pinterest.com\\\/cameleonartshop\\\/_created\\\/\"]}]}<\/script>\n<!-- \/ Yoast SEO plugin. -->","yoast_head_json":{"title":"Oparcie w drodze do domu, wydruk artystyczny A5 - Zunka Cichos jak kameleon","description":"Oparcie w drodze do domu, wydruku artystyczny A4, obraz namalowany z intencj\u0105 odnalezienia swojego miejsca na Ziemii","robots":{"index":"index","follow":"follow","max-snippet":"max-snippet:-1","max-image-preview":"max-image-preview:large","max-video-preview":"max-video-preview:-1"},"canonical":"https:\/\/zunkacichoscameleon.pl\/en\/product\/oparcie-w-drodze-do-domu-wydruk-artystyczny-a5\/","og_locale":"en_GB","og_type":"article","og_title":"Oparcie w drodze do domu, wydruk artystyczny A5 - Zunka Cichos jak kameleon","og_description":"Oparcie w drodze do domu, wydruku artystyczny A4, obraz namalowany z intencj\u0105 odnalezienia swojego miejsca na Ziemii","og_url":"https:\/\/zunkacichoscameleon.pl\/en\/product\/oparcie-w-drodze-do-domu-wydruk-artystyczny-a5\/","og_site_name":"Zunka Cichos jak kameleon","article_publisher":"https:\/\/www.facebook.com\/Cameleon-100398745427656","article_modified_time":"2025-12-02T15:04:01+00:00","og_image":[{"width":1920,"height":2560,"url":"https:\/\/zunkacichoscameleon.pl\/wp-content\/uploads\/2024\/09\/IMG_20240623_141436-scaled.jpg","type":"image\/jpeg"}],"twitter_card":"summary_large_image","twitter_misc":{"Estimated reading time":"1 minute"},"schema":{"@context":"https:\/\/schema.org","@graph":[{"@type":"WebPage","@id":"https:\/\/zunkacichoscameleon.pl\/produkt\/oparcie-w-drodze-do-domu-wydruk-artystyczny-a5\/","url":"https:\/\/zunkacichoscameleon.pl\/produkt\/oparcie-w-drodze-do-domu-wydruk-artystyczny-a5\/","name":"Oparcie w drodze do domu, wydruk artystyczny A5 - Zunka Cichos jak kameleon","isPartOf":{"@id":"https:\/\/zunkacichoscameleon.pl\/#website"},"primaryImageOfPage":{"@id":"https:\/\/zunkacichoscameleon.pl\/produkt\/oparcie-w-drodze-do-domu-wydruk-artystyczny-a5\/#primaryimage"},"image":{"@id":"https:\/\/zunkacichoscameleon.pl\/produkt\/oparcie-w-drodze-do-domu-wydruk-artystyczny-a5\/#primaryimage"},"thumbnailUrl":"https:\/\/zunkacichoscameleon.pl\/wp-content\/uploads\/2024\/09\/IMG_20240623_141436-scaled.jpg","datePublished":"2024-11-09T16:08:13+00:00","dateModified":"2025-12-02T15:04:01+00:00","description":"Oparcie w drodze do domu, wydruku artystyczny A4, obraz namalowany z intencj\u0105 odnalezienia swojego miejsca na Ziemii","breadcrumb":{"@id":"https:\/\/zunkacichoscameleon.pl\/produkt\/oparcie-w-drodze-do-domu-wydruk-artystyczny-a5\/#breadcrumb"},"inLanguage":"en-GB","potentialAction":[{"@type":"ReadAction","target":["https:\/\/zunkacichoscameleon.pl\/produkt\/oparcie-w-drodze-do-domu-wydruk-artystyczny-a5\/"]}]},{"@type":"ImageObject","inLanguage":"en-GB","@id":"https:\/\/zunkacichoscameleon.pl\/produkt\/oparcie-w-drodze-do-domu-wydruk-artystyczny-a5\/#primaryimage","url":"https:\/\/zunkacichoscameleon.pl\/wp-content\/uploads\/2024\/09\/IMG_20240623_141436-scaled.jpg","contentUrl":"https:\/\/zunkacichoscameleon.pl\/wp-content\/uploads\/2024\/09\/IMG_20240623_141436-scaled.jpg","width":1920,"height":2560,"caption":"Exif_JPEG_420"},{"@type":"BreadcrumbList","@id":"https:\/\/zunkacichoscameleon.pl\/produkt\/oparcie-w-drodze-do-domu-wydruk-artystyczny-a5\/#breadcrumb","itemListElement":[{"@type":"ListItem","position":1,"name":"Strona g\u0142\u00f3wna","item":"https:\/\/zunkacichoscameleon.pl\/"},{"@type":"ListItem","position":2,"name":"Sklep","item":"https:\/\/zunkacichoscameleon.pl\/sklep\/"},{"@type":"ListItem","position":3,"name":"Oparcie w drodze do domu, wydruk artystyczny A5"}]},{"@type":"WebSite","@id":"https:\/\/zunkacichoscameleon.pl\/#website","url":"https:\/\/zunkacichoscameleon.pl\/","name":"Zunka Cichos jak kameleon","description":"Rozkminy artystyczno-\u017cyciowe","publisher":{"@id":"https:\/\/zunkacichoscameleon.pl\/#\/schema\/person\/54eb2742270ae1528910f7e3c94c38a2"},"potentialAction":[{"@type":"SearchAction","target":{"@type":"EntryPoint","urlTemplate":"https:\/\/zunkacichoscameleon.pl\/?s={search_term_string}"},"query-input":{"@type":"PropertyValueSpecification","valueRequired":true,"valueName":"search_term_string"}}],"inLanguage":"en-GB"},{"@type":["Person","Organization"],"@id":"https:\/\/zunkacichoscameleon.pl\/#\/schema\/person\/54eb2742270ae1528910f7e3c94c38a2","name":"Zunka Cichos","image":{"@type":"ImageObject","inLanguage":"en-GB","@id":"https:\/\/zunkacichoscameleon.pl\/wp-content\/uploads\/2021\/12\/3.jpg-necklace.jpg","url":"https:\/\/zunkacichoscameleon.pl\/wp-content\/uploads\/2021\/12\/3.jpg-necklace.jpg","contentUrl":"https:\/\/zunkacichoscameleon.pl\/wp-content\/uploads\/2021\/12\/3.jpg-necklace.jpg","width":900,"height":600,"caption":"Zunka Cichos"},"logo":{"@id":"https:\/\/zunkacichoscameleon.pl\/wp-content\/uploads\/2021\/12\/3.jpg-necklace.jpg"},"sameAs":["https:\/\/zunkacichoscameleon.pl","https:\/\/www.facebook.com\/Cameleon-100398745427656","https:\/\/www.instagram.com\/cameleonka\/?hl=en","https:\/\/pl.pinterest.com\/cameleonartshop\/_created\/"]}]}},"jetpack_sharing_enabled":true,"_links":{"self":[{"href":"https:\/\/zunkacichoscameleon.pl\/en\/wp-json\/wp\/v2\/product\/1617","targetHints":{"allow":["GET"]}}],"collection":[{"href":"https:\/\/zunkacichoscameleon.pl\/en\/wp-json\/wp\/v2\/product"}],"about":[{"href":"https:\/\/zunkacichoscameleon.pl\/en\/wp-json\/wp\/v2\/types\/product"}],"replies":[{"embeddable":true,"href":"https:\/\/zunkacichoscameleon.pl\/en\/wp-json\/wp\/v2\/comments?post=1617"}],"wp:featuredmedia":[{"embeddable":true,"href":"https:\/\/zunkacichoscameleon.pl\/en\/wp-json\/wp\/v2\/media\/1546"}],"wp:attachment":[{"href":"https:\/\/zunkacichoscameleon.pl\/en\/wp-json\/wp\/v2\/media?parent=1617"}],"wp:term":[{"taxonomy":"product_brand","embeddable":true,"href":"https:\/\/zunkacichoscameleon.pl\/en\/wp-json\/wp\/v2\/product_brand?post=1617"},{"taxonomy":"product_cat","embeddable":true,"href":"https:\/\/zunkacichoscameleon.pl\/en\/wp-json\/wp\/v2\/product_cat?post=1617"},{"taxonomy":"product_tag","embeddable":true,"href":"https:\/\/zunkacichoscameleon.pl\/en\/wp-json\/wp\/v2\/product_tag?post=1617"}],"curies":[{"name":"wp","href":"https:\/\/api.w.org\/{rel}","templated":true}]}}