{"id":171,"date":"2022-02-04T17:10:18","date_gmt":"2022-02-04T16:10:18","guid":{"rendered":"https:\/\/zunkacichoscameleon.pl\/?post_type=product&#038;p=171"},"modified":"2025-11-22T19:32:17","modified_gmt":"2025-11-22T18:32:17","slug":"kobieta-motyl-transformacji","status":"publish","type":"product","link":"https:\/\/zunkacichoscameleon.pl\/en\/product\/kobieta-motyl-transformacji\/","title":{"rendered":"Butterfly women, Fine Art Print, SOLD"},"content":{"rendered":"<p>Butterfly women was painted with the intention of new life and new beginning. it encourages you to spread your wings and show yourself to the world in a transformed form. The caterpillar phase is over.<\/p>\n<p>Bless you and your new wings<\/p>\n<p>Originally painted with acrylic inks, acrylic paints with collage elements. As the first layer there is a written prayer, a prayer to the New<\/p>\n<p>Size 28,5 cm \/28,5 cm<\/p>\n<p>You are buying Fine Art Print printed on Soultion Fine Art Photo White 270 gsm paper <span style=\"font-family: Arial;\"><span dir=\"ltr\" role=\"presentation\">Solution Fine Art Photo White (270 gsm)<\/span><\/span><\/p>\n<p><span style=\"font-family: Arial;\"><br role=\"presentation\" \/><span dir=\"ltr\" role=\"presentation\">without a frame, 1-3 business days processing time+ delivery time<\/span><br role=\"presentation\" \/><span dir=\"ltr\" role=\"presentation\">\u2022<\/span><span dir=\"ltr\" role=\"presentation\">\u00a0<\/span><span dir=\"ltr\" role=\"presentation\">Papier matowy o delikatnej, g\u0142adkiej powierzchni<\/span><br role=\"presentation\" \/><span dir=\"ltr\" role=\"presentation\">\u2022<\/span><span dir=\"ltr\" role=\"presentation\">\u00a0<\/span><span dir=\"ltr\" role=\"presentation\">100% wykonany z \u03b1-celulozy<\/span><br role=\"presentation\" \/><span dir=\"ltr\" role=\"presentation\">\u2022<\/span><span dir=\"ltr\" role=\"presentation\">\u00a0<\/span><span dir=\"ltr\" role=\"presentation\">Wodoodporny<\/span><br role=\"presentation\" \/><span dir=\"ltr\" role=\"presentation\">\u2022<\/span><span dir=\"ltr\" role=\"presentation\">\u00a0<\/span><span dir=\"ltr\" role=\"presentation\">Doskona\u0142\u0105 ostro\u015b\u0107 wydruk\u00f3w<\/span><br role=\"presentation\" \/><span dir=\"ltr\" role=\"presentation\">\u2022<\/span><span dir=\"ltr\" role=\"presentation\">\u00a0<\/span><span dir=\"ltr\" role=\"presentation\">Optymalne nat\u0119\u017cenie kolor\u00f3w<\/span><br role=\"presentation\" \/><span dir=\"ltr\" role=\"presentation\">Zastosowanie<\/span><br role=\"presentation\" \/><span dir=\"ltr\" role=\"presentation\">\u2022<\/span><span dir=\"ltr\" role=\"presentation\">\u00a0<\/span><span dir=\"ltr\" role=\"presentation\">Reprodukcje fotografii oraz dzie\u0142 sztuki<\/span><br role=\"presentation\" \/><span dir=\"ltr\" role=\"presentation\">\u2022<\/span><span dir=\"ltr\" role=\"presentation\">\u00a0<\/span><span dir=\"ltr\" role=\"presentation\">Grafika<\/span><br role=\"presentation\" \/><span dir=\"ltr\" role=\"presentation\">\u2022<\/span><span dir=\"ltr\" role=\"presentation\">\u00a0<\/span><span dir=\"ltr\" role=\"presentation\">Kolorowa i czarnobia\u0142a fotografia<\/span><br role=\"presentation\" \/><span dir=\"ltr\" role=\"presentation\">\u2022<\/span><span dir=\"ltr\" role=\"presentation\">\u00a0<\/span><span dir=\"ltr\" role=\"presentation\">Wystawy<\/span><br role=\"presentation\" \/><span dir=\"ltr\" role=\"presentation\">\u2022<\/span><span dir=\"ltr\" role=\"presentation\">\u00a0<\/span><span dir=\"ltr\" role=\"presentation\">Albumy<\/span><br role=\"presentation\" \/><span dir=\"ltr\" role=\"presentation\">\u2022<\/span><span dir=\"ltr\" role=\"presentation\">\u00a0<\/span><span dir=\"ltr\" role=\"presentation\">Kartki okoliczno\u015bciowe<\/span><br role=\"presentation\" \/><span dir=\"ltr\" role=\"presentation\">Dane techniczne<\/span><br role=\"presentation\" \/><span dir=\"ltr\" role=\"presentation\">Gramatura:<\/span><span dir=\"ltr\" role=\"presentation\">\u00a0<\/span><span dir=\"ltr\" role=\"presentation\">270 g\/m2<\/span><br role=\"presentation\" \/><span dir=\"ltr\" role=\"presentation\">Grubo\u015b\u0107:<\/span><span dir=\"ltr\" role=\"presentation\">\u00a0<\/span><span dir=\"ltr\" role=\"presentation\">440 \u03bcm<\/span><br role=\"presentation\" \/><span dir=\"ltr\" role=\"presentation\">Nieprzepuszczalno\u015b\u0107:<\/span><span dir=\"ltr\" role=\"presentation\">\u00a0<\/span><span dir=\"ltr\" role=\"presentation\">99%<\/span><br role=\"presentation\" \/><span dir=\"ltr\" role=\"presentation\">Biel:<\/span><span dir=\"ltr\" role=\"presentation\">\u00a0<\/span><span dir=\"ltr\" role=\"presentation\">102%<\/span><br role=\"presentation\" \/><span dir=\"ltr\" role=\"presentation\">Zawarto\u015b\u0107 kwas\u00f3w:<\/span><span dir=\"ltr\" role=\"presentation\">\u00a0<\/span><span dir=\"ltr\" role=\"presentation\">nie<\/span><br role=\"presentation\" \/><span dir=\"ltr\" role=\"presentation\">Materia\u0142:<\/span><span dir=\"ltr\" role=\"presentation\">\u00a0<\/span><span dir=\"ltr\" role=\"presentation\">100% \u03b1-celulozy<\/span><br role=\"presentation\" \/><span dir=\"ltr\" role=\"presentation\">Kolor pod\u0142o\u017ca:<\/span><span dir=\"ltr\" role=\"presentation\">\u00a0<\/span><span dir=\"ltr\" role=\"presentation\">ultra bia\u0142y<\/span><br role=\"presentation\" \/><\/span><\/p>\n<p>Prints printed on that paper look like originals. Your print will be send well protected in special envelope or tube<\/p>","protected":false},"excerpt":{"rendered":"<p>Butterfly women was painted with the intention of new life and new beginning. it encourages you to spread your wings and show yourself to the world in a transformed form. The caterpillar phase is over.<\/p>\n<p>&nbsp;<\/p>","protected":false},"featured_media":172,"comment_status":"open","ping_status":"closed","template":"","meta":[],"product_brand":[],"product_cat":[41,112],"product_tag":[],"class_list":{"0":"post-171","1":"product","2":"type-product","3":"status-publish","4":"has-post-thumbnail","6":"product_cat-duchowe","7":"product_cat-wydruki","8":"product_shipping_class-printy","10":"first","11":"outofstock","12":"sale","13":"shipping-taxable","14":"purchasable","15":"product-type-simple"},"yoast_head":"<!-- This site is optimized with the Yoast SEO plugin v27.3 - https:\/\/yoast.com\/product\/yoast-seo-wordpress\/ -->\n<title>Kobieta motyl Fine Art Print sold - Zunka Cichos jak kameleon<\/title>\n<meta name=\"description\" content=\"Kobieta motyl fine art print, namalowana w intencji nowego \u017cycia i nowego pocz\u0105tku. Wydruk na najlepszej jako\u015bci papierze.\" \/>\n<meta name=\"robots\" content=\"index, follow, max-snippet:-1, max-image-preview:large, max-video-preview:-1\" \/>\n<link rel=\"canonical\" href=\"https:\/\/zunkacichoscameleon.pl\/en\/product\/kobieta-motyl-transformacji\/\" \/>\n<meta property=\"og:locale\" content=\"en_GB\" \/>\n<meta property=\"og:type\" content=\"article\" \/>\n<meta property=\"og:title\" content=\"Kobieta motyl Fine Art Print sold - Zunka Cichos jak kameleon\" \/>\n<meta property=\"og:description\" content=\"Kobieta motyl fine art print, namalowana w intencji nowego \u017cycia i nowego pocz\u0105tku. Wydruk na najlepszej jako\u015bci papierze.\" \/>\n<meta property=\"og:url\" content=\"https:\/\/zunkacichoscameleon.pl\/en\/product\/kobieta-motyl-transformacji\/\" \/>\n<meta property=\"og:site_name\" content=\"Zunka Cichos jak kameleon\" \/>\n<meta property=\"article:publisher\" content=\"https:\/\/www.facebook.com\/Cameleon-100398745427656\" \/>\n<meta property=\"article:modified_time\" content=\"2025-11-22T18:32:17+00:00\" \/>\n<meta property=\"og:image\" content=\"https:\/\/zunkacichoscameleon.pl\/wp-content\/uploads\/2022\/02\/P1190294-scaled.jpg\" \/>\n\t<meta property=\"og:image:width\" content=\"2560\" \/>\n\t<meta property=\"og:image:height\" content=\"1920\" \/>\n\t<meta property=\"og:image:type\" content=\"image\/jpeg\" \/>\n<meta name=\"twitter:card\" content=\"summary_large_image\" \/>\n<meta name=\"twitter:label1\" content=\"Estimated reading time\" \/>\n\t<meta name=\"twitter:data1\" content=\"2 minutes\" \/>\n<script type=\"application\/ld+json\" class=\"yoast-schema-graph\">{\"@context\":\"https:\\\/\\\/schema.org\",\"@graph\":[{\"@type\":\"WebPage\",\"@id\":\"https:\\\/\\\/zunkacichoscameleon.pl\\\/produkt\\\/kobieta-motyl-transformacji\\\/\",\"url\":\"https:\\\/\\\/zunkacichoscameleon.pl\\\/produkt\\\/kobieta-motyl-transformacji\\\/\",\"name\":\"Kobieta motyl Fine Art Print sold - Zunka Cichos jak kameleon\",\"isPartOf\":{\"@id\":\"https:\\\/\\\/zunkacichoscameleon.pl\\\/#website\"},\"primaryImageOfPage\":{\"@id\":\"https:\\\/\\\/zunkacichoscameleon.pl\\\/produkt\\\/kobieta-motyl-transformacji\\\/#primaryimage\"},\"image\":{\"@id\":\"https:\\\/\\\/zunkacichoscameleon.pl\\\/produkt\\\/kobieta-motyl-transformacji\\\/#primaryimage\"},\"thumbnailUrl\":\"https:\\\/\\\/zunkacichoscameleon.pl\\\/wp-content\\\/uploads\\\/2022\\\/02\\\/P1190294-scaled.jpg\",\"datePublished\":\"2022-02-04T16:10:18+00:00\",\"dateModified\":\"2025-11-22T18:32:17+00:00\",\"description\":\"Kobieta motyl fine art print, namalowana w intencji nowego \u017cycia i nowego pocz\u0105tku. Wydruk na najlepszej jako\u015bci papierze.\",\"breadcrumb\":{\"@id\":\"https:\\\/\\\/zunkacichoscameleon.pl\\\/produkt\\\/kobieta-motyl-transformacji\\\/#breadcrumb\"},\"inLanguage\":\"en-GB\",\"potentialAction\":[{\"@type\":\"ReadAction\",\"target\":[\"https:\\\/\\\/zunkacichoscameleon.pl\\\/produkt\\\/kobieta-motyl-transformacji\\\/\"]}]},{\"@type\":\"ImageObject\",\"inLanguage\":\"en-GB\",\"@id\":\"https:\\\/\\\/zunkacichoscameleon.pl\\\/produkt\\\/kobieta-motyl-transformacji\\\/#primaryimage\",\"url\":\"https:\\\/\\\/zunkacichoscameleon.pl\\\/wp-content\\\/uploads\\\/2022\\\/02\\\/P1190294-scaled.jpg\",\"contentUrl\":\"https:\\\/\\\/zunkacichoscameleon.pl\\\/wp-content\\\/uploads\\\/2022\\\/02\\\/P1190294-scaled.jpg\",\"width\":2560,\"height\":1920,\"caption\":\"kobieta-motyl-transformacja-fine-art-print\"},{\"@type\":\"BreadcrumbList\",\"@id\":\"https:\\\/\\\/zunkacichoscameleon.pl\\\/produkt\\\/kobieta-motyl-transformacji\\\/#breadcrumb\",\"itemListElement\":[{\"@type\":\"ListItem\",\"position\":1,\"name\":\"Strona g\u0142\u00f3wna\",\"item\":\"https:\\\/\\\/zunkacichoscameleon.pl\\\/\"},{\"@type\":\"ListItem\",\"position\":2,\"name\":\"Sklep\",\"item\":\"https:\\\/\\\/zunkacichoscameleon.pl\\\/sklep\\\/\"},{\"@type\":\"ListItem\",\"position\":3,\"name\":\"Kobieta motyl Fine Art Print sold\"}]},{\"@type\":\"WebSite\",\"@id\":\"https:\\\/\\\/zunkacichoscameleon.pl\\\/#website\",\"url\":\"https:\\\/\\\/zunkacichoscameleon.pl\\\/\",\"name\":\"Zunka Cichos jak kameleon\",\"description\":\"Rozkminy artystyczno-\u017cyciowe\",\"publisher\":{\"@id\":\"https:\\\/\\\/zunkacichoscameleon.pl\\\/#\\\/schema\\\/person\\\/54eb2742270ae1528910f7e3c94c38a2\"},\"potentialAction\":[{\"@type\":\"SearchAction\",\"target\":{\"@type\":\"EntryPoint\",\"urlTemplate\":\"https:\\\/\\\/zunkacichoscameleon.pl\\\/?s={search_term_string}\"},\"query-input\":{\"@type\":\"PropertyValueSpecification\",\"valueRequired\":true,\"valueName\":\"search_term_string\"}}],\"inLanguage\":\"en-GB\"},{\"@type\":[\"Person\",\"Organization\"],\"@id\":\"https:\\\/\\\/zunkacichoscameleon.pl\\\/#\\\/schema\\\/person\\\/54eb2742270ae1528910f7e3c94c38a2\",\"name\":\"Zunka Cichos\",\"image\":{\"@type\":\"ImageObject\",\"inLanguage\":\"en-GB\",\"@id\":\"https:\\\/\\\/zunkacichoscameleon.pl\\\/wp-content\\\/uploads\\\/2021\\\/12\\\/3.jpg-necklace.jpg\",\"url\":\"https:\\\/\\\/zunkacichoscameleon.pl\\\/wp-content\\\/uploads\\\/2021\\\/12\\\/3.jpg-necklace.jpg\",\"contentUrl\":\"https:\\\/\\\/zunkacichoscameleon.pl\\\/wp-content\\\/uploads\\\/2021\\\/12\\\/3.jpg-necklace.jpg\",\"width\":900,\"height\":600,\"caption\":\"Zunka Cichos\"},\"logo\":{\"@id\":\"https:\\\/\\\/zunkacichoscameleon.pl\\\/wp-content\\\/uploads\\\/2021\\\/12\\\/3.jpg-necklace.jpg\"},\"sameAs\":[\"https:\\\/\\\/zunkacichoscameleon.pl\",\"https:\\\/\\\/www.facebook.com\\\/Cameleon-100398745427656\",\"https:\\\/\\\/www.instagram.com\\\/cameleonka\\\/?hl=en\",\"https:\\\/\\\/pl.pinterest.com\\\/cameleonartshop\\\/_created\\\/\"]}]}<\/script>\n<!-- \/ Yoast SEO plugin. -->","yoast_head_json":{"title":"Kobieta motyl Fine Art Print sold - Zunka Cichos jak kameleon","description":"Kobieta motyl fine art print, namalowana w intencji nowego \u017cycia i nowego pocz\u0105tku. Wydruk na najlepszej jako\u015bci papierze.","robots":{"index":"index","follow":"follow","max-snippet":"max-snippet:-1","max-image-preview":"max-image-preview:large","max-video-preview":"max-video-preview:-1"},"canonical":"https:\/\/zunkacichoscameleon.pl\/en\/product\/kobieta-motyl-transformacji\/","og_locale":"en_GB","og_type":"article","og_title":"Kobieta motyl Fine Art Print sold - Zunka Cichos jak kameleon","og_description":"Kobieta motyl fine art print, namalowana w intencji nowego \u017cycia i nowego pocz\u0105tku. Wydruk na najlepszej jako\u015bci papierze.","og_url":"https:\/\/zunkacichoscameleon.pl\/en\/product\/kobieta-motyl-transformacji\/","og_site_name":"Zunka Cichos jak kameleon","article_publisher":"https:\/\/www.facebook.com\/Cameleon-100398745427656","article_modified_time":"2025-11-22T18:32:17+00:00","og_image":[{"width":2560,"height":1920,"url":"https:\/\/zunkacichoscameleon.pl\/wp-content\/uploads\/2022\/02\/P1190294-scaled.jpg","type":"image\/jpeg"}],"twitter_card":"summary_large_image","twitter_misc":{"Estimated reading time":"2 minutes"},"schema":{"@context":"https:\/\/schema.org","@graph":[{"@type":"WebPage","@id":"https:\/\/zunkacichoscameleon.pl\/produkt\/kobieta-motyl-transformacji\/","url":"https:\/\/zunkacichoscameleon.pl\/produkt\/kobieta-motyl-transformacji\/","name":"Kobieta motyl Fine Art Print sold - Zunka Cichos jak kameleon","isPartOf":{"@id":"https:\/\/zunkacichoscameleon.pl\/#website"},"primaryImageOfPage":{"@id":"https:\/\/zunkacichoscameleon.pl\/produkt\/kobieta-motyl-transformacji\/#primaryimage"},"image":{"@id":"https:\/\/zunkacichoscameleon.pl\/produkt\/kobieta-motyl-transformacji\/#primaryimage"},"thumbnailUrl":"https:\/\/zunkacichoscameleon.pl\/wp-content\/uploads\/2022\/02\/P1190294-scaled.jpg","datePublished":"2022-02-04T16:10:18+00:00","dateModified":"2025-11-22T18:32:17+00:00","description":"Kobieta motyl fine art print, namalowana w intencji nowego \u017cycia i nowego pocz\u0105tku. Wydruk na najlepszej jako\u015bci papierze.","breadcrumb":{"@id":"https:\/\/zunkacichoscameleon.pl\/produkt\/kobieta-motyl-transformacji\/#breadcrumb"},"inLanguage":"en-GB","potentialAction":[{"@type":"ReadAction","target":["https:\/\/zunkacichoscameleon.pl\/produkt\/kobieta-motyl-transformacji\/"]}]},{"@type":"ImageObject","inLanguage":"en-GB","@id":"https:\/\/zunkacichoscameleon.pl\/produkt\/kobieta-motyl-transformacji\/#primaryimage","url":"https:\/\/zunkacichoscameleon.pl\/wp-content\/uploads\/2022\/02\/P1190294-scaled.jpg","contentUrl":"https:\/\/zunkacichoscameleon.pl\/wp-content\/uploads\/2022\/02\/P1190294-scaled.jpg","width":2560,"height":1920,"caption":"kobieta-motyl-transformacja-fine-art-print"},{"@type":"BreadcrumbList","@id":"https:\/\/zunkacichoscameleon.pl\/produkt\/kobieta-motyl-transformacji\/#breadcrumb","itemListElement":[{"@type":"ListItem","position":1,"name":"Strona g\u0142\u00f3wna","item":"https:\/\/zunkacichoscameleon.pl\/"},{"@type":"ListItem","position":2,"name":"Sklep","item":"https:\/\/zunkacichoscameleon.pl\/sklep\/"},{"@type":"ListItem","position":3,"name":"Kobieta motyl Fine Art Print sold"}]},{"@type":"WebSite","@id":"https:\/\/zunkacichoscameleon.pl\/#website","url":"https:\/\/zunkacichoscameleon.pl\/","name":"Zunka Cichos jak kameleon","description":"Rozkminy artystyczno-\u017cyciowe","publisher":{"@id":"https:\/\/zunkacichoscameleon.pl\/#\/schema\/person\/54eb2742270ae1528910f7e3c94c38a2"},"potentialAction":[{"@type":"SearchAction","target":{"@type":"EntryPoint","urlTemplate":"https:\/\/zunkacichoscameleon.pl\/?s={search_term_string}"},"query-input":{"@type":"PropertyValueSpecification","valueRequired":true,"valueName":"search_term_string"}}],"inLanguage":"en-GB"},{"@type":["Person","Organization"],"@id":"https:\/\/zunkacichoscameleon.pl\/#\/schema\/person\/54eb2742270ae1528910f7e3c94c38a2","name":"Zunka Cichos","image":{"@type":"ImageObject","inLanguage":"en-GB","@id":"https:\/\/zunkacichoscameleon.pl\/wp-content\/uploads\/2021\/12\/3.jpg-necklace.jpg","url":"https:\/\/zunkacichoscameleon.pl\/wp-content\/uploads\/2021\/12\/3.jpg-necklace.jpg","contentUrl":"https:\/\/zunkacichoscameleon.pl\/wp-content\/uploads\/2021\/12\/3.jpg-necklace.jpg","width":900,"height":600,"caption":"Zunka Cichos"},"logo":{"@id":"https:\/\/zunkacichoscameleon.pl\/wp-content\/uploads\/2021\/12\/3.jpg-necklace.jpg"},"sameAs":["https:\/\/zunkacichoscameleon.pl","https:\/\/www.facebook.com\/Cameleon-100398745427656","https:\/\/www.instagram.com\/cameleonka\/?hl=en","https:\/\/pl.pinterest.com\/cameleonartshop\/_created\/"]}]}},"jetpack_sharing_enabled":true,"_links":{"self":[{"href":"https:\/\/zunkacichoscameleon.pl\/en\/wp-json\/wp\/v2\/product\/171","targetHints":{"allow":["GET"]}}],"collection":[{"href":"https:\/\/zunkacichoscameleon.pl\/en\/wp-json\/wp\/v2\/product"}],"about":[{"href":"https:\/\/zunkacichoscameleon.pl\/en\/wp-json\/wp\/v2\/types\/product"}],"replies":[{"embeddable":true,"href":"https:\/\/zunkacichoscameleon.pl\/en\/wp-json\/wp\/v2\/comments?post=171"}],"wp:featuredmedia":[{"embeddable":true,"href":"https:\/\/zunkacichoscameleon.pl\/en\/wp-json\/wp\/v2\/media\/172"}],"wp:attachment":[{"href":"https:\/\/zunkacichoscameleon.pl\/en\/wp-json\/wp\/v2\/media?parent=171"}],"wp:term":[{"taxonomy":"product_brand","embeddable":true,"href":"https:\/\/zunkacichoscameleon.pl\/en\/wp-json\/wp\/v2\/product_brand?post=171"},{"taxonomy":"product_cat","embeddable":true,"href":"https:\/\/zunkacichoscameleon.pl\/en\/wp-json\/wp\/v2\/product_cat?post=171"},{"taxonomy":"product_tag","embeddable":true,"href":"https:\/\/zunkacichoscameleon.pl\/en\/wp-json\/wp\/v2\/product_tag?post=171"}],"curies":[{"name":"wp","href":"https:\/\/api.w.org\/{rel}","templated":true}]}}