{"id":1768,"date":"2025-03-18T12:51:33","date_gmt":"2025-03-18T11:51:33","guid":{"rendered":"https:\/\/zunkacichoscameleon.pl\/?post_type=product&#038;p=1768"},"modified":"2025-11-22T13:15:41","modified_gmt":"2025-11-22T12:15:41","slug":"krysztalowa-uzdrowicielka-obraz-oryginalny","status":"publish","type":"product","link":"https:\/\/zunkacichoscameleon.pl\/en\/product\/krysztalowa-uzdrowicielka-obraz-oryginalny\/","title":{"rendered":"Kryszta\u0142owa uzdrowicielka, obraz oryginalny, sprzedany"},"content":{"rendered":"<p>Kryszta\u0142owa uzdrowicielka<\/p>\n<p>Zaprowadzi Ci\u0119 do miejsca w Tobie, kt\u00f3re wie co i jak potrzebujesz uzdrawia\u0107 w sobie<\/p>\n<p>Ka\u017cdy ma swoj\u0105 tajn\u0105, dzia\u0142aj\u0105c\u0105 dla niego mieszank\u0119 medycyn, kt\u00f3re czasami trzeba odkry\u0107 poprzez osobiste wyzwania i w uwa\u017cnym\u00a0 nas\u0142uchiwaniu siebie.<\/p>\n<p>Ta medycyna,\u00a0 mo\u017ce te\u017c przyda\u0107 si\u0119 \u015bwiatu.<\/p>\n<p>Obraz zosta\u0142 namalowany technik\u0105 mieszan\u0105, na papierze do akwareli<\/p>\n<p>Kupujesz oryginaln\u0105 prac\u0119, nie wydruk.<\/p>\n<p>Jeden jedyny egzemplarz, tak jak jest jedna jedyna Twoja uzdrowicielka wewn\u0119trzna.<\/p>\n<p>Rozmiar A3 bez marginesu<\/p>\n<p>Unframed<\/p>\n<p>Wysy\u0142ka poczt\u0105 polsk\u0105, listem priorytetowym poleconym<\/p>","protected":false},"excerpt":{"rendered":"<p>Kryszta\u0142owa uzdrowicielka Zaprowadzi Ci\u0119 do miejsca w Tobie, kt\u00f3re wie co i jak potrzebujesz uzdrawia\u0107 w sobie, oryginalny obraz, A3<\/p>","protected":false},"featured_media":1769,"comment_status":"open","ping_status":"closed","template":"","meta":[],"product_brand":[],"product_cat":[98],"product_tag":[],"class_list":{"0":"post-1768","1":"product","2":"type-product","3":"status-publish","4":"has-post-thumbnail","6":"product_cat-obrazy","7":"product_shipping_class-obrazy-oryginalne","9":"first","10":"outofstock","11":"shipping-taxable","12":"purchasable","13":"product-type-simple"},"yoast_head":"<!-- This site is optimized with the Yoast SEO plugin v27.3 - https:\/\/yoast.com\/product\/yoast-seo-wordpress\/ -->\n<title>Kryszta\u0142owa uzdrowicielka, obraz oryginalny, sprzedany - Zunka Cichos jak kameleon<\/title>\n<meta name=\"description\" content=\"Kryszta\u0142owa uzdrowicielka Zaprowadzi Ci\u0119 do miejsca w Tobie, kt\u00f3re wie co i jak potrzebujesz uzdrawia\u0107 w sobie, oryginalny obraz, A3\" \/>\n<meta name=\"robots\" content=\"index, follow, max-snippet:-1, max-image-preview:large, max-video-preview:-1\" \/>\n<link rel=\"canonical\" href=\"https:\/\/zunkacichoscameleon.pl\/en\/product\/krysztalowa-uzdrowicielka-obraz-oryginalny\/\" \/>\n<meta property=\"og:locale\" content=\"en_GB\" \/>\n<meta property=\"og:type\" content=\"article\" \/>\n<meta property=\"og:title\" content=\"Kryszta\u0142owa uzdrowicielka, obraz oryginalny, sprzedany - Zunka Cichos jak kameleon\" \/>\n<meta property=\"og:description\" content=\"Kryszta\u0142owa uzdrowicielka Zaprowadzi Ci\u0119 do miejsca w Tobie, kt\u00f3re wie co i jak potrzebujesz uzdrawia\u0107 w sobie, oryginalny obraz, A3\" \/>\n<meta property=\"og:url\" content=\"https:\/\/zunkacichoscameleon.pl\/en\/product\/krysztalowa-uzdrowicielka-obraz-oryginalny\/\" \/>\n<meta property=\"og:site_name\" content=\"Zunka Cichos jak kameleon\" \/>\n<meta property=\"article:publisher\" content=\"https:\/\/www.facebook.com\/Cameleon-100398745427656\" \/>\n<meta property=\"article:modified_time\" content=\"2025-11-22T12:15:41+00:00\" \/>\n<meta property=\"og:image\" content=\"https:\/\/zunkacichoscameleon.pl\/wp-content\/uploads\/2025\/03\/P1011679-scaled.jpg\" \/>\n\t<meta property=\"og:image:width\" content=\"2560\" \/>\n\t<meta property=\"og:image:height\" content=\"2048\" \/>\n\t<meta property=\"og:image:type\" content=\"image\/jpeg\" \/>\n<meta name=\"twitter:card\" content=\"summary_large_image\" \/>\n<meta name=\"twitter:label1\" content=\"Estimated reading time\" \/>\n\t<meta name=\"twitter:data1\" content=\"1 minute\" \/>\n<script type=\"application\/ld+json\" class=\"yoast-schema-graph\">{\"@context\":\"https:\\\/\\\/schema.org\",\"@graph\":[{\"@type\":\"WebPage\",\"@id\":\"https:\\\/\\\/zunkacichoscameleon.pl\\\/produkt\\\/krysztalowa-uzdrowicielka-obraz-oryginalny\\\/\",\"url\":\"https:\\\/\\\/zunkacichoscameleon.pl\\\/produkt\\\/krysztalowa-uzdrowicielka-obraz-oryginalny\\\/\",\"name\":\"Kryszta\u0142owa uzdrowicielka, obraz oryginalny, sprzedany - Zunka Cichos jak kameleon\",\"isPartOf\":{\"@id\":\"https:\\\/\\\/zunkacichoscameleon.pl\\\/#website\"},\"primaryImageOfPage\":{\"@id\":\"https:\\\/\\\/zunkacichoscameleon.pl\\\/produkt\\\/krysztalowa-uzdrowicielka-obraz-oryginalny\\\/#primaryimage\"},\"image\":{\"@id\":\"https:\\\/\\\/zunkacichoscameleon.pl\\\/produkt\\\/krysztalowa-uzdrowicielka-obraz-oryginalny\\\/#primaryimage\"},\"thumbnailUrl\":\"https:\\\/\\\/zunkacichoscameleon.pl\\\/wp-content\\\/uploads\\\/2025\\\/03\\\/P1011679-scaled.jpg\",\"datePublished\":\"2025-03-18T11:51:33+00:00\",\"dateModified\":\"2025-11-22T12:15:41+00:00\",\"description\":\"Kryszta\u0142owa uzdrowicielka Zaprowadzi Ci\u0119 do miejsca w Tobie, kt\u00f3re wie co i jak potrzebujesz uzdrawia\u0107 w sobie, oryginalny obraz, A3\",\"breadcrumb\":{\"@id\":\"https:\\\/\\\/zunkacichoscameleon.pl\\\/produkt\\\/krysztalowa-uzdrowicielka-obraz-oryginalny\\\/#breadcrumb\"},\"inLanguage\":\"en-GB\",\"potentialAction\":[{\"@type\":\"ReadAction\",\"target\":[\"https:\\\/\\\/zunkacichoscameleon.pl\\\/produkt\\\/krysztalowa-uzdrowicielka-obraz-oryginalny\\\/\"]}]},{\"@type\":\"ImageObject\",\"inLanguage\":\"en-GB\",\"@id\":\"https:\\\/\\\/zunkacichoscameleon.pl\\\/produkt\\\/krysztalowa-uzdrowicielka-obraz-oryginalny\\\/#primaryimage\",\"url\":\"https:\\\/\\\/zunkacichoscameleon.pl\\\/wp-content\\\/uploads\\\/2025\\\/03\\\/P1011679-scaled.jpg\",\"contentUrl\":\"https:\\\/\\\/zunkacichoscameleon.pl\\\/wp-content\\\/uploads\\\/2025\\\/03\\\/P1011679-scaled.jpg\",\"width\":2560,\"height\":2048,\"caption\":\"OLYMPUS DIGITAL CAMERA\"},{\"@type\":\"BreadcrumbList\",\"@id\":\"https:\\\/\\\/zunkacichoscameleon.pl\\\/produkt\\\/krysztalowa-uzdrowicielka-obraz-oryginalny\\\/#breadcrumb\",\"itemListElement\":[{\"@type\":\"ListItem\",\"position\":1,\"name\":\"Strona g\u0142\u00f3wna\",\"item\":\"https:\\\/\\\/zunkacichoscameleon.pl\\\/\"},{\"@type\":\"ListItem\",\"position\":2,\"name\":\"Sklep\",\"item\":\"https:\\\/\\\/zunkacichoscameleon.pl\\\/sklep\\\/\"},{\"@type\":\"ListItem\",\"position\":3,\"name\":\"Kryszta\u0142owa uzdrowicielka, obraz oryginalny, sprzedany\"}]},{\"@type\":\"WebSite\",\"@id\":\"https:\\\/\\\/zunkacichoscameleon.pl\\\/#website\",\"url\":\"https:\\\/\\\/zunkacichoscameleon.pl\\\/\",\"name\":\"Zunka Cichos jak kameleon\",\"description\":\"Rozkminy artystyczno-\u017cyciowe\",\"publisher\":{\"@id\":\"https:\\\/\\\/zunkacichoscameleon.pl\\\/#\\\/schema\\\/person\\\/54eb2742270ae1528910f7e3c94c38a2\"},\"potentialAction\":[{\"@type\":\"SearchAction\",\"target\":{\"@type\":\"EntryPoint\",\"urlTemplate\":\"https:\\\/\\\/zunkacichoscameleon.pl\\\/?s={search_term_string}\"},\"query-input\":{\"@type\":\"PropertyValueSpecification\",\"valueRequired\":true,\"valueName\":\"search_term_string\"}}],\"inLanguage\":\"en-GB\"},{\"@type\":[\"Person\",\"Organization\"],\"@id\":\"https:\\\/\\\/zunkacichoscameleon.pl\\\/#\\\/schema\\\/person\\\/54eb2742270ae1528910f7e3c94c38a2\",\"name\":\"Zunka Cichos\",\"image\":{\"@type\":\"ImageObject\",\"inLanguage\":\"en-GB\",\"@id\":\"https:\\\/\\\/zunkacichoscameleon.pl\\\/wp-content\\\/uploads\\\/2021\\\/12\\\/3.jpg-necklace.jpg\",\"url\":\"https:\\\/\\\/zunkacichoscameleon.pl\\\/wp-content\\\/uploads\\\/2021\\\/12\\\/3.jpg-necklace.jpg\",\"contentUrl\":\"https:\\\/\\\/zunkacichoscameleon.pl\\\/wp-content\\\/uploads\\\/2021\\\/12\\\/3.jpg-necklace.jpg\",\"width\":900,\"height\":600,\"caption\":\"Zunka Cichos\"},\"logo\":{\"@id\":\"https:\\\/\\\/zunkacichoscameleon.pl\\\/wp-content\\\/uploads\\\/2021\\\/12\\\/3.jpg-necklace.jpg\"},\"sameAs\":[\"https:\\\/\\\/zunkacichoscameleon.pl\",\"https:\\\/\\\/www.facebook.com\\\/Cameleon-100398745427656\",\"https:\\\/\\\/www.instagram.com\\\/cameleonka\\\/?hl=en\",\"https:\\\/\\\/pl.pinterest.com\\\/cameleonartshop\\\/_created\\\/\"]}]}<\/script>\n<!-- \/ Yoast SEO plugin. -->","yoast_head_json":{"title":"Kryszta\u0142owa uzdrowicielka, obraz oryginalny, sprzedany - Zunka Cichos jak kameleon","description":"Kryszta\u0142owa uzdrowicielka Zaprowadzi Ci\u0119 do miejsca w Tobie, kt\u00f3re wie co i jak potrzebujesz uzdrawia\u0107 w sobie, oryginalny obraz, A3","robots":{"index":"index","follow":"follow","max-snippet":"max-snippet:-1","max-image-preview":"max-image-preview:large","max-video-preview":"max-video-preview:-1"},"canonical":"https:\/\/zunkacichoscameleon.pl\/en\/product\/krysztalowa-uzdrowicielka-obraz-oryginalny\/","og_locale":"en_GB","og_type":"article","og_title":"Kryszta\u0142owa uzdrowicielka, obraz oryginalny, sprzedany - Zunka Cichos jak kameleon","og_description":"Kryszta\u0142owa uzdrowicielka Zaprowadzi Ci\u0119 do miejsca w Tobie, kt\u00f3re wie co i jak potrzebujesz uzdrawia\u0107 w sobie, oryginalny obraz, A3","og_url":"https:\/\/zunkacichoscameleon.pl\/en\/product\/krysztalowa-uzdrowicielka-obraz-oryginalny\/","og_site_name":"Zunka Cichos jak kameleon","article_publisher":"https:\/\/www.facebook.com\/Cameleon-100398745427656","article_modified_time":"2025-11-22T12:15:41+00:00","og_image":[{"width":2560,"height":2048,"url":"https:\/\/zunkacichoscameleon.pl\/wp-content\/uploads\/2025\/03\/P1011679-scaled.jpg","type":"image\/jpeg"}],"twitter_card":"summary_large_image","twitter_misc":{"Estimated reading time":"1 minute"},"schema":{"@context":"https:\/\/schema.org","@graph":[{"@type":"WebPage","@id":"https:\/\/zunkacichoscameleon.pl\/produkt\/krysztalowa-uzdrowicielka-obraz-oryginalny\/","url":"https:\/\/zunkacichoscameleon.pl\/produkt\/krysztalowa-uzdrowicielka-obraz-oryginalny\/","name":"Kryszta\u0142owa uzdrowicielka, obraz oryginalny, sprzedany - Zunka Cichos jak kameleon","isPartOf":{"@id":"https:\/\/zunkacichoscameleon.pl\/#website"},"primaryImageOfPage":{"@id":"https:\/\/zunkacichoscameleon.pl\/produkt\/krysztalowa-uzdrowicielka-obraz-oryginalny\/#primaryimage"},"image":{"@id":"https:\/\/zunkacichoscameleon.pl\/produkt\/krysztalowa-uzdrowicielka-obraz-oryginalny\/#primaryimage"},"thumbnailUrl":"https:\/\/zunkacichoscameleon.pl\/wp-content\/uploads\/2025\/03\/P1011679-scaled.jpg","datePublished":"2025-03-18T11:51:33+00:00","dateModified":"2025-11-22T12:15:41+00:00","description":"Kryszta\u0142owa uzdrowicielka Zaprowadzi Ci\u0119 do miejsca w Tobie, kt\u00f3re wie co i jak potrzebujesz uzdrawia\u0107 w sobie, oryginalny obraz, A3","breadcrumb":{"@id":"https:\/\/zunkacichoscameleon.pl\/produkt\/krysztalowa-uzdrowicielka-obraz-oryginalny\/#breadcrumb"},"inLanguage":"en-GB","potentialAction":[{"@type":"ReadAction","target":["https:\/\/zunkacichoscameleon.pl\/produkt\/krysztalowa-uzdrowicielka-obraz-oryginalny\/"]}]},{"@type":"ImageObject","inLanguage":"en-GB","@id":"https:\/\/zunkacichoscameleon.pl\/produkt\/krysztalowa-uzdrowicielka-obraz-oryginalny\/#primaryimage","url":"https:\/\/zunkacichoscameleon.pl\/wp-content\/uploads\/2025\/03\/P1011679-scaled.jpg","contentUrl":"https:\/\/zunkacichoscameleon.pl\/wp-content\/uploads\/2025\/03\/P1011679-scaled.jpg","width":2560,"height":2048,"caption":"OLYMPUS DIGITAL CAMERA"},{"@type":"BreadcrumbList","@id":"https:\/\/zunkacichoscameleon.pl\/produkt\/krysztalowa-uzdrowicielka-obraz-oryginalny\/#breadcrumb","itemListElement":[{"@type":"ListItem","position":1,"name":"Strona g\u0142\u00f3wna","item":"https:\/\/zunkacichoscameleon.pl\/"},{"@type":"ListItem","position":2,"name":"Sklep","item":"https:\/\/zunkacichoscameleon.pl\/sklep\/"},{"@type":"ListItem","position":3,"name":"Kryszta\u0142owa uzdrowicielka, obraz oryginalny, sprzedany"}]},{"@type":"WebSite","@id":"https:\/\/zunkacichoscameleon.pl\/#website","url":"https:\/\/zunkacichoscameleon.pl\/","name":"Zunka Cichos jak kameleon","description":"Rozkminy artystyczno-\u017cyciowe","publisher":{"@id":"https:\/\/zunkacichoscameleon.pl\/#\/schema\/person\/54eb2742270ae1528910f7e3c94c38a2"},"potentialAction":[{"@type":"SearchAction","target":{"@type":"EntryPoint","urlTemplate":"https:\/\/zunkacichoscameleon.pl\/?s={search_term_string}"},"query-input":{"@type":"PropertyValueSpecification","valueRequired":true,"valueName":"search_term_string"}}],"inLanguage":"en-GB"},{"@type":["Person","Organization"],"@id":"https:\/\/zunkacichoscameleon.pl\/#\/schema\/person\/54eb2742270ae1528910f7e3c94c38a2","name":"Zunka Cichos","image":{"@type":"ImageObject","inLanguage":"en-GB","@id":"https:\/\/zunkacichoscameleon.pl\/wp-content\/uploads\/2021\/12\/3.jpg-necklace.jpg","url":"https:\/\/zunkacichoscameleon.pl\/wp-content\/uploads\/2021\/12\/3.jpg-necklace.jpg","contentUrl":"https:\/\/zunkacichoscameleon.pl\/wp-content\/uploads\/2021\/12\/3.jpg-necklace.jpg","width":900,"height":600,"caption":"Zunka Cichos"},"logo":{"@id":"https:\/\/zunkacichoscameleon.pl\/wp-content\/uploads\/2021\/12\/3.jpg-necklace.jpg"},"sameAs":["https:\/\/zunkacichoscameleon.pl","https:\/\/www.facebook.com\/Cameleon-100398745427656","https:\/\/www.instagram.com\/cameleonka\/?hl=en","https:\/\/pl.pinterest.com\/cameleonartshop\/_created\/"]}]}},"jetpack_sharing_enabled":true,"_links":{"self":[{"href":"https:\/\/zunkacichoscameleon.pl\/en\/wp-json\/wp\/v2\/product\/1768","targetHints":{"allow":["GET"]}}],"collection":[{"href":"https:\/\/zunkacichoscameleon.pl\/en\/wp-json\/wp\/v2\/product"}],"about":[{"href":"https:\/\/zunkacichoscameleon.pl\/en\/wp-json\/wp\/v2\/types\/product"}],"replies":[{"embeddable":true,"href":"https:\/\/zunkacichoscameleon.pl\/en\/wp-json\/wp\/v2\/comments?post=1768"}],"wp:featuredmedia":[{"embeddable":true,"href":"https:\/\/zunkacichoscameleon.pl\/en\/wp-json\/wp\/v2\/media\/1769"}],"wp:attachment":[{"href":"https:\/\/zunkacichoscameleon.pl\/en\/wp-json\/wp\/v2\/media?parent=1768"}],"wp:term":[{"taxonomy":"product_brand","embeddable":true,"href":"https:\/\/zunkacichoscameleon.pl\/en\/wp-json\/wp\/v2\/product_brand?post=1768"},{"taxonomy":"product_cat","embeddable":true,"href":"https:\/\/zunkacichoscameleon.pl\/en\/wp-json\/wp\/v2\/product_cat?post=1768"},{"taxonomy":"product_tag","embeddable":true,"href":"https:\/\/zunkacichoscameleon.pl\/en\/wp-json\/wp\/v2\/product_tag?post=1768"}],"curies":[{"name":"wp","href":"https:\/\/api.w.org\/{rel}","templated":true}]}}