{"id":1794,"date":"2025-03-27T13:49:30","date_gmt":"2025-03-27T12:49:30","guid":{"rendered":"https:\/\/zunkacichoscameleon.pl\/?post_type=product&#038;p=1794"},"modified":"2025-12-02T15:58:46","modified_gmt":"2025-12-02T14:58:46","slug":"odpoczynek-wydruk-artystyczny-a5","status":"publish","type":"product","link":"https:\/\/zunkacichoscameleon.pl\/en\/product\/odpoczynek-wydruk-artystyczny-a5\/","title":{"rendered":"Odpoczynek, wydruk artystyczny A5"},"content":{"rendered":"<p>Odpoczynek, wydruk artystyczny. Ten obraz przyni\u00f3s\u0142 wiadmo\u015b\u0107 o tym, \u017ce kiedy w \u017cyciu przejdzie tornado, zadziej\u0105 si\u0119 du\u017ce, czasami brutalne zmiany, trzeba usi\u0105\u015b\u0107 na bujany fotel, za\u0142o\u017cy\u0107 mask\u0119 telenow\u0105, oddycha\u0107 i nic ju\u017c nie robi\u0107.<\/p>\n<p>Nie szturcha\u0107 siebie do kolejnego procesu i wiecznie trwaj\u0105cego\u00a0 uzdrawiania.<\/p>\n<p>Usi\u0105d\u017a, odpoczynij, niech opadnie kurz. Wierz w to \u017ce jeste\u015b wspierana od zewn\u0105trz, ze \u015bwiata niewidzialnego i nie wszystko musisz robi\u0107 sama. Uzdrawianie czasami dzieje si\u0119 samo z siebie.<\/p>\n<p>A co powiesz na uzdrawianie przez kochanie?<\/p>\n<p>Masz jedno \u017cycie i by\u0107 mo\u017ce wszystkiego nie ogarniesz. Wiedz to.<\/p>\n<div class=\"woocommerce-tabs wc-tabs-wrapper\">\n<div id=\"tab-description\" class=\"woocommerce-Tabs-panel woocommerce-Tabs-panel--description panel entry-content wc-tab\" role=\"tabpanel\" aria-labelledby=\"tab-title-description\">\n<p>Kupujesz wydruk artystyczny, nie orygina\u0142.<\/p>\n<p>Rozmiar A5 razem z marginesem<\/p>\n<p>Wydruk zosta\u0142 zrobiony na Bardzo dobrym papierze wysokiej jako\u015bci, w dotyku przypominj\u0105cym papier do akwareli.<\/p>\n<p>Kolory cudownie intensywne.<\/p>\n<p>Unframed<\/p>\n<p>&nbsp;<\/p>\n<p>Wydruk wy\u015bl\u0119 do Ciebie listem priorytetowym poleconym.<\/p>\n<p>Foreign customers please visit my\u00a0<a href=\"https:\/\/www.etsy.com\/listing\/1607466922\/colourful-shaman-woman-wall-art?ref=shop_home_active_2&amp;logging_key=bfa32e0f65c9e4aa59f716ea65ce548c79322a6f%3A1607466922\">Etsy shop\u00a0 \u00a0<\/a><\/p>\n<p>or contact me directly zuzaci@gmail.com<\/p>\n<\/div>\n<\/div>","protected":false},"excerpt":{"rendered":"<p>Kupujesz wydruk artystyczny, nie orygina\u0142.<\/p>\n<p>Rozmiar A5 razem z marginesem<\/p>\n<p>Wydruk zosta\u0142 zrobiony na Bardzo dobrym papierze wysokiej jako\u015bci<\/p>","protected":false},"featured_media":1795,"comment_status":"open","ping_status":"closed","template":"","meta":[],"product_brand":[],"product_cat":[112],"product_tag":[],"class_list":{"0":"post-1794","1":"product","2":"type-product","3":"status-publish","4":"has-post-thumbnail","6":"product_cat-wydruki","7":"product_shipping_class-obrazy-oryginalne","9":"first","10":"instock","11":"shipping-taxable","12":"purchasable","13":"product-type-simple"},"yoast_head":"<!-- This site is optimized with the Yoast SEO plugin v27.3 - https:\/\/yoast.com\/product\/yoast-seo-wordpress\/ -->\n<title>Odpoczynek, wydruk artystyczny A5 - Zunka Cichos jak kameleon<\/title>\n<meta name=\"description\" content=\"Odpoczynek- Kupujesz wydruk artystyczny, nie orygina\u0142.Rozmiar A5 razem z marginesemWydruk zosta\u0142 zrobiony na Bardzo dobrym papierze wysokiej jako\u015bci\" \/>\n<meta name=\"robots\" content=\"index, follow, max-snippet:-1, max-image-preview:large, max-video-preview:-1\" \/>\n<link rel=\"canonical\" href=\"https:\/\/zunkacichoscameleon.pl\/en\/product\/odpoczynek-wydruk-artystyczny-a5\/\" \/>\n<meta property=\"og:locale\" content=\"en_GB\" \/>\n<meta property=\"og:type\" content=\"article\" \/>\n<meta property=\"og:title\" content=\"Odpoczynek, wydruk artystyczny A5 - Zunka Cichos jak kameleon\" \/>\n<meta property=\"og:description\" content=\"Odpoczynek- Kupujesz wydruk artystyczny, nie orygina\u0142.Rozmiar A5 razem z marginesemWydruk zosta\u0142 zrobiony na Bardzo dobrym papierze wysokiej jako\u015bci\" \/>\n<meta property=\"og:url\" content=\"https:\/\/zunkacichoscameleon.pl\/en\/product\/odpoczynek-wydruk-artystyczny-a5\/\" \/>\n<meta property=\"og:site_name\" content=\"Zunka Cichos jak kameleon\" \/>\n<meta property=\"article:publisher\" content=\"https:\/\/www.facebook.com\/Cameleon-100398745427656\" \/>\n<meta property=\"article:modified_time\" content=\"2025-12-02T14:58:46+00:00\" \/>\n<meta property=\"og:image\" content=\"https:\/\/zunkacichoscameleon.pl\/wp-content\/uploads\/2025\/03\/P1011714-scaled.jpg\" \/>\n\t<meta property=\"og:image:width\" content=\"1920\" \/>\n\t<meta property=\"og:image:height\" content=\"2560\" \/>\n\t<meta property=\"og:image:type\" content=\"image\/jpeg\" \/>\n<meta name=\"twitter:card\" content=\"summary_large_image\" \/>\n<meta name=\"twitter:label1\" content=\"Estimated reading time\" \/>\n\t<meta name=\"twitter:data1\" content=\"2 minutes\" \/>\n<script type=\"application\/ld+json\" class=\"yoast-schema-graph\">{\"@context\":\"https:\\\/\\\/schema.org\",\"@graph\":[{\"@type\":\"WebPage\",\"@id\":\"https:\\\/\\\/zunkacichoscameleon.pl\\\/produkt\\\/odpoczynek-wydruk-artystyczny-a5\\\/\",\"url\":\"https:\\\/\\\/zunkacichoscameleon.pl\\\/produkt\\\/odpoczynek-wydruk-artystyczny-a5\\\/\",\"name\":\"Odpoczynek, wydruk artystyczny A5 - Zunka Cichos jak kameleon\",\"isPartOf\":{\"@id\":\"https:\\\/\\\/zunkacichoscameleon.pl\\\/#website\"},\"primaryImageOfPage\":{\"@id\":\"https:\\\/\\\/zunkacichoscameleon.pl\\\/produkt\\\/odpoczynek-wydruk-artystyczny-a5\\\/#primaryimage\"},\"image\":{\"@id\":\"https:\\\/\\\/zunkacichoscameleon.pl\\\/produkt\\\/odpoczynek-wydruk-artystyczny-a5\\\/#primaryimage\"},\"thumbnailUrl\":\"https:\\\/\\\/zunkacichoscameleon.pl\\\/wp-content\\\/uploads\\\/2025\\\/03\\\/P1011714-scaled.jpg\",\"datePublished\":\"2025-03-27T12:49:30+00:00\",\"dateModified\":\"2025-12-02T14:58:46+00:00\",\"description\":\"Odpoczynek- Kupujesz wydruk artystyczny, nie orygina\u0142.Rozmiar A5 razem z marginesemWydruk zosta\u0142 zrobiony na Bardzo dobrym papierze wysokiej jako\u015bci\",\"breadcrumb\":{\"@id\":\"https:\\\/\\\/zunkacichoscameleon.pl\\\/produkt\\\/odpoczynek-wydruk-artystyczny-a5\\\/#breadcrumb\"},\"inLanguage\":\"en-GB\",\"potentialAction\":[{\"@type\":\"ReadAction\",\"target\":[\"https:\\\/\\\/zunkacichoscameleon.pl\\\/produkt\\\/odpoczynek-wydruk-artystyczny-a5\\\/\"]}]},{\"@type\":\"ImageObject\",\"inLanguage\":\"en-GB\",\"@id\":\"https:\\\/\\\/zunkacichoscameleon.pl\\\/produkt\\\/odpoczynek-wydruk-artystyczny-a5\\\/#primaryimage\",\"url\":\"https:\\\/\\\/zunkacichoscameleon.pl\\\/wp-content\\\/uploads\\\/2025\\\/03\\\/P1011714-scaled.jpg\",\"contentUrl\":\"https:\\\/\\\/zunkacichoscameleon.pl\\\/wp-content\\\/uploads\\\/2025\\\/03\\\/P1011714-scaled.jpg\",\"width\":1920,\"height\":2560,\"caption\":\"wydruk artystyczny\"},{\"@type\":\"BreadcrumbList\",\"@id\":\"https:\\\/\\\/zunkacichoscameleon.pl\\\/produkt\\\/odpoczynek-wydruk-artystyczny-a5\\\/#breadcrumb\",\"itemListElement\":[{\"@type\":\"ListItem\",\"position\":1,\"name\":\"Strona g\u0142\u00f3wna\",\"item\":\"https:\\\/\\\/zunkacichoscameleon.pl\\\/\"},{\"@type\":\"ListItem\",\"position\":2,\"name\":\"Sklep\",\"item\":\"https:\\\/\\\/zunkacichoscameleon.pl\\\/sklep\\\/\"},{\"@type\":\"ListItem\",\"position\":3,\"name\":\"Odpoczynek, wydruk artystyczny A5\"}]},{\"@type\":\"WebSite\",\"@id\":\"https:\\\/\\\/zunkacichoscameleon.pl\\\/#website\",\"url\":\"https:\\\/\\\/zunkacichoscameleon.pl\\\/\",\"name\":\"Zunka Cichos jak kameleon\",\"description\":\"Rozkminy artystyczno-\u017cyciowe\",\"publisher\":{\"@id\":\"https:\\\/\\\/zunkacichoscameleon.pl\\\/#\\\/schema\\\/person\\\/54eb2742270ae1528910f7e3c94c38a2\"},\"potentialAction\":[{\"@type\":\"SearchAction\",\"target\":{\"@type\":\"EntryPoint\",\"urlTemplate\":\"https:\\\/\\\/zunkacichoscameleon.pl\\\/?s={search_term_string}\"},\"query-input\":{\"@type\":\"PropertyValueSpecification\",\"valueRequired\":true,\"valueName\":\"search_term_string\"}}],\"inLanguage\":\"en-GB\"},{\"@type\":[\"Person\",\"Organization\"],\"@id\":\"https:\\\/\\\/zunkacichoscameleon.pl\\\/#\\\/schema\\\/person\\\/54eb2742270ae1528910f7e3c94c38a2\",\"name\":\"Zunka Cichos\",\"image\":{\"@type\":\"ImageObject\",\"inLanguage\":\"en-GB\",\"@id\":\"https:\\\/\\\/zunkacichoscameleon.pl\\\/wp-content\\\/uploads\\\/2021\\\/12\\\/3.jpg-necklace.jpg\",\"url\":\"https:\\\/\\\/zunkacichoscameleon.pl\\\/wp-content\\\/uploads\\\/2021\\\/12\\\/3.jpg-necklace.jpg\",\"contentUrl\":\"https:\\\/\\\/zunkacichoscameleon.pl\\\/wp-content\\\/uploads\\\/2021\\\/12\\\/3.jpg-necklace.jpg\",\"width\":900,\"height\":600,\"caption\":\"Zunka Cichos\"},\"logo\":{\"@id\":\"https:\\\/\\\/zunkacichoscameleon.pl\\\/wp-content\\\/uploads\\\/2021\\\/12\\\/3.jpg-necklace.jpg\"},\"sameAs\":[\"https:\\\/\\\/zunkacichoscameleon.pl\",\"https:\\\/\\\/www.facebook.com\\\/Cameleon-100398745427656\",\"https:\\\/\\\/www.instagram.com\\\/cameleonka\\\/?hl=en\",\"https:\\\/\\\/pl.pinterest.com\\\/cameleonartshop\\\/_created\\\/\"]}]}<\/script>\n<!-- \/ Yoast SEO plugin. -->","yoast_head_json":{"title":"Odpoczynek, wydruk artystyczny A5 - Zunka Cichos jak kameleon","description":"Odpoczynek- Kupujesz wydruk artystyczny, nie orygina\u0142.Rozmiar A5 razem z marginesemWydruk zosta\u0142 zrobiony na Bardzo dobrym papierze wysokiej jako\u015bci","robots":{"index":"index","follow":"follow","max-snippet":"max-snippet:-1","max-image-preview":"max-image-preview:large","max-video-preview":"max-video-preview:-1"},"canonical":"https:\/\/zunkacichoscameleon.pl\/en\/product\/odpoczynek-wydruk-artystyczny-a5\/","og_locale":"en_GB","og_type":"article","og_title":"Odpoczynek, wydruk artystyczny A5 - Zunka Cichos jak kameleon","og_description":"Odpoczynek- Kupujesz wydruk artystyczny, nie orygina\u0142.Rozmiar A5 razem z marginesemWydruk zosta\u0142 zrobiony na Bardzo dobrym papierze wysokiej jako\u015bci","og_url":"https:\/\/zunkacichoscameleon.pl\/en\/product\/odpoczynek-wydruk-artystyczny-a5\/","og_site_name":"Zunka Cichos jak kameleon","article_publisher":"https:\/\/www.facebook.com\/Cameleon-100398745427656","article_modified_time":"2025-12-02T14:58:46+00:00","og_image":[{"width":1920,"height":2560,"url":"https:\/\/zunkacichoscameleon.pl\/wp-content\/uploads\/2025\/03\/P1011714-scaled.jpg","type":"image\/jpeg"}],"twitter_card":"summary_large_image","twitter_misc":{"Estimated reading time":"2 minutes"},"schema":{"@context":"https:\/\/schema.org","@graph":[{"@type":"WebPage","@id":"https:\/\/zunkacichoscameleon.pl\/produkt\/odpoczynek-wydruk-artystyczny-a5\/","url":"https:\/\/zunkacichoscameleon.pl\/produkt\/odpoczynek-wydruk-artystyczny-a5\/","name":"Odpoczynek, wydruk artystyczny A5 - Zunka Cichos jak kameleon","isPartOf":{"@id":"https:\/\/zunkacichoscameleon.pl\/#website"},"primaryImageOfPage":{"@id":"https:\/\/zunkacichoscameleon.pl\/produkt\/odpoczynek-wydruk-artystyczny-a5\/#primaryimage"},"image":{"@id":"https:\/\/zunkacichoscameleon.pl\/produkt\/odpoczynek-wydruk-artystyczny-a5\/#primaryimage"},"thumbnailUrl":"https:\/\/zunkacichoscameleon.pl\/wp-content\/uploads\/2025\/03\/P1011714-scaled.jpg","datePublished":"2025-03-27T12:49:30+00:00","dateModified":"2025-12-02T14:58:46+00:00","description":"Odpoczynek- Kupujesz wydruk artystyczny, nie orygina\u0142.Rozmiar A5 razem z marginesemWydruk zosta\u0142 zrobiony na Bardzo dobrym papierze wysokiej jako\u015bci","breadcrumb":{"@id":"https:\/\/zunkacichoscameleon.pl\/produkt\/odpoczynek-wydruk-artystyczny-a5\/#breadcrumb"},"inLanguage":"en-GB","potentialAction":[{"@type":"ReadAction","target":["https:\/\/zunkacichoscameleon.pl\/produkt\/odpoczynek-wydruk-artystyczny-a5\/"]}]},{"@type":"ImageObject","inLanguage":"en-GB","@id":"https:\/\/zunkacichoscameleon.pl\/produkt\/odpoczynek-wydruk-artystyczny-a5\/#primaryimage","url":"https:\/\/zunkacichoscameleon.pl\/wp-content\/uploads\/2025\/03\/P1011714-scaled.jpg","contentUrl":"https:\/\/zunkacichoscameleon.pl\/wp-content\/uploads\/2025\/03\/P1011714-scaled.jpg","width":1920,"height":2560,"caption":"wydruk artystyczny"},{"@type":"BreadcrumbList","@id":"https:\/\/zunkacichoscameleon.pl\/produkt\/odpoczynek-wydruk-artystyczny-a5\/#breadcrumb","itemListElement":[{"@type":"ListItem","position":1,"name":"Strona g\u0142\u00f3wna","item":"https:\/\/zunkacichoscameleon.pl\/"},{"@type":"ListItem","position":2,"name":"Sklep","item":"https:\/\/zunkacichoscameleon.pl\/sklep\/"},{"@type":"ListItem","position":3,"name":"Odpoczynek, wydruk artystyczny A5"}]},{"@type":"WebSite","@id":"https:\/\/zunkacichoscameleon.pl\/#website","url":"https:\/\/zunkacichoscameleon.pl\/","name":"Zunka Cichos jak kameleon","description":"Rozkminy artystyczno-\u017cyciowe","publisher":{"@id":"https:\/\/zunkacichoscameleon.pl\/#\/schema\/person\/54eb2742270ae1528910f7e3c94c38a2"},"potentialAction":[{"@type":"SearchAction","target":{"@type":"EntryPoint","urlTemplate":"https:\/\/zunkacichoscameleon.pl\/?s={search_term_string}"},"query-input":{"@type":"PropertyValueSpecification","valueRequired":true,"valueName":"search_term_string"}}],"inLanguage":"en-GB"},{"@type":["Person","Organization"],"@id":"https:\/\/zunkacichoscameleon.pl\/#\/schema\/person\/54eb2742270ae1528910f7e3c94c38a2","name":"Zunka Cichos","image":{"@type":"ImageObject","inLanguage":"en-GB","@id":"https:\/\/zunkacichoscameleon.pl\/wp-content\/uploads\/2021\/12\/3.jpg-necklace.jpg","url":"https:\/\/zunkacichoscameleon.pl\/wp-content\/uploads\/2021\/12\/3.jpg-necklace.jpg","contentUrl":"https:\/\/zunkacichoscameleon.pl\/wp-content\/uploads\/2021\/12\/3.jpg-necklace.jpg","width":900,"height":600,"caption":"Zunka Cichos"},"logo":{"@id":"https:\/\/zunkacichoscameleon.pl\/wp-content\/uploads\/2021\/12\/3.jpg-necklace.jpg"},"sameAs":["https:\/\/zunkacichoscameleon.pl","https:\/\/www.facebook.com\/Cameleon-100398745427656","https:\/\/www.instagram.com\/cameleonka\/?hl=en","https:\/\/pl.pinterest.com\/cameleonartshop\/_created\/"]}]}},"jetpack_sharing_enabled":true,"_links":{"self":[{"href":"https:\/\/zunkacichoscameleon.pl\/en\/wp-json\/wp\/v2\/product\/1794","targetHints":{"allow":["GET"]}}],"collection":[{"href":"https:\/\/zunkacichoscameleon.pl\/en\/wp-json\/wp\/v2\/product"}],"about":[{"href":"https:\/\/zunkacichoscameleon.pl\/en\/wp-json\/wp\/v2\/types\/product"}],"replies":[{"embeddable":true,"href":"https:\/\/zunkacichoscameleon.pl\/en\/wp-json\/wp\/v2\/comments?post=1794"}],"wp:featuredmedia":[{"embeddable":true,"href":"https:\/\/zunkacichoscameleon.pl\/en\/wp-json\/wp\/v2\/media\/1795"}],"wp:attachment":[{"href":"https:\/\/zunkacichoscameleon.pl\/en\/wp-json\/wp\/v2\/media?parent=1794"}],"wp:term":[{"taxonomy":"product_brand","embeddable":true,"href":"https:\/\/zunkacichoscameleon.pl\/en\/wp-json\/wp\/v2\/product_brand?post=1794"},{"taxonomy":"product_cat","embeddable":true,"href":"https:\/\/zunkacichoscameleon.pl\/en\/wp-json\/wp\/v2\/product_cat?post=1794"},{"taxonomy":"product_tag","embeddable":true,"href":"https:\/\/zunkacichoscameleon.pl\/en\/wp-json\/wp\/v2\/product_tag?post=1794"}],"curies":[{"name":"wp","href":"https:\/\/api.w.org\/{rel}","templated":true}]}}