{"id":1841,"date":"2025-04-15T16:41:57","date_gmt":"2025-04-15T14:41:57","guid":{"rendered":"https:\/\/zunkacichoscameleon.pl\/?post_type=product&#038;p=1841"},"modified":"2025-12-02T15:56:52","modified_gmt":"2025-12-02T14:56:52","slug":"zlotousta-wydruk-artystyczny","status":"publish","type":"product","link":"https:\/\/zunkacichoscameleon.pl\/en\/product\/zlotousta-wydruk-artystyczny\/","title":{"rendered":"Z\u0142otousta wydruk artystyczny"},"content":{"rendered":"<p>Z\u0142otousta wydruk artystyczny<\/p>\n<p>Kobieta na obrazie jest dojrza\u0142a, osadzona w sobie, wie co wie i nie musi tego wyja\u015bnia\u0107.<\/p>\n<p>M\u00f3wi z miejsca prawdy,\u00a0 odwa\u017cnie i bezkompromisowo. Nie boi si\u0119 wnie\u015b\u0107 swojego g\u0142osu nawet je\u015bli jest jedyny w t\u0142umie.<\/p>\n<p>To ona wstaje i m\u00f3wi &#8221; nie zgadzam si\u0119&#8221;, &#8220;widz\u0119 to inaczej i ufam swojemu widzeniu&#8221;.<\/p>\n<p>To co ma do powiedzenia mo\u017ce by\u0107 trudne do przyj\u0119cia, konfrontacyjne lub kontrowersyjne.<\/p>\n<p>Jej widzenie si\u0119ga g\u0142\u0119boko, poza warstwy widzialnego.<\/p>\n<p>Mo\u017ce by\u0107 uznana za osob\u0119 trudn\u0105 i maj\u0105c\u0105 zawsze co\u015b do wniesienia.<\/p>\n<p>Lecz ona pozostaje wierna sobie.<\/p>\n<p>Jej czakra gard\u0142a jest otwarta.<\/p>\n<p>&nbsp;<\/p>\n<p>Ka\u017cdy obraz \u015bwiadkowa\u0142 czemu\u015b wa\u017cnemu w moim \u017cyciu.<\/p>\n<p>Wspiera\u0142 moj\u0105 wewn\u0119trzn\u0105 i zewn\u0119trzn\u0105 przestrze\u0144.<\/p>\n<p>Teraz niech to robi dla Ciebie, aho!<\/p>\n<p>&nbsp;<\/p>\n<p>Wysokiej jako\u015bci wydruk artystyczny<\/p>\n<p>Pi\u0119kne, \u017cywe kolory<\/p>\n<p>Rozmiar A4 razem z bia\u0142ym marginesem<\/p>","protected":false},"excerpt":{"rendered":"<p>Z\u0142otousta Wysokiej jako\u015bci wydruk artystyczny<\/p>\n<p>Pi\u0119kne, \u017cywe kolory<\/p>\n<p>Rozmiar A4 razem z bia\u0142ym marginesem<\/p>","protected":false},"featured_media":1842,"comment_status":"open","ping_status":"closed","template":"","meta":[],"product_brand":[],"product_cat":[112],"product_tag":[],"class_list":{"0":"post-1841","1":"product","2":"type-product","3":"status-publish","4":"has-post-thumbnail","6":"product_cat-wydruki","7":"product_shipping_class-obrazy-oryginalne","9":"first","10":"instock","11":"shipping-taxable","12":"purchasable","13":"product-type-simple"},"yoast_head":"<!-- This site is optimized with the Yoast SEO plugin v27.3 - https:\/\/yoast.com\/product\/yoast-seo-wordpress\/ -->\n<title>Z\u0142otousta wydruk artystyczny - Zunka Cichos jak kameleon<\/title>\n<meta name=\"description\" content=\"Z\u0142otousta wydruk artystyczny, wysokiej jako\u015bci wydruk artystyczny Pi\u0119kne, \u017cywe kolory Rozmiar A4 razem z bia\u0142ym marginesem\" \/>\n<meta name=\"robots\" content=\"index, follow, max-snippet:-1, max-image-preview:large, max-video-preview:-1\" \/>\n<link rel=\"canonical\" href=\"https:\/\/zunkacichoscameleon.pl\/en\/product\/zlotousta-wydruk-artystyczny\/\" \/>\n<meta property=\"og:locale\" content=\"en_GB\" \/>\n<meta property=\"og:type\" content=\"article\" \/>\n<meta property=\"og:title\" content=\"Z\u0142otousta wydruk artystyczny - Zunka Cichos jak kameleon\" \/>\n<meta property=\"og:description\" content=\"Z\u0142otousta wydruk artystyczny, wysokiej jako\u015bci wydruk artystyczny Pi\u0119kne, \u017cywe kolory Rozmiar A4 razem z bia\u0142ym marginesem\" \/>\n<meta property=\"og:url\" content=\"https:\/\/zunkacichoscameleon.pl\/en\/product\/zlotousta-wydruk-artystyczny\/\" \/>\n<meta property=\"og:site_name\" content=\"Zunka Cichos jak kameleon\" \/>\n<meta property=\"article:publisher\" content=\"https:\/\/www.facebook.com\/Cameleon-100398745427656\" \/>\n<meta property=\"article:modified_time\" content=\"2025-12-02T14:56:52+00:00\" \/>\n<meta property=\"og:image\" content=\"https:\/\/zunkacichoscameleon.pl\/wp-content\/uploads\/2025\/04\/P1011760-scaled.jpg\" \/>\n\t<meta property=\"og:image:width\" content=\"1920\" \/>\n\t<meta property=\"og:image:height\" content=\"2560\" \/>\n\t<meta property=\"og:image:type\" content=\"image\/jpeg\" \/>\n<meta name=\"twitter:card\" content=\"summary_large_image\" \/>\n<meta name=\"twitter:label1\" content=\"Estimated reading time\" \/>\n\t<meta name=\"twitter:data1\" content=\"1 minute\" \/>\n<script type=\"application\/ld+json\" class=\"yoast-schema-graph\">{\"@context\":\"https:\\\/\\\/schema.org\",\"@graph\":[{\"@type\":\"WebPage\",\"@id\":\"https:\\\/\\\/zunkacichoscameleon.pl\\\/produkt\\\/zlotousta-wydruk-artystyczny\\\/\",\"url\":\"https:\\\/\\\/zunkacichoscameleon.pl\\\/produkt\\\/zlotousta-wydruk-artystyczny\\\/\",\"name\":\"Z\u0142otousta wydruk artystyczny - Zunka Cichos jak kameleon\",\"isPartOf\":{\"@id\":\"https:\\\/\\\/zunkacichoscameleon.pl\\\/#website\"},\"primaryImageOfPage\":{\"@id\":\"https:\\\/\\\/zunkacichoscameleon.pl\\\/produkt\\\/zlotousta-wydruk-artystyczny\\\/#primaryimage\"},\"image\":{\"@id\":\"https:\\\/\\\/zunkacichoscameleon.pl\\\/produkt\\\/zlotousta-wydruk-artystyczny\\\/#primaryimage\"},\"thumbnailUrl\":\"https:\\\/\\\/zunkacichoscameleon.pl\\\/wp-content\\\/uploads\\\/2025\\\/04\\\/P1011760-scaled.jpg\",\"datePublished\":\"2025-04-15T14:41:57+00:00\",\"dateModified\":\"2025-12-02T14:56:52+00:00\",\"description\":\"Z\u0142otousta wydruk artystyczny, wysokiej jako\u015bci wydruk artystyczny Pi\u0119kne, \u017cywe kolory Rozmiar A4 razem z bia\u0142ym marginesem\",\"breadcrumb\":{\"@id\":\"https:\\\/\\\/zunkacichoscameleon.pl\\\/produkt\\\/zlotousta-wydruk-artystyczny\\\/#breadcrumb\"},\"inLanguage\":\"en-GB\",\"potentialAction\":[{\"@type\":\"ReadAction\",\"target\":[\"https:\\\/\\\/zunkacichoscameleon.pl\\\/produkt\\\/zlotousta-wydruk-artystyczny\\\/\"]}]},{\"@type\":\"ImageObject\",\"inLanguage\":\"en-GB\",\"@id\":\"https:\\\/\\\/zunkacichoscameleon.pl\\\/produkt\\\/zlotousta-wydruk-artystyczny\\\/#primaryimage\",\"url\":\"https:\\\/\\\/zunkacichoscameleon.pl\\\/wp-content\\\/uploads\\\/2025\\\/04\\\/P1011760-scaled.jpg\",\"contentUrl\":\"https:\\\/\\\/zunkacichoscameleon.pl\\\/wp-content\\\/uploads\\\/2025\\\/04\\\/P1011760-scaled.jpg\",\"width\":1920,\"height\":2560,\"caption\":\"Z\u0142otousta wydruk artystyczny\"},{\"@type\":\"BreadcrumbList\",\"@id\":\"https:\\\/\\\/zunkacichoscameleon.pl\\\/produkt\\\/zlotousta-wydruk-artystyczny\\\/#breadcrumb\",\"itemListElement\":[{\"@type\":\"ListItem\",\"position\":1,\"name\":\"Strona g\u0142\u00f3wna\",\"item\":\"https:\\\/\\\/zunkacichoscameleon.pl\\\/\"},{\"@type\":\"ListItem\",\"position\":2,\"name\":\"Sklep\",\"item\":\"https:\\\/\\\/zunkacichoscameleon.pl\\\/sklep\\\/\"},{\"@type\":\"ListItem\",\"position\":3,\"name\":\"Z\u0142otousta wydruk artystyczny\"}]},{\"@type\":\"WebSite\",\"@id\":\"https:\\\/\\\/zunkacichoscameleon.pl\\\/#website\",\"url\":\"https:\\\/\\\/zunkacichoscameleon.pl\\\/\",\"name\":\"Zunka Cichos jak kameleon\",\"description\":\"Rozkminy artystyczno-\u017cyciowe\",\"publisher\":{\"@id\":\"https:\\\/\\\/zunkacichoscameleon.pl\\\/#\\\/schema\\\/person\\\/54eb2742270ae1528910f7e3c94c38a2\"},\"potentialAction\":[{\"@type\":\"SearchAction\",\"target\":{\"@type\":\"EntryPoint\",\"urlTemplate\":\"https:\\\/\\\/zunkacichoscameleon.pl\\\/?s={search_term_string}\"},\"query-input\":{\"@type\":\"PropertyValueSpecification\",\"valueRequired\":true,\"valueName\":\"search_term_string\"}}],\"inLanguage\":\"en-GB\"},{\"@type\":[\"Person\",\"Organization\"],\"@id\":\"https:\\\/\\\/zunkacichoscameleon.pl\\\/#\\\/schema\\\/person\\\/54eb2742270ae1528910f7e3c94c38a2\",\"name\":\"Zunka Cichos\",\"image\":{\"@type\":\"ImageObject\",\"inLanguage\":\"en-GB\",\"@id\":\"https:\\\/\\\/zunkacichoscameleon.pl\\\/wp-content\\\/uploads\\\/2021\\\/12\\\/3.jpg-necklace.jpg\",\"url\":\"https:\\\/\\\/zunkacichoscameleon.pl\\\/wp-content\\\/uploads\\\/2021\\\/12\\\/3.jpg-necklace.jpg\",\"contentUrl\":\"https:\\\/\\\/zunkacichoscameleon.pl\\\/wp-content\\\/uploads\\\/2021\\\/12\\\/3.jpg-necklace.jpg\",\"width\":900,\"height\":600,\"caption\":\"Zunka Cichos\"},\"logo\":{\"@id\":\"https:\\\/\\\/zunkacichoscameleon.pl\\\/wp-content\\\/uploads\\\/2021\\\/12\\\/3.jpg-necklace.jpg\"},\"sameAs\":[\"https:\\\/\\\/zunkacichoscameleon.pl\",\"https:\\\/\\\/www.facebook.com\\\/Cameleon-100398745427656\",\"https:\\\/\\\/www.instagram.com\\\/cameleonka\\\/?hl=en\",\"https:\\\/\\\/pl.pinterest.com\\\/cameleonartshop\\\/_created\\\/\"]}]}<\/script>\n<!-- \/ Yoast SEO plugin. -->","yoast_head_json":{"title":"Z\u0142otousta wydruk artystyczny - Zunka Cichos jak kameleon","description":"Z\u0142otousta wydruk artystyczny, wysokiej jako\u015bci wydruk artystyczny Pi\u0119kne, \u017cywe kolory Rozmiar A4 razem z bia\u0142ym marginesem","robots":{"index":"index","follow":"follow","max-snippet":"max-snippet:-1","max-image-preview":"max-image-preview:large","max-video-preview":"max-video-preview:-1"},"canonical":"https:\/\/zunkacichoscameleon.pl\/en\/product\/zlotousta-wydruk-artystyczny\/","og_locale":"en_GB","og_type":"article","og_title":"Z\u0142otousta wydruk artystyczny - Zunka Cichos jak kameleon","og_description":"Z\u0142otousta wydruk artystyczny, wysokiej jako\u015bci wydruk artystyczny Pi\u0119kne, \u017cywe kolory Rozmiar A4 razem z bia\u0142ym marginesem","og_url":"https:\/\/zunkacichoscameleon.pl\/en\/product\/zlotousta-wydruk-artystyczny\/","og_site_name":"Zunka Cichos jak kameleon","article_publisher":"https:\/\/www.facebook.com\/Cameleon-100398745427656","article_modified_time":"2025-12-02T14:56:52+00:00","og_image":[{"width":1920,"height":2560,"url":"https:\/\/zunkacichoscameleon.pl\/wp-content\/uploads\/2025\/04\/P1011760-scaled.jpg","type":"image\/jpeg"}],"twitter_card":"summary_large_image","twitter_misc":{"Estimated reading time":"1 minute"},"schema":{"@context":"https:\/\/schema.org","@graph":[{"@type":"WebPage","@id":"https:\/\/zunkacichoscameleon.pl\/produkt\/zlotousta-wydruk-artystyczny\/","url":"https:\/\/zunkacichoscameleon.pl\/produkt\/zlotousta-wydruk-artystyczny\/","name":"Z\u0142otousta wydruk artystyczny - Zunka Cichos jak kameleon","isPartOf":{"@id":"https:\/\/zunkacichoscameleon.pl\/#website"},"primaryImageOfPage":{"@id":"https:\/\/zunkacichoscameleon.pl\/produkt\/zlotousta-wydruk-artystyczny\/#primaryimage"},"image":{"@id":"https:\/\/zunkacichoscameleon.pl\/produkt\/zlotousta-wydruk-artystyczny\/#primaryimage"},"thumbnailUrl":"https:\/\/zunkacichoscameleon.pl\/wp-content\/uploads\/2025\/04\/P1011760-scaled.jpg","datePublished":"2025-04-15T14:41:57+00:00","dateModified":"2025-12-02T14:56:52+00:00","description":"Z\u0142otousta wydruk artystyczny, wysokiej jako\u015bci wydruk artystyczny Pi\u0119kne, \u017cywe kolory Rozmiar A4 razem z bia\u0142ym marginesem","breadcrumb":{"@id":"https:\/\/zunkacichoscameleon.pl\/produkt\/zlotousta-wydruk-artystyczny\/#breadcrumb"},"inLanguage":"en-GB","potentialAction":[{"@type":"ReadAction","target":["https:\/\/zunkacichoscameleon.pl\/produkt\/zlotousta-wydruk-artystyczny\/"]}]},{"@type":"ImageObject","inLanguage":"en-GB","@id":"https:\/\/zunkacichoscameleon.pl\/produkt\/zlotousta-wydruk-artystyczny\/#primaryimage","url":"https:\/\/zunkacichoscameleon.pl\/wp-content\/uploads\/2025\/04\/P1011760-scaled.jpg","contentUrl":"https:\/\/zunkacichoscameleon.pl\/wp-content\/uploads\/2025\/04\/P1011760-scaled.jpg","width":1920,"height":2560,"caption":"Z\u0142otousta wydruk artystyczny"},{"@type":"BreadcrumbList","@id":"https:\/\/zunkacichoscameleon.pl\/produkt\/zlotousta-wydruk-artystyczny\/#breadcrumb","itemListElement":[{"@type":"ListItem","position":1,"name":"Strona g\u0142\u00f3wna","item":"https:\/\/zunkacichoscameleon.pl\/"},{"@type":"ListItem","position":2,"name":"Sklep","item":"https:\/\/zunkacichoscameleon.pl\/sklep\/"},{"@type":"ListItem","position":3,"name":"Z\u0142otousta wydruk artystyczny"}]},{"@type":"WebSite","@id":"https:\/\/zunkacichoscameleon.pl\/#website","url":"https:\/\/zunkacichoscameleon.pl\/","name":"Zunka Cichos jak kameleon","description":"Rozkminy artystyczno-\u017cyciowe","publisher":{"@id":"https:\/\/zunkacichoscameleon.pl\/#\/schema\/person\/54eb2742270ae1528910f7e3c94c38a2"},"potentialAction":[{"@type":"SearchAction","target":{"@type":"EntryPoint","urlTemplate":"https:\/\/zunkacichoscameleon.pl\/?s={search_term_string}"},"query-input":{"@type":"PropertyValueSpecification","valueRequired":true,"valueName":"search_term_string"}}],"inLanguage":"en-GB"},{"@type":["Person","Organization"],"@id":"https:\/\/zunkacichoscameleon.pl\/#\/schema\/person\/54eb2742270ae1528910f7e3c94c38a2","name":"Zunka Cichos","image":{"@type":"ImageObject","inLanguage":"en-GB","@id":"https:\/\/zunkacichoscameleon.pl\/wp-content\/uploads\/2021\/12\/3.jpg-necklace.jpg","url":"https:\/\/zunkacichoscameleon.pl\/wp-content\/uploads\/2021\/12\/3.jpg-necklace.jpg","contentUrl":"https:\/\/zunkacichoscameleon.pl\/wp-content\/uploads\/2021\/12\/3.jpg-necklace.jpg","width":900,"height":600,"caption":"Zunka Cichos"},"logo":{"@id":"https:\/\/zunkacichoscameleon.pl\/wp-content\/uploads\/2021\/12\/3.jpg-necklace.jpg"},"sameAs":["https:\/\/zunkacichoscameleon.pl","https:\/\/www.facebook.com\/Cameleon-100398745427656","https:\/\/www.instagram.com\/cameleonka\/?hl=en","https:\/\/pl.pinterest.com\/cameleonartshop\/_created\/"]}]}},"jetpack_sharing_enabled":true,"_links":{"self":[{"href":"https:\/\/zunkacichoscameleon.pl\/en\/wp-json\/wp\/v2\/product\/1841","targetHints":{"allow":["GET"]}}],"collection":[{"href":"https:\/\/zunkacichoscameleon.pl\/en\/wp-json\/wp\/v2\/product"}],"about":[{"href":"https:\/\/zunkacichoscameleon.pl\/en\/wp-json\/wp\/v2\/types\/product"}],"replies":[{"embeddable":true,"href":"https:\/\/zunkacichoscameleon.pl\/en\/wp-json\/wp\/v2\/comments?post=1841"}],"wp:featuredmedia":[{"embeddable":true,"href":"https:\/\/zunkacichoscameleon.pl\/en\/wp-json\/wp\/v2\/media\/1842"}],"wp:attachment":[{"href":"https:\/\/zunkacichoscameleon.pl\/en\/wp-json\/wp\/v2\/media?parent=1841"}],"wp:term":[{"taxonomy":"product_brand","embeddable":true,"href":"https:\/\/zunkacichoscameleon.pl\/en\/wp-json\/wp\/v2\/product_brand?post=1841"},{"taxonomy":"product_cat","embeddable":true,"href":"https:\/\/zunkacichoscameleon.pl\/en\/wp-json\/wp\/v2\/product_cat?post=1841"},{"taxonomy":"product_tag","embeddable":true,"href":"https:\/\/zunkacichoscameleon.pl\/en\/wp-json\/wp\/v2\/product_tag?post=1841"}],"curies":[{"name":"wp","href":"https:\/\/api.w.org\/{rel}","templated":true}]}}