{"id":1874,"date":"2025-05-05T17:12:28","date_gmt":"2025-05-05T15:12:28","guid":{"rendered":"https:\/\/zunkacichoscameleon.pl\/?post_type=product&#038;p=1874"},"modified":"2025-12-05T11:02:18","modified_gmt":"2025-12-05T10:02:18","slug":"ogrody-obfitosci-malarski-rytual-ukochania-ciala-promocja","status":"publish","type":"product","link":"https:\/\/zunkacichoscameleon.pl\/en\/product\/ogrody-obfitosci-malarski-rytual-ukochania-ciala-promocja\/","title":{"rendered":"Ogrody obfito\u015bci malarski rytua\u0142 ukochania cia\u0142a,  promocja"},"content":{"rendered":"<p>Kochana Kobieto,<\/p>\n<p>Zapraszam Ci\u0119 do rytua\u0142u\u00a0 w kt\u00f3rym ukochasz swoje cia\u0142o poprzez stworzenie obrazu- talizmanu oraz przez przej\u015bcie przez malarski proces w kt\u00f3rym Ci\u0119 poprowadz\u0119.<\/p>\n<p>Czy potrzebujesz powiedzie\u0107 swojemu cia\u0142u &#8220;przepraszam&#8221;, &#8220;wybacz mi&#8221;, &#8220;dziekuj\u0119&#8221;, &#8220;kocham ci\u0119&#8221;?<\/p>\n<p>Albo mo\u017ce co\u015b innego&#8230;&#8230;.Mo\u017cesz to zrobi\u0107 maluj\u0105c.<\/p>\n<p>Zapraszam Ci\u0119 bez wzgl\u0119du na to\u00a0 jaki jest poziom Twoich zdolno\u015bci plastycznych poniewa\u017c zale\u017cy mi na Tym, aby\u015b stworzy\u0142a swoje unikatowe dzie\u0142o, wype\u0142nione Twoj\u0105 energi\u0105 i Twoj\u0105 histori\u0105, namalowane tak jak chcesz i jak potrafisz na ten moment. Obraz z g\u0142\u0119bokiego czucia siebie.<\/p>\n<p>Nagranie trwa 1 godzine i 42 minuty. Mo\u017cesz je odtwarza\u0107 w dowolnym czasie i przestrzeni.<\/p>\n<p>Jest podzielone na kroki w kt\u00f3rych zapraszam Ci\u0119 do eksploracji Twojej relacji z cia\u0142em poprzez kreatywne dzia\u0142anie i tw\u00f3rcz\u0105 medytacj\u0119.<\/p>\n<p>W tym do\u015bwiadczeniu, spotkasz si\u0119 ze swoj\u0105 Uzdrowicielk\u0105-Malark\u0105 i stworzysz obraz mocy, dopasowany do Twojej historii z cia\u0142em.<\/p>\n<p>&nbsp;<\/p>\n<p><strong>20 sierpnia<\/strong>, zapraszam Ci\u0119 na kr\u0105g online, podczas kt\u00f3rego b\u0119dziesz mog\u0142a podzieli\u0107 si\u0119 z kobietami swoim prze\u017cywaniem i procesem, kt\u00f3rego do\u015bwiadczy\u0142a\u015b maluj\u0105c sama z nagraniem.<\/p>\n<p>B\u0119dziesz mog\u0142a r\u00f3wnie\u017c pokaza\u0107 sw\u00f3j obraz, albo posiedzie\u0107 po prostu w milczeniu w kr\u0119gu historii kobiet, kt\u00f3re maj\u0105 w sercu t\u0119 sam\u0105 intencj\u0119-uzdrowienia relacji z cia\u0142em.<\/p>\n<p>Czasami nasze obrazy i my potrzebujemy \u015bwiadkowania aby uzdrawianie zadzia\u0142o si\u0119.<\/p>\n<p>Zaproponuj\u0119 Ci kr\u00f3tkie, dope\u0142niaj\u0105ce do\u015bwiadczenie tak, aby\u015b z rytua\u0142u skorzysta\u0142a w pe\u0142ni i us\u0142ysza\u0142a, co Tw\u00f3j obraz ma Ci do powiedzenia.<\/p>\n<p>Warunkiem do\u0142\u0105czenia do kr\u0119gu jest wykupienie nagrania do\u00a0<strong>13 sierpnia.<\/strong><\/p>\n<p>&nbsp;<\/p>\n<p>Tak o swoim do\u015bwiadczeniu m\u00f3wi\u0105 kobiety.<\/p>\n<p>&#8220;Mia\u0142am ostatnio bardzo trudn\u0105 \u017cyciowo chwil\u0119 i le\u017ca\u0142am bez \u017cycia na \u0142\u00f3\u017cku, pomimo, \u017ce mia\u0142am za chwil\u0119 wychodzi\u0107 w wa\u017cnej sprawie. Patrzy\u0142am si\u0119 na m\u00f3j obraz z Rytua\u0142u z Tob\u0105 w domu kultury. To najbardziej magiczny i wspieraj\u0105cy mnie obraz. Le\u017ca\u0142am, zachwyca\u0142am si\u0119 i dos\u0142ownie czu\u0142am jak mnie zasila i do\u0142adowywuje. Wsta\u0142am, posz\u0142am i zrobi\u0142am, to ci mia\u0142am.<\/p>\n<p>Dzi\u0119kuj\u0119 Ci za to czym si\u0119 dzielisz!&#8221;<\/p>\n<p>Kasia Ledwo\u0144<\/p>\n<p>&#8220;Od zesz\u0142ego roku moja dusza czuje ogromna\u0328 wie\u0328z\u0301 z Zunka\u0328 i jej rytua\u0142ami malarskimi. Kaz\u0307dy z nich zabra\u0142 mnie do osobistej wewne\u0328trznej podro\u0301z\u0307y. Odkrywa\u0142am cza\u0328stki Siebie tej kto\u0301ra jest we mnie , nie tej kto\u0301ra\u0328 bym chcia\u0142a byc\u0301 aby akceptowali mnie inni&#8230;. Tak zda\u0142am sobie sprawe\u0328 jak wiele siebie utraci\u0142am w imie\u0328 akceptacji innych&#8230;. Rytua\u0142y Zunki przypomnia\u0142y mi co jest dla mnie waz\u0307ne &#8211; jak waz\u0307na jestem dla siebie JA.&#8221;<\/p>\n<p>Violetta Skroba\u0142a<\/p>\n<p>&#8220;<span style=\"font-weight: 400;\">Do\u015bwiadczenie rytua\u0142u ukochania cia\u0142a-Ogrody Obfito\u015bci otworzy\u0142o mnie bardzo na kontakt ze sob\u0105 z zupe\u0142nie innej strony. Zachwyca\u0142y mnie poszczeg\u00f3lne kroki, dzi\u0119ki kt\u00f3rym odkrywa\u0142am wy\u0142aniaj\u0105c\u0105 si\u0119 kobiet\u0119.\u00a0\u00a0<\/span><span style=\"font-weight: 400;\">Obraz kt\u00f3ry stworzy\u0142am\u00a0 zaskoczy\u0142 mnie i dostarczy\u0142 wielu wgl\u0105d\u00f3w.<\/span><\/p>\n<p><span style=\"font-weight: 400;\">Popatrzy\u0142am na siebie z ciekawo\u015bci\u0105, z innej perspektywy ni\u017c zwykle. Odkry\u0142am \u017ce widz\u0119 w sobie pi\u0119kno, swobod\u0119 ale \u017ce jeszcze si\u0119 chowam, troch\u0119 wstydz\u0119 takiej otwarto\u015bci. By\u0142 to intymny proces. Co mnie zaskoczy\u0142o bo nie my\u015bla\u0142am \u017ce mi w tak\u0105 stron\u0119 p\u00f3jdzie.<\/span><\/p>\n<p><span style=\"font-weight: 400;\">\u00a0Pojawiaj\u0105ce si\u0119 emocje p\u0142yn\u0119\u0142y, rozpuszcza\u0142y si\u0119 z ka\u017cdym kolejnym poci\u0105gni\u0119ciem p\u0119dzla a prowadzenie Zunki pomog\u0142o przej\u015b\u0107 przez ten proces taki jaki on w danym momencie by\u0142.<\/span><\/p>\n<p><span style=\"font-weight: 400;\">B\u0119d\u0119 wraca\u0107 do tego rytua\u0142u bo czuj\u0119 \u017ce to pomo\u017ce mi poodkrywa\u0107 kolejne warstwy relacji ze sob\u0105, swoim cia\u0142em i obfito\u015bci\u0105.\u00a0<\/span><\/p>\n<p><span style=\"font-weight: 400;\">Dzi\u0119ki Tw\u00f3rczemu flow kt\u00f3re pojawi\u0142o si\u0119 w pewnym momencie mog\u0142am zupe\u0142nie zanurzy\u0107 si\u0119 w tworzeniu a po nim , przysz\u0142y fale wgl\u0105d\u00f3w.\u00a0<\/span><span style=\"font-weight: 400;\">Uda\u0142o mi si\u0119 r\u00f3wnie\u017c zacz\u0105\u0107 malowa\u0107 akwarelami, co od d\u0142u\u017cszego czasu chodzi\u0142o za mn\u0105.<\/span><\/p>\n<p><span style=\"font-weight: 400;\">Bardzo polecam to nagranie jako do\u015bwiadczenie i tw\u00f3rcze i duchowe.&#8221;<\/span><\/p>\n<p>Dorota Komasa<\/p>\n<p>&nbsp;<\/p>\n<p>Po z\u0142o\u017ceniu zam\u00f3wienia dostaniesz link do pobrania.<\/p>\n<p>\u015aci\u0105gnij go na sw\u00f3j komputer prosz\u0119.<\/p>\n<p>Je\u015bli masz z tym problem, daj mi, zna\u0107 pisz\u0105c na adres zuzaci@gmail.com.<\/p>\n<p>Dost\u0119p do linka wygasa po 6 miesi\u0105cach.<\/p>","protected":false},"excerpt":{"rendered":"<p>Zapraszam Ci\u0119 do rytua\u0142u\u00a0 w kt\u00f3rym ukochasz swoje cia\u0142o poprzez stworzenie obrazu- talizmanu oraz przez przej\u015bcie przez proces w kt\u00f3rym Ci\u0119 poprowadz\u0119<\/p>","protected":false},"featured_media":1246,"comment_status":"open","ping_status":"closed","template":"","meta":[],"product_brand":[],"product_cat":[99],"product_tag":[],"class_list":{"0":"post-1874","1":"product","2":"type-product","3":"status-publish","4":"has-post-thumbnail","6":"product_cat-nagrania","8":"first","9":"instock","10":"downloadable","11":"virtual","12":"purchasable","13":"product-type-simple"},"yoast_head":"<!-- This site is optimized with the Yoast SEO plugin v27.3 - https:\/\/yoast.com\/product\/yoast-seo-wordpress\/ -->\n<title>Ogrody obfito\u015bci malarski rytua\u0142 ukochania cia\u0142a, promocja - Zunka Cichos jak kameleon<\/title>\n<meta name=\"description\" content=\"Zapraszam Ci\u0119 do rytua\u0142u\u00a0 w kt\u00f3rym ukochasz swoje cia\u0142o poprzez stworzenie obrazu- talizmanu oraz przez przej\u015bcie przez proces w kt\u00f3rym Ci\u0119 poprowadz\u0119\" \/>\n<meta name=\"robots\" content=\"index, follow, max-snippet:-1, max-image-preview:large, max-video-preview:-1\" \/>\n<link rel=\"canonical\" href=\"https:\/\/zunkacichoscameleon.pl\/en\/product\/ogrody-obfitosci-malarski-rytual-ukochania-ciala-promocja\/\" \/>\n<meta property=\"og:locale\" content=\"en_GB\" \/>\n<meta property=\"og:type\" content=\"article\" \/>\n<meta property=\"og:title\" content=\"Ogrody obfito\u015bci malarski rytua\u0142 ukochania cia\u0142a, promocja - Zunka Cichos jak kameleon\" \/>\n<meta property=\"og:description\" content=\"Zapraszam Ci\u0119 do rytua\u0142u\u00a0 w kt\u00f3rym ukochasz swoje cia\u0142o poprzez stworzenie obrazu- talizmanu oraz przez przej\u015bcie przez proces w kt\u00f3rym Ci\u0119 poprowadz\u0119\" \/>\n<meta property=\"og:url\" content=\"https:\/\/zunkacichoscameleon.pl\/en\/product\/ogrody-obfitosci-malarski-rytual-ukochania-ciala-promocja\/\" \/>\n<meta property=\"og:site_name\" content=\"Zunka Cichos jak kameleon\" \/>\n<meta property=\"article:publisher\" content=\"https:\/\/www.facebook.com\/Cameleon-100398745427656\" \/>\n<meta property=\"article:modified_time\" content=\"2025-12-05T10:02:18+00:00\" \/>\n<meta property=\"og:image\" content=\"https:\/\/zunkacichoscameleon.pl\/wp-content\/uploads\/2024\/03\/OgROdy-obfitosci.jpg\" \/>\n\t<meta property=\"og:image:width\" content=\"2560\" \/>\n\t<meta property=\"og:image:height\" content=\"1440\" \/>\n\t<meta property=\"og:image:type\" content=\"image\/jpeg\" \/>\n<meta name=\"twitter:card\" content=\"summary_large_image\" \/>\n<meta name=\"twitter:label1\" content=\"Estimated reading time\" \/>\n\t<meta name=\"twitter:data1\" content=\"4 minutes\" \/>\n<script type=\"application\/ld+json\" class=\"yoast-schema-graph\">{\"@context\":\"https:\\\/\\\/schema.org\",\"@graph\":[{\"@type\":\"WebPage\",\"@id\":\"https:\\\/\\\/zunkacichoscameleon.pl\\\/produkt\\\/ogrody-obfitosci-malarski-rytual-ukochania-ciala-promocja\\\/\",\"url\":\"https:\\\/\\\/zunkacichoscameleon.pl\\\/produkt\\\/ogrody-obfitosci-malarski-rytual-ukochania-ciala-promocja\\\/\",\"name\":\"Ogrody obfito\u015bci malarski rytua\u0142 ukochania cia\u0142a, promocja - Zunka Cichos jak kameleon\",\"isPartOf\":{\"@id\":\"https:\\\/\\\/zunkacichoscameleon.pl\\\/#website\"},\"primaryImageOfPage\":{\"@id\":\"https:\\\/\\\/zunkacichoscameleon.pl\\\/produkt\\\/ogrody-obfitosci-malarski-rytual-ukochania-ciala-promocja\\\/#primaryimage\"},\"image\":{\"@id\":\"https:\\\/\\\/zunkacichoscameleon.pl\\\/produkt\\\/ogrody-obfitosci-malarski-rytual-ukochania-ciala-promocja\\\/#primaryimage\"},\"thumbnailUrl\":\"https:\\\/\\\/zunkacichoscameleon.pl\\\/wp-content\\\/uploads\\\/2024\\\/03\\\/OgROdy-obfitosci.jpg\",\"datePublished\":\"2025-05-05T15:12:28+00:00\",\"dateModified\":\"2025-12-05T10:02:18+00:00\",\"description\":\"Zapraszam Ci\u0119 do rytua\u0142u\u00a0 w kt\u00f3rym ukochasz swoje cia\u0142o poprzez stworzenie obrazu- talizmanu oraz przez przej\u015bcie przez proces w kt\u00f3rym Ci\u0119 poprowadz\u0119\",\"breadcrumb\":{\"@id\":\"https:\\\/\\\/zunkacichoscameleon.pl\\\/produkt\\\/ogrody-obfitosci-malarski-rytual-ukochania-ciala-promocja\\\/#breadcrumb\"},\"inLanguage\":\"en-GB\",\"potentialAction\":[{\"@type\":\"ReadAction\",\"target\":[\"https:\\\/\\\/zunkacichoscameleon.pl\\\/produkt\\\/ogrody-obfitosci-malarski-rytual-ukochania-ciala-promocja\\\/\"]}]},{\"@type\":\"ImageObject\",\"inLanguage\":\"en-GB\",\"@id\":\"https:\\\/\\\/zunkacichoscameleon.pl\\\/produkt\\\/ogrody-obfitosci-malarski-rytual-ukochania-ciala-promocja\\\/#primaryimage\",\"url\":\"https:\\\/\\\/zunkacichoscameleon.pl\\\/wp-content\\\/uploads\\\/2024\\\/03\\\/OgROdy-obfitosci.jpg\",\"contentUrl\":\"https:\\\/\\\/zunkacichoscameleon.pl\\\/wp-content\\\/uploads\\\/2024\\\/03\\\/OgROdy-obfitosci.jpg\",\"width\":2560,\"height\":1440,\"caption\":\"Ogrody obfitosci\"},{\"@type\":\"BreadcrumbList\",\"@id\":\"https:\\\/\\\/zunkacichoscameleon.pl\\\/produkt\\\/ogrody-obfitosci-malarski-rytual-ukochania-ciala-promocja\\\/#breadcrumb\",\"itemListElement\":[{\"@type\":\"ListItem\",\"position\":1,\"name\":\"Strona g\u0142\u00f3wna\",\"item\":\"https:\\\/\\\/zunkacichoscameleon.pl\\\/\"},{\"@type\":\"ListItem\",\"position\":2,\"name\":\"Sklep\",\"item\":\"https:\\\/\\\/zunkacichoscameleon.pl\\\/sklep\\\/\"},{\"@type\":\"ListItem\",\"position\":3,\"name\":\"Ogrody obfito\u015bci malarski rytua\u0142 ukochania cia\u0142a, promocja\"}]},{\"@type\":\"WebSite\",\"@id\":\"https:\\\/\\\/zunkacichoscameleon.pl\\\/#website\",\"url\":\"https:\\\/\\\/zunkacichoscameleon.pl\\\/\",\"name\":\"Zunka Cichos jak kameleon\",\"description\":\"Rozkminy artystyczno-\u017cyciowe\",\"publisher\":{\"@id\":\"https:\\\/\\\/zunkacichoscameleon.pl\\\/#\\\/schema\\\/person\\\/54eb2742270ae1528910f7e3c94c38a2\"},\"potentialAction\":[{\"@type\":\"SearchAction\",\"target\":{\"@type\":\"EntryPoint\",\"urlTemplate\":\"https:\\\/\\\/zunkacichoscameleon.pl\\\/?s={search_term_string}\"},\"query-input\":{\"@type\":\"PropertyValueSpecification\",\"valueRequired\":true,\"valueName\":\"search_term_string\"}}],\"inLanguage\":\"en-GB\"},{\"@type\":[\"Person\",\"Organization\"],\"@id\":\"https:\\\/\\\/zunkacichoscameleon.pl\\\/#\\\/schema\\\/person\\\/54eb2742270ae1528910f7e3c94c38a2\",\"name\":\"Zunka Cichos\",\"image\":{\"@type\":\"ImageObject\",\"inLanguage\":\"en-GB\",\"@id\":\"https:\\\/\\\/zunkacichoscameleon.pl\\\/wp-content\\\/uploads\\\/2021\\\/12\\\/3.jpg-necklace.jpg\",\"url\":\"https:\\\/\\\/zunkacichoscameleon.pl\\\/wp-content\\\/uploads\\\/2021\\\/12\\\/3.jpg-necklace.jpg\",\"contentUrl\":\"https:\\\/\\\/zunkacichoscameleon.pl\\\/wp-content\\\/uploads\\\/2021\\\/12\\\/3.jpg-necklace.jpg\",\"width\":900,\"height\":600,\"caption\":\"Zunka Cichos\"},\"logo\":{\"@id\":\"https:\\\/\\\/zunkacichoscameleon.pl\\\/wp-content\\\/uploads\\\/2021\\\/12\\\/3.jpg-necklace.jpg\"},\"sameAs\":[\"https:\\\/\\\/zunkacichoscameleon.pl\",\"https:\\\/\\\/www.facebook.com\\\/Cameleon-100398745427656\",\"https:\\\/\\\/www.instagram.com\\\/cameleonka\\\/?hl=en\",\"https:\\\/\\\/pl.pinterest.com\\\/cameleonartshop\\\/_created\\\/\"]}]}<\/script>\n<!-- \/ Yoast SEO plugin. -->","yoast_head_json":{"title":"Ogrody obfito\u015bci malarski rytua\u0142 ukochania cia\u0142a, promocja - Zunka Cichos jak kameleon","description":"Zapraszam Ci\u0119 do rytua\u0142u\u00a0 w kt\u00f3rym ukochasz swoje cia\u0142o poprzez stworzenie obrazu- talizmanu oraz przez przej\u015bcie przez proces w kt\u00f3rym Ci\u0119 poprowadz\u0119","robots":{"index":"index","follow":"follow","max-snippet":"max-snippet:-1","max-image-preview":"max-image-preview:large","max-video-preview":"max-video-preview:-1"},"canonical":"https:\/\/zunkacichoscameleon.pl\/en\/product\/ogrody-obfitosci-malarski-rytual-ukochania-ciala-promocja\/","og_locale":"en_GB","og_type":"article","og_title":"Ogrody obfito\u015bci malarski rytua\u0142 ukochania cia\u0142a, promocja - Zunka Cichos jak kameleon","og_description":"Zapraszam Ci\u0119 do rytua\u0142u\u00a0 w kt\u00f3rym ukochasz swoje cia\u0142o poprzez stworzenie obrazu- talizmanu oraz przez przej\u015bcie przez proces w kt\u00f3rym Ci\u0119 poprowadz\u0119","og_url":"https:\/\/zunkacichoscameleon.pl\/en\/product\/ogrody-obfitosci-malarski-rytual-ukochania-ciala-promocja\/","og_site_name":"Zunka Cichos jak kameleon","article_publisher":"https:\/\/www.facebook.com\/Cameleon-100398745427656","article_modified_time":"2025-12-05T10:02:18+00:00","og_image":[{"width":2560,"height":1440,"url":"https:\/\/zunkacichoscameleon.pl\/wp-content\/uploads\/2024\/03\/OgROdy-obfitosci.jpg","type":"image\/jpeg"}],"twitter_card":"summary_large_image","twitter_misc":{"Estimated reading time":"4 minutes"},"schema":{"@context":"https:\/\/schema.org","@graph":[{"@type":"WebPage","@id":"https:\/\/zunkacichoscameleon.pl\/produkt\/ogrody-obfitosci-malarski-rytual-ukochania-ciala-promocja\/","url":"https:\/\/zunkacichoscameleon.pl\/produkt\/ogrody-obfitosci-malarski-rytual-ukochania-ciala-promocja\/","name":"Ogrody obfito\u015bci malarski rytua\u0142 ukochania cia\u0142a, promocja - Zunka Cichos jak kameleon","isPartOf":{"@id":"https:\/\/zunkacichoscameleon.pl\/#website"},"primaryImageOfPage":{"@id":"https:\/\/zunkacichoscameleon.pl\/produkt\/ogrody-obfitosci-malarski-rytual-ukochania-ciala-promocja\/#primaryimage"},"image":{"@id":"https:\/\/zunkacichoscameleon.pl\/produkt\/ogrody-obfitosci-malarski-rytual-ukochania-ciala-promocja\/#primaryimage"},"thumbnailUrl":"https:\/\/zunkacichoscameleon.pl\/wp-content\/uploads\/2024\/03\/OgROdy-obfitosci.jpg","datePublished":"2025-05-05T15:12:28+00:00","dateModified":"2025-12-05T10:02:18+00:00","description":"Zapraszam Ci\u0119 do rytua\u0142u\u00a0 w kt\u00f3rym ukochasz swoje cia\u0142o poprzez stworzenie obrazu- talizmanu oraz przez przej\u015bcie przez proces w kt\u00f3rym Ci\u0119 poprowadz\u0119","breadcrumb":{"@id":"https:\/\/zunkacichoscameleon.pl\/produkt\/ogrody-obfitosci-malarski-rytual-ukochania-ciala-promocja\/#breadcrumb"},"inLanguage":"en-GB","potentialAction":[{"@type":"ReadAction","target":["https:\/\/zunkacichoscameleon.pl\/produkt\/ogrody-obfitosci-malarski-rytual-ukochania-ciala-promocja\/"]}]},{"@type":"ImageObject","inLanguage":"en-GB","@id":"https:\/\/zunkacichoscameleon.pl\/produkt\/ogrody-obfitosci-malarski-rytual-ukochania-ciala-promocja\/#primaryimage","url":"https:\/\/zunkacichoscameleon.pl\/wp-content\/uploads\/2024\/03\/OgROdy-obfitosci.jpg","contentUrl":"https:\/\/zunkacichoscameleon.pl\/wp-content\/uploads\/2024\/03\/OgROdy-obfitosci.jpg","width":2560,"height":1440,"caption":"Ogrody obfitosci"},{"@type":"BreadcrumbList","@id":"https:\/\/zunkacichoscameleon.pl\/produkt\/ogrody-obfitosci-malarski-rytual-ukochania-ciala-promocja\/#breadcrumb","itemListElement":[{"@type":"ListItem","position":1,"name":"Strona g\u0142\u00f3wna","item":"https:\/\/zunkacichoscameleon.pl\/"},{"@type":"ListItem","position":2,"name":"Sklep","item":"https:\/\/zunkacichoscameleon.pl\/sklep\/"},{"@type":"ListItem","position":3,"name":"Ogrody obfito\u015bci malarski rytua\u0142 ukochania cia\u0142a, promocja"}]},{"@type":"WebSite","@id":"https:\/\/zunkacichoscameleon.pl\/#website","url":"https:\/\/zunkacichoscameleon.pl\/","name":"Zunka Cichos jak kameleon","description":"Rozkminy artystyczno-\u017cyciowe","publisher":{"@id":"https:\/\/zunkacichoscameleon.pl\/#\/schema\/person\/54eb2742270ae1528910f7e3c94c38a2"},"potentialAction":[{"@type":"SearchAction","target":{"@type":"EntryPoint","urlTemplate":"https:\/\/zunkacichoscameleon.pl\/?s={search_term_string}"},"query-input":{"@type":"PropertyValueSpecification","valueRequired":true,"valueName":"search_term_string"}}],"inLanguage":"en-GB"},{"@type":["Person","Organization"],"@id":"https:\/\/zunkacichoscameleon.pl\/#\/schema\/person\/54eb2742270ae1528910f7e3c94c38a2","name":"Zunka Cichos","image":{"@type":"ImageObject","inLanguage":"en-GB","@id":"https:\/\/zunkacichoscameleon.pl\/wp-content\/uploads\/2021\/12\/3.jpg-necklace.jpg","url":"https:\/\/zunkacichoscameleon.pl\/wp-content\/uploads\/2021\/12\/3.jpg-necklace.jpg","contentUrl":"https:\/\/zunkacichoscameleon.pl\/wp-content\/uploads\/2021\/12\/3.jpg-necklace.jpg","width":900,"height":600,"caption":"Zunka Cichos"},"logo":{"@id":"https:\/\/zunkacichoscameleon.pl\/wp-content\/uploads\/2021\/12\/3.jpg-necklace.jpg"},"sameAs":["https:\/\/zunkacichoscameleon.pl","https:\/\/www.facebook.com\/Cameleon-100398745427656","https:\/\/www.instagram.com\/cameleonka\/?hl=en","https:\/\/pl.pinterest.com\/cameleonartshop\/_created\/"]}]}},"jetpack_sharing_enabled":true,"_links":{"self":[{"href":"https:\/\/zunkacichoscameleon.pl\/en\/wp-json\/wp\/v2\/product\/1874","targetHints":{"allow":["GET"]}}],"collection":[{"href":"https:\/\/zunkacichoscameleon.pl\/en\/wp-json\/wp\/v2\/product"}],"about":[{"href":"https:\/\/zunkacichoscameleon.pl\/en\/wp-json\/wp\/v2\/types\/product"}],"replies":[{"embeddable":true,"href":"https:\/\/zunkacichoscameleon.pl\/en\/wp-json\/wp\/v2\/comments?post=1874"}],"wp:featuredmedia":[{"embeddable":true,"href":"https:\/\/zunkacichoscameleon.pl\/en\/wp-json\/wp\/v2\/media\/1246"}],"wp:attachment":[{"href":"https:\/\/zunkacichoscameleon.pl\/en\/wp-json\/wp\/v2\/media?parent=1874"}],"wp:term":[{"taxonomy":"product_brand","embeddable":true,"href":"https:\/\/zunkacichoscameleon.pl\/en\/wp-json\/wp\/v2\/product_brand?post=1874"},{"taxonomy":"product_cat","embeddable":true,"href":"https:\/\/zunkacichoscameleon.pl\/en\/wp-json\/wp\/v2\/product_cat?post=1874"},{"taxonomy":"product_tag","embeddable":true,"href":"https:\/\/zunkacichoscameleon.pl\/en\/wp-json\/wp\/v2\/product_tag?post=1874"}],"curies":[{"name":"wp","href":"https:\/\/api.w.org\/{rel}","templated":true}]}}