{"id":2095,"date":"2025-08-05T11:00:49","date_gmt":"2025-08-05T09:00:49","guid":{"rendered":"https:\/\/zunkacichoscameleon.pl\/?post_type=product&#038;p=2095"},"modified":"2025-12-02T15:55:49","modified_gmt":"2025-12-02T14:55:49","slug":"swiaty-podwodne-tworcza-medytacja-w-przeplywie-nagranie-promocja-30-minut","status":"publish","type":"product","link":"https:\/\/zunkacichoscameleon.pl\/en\/product\/swiaty-podwodne-tworcza-medytacja-w-przeplywie-nagranie-promocja-30-minut\/","title":{"rendered":"\u015awiaty podwodne- tw\u00f3rcza medytacja w przep\u0142ywie, nagranie"},"content":{"rendered":"<p>\u015awiaty podwodne- tw\u00f3rcza medytacja w przep\u0142ywie, nagranie<\/p>\n<p>Zapraszam Ci\u0119 do malarskiego zanurkowania, w podwodny \u015bwiat gdzie wszystko spowalnia, uspokaja si\u0119, p\u0142ynie bez wysi\u0142ku, gdzie \u017cyj\u0105 r\u00f3\u017cne tajemnicze istoty, z kt\u00f3rymi spotkasz si\u0119 p\u0119dzlem i farbami.<\/p>\n<p>Podczas dwugodzinnego nagrania namalujesz prosty, podwodny krajobraz, wykorzystuj\u0105c swobodnie namalowane plamy oraz organiczne, przyjemne wzorki.<\/p>\n<p>Delikatny malarski trans, kt\u00f3re wywo\u0142a powtarzalno\u015b\u0107 malowanych element\u00f3w spowoduje, \u017ce Tw\u00f3j umys\u0142 wyciszy si\u0119, b\u0119dziesz skoncentrowana na tu i teraz,\u00a0 zapomnisz o wyzwaniach dnia codziennego i pe\u0142ni zanurzysz si\u0119 proces tw\u00f3rczy.<\/p>\n<p>To bardzo proste do\u015bwiadczenie malarskie, zar\u00f3wno dla os\u00f3b pocz\u0105tkuj\u0105cych jak i ju\u017c maluj\u0105cych.<\/p>\n<p>Moj\u0105 intencj\u0105 jest dostarczenie Ci przyjemnego, lekkiego, do\u015bwiadczenia malarskiego, kt\u00f3re ukoi Tw\u00f3j uk\u0142ad nerwowy, rozleje si\u0119 ch\u0142odem g\u0142\u0119binowych kolor\u00f3w i kszta\u0142t\u00f3w i daje mn\u00f3stwo frajdy z malowania i tworzenia w\u0142asnego obrazu- \u015bwiata podwodnego.<\/p>\n<p>Mam nadziej\u0119, \u017ce zabior\u0119 Ci\u0119 w magiczn\u0105, niezwyk\u0142\u0105 podwodn\u0105 podr\u00f3\u017c.<\/p>\n<p>Nagranie trwa nieca\u0142e dwie godziny.<\/p>\n<p>&nbsp;<\/p>\n<p>Podzielone jest na cz\u0119\u015bci<\/p>\n<p>-Wst\u0119p<\/p>\n<p>-Medytacja \u015bwiata podwodnego<\/p>\n<p>-Dok\u0142adne om\u00f3wienie materia\u0142\u00f3w<\/p>\n<p>-Prowadzone do\u015bwiadczenie malarskie<\/p>\n<p>&nbsp;<\/p>\n<p>Potrzebne MATERIA\u0141Y<\/p>\n<p>Papier do akwareli albo do technik mieszanych<\/p>\n<p>acrylic inks<\/p>\n<p>Kredki Inktense Derwent lub kredki akrylowe<\/p>\n<p>Gel peny<\/p>\n<p>P\u0119dzle<\/p>\n<p>A tak kobiety m\u00f3wi\u0105 o malowaniu ze mn\u0105 :<\/p>\n<p>\u201eZunka jest cudown\u0105 przewodniczk\u0105, naturaln\u0105 i zrelaksowan\u0105. \u015awietnie mi si\u0119 jej s\u0142ucha\u0142o, \u015bwietnie mi by\u0142o w jej towarzystwie. W nagraniu wszystko jest wyt\u0142umaczone, jakie materia\u0142y s\u0105 potrzebne, jak ich u\u017cywa\u0107. Bardzo jasno pokazana jest technika, kt\u00f3ra jest naprawd\u0119 \u015bwietna! Ja prze\u017cy\u0142am zar\u00f3wno emocjonalne momenty jak i \u015bwietnie si\u0119 bawi\u0142am tworz\u0105c. Zamierzam powt\u00f3rzy\u0107 ca\u0142y rytua\u0142 nie raz i nie dwa i chocia\u017c ju\u017c znam wszystkie kroki, to pewnie i tak sobie w\u0142\u0105cz\u0119 nagranie, \u017ceby po prostu by\u0107 w inspiruj\u0105cym i koj\u0105cym jednocze\u015bnie towarzystwie Zunki\u201d<\/p>\n<p>Maria Kula<\/p>\n<p>\u201d\u00a0Teraz gdy maluj\u0119, jestem w pe\u0142nym po\u0142\u0105czeniu ze sob\u0105, ze swoj\u0105 przesz\u0142o\u015bci\u0105, przysz\u0142o\u015bci\u0105, ze swoim cia\u0142em, umys\u0142em i dusz\u0105. Poczu\u0142am, \u017ce nie tylko ja wr\u00f3ci\u0142am do malowania, ale malowanie wr\u00f3ci\u0142o do mnie. Zunka prowadzi s\u0142uchaczk\u0119 czule i sprawia, \u017ce podczas malowania same dajemy sobie uwa\u017cno\u015b\u0107, same siebie widzimy i s\u0142yszymy. To prowadzi do wewn\u0119trznej transformacji, a ta poci\u0105ga za sob\u0105 zmiany zewn\u0119trzne, zmienia \u017cycie. Mo\u017ce by\u0107 pierwszym, lub kolejnym krokiem do \u017cycia w\u0142asnym \u017cyciem. I to jest pi\u0119kne!\u201d<\/p>\n<p class=\"p1\">Joanna Tkacz<\/p>\n<p>\u201eNa warsztatach u Zunki ze zdumieniem odkry\u0142am, \u017ce nie musz\u0119 si\u0119 zna\u0107 na malowaniu by stworzy\u0107 co\u015b poruszaj\u0105cego i prawdziwego. Za pierwszym razem posz\u0142am z g\u0142ow\u0105 pe\u0142n\u0105 przekona\u0144 i utrudnia\u0142o mi to wej\u015bcie w prac\u0119. Zunka uwa\u017cnie towarzyszy pracy uczestniczek, bardzo mnie wspiera\u0142o, \u017ce grupa jest ma\u0142a i na ka\u017cdego jest uwaga. Gdy zablokowa\u0142am si\u0119 w procesie, Zunka pomog\u0142a mi wzi\u0105\u0107 sobie czas i nie frustrowa\u0107 si\u0119. Dzi\u0119ki temu wysz\u0142am z impasu i stworzy\u0142am obraz, kt\u00f3ry dalej pracuje w moim \u017cyciu\u201d<\/p>\n<p>Barbara Ciosek<\/p>\n<p>&nbsp;<\/p>\n<p>Po op\u0142aceniu zam\u00f3wienia otrzymasz\u00a0 plik do pobrania na urz\u0105dzenie z kt\u00f3rego b\u0119dziesz korzysta\u0107.<\/p>\n<p>Je\u015bli z jaki\u015b powod\u00f3w b\u0119dziesz mia\u0142a z tym problem, daj zna\u0107.<\/p>\n<p>&nbsp;<\/p>\n<p>Nagranie mo\u017ce by\u0107 odtwarzane tylko na u\u017cytek w\u0142asny, nie mo\u017ce by\u0107 odtwarzane publicznie. Obejmuj\u0105 je prawa autorskie \u00a9ZunkaCichos<\/p>\n<p>&nbsp;<\/p>\n<p>&nbsp;<\/p>","protected":false},"excerpt":{"rendered":"<p>\u015awiaty podwodne- tw\u00f3rcza medytacja w przep\u0142ywie, nagranie<\/p>","protected":false},"featured_media":1667,"comment_status":"open","ping_status":"closed","template":"","meta":[],"product_brand":[],"product_cat":[99],"product_tag":[],"class_list":{"0":"post-2095","1":"product","2":"type-product","3":"status-publish","4":"has-post-thumbnail","6":"product_cat-nagrania","8":"first","9":"instock","10":"downloadable","11":"virtual","12":"purchasable","13":"product-type-simple"},"yoast_head":"<!-- This site is optimized with the Yoast SEO plugin v27.3 - https:\/\/yoast.com\/product\/yoast-seo-wordpress\/ -->\n<title>\u015awiaty podwodne- tw\u00f3rcza medytacja w przep\u0142ywie, nagranie - Zunka Cichos jak kameleon<\/title>\n<meta name=\"description\" content=\"\u015awiaty podwodne- tw\u00f3rcza medytacja w przep\u0142ywie, nagranie\" \/>\n<meta name=\"robots\" content=\"index, follow, max-snippet:-1, max-image-preview:large, max-video-preview:-1\" \/>\n<link rel=\"canonical\" href=\"https:\/\/zunkacichoscameleon.pl\/en\/product\/swiaty-podwodne-tworcza-medytacja-w-przeplywie-nagranie-promocja-30-minut\/\" \/>\n<meta property=\"og:locale\" content=\"en_GB\" \/>\n<meta property=\"og:type\" content=\"article\" \/>\n<meta property=\"og:title\" content=\"\u015awiaty podwodne- tw\u00f3rcza medytacja w przep\u0142ywie, nagranie - Zunka Cichos jak kameleon\" \/>\n<meta property=\"og:description\" content=\"\u015awiaty podwodne- tw\u00f3rcza medytacja w przep\u0142ywie, nagranie\" \/>\n<meta property=\"og:url\" content=\"https:\/\/zunkacichoscameleon.pl\/en\/product\/swiaty-podwodne-tworcza-medytacja-w-przeplywie-nagranie-promocja-30-minut\/\" \/>\n<meta property=\"og:site_name\" content=\"Zunka Cichos jak kameleon\" \/>\n<meta property=\"article:publisher\" content=\"https:\/\/www.facebook.com\/Cameleon-100398745427656\" \/>\n<meta property=\"article:modified_time\" content=\"2025-12-02T14:55:49+00:00\" \/>\n<meta property=\"og:image\" content=\"https:\/\/zunkacichoscameleon.pl\/wp-content\/uploads\/2024\/12\/Swiaty.jpg\" \/>\n\t<meta property=\"og:image:width\" content=\"1080\" \/>\n\t<meta property=\"og:image:height\" content=\"1080\" \/>\n\t<meta property=\"og:image:type\" content=\"image\/jpeg\" \/>\n<meta name=\"twitter:card\" content=\"summary_large_image\" \/>\n<meta name=\"twitter:label1\" content=\"Estimated reading time\" \/>\n\t<meta name=\"twitter:data1\" content=\"4 minutes\" \/>\n<script type=\"application\/ld+json\" class=\"yoast-schema-graph\">{\"@context\":\"https:\\\/\\\/schema.org\",\"@graph\":[{\"@type\":\"WebPage\",\"@id\":\"https:\\\/\\\/zunkacichoscameleon.pl\\\/produkt\\\/swiaty-podwodne-tworcza-medytacja-w-przeplywie-nagranie-promocja-30-minut\\\/\",\"url\":\"https:\\\/\\\/zunkacichoscameleon.pl\\\/produkt\\\/swiaty-podwodne-tworcza-medytacja-w-przeplywie-nagranie-promocja-30-minut\\\/\",\"name\":\"\u015awiaty podwodne- tw\u00f3rcza medytacja w przep\u0142ywie, nagranie - Zunka Cichos jak kameleon\",\"isPartOf\":{\"@id\":\"https:\\\/\\\/zunkacichoscameleon.pl\\\/#website\"},\"primaryImageOfPage\":{\"@id\":\"https:\\\/\\\/zunkacichoscameleon.pl\\\/produkt\\\/swiaty-podwodne-tworcza-medytacja-w-przeplywie-nagranie-promocja-30-minut\\\/#primaryimage\"},\"image\":{\"@id\":\"https:\\\/\\\/zunkacichoscameleon.pl\\\/produkt\\\/swiaty-podwodne-tworcza-medytacja-w-przeplywie-nagranie-promocja-30-minut\\\/#primaryimage\"},\"thumbnailUrl\":\"https:\\\/\\\/zunkacichoscameleon.pl\\\/wp-content\\\/uploads\\\/2024\\\/12\\\/Swiaty.jpg\",\"datePublished\":\"2025-08-05T09:00:49+00:00\",\"dateModified\":\"2025-12-02T14:55:49+00:00\",\"description\":\"\u015awiaty podwodne- tw\u00f3rcza medytacja w przep\u0142ywie, nagranie\",\"breadcrumb\":{\"@id\":\"https:\\\/\\\/zunkacichoscameleon.pl\\\/produkt\\\/swiaty-podwodne-tworcza-medytacja-w-przeplywie-nagranie-promocja-30-minut\\\/#breadcrumb\"},\"inLanguage\":\"en-GB\",\"potentialAction\":[{\"@type\":\"ReadAction\",\"target\":[\"https:\\\/\\\/zunkacichoscameleon.pl\\\/produkt\\\/swiaty-podwodne-tworcza-medytacja-w-przeplywie-nagranie-promocja-30-minut\\\/\"]}]},{\"@type\":\"ImageObject\",\"inLanguage\":\"en-GB\",\"@id\":\"https:\\\/\\\/zunkacichoscameleon.pl\\\/produkt\\\/swiaty-podwodne-tworcza-medytacja-w-przeplywie-nagranie-promocja-30-minut\\\/#primaryimage\",\"url\":\"https:\\\/\\\/zunkacichoscameleon.pl\\\/wp-content\\\/uploads\\\/2024\\\/12\\\/Swiaty.jpg\",\"contentUrl\":\"https:\\\/\\\/zunkacichoscameleon.pl\\\/wp-content\\\/uploads\\\/2024\\\/12\\\/Swiaty.jpg\",\"width\":1080,\"height\":1080,\"caption\":\"Swiaty Podwodne\"},{\"@type\":\"BreadcrumbList\",\"@id\":\"https:\\\/\\\/zunkacichoscameleon.pl\\\/produkt\\\/swiaty-podwodne-tworcza-medytacja-w-przeplywie-nagranie-promocja-30-minut\\\/#breadcrumb\",\"itemListElement\":[{\"@type\":\"ListItem\",\"position\":1,\"name\":\"Strona g\u0142\u00f3wna\",\"item\":\"https:\\\/\\\/zunkacichoscameleon.pl\\\/\"},{\"@type\":\"ListItem\",\"position\":2,\"name\":\"Sklep\",\"item\":\"https:\\\/\\\/zunkacichoscameleon.pl\\\/sklep\\\/\"},{\"@type\":\"ListItem\",\"position\":3,\"name\":\"\u015awiaty podwodne- tw\u00f3rcza medytacja w przep\u0142ywie, nagranie\"}]},{\"@type\":\"WebSite\",\"@id\":\"https:\\\/\\\/zunkacichoscameleon.pl\\\/#website\",\"url\":\"https:\\\/\\\/zunkacichoscameleon.pl\\\/\",\"name\":\"Zunka Cichos jak kameleon\",\"description\":\"Rozkminy artystyczno-\u017cyciowe\",\"publisher\":{\"@id\":\"https:\\\/\\\/zunkacichoscameleon.pl\\\/#\\\/schema\\\/person\\\/54eb2742270ae1528910f7e3c94c38a2\"},\"potentialAction\":[{\"@type\":\"SearchAction\",\"target\":{\"@type\":\"EntryPoint\",\"urlTemplate\":\"https:\\\/\\\/zunkacichoscameleon.pl\\\/?s={search_term_string}\"},\"query-input\":{\"@type\":\"PropertyValueSpecification\",\"valueRequired\":true,\"valueName\":\"search_term_string\"}}],\"inLanguage\":\"en-GB\"},{\"@type\":[\"Person\",\"Organization\"],\"@id\":\"https:\\\/\\\/zunkacichoscameleon.pl\\\/#\\\/schema\\\/person\\\/54eb2742270ae1528910f7e3c94c38a2\",\"name\":\"Zunka Cichos\",\"image\":{\"@type\":\"ImageObject\",\"inLanguage\":\"en-GB\",\"@id\":\"https:\\\/\\\/zunkacichoscameleon.pl\\\/wp-content\\\/uploads\\\/2021\\\/12\\\/3.jpg-necklace.jpg\",\"url\":\"https:\\\/\\\/zunkacichoscameleon.pl\\\/wp-content\\\/uploads\\\/2021\\\/12\\\/3.jpg-necklace.jpg\",\"contentUrl\":\"https:\\\/\\\/zunkacichoscameleon.pl\\\/wp-content\\\/uploads\\\/2021\\\/12\\\/3.jpg-necklace.jpg\",\"width\":900,\"height\":600,\"caption\":\"Zunka Cichos\"},\"logo\":{\"@id\":\"https:\\\/\\\/zunkacichoscameleon.pl\\\/wp-content\\\/uploads\\\/2021\\\/12\\\/3.jpg-necklace.jpg\"},\"sameAs\":[\"https:\\\/\\\/zunkacichoscameleon.pl\",\"https:\\\/\\\/www.facebook.com\\\/Cameleon-100398745427656\",\"https:\\\/\\\/www.instagram.com\\\/cameleonka\\\/?hl=en\",\"https:\\\/\\\/pl.pinterest.com\\\/cameleonartshop\\\/_created\\\/\"]}]}<\/script>\n<!-- \/ Yoast SEO plugin. -->","yoast_head_json":{"title":"\u015awiaty podwodne- tw\u00f3rcza medytacja w przep\u0142ywie, nagranie - Zunka Cichos jak kameleon","description":"\u015awiaty podwodne- tw\u00f3rcza medytacja w przep\u0142ywie, nagranie","robots":{"index":"index","follow":"follow","max-snippet":"max-snippet:-1","max-image-preview":"max-image-preview:large","max-video-preview":"max-video-preview:-1"},"canonical":"https:\/\/zunkacichoscameleon.pl\/en\/product\/swiaty-podwodne-tworcza-medytacja-w-przeplywie-nagranie-promocja-30-minut\/","og_locale":"en_GB","og_type":"article","og_title":"\u015awiaty podwodne- tw\u00f3rcza medytacja w przep\u0142ywie, nagranie - Zunka Cichos jak kameleon","og_description":"\u015awiaty podwodne- tw\u00f3rcza medytacja w przep\u0142ywie, nagranie","og_url":"https:\/\/zunkacichoscameleon.pl\/en\/product\/swiaty-podwodne-tworcza-medytacja-w-przeplywie-nagranie-promocja-30-minut\/","og_site_name":"Zunka Cichos jak kameleon","article_publisher":"https:\/\/www.facebook.com\/Cameleon-100398745427656","article_modified_time":"2025-12-02T14:55:49+00:00","og_image":[{"width":1080,"height":1080,"url":"https:\/\/zunkacichoscameleon.pl\/wp-content\/uploads\/2024\/12\/Swiaty.jpg","type":"image\/jpeg"}],"twitter_card":"summary_large_image","twitter_misc":{"Estimated reading time":"4 minutes"},"schema":{"@context":"https:\/\/schema.org","@graph":[{"@type":"WebPage","@id":"https:\/\/zunkacichoscameleon.pl\/produkt\/swiaty-podwodne-tworcza-medytacja-w-przeplywie-nagranie-promocja-30-minut\/","url":"https:\/\/zunkacichoscameleon.pl\/produkt\/swiaty-podwodne-tworcza-medytacja-w-przeplywie-nagranie-promocja-30-minut\/","name":"\u015awiaty podwodne- tw\u00f3rcza medytacja w przep\u0142ywie, nagranie - Zunka Cichos jak kameleon","isPartOf":{"@id":"https:\/\/zunkacichoscameleon.pl\/#website"},"primaryImageOfPage":{"@id":"https:\/\/zunkacichoscameleon.pl\/produkt\/swiaty-podwodne-tworcza-medytacja-w-przeplywie-nagranie-promocja-30-minut\/#primaryimage"},"image":{"@id":"https:\/\/zunkacichoscameleon.pl\/produkt\/swiaty-podwodne-tworcza-medytacja-w-przeplywie-nagranie-promocja-30-minut\/#primaryimage"},"thumbnailUrl":"https:\/\/zunkacichoscameleon.pl\/wp-content\/uploads\/2024\/12\/Swiaty.jpg","datePublished":"2025-08-05T09:00:49+00:00","dateModified":"2025-12-02T14:55:49+00:00","description":"\u015awiaty podwodne- tw\u00f3rcza medytacja w przep\u0142ywie, nagranie","breadcrumb":{"@id":"https:\/\/zunkacichoscameleon.pl\/produkt\/swiaty-podwodne-tworcza-medytacja-w-przeplywie-nagranie-promocja-30-minut\/#breadcrumb"},"inLanguage":"en-GB","potentialAction":[{"@type":"ReadAction","target":["https:\/\/zunkacichoscameleon.pl\/produkt\/swiaty-podwodne-tworcza-medytacja-w-przeplywie-nagranie-promocja-30-minut\/"]}]},{"@type":"ImageObject","inLanguage":"en-GB","@id":"https:\/\/zunkacichoscameleon.pl\/produkt\/swiaty-podwodne-tworcza-medytacja-w-przeplywie-nagranie-promocja-30-minut\/#primaryimage","url":"https:\/\/zunkacichoscameleon.pl\/wp-content\/uploads\/2024\/12\/Swiaty.jpg","contentUrl":"https:\/\/zunkacichoscameleon.pl\/wp-content\/uploads\/2024\/12\/Swiaty.jpg","width":1080,"height":1080,"caption":"Swiaty Podwodne"},{"@type":"BreadcrumbList","@id":"https:\/\/zunkacichoscameleon.pl\/produkt\/swiaty-podwodne-tworcza-medytacja-w-przeplywie-nagranie-promocja-30-minut\/#breadcrumb","itemListElement":[{"@type":"ListItem","position":1,"name":"Strona g\u0142\u00f3wna","item":"https:\/\/zunkacichoscameleon.pl\/"},{"@type":"ListItem","position":2,"name":"Sklep","item":"https:\/\/zunkacichoscameleon.pl\/sklep\/"},{"@type":"ListItem","position":3,"name":"\u015awiaty podwodne- tw\u00f3rcza medytacja w przep\u0142ywie, nagranie"}]},{"@type":"WebSite","@id":"https:\/\/zunkacichoscameleon.pl\/#website","url":"https:\/\/zunkacichoscameleon.pl\/","name":"Zunka Cichos jak kameleon","description":"Rozkminy artystyczno-\u017cyciowe","publisher":{"@id":"https:\/\/zunkacichoscameleon.pl\/#\/schema\/person\/54eb2742270ae1528910f7e3c94c38a2"},"potentialAction":[{"@type":"SearchAction","target":{"@type":"EntryPoint","urlTemplate":"https:\/\/zunkacichoscameleon.pl\/?s={search_term_string}"},"query-input":{"@type":"PropertyValueSpecification","valueRequired":true,"valueName":"search_term_string"}}],"inLanguage":"en-GB"},{"@type":["Person","Organization"],"@id":"https:\/\/zunkacichoscameleon.pl\/#\/schema\/person\/54eb2742270ae1528910f7e3c94c38a2","name":"Zunka Cichos","image":{"@type":"ImageObject","inLanguage":"en-GB","@id":"https:\/\/zunkacichoscameleon.pl\/wp-content\/uploads\/2021\/12\/3.jpg-necklace.jpg","url":"https:\/\/zunkacichoscameleon.pl\/wp-content\/uploads\/2021\/12\/3.jpg-necklace.jpg","contentUrl":"https:\/\/zunkacichoscameleon.pl\/wp-content\/uploads\/2021\/12\/3.jpg-necklace.jpg","width":900,"height":600,"caption":"Zunka Cichos"},"logo":{"@id":"https:\/\/zunkacichoscameleon.pl\/wp-content\/uploads\/2021\/12\/3.jpg-necklace.jpg"},"sameAs":["https:\/\/zunkacichoscameleon.pl","https:\/\/www.facebook.com\/Cameleon-100398745427656","https:\/\/www.instagram.com\/cameleonka\/?hl=en","https:\/\/pl.pinterest.com\/cameleonartshop\/_created\/"]}]}},"jetpack_sharing_enabled":true,"_links":{"self":[{"href":"https:\/\/zunkacichoscameleon.pl\/en\/wp-json\/wp\/v2\/product\/2095","targetHints":{"allow":["GET"]}}],"collection":[{"href":"https:\/\/zunkacichoscameleon.pl\/en\/wp-json\/wp\/v2\/product"}],"about":[{"href":"https:\/\/zunkacichoscameleon.pl\/en\/wp-json\/wp\/v2\/types\/product"}],"replies":[{"embeddable":true,"href":"https:\/\/zunkacichoscameleon.pl\/en\/wp-json\/wp\/v2\/comments?post=2095"}],"wp:featuredmedia":[{"embeddable":true,"href":"https:\/\/zunkacichoscameleon.pl\/en\/wp-json\/wp\/v2\/media\/1667"}],"wp:attachment":[{"href":"https:\/\/zunkacichoscameleon.pl\/en\/wp-json\/wp\/v2\/media?parent=2095"}],"wp:term":[{"taxonomy":"product_brand","embeddable":true,"href":"https:\/\/zunkacichoscameleon.pl\/en\/wp-json\/wp\/v2\/product_brand?post=2095"},{"taxonomy":"product_cat","embeddable":true,"href":"https:\/\/zunkacichoscameleon.pl\/en\/wp-json\/wp\/v2\/product_cat?post=2095"},{"taxonomy":"product_tag","embeddable":true,"href":"https:\/\/zunkacichoscameleon.pl\/en\/wp-json\/wp\/v2\/product_tag?post=2095"}],"curies":[{"name":"wp","href":"https:\/\/api.w.org\/{rel}","templated":true}]}}