{"id":2202,"date":"2025-10-26T17:01:53","date_gmt":"2025-10-26T16:01:53","guid":{"rendered":"https:\/\/zunkacichoscameleon.pl\/?post_type=product&#038;p=2202"},"modified":"2026-03-01T15:13:16","modified_gmt":"2026-03-01T14:13:16","slug":"back-to-flow-jak-czule-nawigowac-w-czasie-tworczej-ciszy-nagranie-warsztatu","status":"publish","type":"product","link":"https:\/\/zunkacichoscameleon.pl\/en\/product\/back-to-flow-jak-czule-nawigowac-w-czasie-tworczej-ciszy-nagranie-warsztatu\/","title":{"rendered":"Back to flow- jak czule nawigowa\u0107 w czasie tw\u00f3rczej ciszy, nagranie warsztatu"},"content":{"rendered":"<p>Back to flow-jak czule nawigowa\u0107 w czasie tw\u00f3rczej ciszy, nagranie warsztatu<\/p>\n<div class=\"et_pb_module et_pb_blurb et_pb_blurb_0 et_pb_text_align_left et_pb_blurb_position_left et_pb_bg_layout_light\">\n<div class=\"et_pb_blurb_content\">\n<div class=\"et_pb_blurb_container\">\n<h4 class=\"et_pb_module_header\">Czy jeste\u015b w miejscu tw\u00f3rczego zatrzymania, w kt\u00f3rym jeste\u015b utkni\u0119ta i nie wiesz jak si\u0119 z niego wydoby\u0107?<\/h4>\n<\/div>\n<\/div>\n<\/div>\n<div class=\"et_pb_module et_pb_blurb et_pb_blurb_1 et_pb_text_align_left et_pb_blurb_position_left et_pb_bg_layout_light\">\n<div class=\"et_pb_blurb_content\">\n<div class=\"et_pb_main_blurb_image\"><span class=\"et_pb_image_wrap\"><span class=\"et-waypoint et_pb_animation_top et_pb_animation_top_tablet et_pb_animation_top_phone et-pb-icon et-animated\">\uf1fc<\/span><\/span><\/div>\n<div class=\"et_pb_blurb_container\">\n<h4 class=\"et_pb_module_header\">Czy wpadasz w wyczerpuj\u0105ce ko\u0142o tworzenia i zatrzymania i czy to powtarza si\u0119 cyklicznie ?<\/h4>\n<\/div>\n<\/div>\n<\/div>\n<div class=\"et_pb_module et_pb_blurb et_pb_blurb_2 et_pb_text_align_left et_pb_blurb_position_left et_pb_bg_layout_light\">\n<div class=\"et_pb_blurb_content\">\n<div class=\"et_pb_main_blurb_image\"><span class=\"et_pb_image_wrap\"><span class=\"et-waypoint et_pb_animation_top et_pb_animation_top_tablet et_pb_animation_top_phone et-pb-icon et-animated\">\uf1fc<\/span><\/span><\/div>\n<div class=\"et_pb_blurb_container\">\n<h4 class=\"et_pb_module_header\">Czy chcia\u0142aby\u015b nauczy\u0107 si\u0119 jak troszczy\u0107 si\u0119 o siebie i sw\u00f3j proces tw\u00f3rczy tak, aby Twoja praktyka tw\u00f3rcza by\u0142a stale obecna w Twoim \u017cyciu, bez wchodzenia w zamarcie?<\/h4>\n<p>Czy chcesz dowiedzie\u0107 si\u0119, co si\u0119 w Tobie dzieje, kiedy Twoja iskra tw\u00f3rcza ga\u015bnie i jak dba\u0107 o jej p\u0142omie\u0144?<\/p>\n<p>Zapraszam:)<\/p>\n<p>Dla kogo:<\/p>\n<p>\u2013 dla Artyst\u00f3w i Artystek, malarek, pisarek, poet\u00f3w, tancerzy oraz wszystkich os\u00f3b, kt\u00f3re czuj\u0105, \u017ce tworz\u0105 np kontent marketingowy, pisz\u0105 newslettery, tworz\u0105 grafiki i ich proces tw\u00f3rczy zamar\u0142 lub do\u015bwiadczaj\u0105 tw\u00f3rczego rollercoastera tzn. tworz\u0119 na maksa\/ nic nie tworz\u0119<\/p>\n<p>\u2013 dla os\u00f3b tw\u00f3rczych, kt\u00f3re chcia\u0142yby stabilno\u015bci i zdrowego, dobrego rytmu w swojej praktyce tw\u00f3rczej<\/p>\n<p>\u2013 dla os\u00f3b kt\u00f3re chc\u0105 zadba\u0107 o sw\u00f3j uk\u0142ad nerwowy i energi\u0119 \u017cyciow\u0105 oraz nauczy\u0107 si\u0119 troszczy\u0107 o swoj\u0105 iskr\u0119 tw\u00f3rcz\u0105<\/p>\n<p>\u2013 dla os\u00f3b kt\u00f3re ju\u017c wiedz\u0105, \u017ce dopasowywanie si\u0119 do szybkiego rytmu, intensywno\u015bci \u015bwiata w kt\u00f3rym \u017cyjemy bardzo nie s\u0142u\u017cy ich kreatywno\u015bci<\/p>\n<p>To nagranie uzdrowi Twoj\u0105 relacj\u0119 z tworzeniem oraz spos\u00f3b w jaki patrzysz na prokrastynacj\u0119, perfekcjonizm, krytyka wewn\u0119trznego.<\/p>\n<p>Nie jeste\u015b leniwa, ani Twoje dary nie wyczerpa\u0142y si\u0119, nic nie robisz \u017ale.<\/p>\n<p>Twoje cia\u0142o m\u00f3wi stop a Tw\u00f3j proces tw\u00f3rczy zatrzymuje si\u0119 z innego powodu.<\/p>\n<p>Na warsztacie opowiem Ci co si\u0119 dzieje w Twoim ciele kiedy wpadasz w czarn\u0105 tw\u00f3rcz\u0105 dziur\u0119, pomog\u0119 Ci zaprojektowa\u0107 tak\u0105 praktyk\u0119 tw\u00f3rcz\u0105, kt\u00f3ra b\u0119dzie od\u017cywia\u0142a Ciebie i Twoj\u0105 kreatywno\u015b\u0107.<\/p>\n<p>Wyjdziesz z konkretnym planem tw\u00f3rczej odnowy na kolejne kilka tygodni.<\/p>\n<p>Nagranie trwa 1,5 godziny i jest to bomba inspiracji, wgl\u0105d\u00f3w oraz konkretna \u015bcie\u017cka wyprowadzaj\u0105ca z wypalenia artystycznego.<\/p>\n<p>Link do nagrania otrzymasz do 24 h po dokonaniu op\u0142aty , w osobnej wiadomo\u015bci.<\/p>\n<\/div>\n<p>&nbsp;<\/p>\n<div class=\"et_pb_blurb_container\">\n<p>&nbsp;<\/p>\n<\/div>\n<\/div>\n<\/div>","protected":false},"excerpt":{"rendered":"<p>Nagranie warsztatu dla os\u00f3b do\u015bwiadczaj\u0105cych tw\u00f3rczego wypalenia i\u00a0 chc\u0105cych wr\u00f3ci\u0107 do swojej praktyki w m\u0105dry spos\u00f3b bez popadania w cykle tworz\u0119 wszystko\/nic nie tworz\u0119<\/p>","protected":false},"featured_media":2248,"comment_status":"open","ping_status":"closed","template":"","meta":[],"product_brand":[],"product_cat":[99],"product_tag":[],"class_list":{"0":"post-2202","1":"product","2":"type-product","3":"status-publish","4":"has-post-thumbnail","6":"product_cat-nagrania","8":"first","9":"instock","10":"downloadable","11":"virtual","12":"purchasable","13":"product-type-simple"},"yoast_head":"<!-- This site is optimized with the Yoast SEO plugin v27.3 - https:\/\/yoast.com\/product\/yoast-seo-wordpress\/ -->\n<title>Back to flow- jak czule nawigowa\u0107 w czasie tw\u00f3rczej ciszy, nagranie warsztatu - Zunka Cichos jak kameleon<\/title>\n<meta name=\"description\" content=\"Nagranie warsztatu Back to flow dla os\u00f3b do\u015bwiadczaj\u0105cych tw\u00f3rczego wypalenia i kt\u00f3rzy chc\u0105 wr\u00f3ci\u0107 do swojej praktyki w m\u0105dry spos\u00f3b bez popadania w cykle wszystko\/nic\" \/>\n<meta name=\"robots\" content=\"index, follow, max-snippet:-1, max-image-preview:large, max-video-preview:-1\" \/>\n<link rel=\"canonical\" href=\"https:\/\/zunkacichoscameleon.pl\/en\/product\/back-to-flow-jak-czule-nawigowac-w-czasie-tworczej-ciszy-nagranie-warsztatu\/\" \/>\n<meta property=\"og:locale\" content=\"en_GB\" \/>\n<meta property=\"og:type\" content=\"article\" \/>\n<meta property=\"og:title\" content=\"Back to flow- jak czule nawigowa\u0107 w czasie tw\u00f3rczej ciszy, nagranie warsztatu - Zunka Cichos jak kameleon\" \/>\n<meta property=\"og:description\" content=\"Nagranie warsztatu Back to flow dla os\u00f3b do\u015bwiadczaj\u0105cych tw\u00f3rczego wypalenia i kt\u00f3rzy chc\u0105 wr\u00f3ci\u0107 do swojej praktyki w m\u0105dry spos\u00f3b bez popadania w cykle wszystko\/nic\" \/>\n<meta property=\"og:url\" content=\"https:\/\/zunkacichoscameleon.pl\/en\/product\/back-to-flow-jak-czule-nawigowac-w-czasie-tworczej-ciszy-nagranie-warsztatu\/\" \/>\n<meta property=\"og:site_name\" content=\"Zunka Cichos jak kameleon\" \/>\n<meta property=\"article:publisher\" content=\"https:\/\/www.facebook.com\/Cameleon-100398745427656\" \/>\n<meta property=\"article:modified_time\" content=\"2026-03-01T14:13:16+00:00\" \/>\n<meta property=\"og:image\" content=\"https:\/\/zunkacichoscameleon.pl\/wp-content\/uploads\/2025\/10\/KRAKOW-22-CZERWCA.jpg\" \/>\n\t<meta property=\"og:image:width\" content=\"1920\" \/>\n\t<meta property=\"og:image:height\" content=\"1080\" \/>\n\t<meta property=\"og:image:type\" content=\"image\/jpeg\" \/>\n<meta name=\"twitter:card\" content=\"summary_large_image\" \/>\n<meta name=\"twitter:label1\" content=\"Estimated reading time\" \/>\n\t<meta name=\"twitter:data1\" content=\"3 minutes\" \/>\n<script type=\"application\/ld+json\" class=\"yoast-schema-graph\">{\"@context\":\"https:\\\/\\\/schema.org\",\"@graph\":[{\"@type\":\"WebPage\",\"@id\":\"https:\\\/\\\/zunkacichoscameleon.pl\\\/produkt\\\/back-to-flow-jak-czule-nawigowac-w-czasie-tworczej-ciszy-nagranie-warsztatu\\\/\",\"url\":\"https:\\\/\\\/zunkacichoscameleon.pl\\\/produkt\\\/back-to-flow-jak-czule-nawigowac-w-czasie-tworczej-ciszy-nagranie-warsztatu\\\/\",\"name\":\"Back to flow- jak czule nawigowa\u0107 w czasie tw\u00f3rczej ciszy, nagranie warsztatu - Zunka Cichos jak kameleon\",\"isPartOf\":{\"@id\":\"https:\\\/\\\/zunkacichoscameleon.pl\\\/#website\"},\"primaryImageOfPage\":{\"@id\":\"https:\\\/\\\/zunkacichoscameleon.pl\\\/produkt\\\/back-to-flow-jak-czule-nawigowac-w-czasie-tworczej-ciszy-nagranie-warsztatu\\\/#primaryimage\"},\"image\":{\"@id\":\"https:\\\/\\\/zunkacichoscameleon.pl\\\/produkt\\\/back-to-flow-jak-czule-nawigowac-w-czasie-tworczej-ciszy-nagranie-warsztatu\\\/#primaryimage\"},\"thumbnailUrl\":\"https:\\\/\\\/zunkacichoscameleon.pl\\\/wp-content\\\/uploads\\\/2025\\\/10\\\/KRAKOW-22-CZERWCA.jpg\",\"datePublished\":\"2025-10-26T16:01:53+00:00\",\"dateModified\":\"2026-03-01T14:13:16+00:00\",\"description\":\"Nagranie warsztatu Back to flow dla os\u00f3b do\u015bwiadczaj\u0105cych tw\u00f3rczego wypalenia i kt\u00f3rzy chc\u0105 wr\u00f3ci\u0107 do swojej praktyki w m\u0105dry spos\u00f3b bez popadania w cykle wszystko\\\/nic\",\"breadcrumb\":{\"@id\":\"https:\\\/\\\/zunkacichoscameleon.pl\\\/produkt\\\/back-to-flow-jak-czule-nawigowac-w-czasie-tworczej-ciszy-nagranie-warsztatu\\\/#breadcrumb\"},\"inLanguage\":\"en-GB\",\"potentialAction\":[{\"@type\":\"ReadAction\",\"target\":[\"https:\\\/\\\/zunkacichoscameleon.pl\\\/produkt\\\/back-to-flow-jak-czule-nawigowac-w-czasie-tworczej-ciszy-nagranie-warsztatu\\\/\"]}]},{\"@type\":\"ImageObject\",\"inLanguage\":\"en-GB\",\"@id\":\"https:\\\/\\\/zunkacichoscameleon.pl\\\/produkt\\\/back-to-flow-jak-czule-nawigowac-w-czasie-tworczej-ciszy-nagranie-warsztatu\\\/#primaryimage\",\"url\":\"https:\\\/\\\/zunkacichoscameleon.pl\\\/wp-content\\\/uploads\\\/2025\\\/10\\\/KRAKOW-22-CZERWCA.jpg\",\"contentUrl\":\"https:\\\/\\\/zunkacichoscameleon.pl\\\/wp-content\\\/uploads\\\/2025\\\/10\\\/KRAKOW-22-CZERWCA.jpg\",\"width\":1920,\"height\":1080},{\"@type\":\"BreadcrumbList\",\"@id\":\"https:\\\/\\\/zunkacichoscameleon.pl\\\/produkt\\\/back-to-flow-jak-czule-nawigowac-w-czasie-tworczej-ciszy-nagranie-warsztatu\\\/#breadcrumb\",\"itemListElement\":[{\"@type\":\"ListItem\",\"position\":1,\"name\":\"Strona g\u0142\u00f3wna\",\"item\":\"https:\\\/\\\/zunkacichoscameleon.pl\\\/\"},{\"@type\":\"ListItem\",\"position\":2,\"name\":\"Sklep\",\"item\":\"https:\\\/\\\/zunkacichoscameleon.pl\\\/sklep\\\/\"},{\"@type\":\"ListItem\",\"position\":3,\"name\":\"Back to flow- jak czule nawigowa\u0107 w czasie tw\u00f3rczej ciszy, nagranie warsztatu\"}]},{\"@type\":\"WebSite\",\"@id\":\"https:\\\/\\\/zunkacichoscameleon.pl\\\/#website\",\"url\":\"https:\\\/\\\/zunkacichoscameleon.pl\\\/\",\"name\":\"Zunka Cichos jak kameleon\",\"description\":\"Rozkminy artystyczno-\u017cyciowe\",\"publisher\":{\"@id\":\"https:\\\/\\\/zunkacichoscameleon.pl\\\/#\\\/schema\\\/person\\\/54eb2742270ae1528910f7e3c94c38a2\"},\"potentialAction\":[{\"@type\":\"SearchAction\",\"target\":{\"@type\":\"EntryPoint\",\"urlTemplate\":\"https:\\\/\\\/zunkacichoscameleon.pl\\\/?s={search_term_string}\"},\"query-input\":{\"@type\":\"PropertyValueSpecification\",\"valueRequired\":true,\"valueName\":\"search_term_string\"}}],\"inLanguage\":\"en-GB\"},{\"@type\":[\"Person\",\"Organization\"],\"@id\":\"https:\\\/\\\/zunkacichoscameleon.pl\\\/#\\\/schema\\\/person\\\/54eb2742270ae1528910f7e3c94c38a2\",\"name\":\"Zunka Cichos\",\"image\":{\"@type\":\"ImageObject\",\"inLanguage\":\"en-GB\",\"@id\":\"https:\\\/\\\/zunkacichoscameleon.pl\\\/wp-content\\\/uploads\\\/2021\\\/12\\\/3.jpg-necklace.jpg\",\"url\":\"https:\\\/\\\/zunkacichoscameleon.pl\\\/wp-content\\\/uploads\\\/2021\\\/12\\\/3.jpg-necklace.jpg\",\"contentUrl\":\"https:\\\/\\\/zunkacichoscameleon.pl\\\/wp-content\\\/uploads\\\/2021\\\/12\\\/3.jpg-necklace.jpg\",\"width\":900,\"height\":600,\"caption\":\"Zunka Cichos\"},\"logo\":{\"@id\":\"https:\\\/\\\/zunkacichoscameleon.pl\\\/wp-content\\\/uploads\\\/2021\\\/12\\\/3.jpg-necklace.jpg\"},\"sameAs\":[\"https:\\\/\\\/zunkacichoscameleon.pl\",\"https:\\\/\\\/www.facebook.com\\\/Cameleon-100398745427656\",\"https:\\\/\\\/www.instagram.com\\\/cameleonka\\\/?hl=en\",\"https:\\\/\\\/pl.pinterest.com\\\/cameleonartshop\\\/_created\\\/\"]}]}<\/script>\n<!-- \/ Yoast SEO plugin. -->","yoast_head_json":{"title":"Back to flow- jak czule nawigowa\u0107 w czasie tw\u00f3rczej ciszy, nagranie warsztatu - Zunka Cichos jak kameleon","description":"Nagranie warsztatu Back to flow dla os\u00f3b do\u015bwiadczaj\u0105cych tw\u00f3rczego wypalenia i kt\u00f3rzy chc\u0105 wr\u00f3ci\u0107 do swojej praktyki w m\u0105dry spos\u00f3b bez popadania w cykle wszystko\/nic","robots":{"index":"index","follow":"follow","max-snippet":"max-snippet:-1","max-image-preview":"max-image-preview:large","max-video-preview":"max-video-preview:-1"},"canonical":"https:\/\/zunkacichoscameleon.pl\/en\/product\/back-to-flow-jak-czule-nawigowac-w-czasie-tworczej-ciszy-nagranie-warsztatu\/","og_locale":"en_GB","og_type":"article","og_title":"Back to flow- jak czule nawigowa\u0107 w czasie tw\u00f3rczej ciszy, nagranie warsztatu - Zunka Cichos jak kameleon","og_description":"Nagranie warsztatu Back to flow dla os\u00f3b do\u015bwiadczaj\u0105cych tw\u00f3rczego wypalenia i kt\u00f3rzy chc\u0105 wr\u00f3ci\u0107 do swojej praktyki w m\u0105dry spos\u00f3b bez popadania w cykle wszystko\/nic","og_url":"https:\/\/zunkacichoscameleon.pl\/en\/product\/back-to-flow-jak-czule-nawigowac-w-czasie-tworczej-ciszy-nagranie-warsztatu\/","og_site_name":"Zunka Cichos jak kameleon","article_publisher":"https:\/\/www.facebook.com\/Cameleon-100398745427656","article_modified_time":"2026-03-01T14:13:16+00:00","og_image":[{"width":1920,"height":1080,"url":"https:\/\/zunkacichoscameleon.pl\/wp-content\/uploads\/2025\/10\/KRAKOW-22-CZERWCA.jpg","type":"image\/jpeg"}],"twitter_card":"summary_large_image","twitter_misc":{"Estimated reading time":"3 minutes"},"schema":{"@context":"https:\/\/schema.org","@graph":[{"@type":"WebPage","@id":"https:\/\/zunkacichoscameleon.pl\/produkt\/back-to-flow-jak-czule-nawigowac-w-czasie-tworczej-ciszy-nagranie-warsztatu\/","url":"https:\/\/zunkacichoscameleon.pl\/produkt\/back-to-flow-jak-czule-nawigowac-w-czasie-tworczej-ciszy-nagranie-warsztatu\/","name":"Back to flow- jak czule nawigowa\u0107 w czasie tw\u00f3rczej ciszy, nagranie warsztatu - Zunka Cichos jak kameleon","isPartOf":{"@id":"https:\/\/zunkacichoscameleon.pl\/#website"},"primaryImageOfPage":{"@id":"https:\/\/zunkacichoscameleon.pl\/produkt\/back-to-flow-jak-czule-nawigowac-w-czasie-tworczej-ciszy-nagranie-warsztatu\/#primaryimage"},"image":{"@id":"https:\/\/zunkacichoscameleon.pl\/produkt\/back-to-flow-jak-czule-nawigowac-w-czasie-tworczej-ciszy-nagranie-warsztatu\/#primaryimage"},"thumbnailUrl":"https:\/\/zunkacichoscameleon.pl\/wp-content\/uploads\/2025\/10\/KRAKOW-22-CZERWCA.jpg","datePublished":"2025-10-26T16:01:53+00:00","dateModified":"2026-03-01T14:13:16+00:00","description":"Nagranie warsztatu Back to flow dla os\u00f3b do\u015bwiadczaj\u0105cych tw\u00f3rczego wypalenia i kt\u00f3rzy chc\u0105 wr\u00f3ci\u0107 do swojej praktyki w m\u0105dry spos\u00f3b bez popadania w cykle wszystko\/nic","breadcrumb":{"@id":"https:\/\/zunkacichoscameleon.pl\/produkt\/back-to-flow-jak-czule-nawigowac-w-czasie-tworczej-ciszy-nagranie-warsztatu\/#breadcrumb"},"inLanguage":"en-GB","potentialAction":[{"@type":"ReadAction","target":["https:\/\/zunkacichoscameleon.pl\/produkt\/back-to-flow-jak-czule-nawigowac-w-czasie-tworczej-ciszy-nagranie-warsztatu\/"]}]},{"@type":"ImageObject","inLanguage":"en-GB","@id":"https:\/\/zunkacichoscameleon.pl\/produkt\/back-to-flow-jak-czule-nawigowac-w-czasie-tworczej-ciszy-nagranie-warsztatu\/#primaryimage","url":"https:\/\/zunkacichoscameleon.pl\/wp-content\/uploads\/2025\/10\/KRAKOW-22-CZERWCA.jpg","contentUrl":"https:\/\/zunkacichoscameleon.pl\/wp-content\/uploads\/2025\/10\/KRAKOW-22-CZERWCA.jpg","width":1920,"height":1080},{"@type":"BreadcrumbList","@id":"https:\/\/zunkacichoscameleon.pl\/produkt\/back-to-flow-jak-czule-nawigowac-w-czasie-tworczej-ciszy-nagranie-warsztatu\/#breadcrumb","itemListElement":[{"@type":"ListItem","position":1,"name":"Strona g\u0142\u00f3wna","item":"https:\/\/zunkacichoscameleon.pl\/"},{"@type":"ListItem","position":2,"name":"Sklep","item":"https:\/\/zunkacichoscameleon.pl\/sklep\/"},{"@type":"ListItem","position":3,"name":"Back to flow- jak czule nawigowa\u0107 w czasie tw\u00f3rczej ciszy, nagranie warsztatu"}]},{"@type":"WebSite","@id":"https:\/\/zunkacichoscameleon.pl\/#website","url":"https:\/\/zunkacichoscameleon.pl\/","name":"Zunka Cichos jak kameleon","description":"Rozkminy artystyczno-\u017cyciowe","publisher":{"@id":"https:\/\/zunkacichoscameleon.pl\/#\/schema\/person\/54eb2742270ae1528910f7e3c94c38a2"},"potentialAction":[{"@type":"SearchAction","target":{"@type":"EntryPoint","urlTemplate":"https:\/\/zunkacichoscameleon.pl\/?s={search_term_string}"},"query-input":{"@type":"PropertyValueSpecification","valueRequired":true,"valueName":"search_term_string"}}],"inLanguage":"en-GB"},{"@type":["Person","Organization"],"@id":"https:\/\/zunkacichoscameleon.pl\/#\/schema\/person\/54eb2742270ae1528910f7e3c94c38a2","name":"Zunka Cichos","image":{"@type":"ImageObject","inLanguage":"en-GB","@id":"https:\/\/zunkacichoscameleon.pl\/wp-content\/uploads\/2021\/12\/3.jpg-necklace.jpg","url":"https:\/\/zunkacichoscameleon.pl\/wp-content\/uploads\/2021\/12\/3.jpg-necklace.jpg","contentUrl":"https:\/\/zunkacichoscameleon.pl\/wp-content\/uploads\/2021\/12\/3.jpg-necklace.jpg","width":900,"height":600,"caption":"Zunka Cichos"},"logo":{"@id":"https:\/\/zunkacichoscameleon.pl\/wp-content\/uploads\/2021\/12\/3.jpg-necklace.jpg"},"sameAs":["https:\/\/zunkacichoscameleon.pl","https:\/\/www.facebook.com\/Cameleon-100398745427656","https:\/\/www.instagram.com\/cameleonka\/?hl=en","https:\/\/pl.pinterest.com\/cameleonartshop\/_created\/"]}]}},"jetpack_sharing_enabled":true,"_links":{"self":[{"href":"https:\/\/zunkacichoscameleon.pl\/en\/wp-json\/wp\/v2\/product\/2202","targetHints":{"allow":["GET"]}}],"collection":[{"href":"https:\/\/zunkacichoscameleon.pl\/en\/wp-json\/wp\/v2\/product"}],"about":[{"href":"https:\/\/zunkacichoscameleon.pl\/en\/wp-json\/wp\/v2\/types\/product"}],"replies":[{"embeddable":true,"href":"https:\/\/zunkacichoscameleon.pl\/en\/wp-json\/wp\/v2\/comments?post=2202"}],"wp:featuredmedia":[{"embeddable":true,"href":"https:\/\/zunkacichoscameleon.pl\/en\/wp-json\/wp\/v2\/media\/2248"}],"wp:attachment":[{"href":"https:\/\/zunkacichoscameleon.pl\/en\/wp-json\/wp\/v2\/media?parent=2202"}],"wp:term":[{"taxonomy":"product_brand","embeddable":true,"href":"https:\/\/zunkacichoscameleon.pl\/en\/wp-json\/wp\/v2\/product_brand?post=2202"},{"taxonomy":"product_cat","embeddable":true,"href":"https:\/\/zunkacichoscameleon.pl\/en\/wp-json\/wp\/v2\/product_cat?post=2202"},{"taxonomy":"product_tag","embeddable":true,"href":"https:\/\/zunkacichoscameleon.pl\/en\/wp-json\/wp\/v2\/product_tag?post=2202"}],"curies":[{"name":"wp","href":"https:\/\/api.w.org\/{rel}","templated":true}]}}