{"id":2415,"date":"2026-03-13T18:36:33","date_gmt":"2026-03-13T17:36:33","guid":{"rendered":"https:\/\/zunkacichoscameleon.pl\/?post_type=product&#038;p=2415"},"modified":"2026-04-11T15:04:26","modified_gmt":"2026-04-11T13:04:26","slug":"art-and-soul-retreat","status":"publish","type":"product","link":"https:\/\/zunkacichoscameleon.pl\/en\/product\/art-and-soul-retreat\/","title":{"rendered":"Przez las i obraz do duszy, retreat maj\u00f3wka, zadatek"},"content":{"rendered":"<p>Zapraszam Ci\u0119 na maj\u00f3wk\u0119 w Kornatce w Funadacji Kochana, 30.04.2026-3.05.2026<\/p>\n<p>Tworzenie i bycie.<\/p>\n<ul>\n<li><span data-redactor-style-cache=\"color: rgb(142, 68, 173);\" data-redactor-span=\"true\">Poduszki i koce w drewnianej sali zamiast krzes\u0142a przed komputerem.<\/span><\/li>\n<li><span data-redactor-style-cache=\"color: rgb(142, 68, 173);\" data-redactor-span=\"true\">\u017bywe kobiety i prawdziwy kontakt z nimi zamiast twarzy na ekranie.<\/span><\/li>\n<li><span data-redactor-style-cache=\"color: rgb(142, 68, 173);\">G\u0142\u0119boki proces tw\u00f3rczy dzielony w kr\u0119gu zamiast samotnej podr\u00f3\u017cy.<\/span><\/li>\n<li><strong><span data-redactor-style-cache=\"color: rgb(142, 68, 173);\">Obrazy, kt\u00f3re m\u00f3wi\u0105 zamiast \u0142adnych laurek tw\u00f3rczo\u015bci<\/span><\/strong><\/li>\n<li><strong><span data-redactor-style-cache=\"color: rgb(142, 68, 173);\">Proces tw\u00f3rczy, kt\u00f3re pokazuje prawd\u0119 a nie skupia si\u0119 na technice.<\/span><\/strong><\/li>\n<li><span data-redactor-style-cache=\"color: rgb(142, 68, 173);\" data-redactor-span=\"true\">Blisko\u015b\u0107 zamiast dystansu.<\/span><\/li>\n<li><span data-redactor-style-cache=\"color: rgb(142, 68, 173);\" data-redactor-span=\"true\">Moc kr\u0119gu do\u015bwiadczanego na miejscu, a nie w wirtualnej przestrzeni.<\/span><\/li>\n<li><span data-redactor-style-cache=\"color: rgb(142, 68, 173);\" data-redactor-span=\"true\">Moja \u017cywa obecno\u015b\u0107 zamiast prowadzenia online.<\/span><\/li>\n<\/ul>\n<p>&nbsp;<\/p>\n<p><strong>30.04 \u2013 Przyjazd i otwarcie przestrzeni<\/strong><\/p>\n<p>18.00 \u2013 kolacja<br \/>\nPo kolacji zasi\u0105dziemy niespiesznie w kr\u0119gu i otworzymy nasz\u0105 wsp\u00f3ln\u0105 przestrze\u0144<\/p>\n<p>&nbsp;<\/p>\n<p><strong>1.05 \u2013 Dzie\u0144 \u0142agodnego wej\u015bcia w proces tw\u00f3rczy<\/strong><\/p>\n<p>9.00 \u2013 \u015bniadanie<\/p>\n<p>10.00\u201313.00<br \/>\nTworzenie laleczek intuicyjnych<br \/>\nPraca z plamami i wr\u00f3\u017cenie z herbaty<\/p>\n<p>13.00 \u2013 obiad<\/p>\n<p>Czas wolny \u2013 spacer do lasu, odpoczynek, bycie<\/p>\n<p>16.00\u201318.00<br \/>\nRytua\u0142 z plamami i kr\u0105g zamykaj\u0105cy dzie\u0144<br \/>\nPraktyka\u00a0<strong>self holding<\/strong>\u00a0z chust\u0105 dla wyciszenia uk\u0142adu nerwowego<\/p>\n<p>18.00 \u2013 kolacja<\/p>\n<p>Wieczorem: odpoczynek lub ognisko<\/p>\n<p><strong>2.05 \u2013 Ceremonia Touch Drawing<\/strong><\/p>\n<p>9.00 \u2013 \u015bniadanie<\/p>\n<p>10.00\u201313.00<br \/>\nCeremonia\u00a0<strong>Touch Drawing<\/strong><\/p>\n<p>14.00 \u2013 obiad<\/p>\n<p>16.00\u201318.00<br \/>\nPog\u0142\u0119biona praca z Touch Drawing<br \/>\nKr\u0105g<br \/>\nPraktyka\u00a0<strong>self holding<\/strong>\u00a0z chust\u0105<\/p>\n<p>18.00 \u2013 kolacja<\/p>\n<p>Wiecz\u00f3r: odpoczynek, rozmowy i rechoty<\/p>\n<p>&nbsp;<\/p>\n<p><strong>3.05 \u2013 Domykanie do\u015bwiadczenia<\/strong><\/p>\n<p>9.00 \u2013 \u015bniadanie<\/p>\n<p>10.00\u201313.00<br \/>\nWsp\u00f3lne malowanie portret\u00f3w po kr\u0119gu<br \/>\nZamkni\u0119cie naszego kr\u0119gu<\/p>\n<p>14.00 \u2013 obiad<\/p>\n<p>Po obiedzie \u2013 po\u017cegnania i wyjazd<\/p>\n<p>Koszt :<\/p>\n<p>Nocleg i wy\u017cywienie\u00a0<strong>750 z\u0142\u00a0<\/strong>(p\u0142atne na miejscu bezpo\u015brednio u Soni)<\/p>\n<p>Prowadzenie procesu\u00a0<strong>850 z\u0142 przy zapisie do 1 kwietnia, po 1 kwietnia cena wrasta do 990 z\u0142<\/strong><\/p>\n<p>Materia\u0142y<strong>\u00a0<\/strong><strong>200\u00a0z\u0142<\/strong><\/p>\n<p><strong>P\u0142atno\u015bci<\/strong><\/p>\n<p>Aby zarezerwowa\u0107 miejsce na retreat, potrzebna jest wp\u0142ata\u00a0<strong>zadatku w wysoko\u015bci 500 z\u0142<\/strong>.<br \/>\nWp\u0142ata zadatku jest potwierdzeniem udzia\u0142u i\u00a0<strong>rezerwuje miejsce w grupie<\/strong>.<\/p>\n<p>Pozosta\u0142a kwota za prowadzenie procesu i materia\u0142y p\u0142atna jest\u00a0<strong>got\u00f3wk\u0105 na miejscu podczas retreatu<\/strong>.<\/p>\n<p>Czyli:<\/p>\n<p><strong>przy zapisie\u00a0 kt\u00f3ry dokonujesz\u00a0online:<\/strong><br \/>\n\u2013 500 z\u0142 zadatku<\/p>\n<p><strong>na miejscu:<\/strong><br \/>\n\u2013 550 z\u0142 (przy zapisie do 1 kwietnia)<br \/>\nlub<br \/>\n\u2013 690 z\u0142 (po 1 kwietnia)<\/p>\n<p>Nocleg i wy\u017cywienie w wysoko\u015bci\u00a0<strong>750 z\u0142<\/strong>\u00a0rozliczane jest\u00a0<strong>bezpo\u015brednio na miejscu z gospodyni\u0105 domu, Soni\u0105<\/strong>.<\/p>\n<p>Zadatek jest\u00a0<strong>bezzwrotny<\/strong>, ale w razie zmiany plan\u00f3w mo\u017cesz przekaza\u0107 swoje miejsce innej kobiecie.<\/p>\n<p><strong>Dla kogo<\/strong><\/p>\n<p>To spotkanie jest dla kobiet, kt\u00f3re chc\u0105 poczu\u0107 i pozna\u0107 siebie g\u0142\u0119biej poprzez proces tw\u00f3rczy \u2013 potraktowa\u0107 tworzenie jak wehiku\u0142, kt\u00f3ry prowadzi nas w g\u0142\u0105b siebie i pozwala spotka\u0107 si\u0119 ze sob\u0105 w bliskim, prawdziwym kontakcie.\u00a0<strong>Zdolno\u015bci plastyczne nie s\u0105 potrzebne aby wzi\u0105\u0107 udzia\u0142 w tej podr\u00f3\u017cy.<\/strong><\/p>\n<p><strong>Potrzebna jest gotowo\u015b\u0107 popatrzenia na siebie w szczero\u015bci i otwarto\u015bci.<\/strong><\/p>\n<p><strong>Dla kogo nie<\/strong><\/p>\n<p>W trosce o bezpiecze\u0144stwo uczestniczek, ten proces nie jest dla os\u00f3b, kt\u00f3re do\u015bwiadczaj\u0105 choroby psychicznej lub s\u0105 w miejscu niestabilno\u015bci emocjonalnej.<\/p>","protected":false},"excerpt":{"rendered":"<p>Zapraszam Ci\u0119 na maj\u00f3wk\u0119 w Kornatce w Funadacji Kochana, 30.04.2026-3.05.2026<\/p>\n<p>Tworzenie i bycie<\/p>","protected":false},"featured_media":2416,"comment_status":"open","ping_status":"closed","template":"","meta":[],"product_brand":[],"product_cat":[108],"product_tag":[],"class_list":{"0":"post-2415","1":"product","2":"type-product","3":"status-publish","4":"has-post-thumbnail","6":"product_cat-warsztaty","8":"first","9":"instock","10":"downloadable","11":"virtual","12":"purchasable","13":"product-type-simple"},"yoast_head":"<!-- This site is optimized with the Yoast SEO plugin v27.3 - https:\/\/yoast.com\/product\/yoast-seo-wordpress\/ -->\n<title>Przez las i obraz do duszy, retreat maj\u00f3wka, zadatek - Zunka Cichos jak kameleon<\/title>\n<meta name=\"description\" content=\"Zapraszam Ci\u0119 na maj\u00f3wk\u0119 w Kornatce w Funadacji Kochana, 30.04.2026-3.05.2026Tworzenie i bycie\" \/>\n<meta name=\"robots\" content=\"index, follow, max-snippet:-1, max-image-preview:large, max-video-preview:-1\" \/>\n<link rel=\"canonical\" href=\"https:\/\/zunkacichoscameleon.pl\/en\/product\/art-and-soul-retreat\/\" \/>\n<meta property=\"og:locale\" content=\"en_GB\" \/>\n<meta property=\"og:type\" content=\"article\" \/>\n<meta property=\"og:title\" content=\"Przez las i obraz do duszy, retreat maj\u00f3wka, zadatek - Zunka Cichos jak kameleon\" \/>\n<meta property=\"og:description\" content=\"Zapraszam Ci\u0119 na maj\u00f3wk\u0119 w Kornatce w Funadacji Kochana, 30.04.2026-3.05.2026Tworzenie i bycie\" \/>\n<meta property=\"og:url\" content=\"https:\/\/zunkacichoscameleon.pl\/en\/product\/art-and-soul-retreat\/\" \/>\n<meta property=\"og:site_name\" content=\"Zunka Cichos jak kameleon\" \/>\n<meta property=\"article:publisher\" content=\"https:\/\/www.facebook.com\/Cameleon-100398745427656\" \/>\n<meta property=\"article:modified_time\" content=\"2026-04-11T13:04:26+00:00\" \/>\n<meta property=\"og:image\" content=\"https:\/\/zunkacichoscameleon.pl\/wp-content\/uploads\/2026\/03\/artand-soul.jpg\" \/>\n\t<meta property=\"og:image:width\" content=\"940\" \/>\n\t<meta property=\"og:image:height\" content=\"788\" \/>\n\t<meta property=\"og:image:type\" content=\"image\/jpeg\" \/>\n<meta name=\"twitter:card\" content=\"summary_large_image\" \/>\n<meta name=\"twitter:label1\" content=\"Estimated reading time\" \/>\n\t<meta name=\"twitter:data1\" content=\"3 minutes\" \/>\n<script type=\"application\/ld+json\" class=\"yoast-schema-graph\">{\"@context\":\"https:\\\/\\\/schema.org\",\"@graph\":[{\"@type\":\"WebPage\",\"@id\":\"https:\\\/\\\/zunkacichoscameleon.pl\\\/produkt\\\/art-and-soul-retreat\\\/\",\"url\":\"https:\\\/\\\/zunkacichoscameleon.pl\\\/produkt\\\/art-and-soul-retreat\\\/\",\"name\":\"Przez las i obraz do duszy, retreat maj\u00f3wka, zadatek - Zunka Cichos jak kameleon\",\"isPartOf\":{\"@id\":\"https:\\\/\\\/zunkacichoscameleon.pl\\\/#website\"},\"primaryImageOfPage\":{\"@id\":\"https:\\\/\\\/zunkacichoscameleon.pl\\\/produkt\\\/art-and-soul-retreat\\\/#primaryimage\"},\"image\":{\"@id\":\"https:\\\/\\\/zunkacichoscameleon.pl\\\/produkt\\\/art-and-soul-retreat\\\/#primaryimage\"},\"thumbnailUrl\":\"https:\\\/\\\/zunkacichoscameleon.pl\\\/wp-content\\\/uploads\\\/2026\\\/03\\\/artand-soul.jpg\",\"datePublished\":\"2026-03-13T17:36:33+00:00\",\"dateModified\":\"2026-04-11T13:04:26+00:00\",\"description\":\"Zapraszam Ci\u0119 na maj\u00f3wk\u0119 w Kornatce w Funadacji Kochana, 30.04.2026-3.05.2026Tworzenie i bycie\",\"breadcrumb\":{\"@id\":\"https:\\\/\\\/zunkacichoscameleon.pl\\\/produkt\\\/art-and-soul-retreat\\\/#breadcrumb\"},\"inLanguage\":\"en-GB\",\"potentialAction\":[{\"@type\":\"ReadAction\",\"target\":[\"https:\\\/\\\/zunkacichoscameleon.pl\\\/produkt\\\/art-and-soul-retreat\\\/\"]}]},{\"@type\":\"ImageObject\",\"inLanguage\":\"en-GB\",\"@id\":\"https:\\\/\\\/zunkacichoscameleon.pl\\\/produkt\\\/art-and-soul-retreat\\\/#primaryimage\",\"url\":\"https:\\\/\\\/zunkacichoscameleon.pl\\\/wp-content\\\/uploads\\\/2026\\\/03\\\/artand-soul.jpg\",\"contentUrl\":\"https:\\\/\\\/zunkacichoscameleon.pl\\\/wp-content\\\/uploads\\\/2026\\\/03\\\/artand-soul.jpg\",\"width\":940,\"height\":788},{\"@type\":\"BreadcrumbList\",\"@id\":\"https:\\\/\\\/zunkacichoscameleon.pl\\\/produkt\\\/art-and-soul-retreat\\\/#breadcrumb\",\"itemListElement\":[{\"@type\":\"ListItem\",\"position\":1,\"name\":\"Strona g\u0142\u00f3wna\",\"item\":\"https:\\\/\\\/zunkacichoscameleon.pl\\\/\"},{\"@type\":\"ListItem\",\"position\":2,\"name\":\"Sklep\",\"item\":\"https:\\\/\\\/zunkacichoscameleon.pl\\\/sklep\\\/\"},{\"@type\":\"ListItem\",\"position\":3,\"name\":\"Przez las i obraz do duszy, retreat maj\u00f3wka, zadatek\"}]},{\"@type\":\"WebSite\",\"@id\":\"https:\\\/\\\/zunkacichoscameleon.pl\\\/#website\",\"url\":\"https:\\\/\\\/zunkacichoscameleon.pl\\\/\",\"name\":\"Zunka Cichos jak kameleon\",\"description\":\"Rozkminy artystyczno-\u017cyciowe\",\"publisher\":{\"@id\":\"https:\\\/\\\/zunkacichoscameleon.pl\\\/#\\\/schema\\\/person\\\/54eb2742270ae1528910f7e3c94c38a2\"},\"potentialAction\":[{\"@type\":\"SearchAction\",\"target\":{\"@type\":\"EntryPoint\",\"urlTemplate\":\"https:\\\/\\\/zunkacichoscameleon.pl\\\/?s={search_term_string}\"},\"query-input\":{\"@type\":\"PropertyValueSpecification\",\"valueRequired\":true,\"valueName\":\"search_term_string\"}}],\"inLanguage\":\"en-GB\"},{\"@type\":[\"Person\",\"Organization\"],\"@id\":\"https:\\\/\\\/zunkacichoscameleon.pl\\\/#\\\/schema\\\/person\\\/54eb2742270ae1528910f7e3c94c38a2\",\"name\":\"Zunka Cichos\",\"image\":{\"@type\":\"ImageObject\",\"inLanguage\":\"en-GB\",\"@id\":\"https:\\\/\\\/zunkacichoscameleon.pl\\\/wp-content\\\/uploads\\\/2021\\\/12\\\/3.jpg-necklace.jpg\",\"url\":\"https:\\\/\\\/zunkacichoscameleon.pl\\\/wp-content\\\/uploads\\\/2021\\\/12\\\/3.jpg-necklace.jpg\",\"contentUrl\":\"https:\\\/\\\/zunkacichoscameleon.pl\\\/wp-content\\\/uploads\\\/2021\\\/12\\\/3.jpg-necklace.jpg\",\"width\":900,\"height\":600,\"caption\":\"Zunka Cichos\"},\"logo\":{\"@id\":\"https:\\\/\\\/zunkacichoscameleon.pl\\\/wp-content\\\/uploads\\\/2021\\\/12\\\/3.jpg-necklace.jpg\"},\"sameAs\":[\"https:\\\/\\\/zunkacichoscameleon.pl\",\"https:\\\/\\\/www.facebook.com\\\/Cameleon-100398745427656\",\"https:\\\/\\\/www.instagram.com\\\/cameleonka\\\/?hl=en\",\"https:\\\/\\\/pl.pinterest.com\\\/cameleonartshop\\\/_created\\\/\"]}]}<\/script>\n<!-- \/ Yoast SEO plugin. -->","yoast_head_json":{"title":"Przez las i obraz do duszy, retreat maj\u00f3wka, zadatek - Zunka Cichos jak kameleon","description":"Zapraszam Ci\u0119 na maj\u00f3wk\u0119 w Kornatce w Funadacji Kochana, 30.04.2026-3.05.2026Tworzenie i bycie","robots":{"index":"index","follow":"follow","max-snippet":"max-snippet:-1","max-image-preview":"max-image-preview:large","max-video-preview":"max-video-preview:-1"},"canonical":"https:\/\/zunkacichoscameleon.pl\/en\/product\/art-and-soul-retreat\/","og_locale":"en_GB","og_type":"article","og_title":"Przez las i obraz do duszy, retreat maj\u00f3wka, zadatek - Zunka Cichos jak kameleon","og_description":"Zapraszam Ci\u0119 na maj\u00f3wk\u0119 w Kornatce w Funadacji Kochana, 30.04.2026-3.05.2026Tworzenie i bycie","og_url":"https:\/\/zunkacichoscameleon.pl\/en\/product\/art-and-soul-retreat\/","og_site_name":"Zunka Cichos jak kameleon","article_publisher":"https:\/\/www.facebook.com\/Cameleon-100398745427656","article_modified_time":"2026-04-11T13:04:26+00:00","og_image":[{"width":940,"height":788,"url":"https:\/\/zunkacichoscameleon.pl\/wp-content\/uploads\/2026\/03\/artand-soul.jpg","type":"image\/jpeg"}],"twitter_card":"summary_large_image","twitter_misc":{"Estimated reading time":"3 minutes"},"schema":{"@context":"https:\/\/schema.org","@graph":[{"@type":"WebPage","@id":"https:\/\/zunkacichoscameleon.pl\/produkt\/art-and-soul-retreat\/","url":"https:\/\/zunkacichoscameleon.pl\/produkt\/art-and-soul-retreat\/","name":"Przez las i obraz do duszy, retreat maj\u00f3wka, zadatek - Zunka Cichos jak kameleon","isPartOf":{"@id":"https:\/\/zunkacichoscameleon.pl\/#website"},"primaryImageOfPage":{"@id":"https:\/\/zunkacichoscameleon.pl\/produkt\/art-and-soul-retreat\/#primaryimage"},"image":{"@id":"https:\/\/zunkacichoscameleon.pl\/produkt\/art-and-soul-retreat\/#primaryimage"},"thumbnailUrl":"https:\/\/zunkacichoscameleon.pl\/wp-content\/uploads\/2026\/03\/artand-soul.jpg","datePublished":"2026-03-13T17:36:33+00:00","dateModified":"2026-04-11T13:04:26+00:00","description":"Zapraszam Ci\u0119 na maj\u00f3wk\u0119 w Kornatce w Funadacji Kochana, 30.04.2026-3.05.2026Tworzenie i bycie","breadcrumb":{"@id":"https:\/\/zunkacichoscameleon.pl\/produkt\/art-and-soul-retreat\/#breadcrumb"},"inLanguage":"en-GB","potentialAction":[{"@type":"ReadAction","target":["https:\/\/zunkacichoscameleon.pl\/produkt\/art-and-soul-retreat\/"]}]},{"@type":"ImageObject","inLanguage":"en-GB","@id":"https:\/\/zunkacichoscameleon.pl\/produkt\/art-and-soul-retreat\/#primaryimage","url":"https:\/\/zunkacichoscameleon.pl\/wp-content\/uploads\/2026\/03\/artand-soul.jpg","contentUrl":"https:\/\/zunkacichoscameleon.pl\/wp-content\/uploads\/2026\/03\/artand-soul.jpg","width":940,"height":788},{"@type":"BreadcrumbList","@id":"https:\/\/zunkacichoscameleon.pl\/produkt\/art-and-soul-retreat\/#breadcrumb","itemListElement":[{"@type":"ListItem","position":1,"name":"Strona g\u0142\u00f3wna","item":"https:\/\/zunkacichoscameleon.pl\/"},{"@type":"ListItem","position":2,"name":"Sklep","item":"https:\/\/zunkacichoscameleon.pl\/sklep\/"},{"@type":"ListItem","position":3,"name":"Przez las i obraz do duszy, retreat maj\u00f3wka, zadatek"}]},{"@type":"WebSite","@id":"https:\/\/zunkacichoscameleon.pl\/#website","url":"https:\/\/zunkacichoscameleon.pl\/","name":"Zunka Cichos jak kameleon","description":"Rozkminy artystyczno-\u017cyciowe","publisher":{"@id":"https:\/\/zunkacichoscameleon.pl\/#\/schema\/person\/54eb2742270ae1528910f7e3c94c38a2"},"potentialAction":[{"@type":"SearchAction","target":{"@type":"EntryPoint","urlTemplate":"https:\/\/zunkacichoscameleon.pl\/?s={search_term_string}"},"query-input":{"@type":"PropertyValueSpecification","valueRequired":true,"valueName":"search_term_string"}}],"inLanguage":"en-GB"},{"@type":["Person","Organization"],"@id":"https:\/\/zunkacichoscameleon.pl\/#\/schema\/person\/54eb2742270ae1528910f7e3c94c38a2","name":"Zunka Cichos","image":{"@type":"ImageObject","inLanguage":"en-GB","@id":"https:\/\/zunkacichoscameleon.pl\/wp-content\/uploads\/2021\/12\/3.jpg-necklace.jpg","url":"https:\/\/zunkacichoscameleon.pl\/wp-content\/uploads\/2021\/12\/3.jpg-necklace.jpg","contentUrl":"https:\/\/zunkacichoscameleon.pl\/wp-content\/uploads\/2021\/12\/3.jpg-necklace.jpg","width":900,"height":600,"caption":"Zunka Cichos"},"logo":{"@id":"https:\/\/zunkacichoscameleon.pl\/wp-content\/uploads\/2021\/12\/3.jpg-necklace.jpg"},"sameAs":["https:\/\/zunkacichoscameleon.pl","https:\/\/www.facebook.com\/Cameleon-100398745427656","https:\/\/www.instagram.com\/cameleonka\/?hl=en","https:\/\/pl.pinterest.com\/cameleonartshop\/_created\/"]}]}},"jetpack_sharing_enabled":true,"_links":{"self":[{"href":"https:\/\/zunkacichoscameleon.pl\/en\/wp-json\/wp\/v2\/product\/2415","targetHints":{"allow":["GET"]}}],"collection":[{"href":"https:\/\/zunkacichoscameleon.pl\/en\/wp-json\/wp\/v2\/product"}],"about":[{"href":"https:\/\/zunkacichoscameleon.pl\/en\/wp-json\/wp\/v2\/types\/product"}],"replies":[{"embeddable":true,"href":"https:\/\/zunkacichoscameleon.pl\/en\/wp-json\/wp\/v2\/comments?post=2415"}],"wp:featuredmedia":[{"embeddable":true,"href":"https:\/\/zunkacichoscameleon.pl\/en\/wp-json\/wp\/v2\/media\/2416"}],"wp:attachment":[{"href":"https:\/\/zunkacichoscameleon.pl\/en\/wp-json\/wp\/v2\/media?parent=2415"}],"wp:term":[{"taxonomy":"product_brand","embeddable":true,"href":"https:\/\/zunkacichoscameleon.pl\/en\/wp-json\/wp\/v2\/product_brand?post=2415"},{"taxonomy":"product_cat","embeddable":true,"href":"https:\/\/zunkacichoscameleon.pl\/en\/wp-json\/wp\/v2\/product_cat?post=2415"},{"taxonomy":"product_tag","embeddable":true,"href":"https:\/\/zunkacichoscameleon.pl\/en\/wp-json\/wp\/v2\/product_tag?post=2415"}],"curies":[{"name":"wp","href":"https:\/\/api.w.org\/{rel}","templated":true}]}}