{"id":2419,"date":"2026-03-17T10:31:49","date_gmt":"2026-03-17T09:31:49","guid":{"rendered":"https:\/\/zunkacichoscameleon.pl\/?post_type=product&#038;p=2419"},"modified":"2026-03-17T10:46:58","modified_gmt":"2026-03-17T09:46:58","slug":"piora-szamanskie-malowane-z-intecja-akwarela-dla-poczatkujacych","status":"publish","type":"product","link":"https:\/\/zunkacichoscameleon.pl\/en\/product\/piora-szamanskie-malowane-z-intecja-akwarela-dla-poczatkujacych\/","title":{"rendered":"Pi\u00f3ra Szama\u0144skie malowane z intecj\u0105, akwarela dla pocz\u0105tkuj\u0105cych"},"content":{"rendered":"<p>Shamanic feathers painted with intention, watercolour journey for beginners<\/p>\n<p>I would like to invite you to a painting ritual, during which you will create beautiful, easy and pleasant to paint shamanic feathers to help your intention manifest. I will show you how to create colourful wonders and give significance to them.<\/p>\n<p>This reacording is for beginners and anyone who loves to paint. it is 1 hour and 38 minutes long<\/p>\n<p>You will need<\/p>\n<p>watercolour paper, any size<\/p>\n<p>watercolours 2-3 colours or more or acrylic inks<\/p>\n<p>3 brushes. small 1-3, medium 7-10 and any you feel that you will need<\/p>\n<p>Colourful tapes<\/p>\n<p>Po z\u0142o\u017ceniu zam\u00f3wienia o op\u0142aceniu go dostaniesz link do nagrania w osobnej wiadomo\u015bci z potwierdzeniem. Kliknij POBIERZ aby sci\u0105gn\u0105\u0107 nagranie na komputer.<\/p>\n<p>This link will be valid 9 months long<\/p>\n<p>&nbsp;<\/p>\n<p>Have a beautiful journey<\/p>","protected":false},"excerpt":{"rendered":"<p>Pi\u00f3ra Szama\u0144skie malowane z intencj\u0105, akwarela dla pocz\u0105tkuj\u0105cych. Proste, przyjemne do\u015bwiadczenie malarskie z akwarelami. 1 godzina 40 minut nagrania do odtwarzania we w\u0142asnym rytmie.<\/p>","protected":false},"featured_media":756,"comment_status":"open","ping_status":"closed","template":"","meta":[],"product_brand":[],"product_cat":[99],"product_tag":[],"class_list":{"0":"post-2419","1":"product","2":"type-product","3":"status-publish","4":"has-post-thumbnail","6":"product_cat-nagrania","8":"first","9":"instock","10":"downloadable","11":"virtual","12":"purchasable","13":"product-type-simple"},"yoast_head":"<!-- This site is optimized with the Yoast SEO plugin v27.3 - https:\/\/yoast.com\/product\/yoast-seo-wordpress\/ -->\n<title>Pi\u00f3ra Szama\u0144skie malowane z intecj\u0105, akwarela dla pocz\u0105tkuj\u0105cych - Zunka Cichos jak kameleon<\/title>\n<meta name=\"description\" content=\"Pi\u00f3ra Szama\u0144skie malowane z intencj\u0105, akwarela dla pocz\u0105tkuj\u0105cych. Proste, przyjemne do\u015bwiadczenie malarskie z akwarelami. 1 godzina 40 minut nagrania do odtwarzania we w\u0142asnym rytmie.\" \/>\n<meta name=\"robots\" content=\"index, follow, max-snippet:-1, max-image-preview:large, max-video-preview:-1\" \/>\n<link rel=\"canonical\" href=\"https:\/\/zunkacichoscameleon.pl\/en\/product\/piora-szamanskie-malowane-z-intecja-akwarela-dla-poczatkujacych\/\" \/>\n<meta property=\"og:locale\" content=\"en_GB\" \/>\n<meta property=\"og:type\" content=\"article\" \/>\n<meta property=\"og:title\" content=\"Pi\u00f3ra Szama\u0144skie malowane z intecj\u0105, akwarela dla pocz\u0105tkuj\u0105cych - Zunka Cichos jak kameleon\" \/>\n<meta property=\"og:description\" content=\"Pi\u00f3ra Szama\u0144skie malowane z intencj\u0105, akwarela dla pocz\u0105tkuj\u0105cych. Proste, przyjemne do\u015bwiadczenie malarskie z akwarelami. 1 godzina 40 minut nagrania do odtwarzania we w\u0142asnym rytmie.\" \/>\n<meta property=\"og:url\" content=\"https:\/\/zunkacichoscameleon.pl\/en\/product\/piora-szamanskie-malowane-z-intecja-akwarela-dla-poczatkujacych\/\" \/>\n<meta property=\"og:site_name\" content=\"Zunka Cichos jak kameleon\" \/>\n<meta property=\"article:publisher\" content=\"https:\/\/www.facebook.com\/Cameleon-100398745427656\" \/>\n<meta property=\"article:modified_time\" content=\"2026-03-17T09:46:58+00:00\" \/>\n<meta property=\"og:image\" content=\"https:\/\/zunkacichoscameleon.pl\/wp-content\/uploads\/2023\/07\/Piora-szamanskie.png\" \/>\n\t<meta property=\"og:image:width\" content=\"1280\" \/>\n\t<meta property=\"og:image:height\" content=\"720\" \/>\n\t<meta property=\"og:image:type\" content=\"image\/png\" \/>\n<meta name=\"twitter:card\" content=\"summary_large_image\" \/>\n<meta name=\"twitter:label1\" content=\"Estimated reading time\" \/>\n\t<meta name=\"twitter:data1\" content=\"1 minute\" \/>\n<script type=\"application\/ld+json\" class=\"yoast-schema-graph\">{\"@context\":\"https:\\\/\\\/schema.org\",\"@graph\":[{\"@type\":\"WebPage\",\"@id\":\"https:\\\/\\\/zunkacichoscameleon.pl\\\/produkt\\\/piora-szamanskie-malowane-z-intecja-akwarela-dla-poczatkujacych\\\/\",\"url\":\"https:\\\/\\\/zunkacichoscameleon.pl\\\/produkt\\\/piora-szamanskie-malowane-z-intecja-akwarela-dla-poczatkujacych\\\/\",\"name\":\"Pi\u00f3ra Szama\u0144skie malowane z intecj\u0105, akwarela dla pocz\u0105tkuj\u0105cych - Zunka Cichos jak kameleon\",\"isPartOf\":{\"@id\":\"https:\\\/\\\/zunkacichoscameleon.pl\\\/#website\"},\"primaryImageOfPage\":{\"@id\":\"https:\\\/\\\/zunkacichoscameleon.pl\\\/produkt\\\/piora-szamanskie-malowane-z-intecja-akwarela-dla-poczatkujacych\\\/#primaryimage\"},\"image\":{\"@id\":\"https:\\\/\\\/zunkacichoscameleon.pl\\\/produkt\\\/piora-szamanskie-malowane-z-intecja-akwarela-dla-poczatkujacych\\\/#primaryimage\"},\"thumbnailUrl\":\"https:\\\/\\\/zunkacichoscameleon.pl\\\/wp-content\\\/uploads\\\/2023\\\/07\\\/Piora-szamanskie.png\",\"datePublished\":\"2026-03-17T09:31:49+00:00\",\"dateModified\":\"2026-03-17T09:46:58+00:00\",\"description\":\"Pi\u00f3ra Szama\u0144skie malowane z intencj\u0105, akwarela dla pocz\u0105tkuj\u0105cych. Proste, przyjemne do\u015bwiadczenie malarskie z akwarelami. 1 godzina 40 minut nagrania do odtwarzania we w\u0142asnym rytmie.\",\"breadcrumb\":{\"@id\":\"https:\\\/\\\/zunkacichoscameleon.pl\\\/produkt\\\/piora-szamanskie-malowane-z-intecja-akwarela-dla-poczatkujacych\\\/#breadcrumb\"},\"inLanguage\":\"en-GB\",\"potentialAction\":[{\"@type\":\"ReadAction\",\"target\":[\"https:\\\/\\\/zunkacichoscameleon.pl\\\/produkt\\\/piora-szamanskie-malowane-z-intecja-akwarela-dla-poczatkujacych\\\/\"]}]},{\"@type\":\"ImageObject\",\"inLanguage\":\"en-GB\",\"@id\":\"https:\\\/\\\/zunkacichoscameleon.pl\\\/produkt\\\/piora-szamanskie-malowane-z-intecja-akwarela-dla-poczatkujacych\\\/#primaryimage\",\"url\":\"https:\\\/\\\/zunkacichoscameleon.pl\\\/wp-content\\\/uploads\\\/2023\\\/07\\\/Piora-szamanskie.png\",\"contentUrl\":\"https:\\\/\\\/zunkacichoscameleon.pl\\\/wp-content\\\/uploads\\\/2023\\\/07\\\/Piora-szamanskie.png\",\"width\":1280,\"height\":720},{\"@type\":\"BreadcrumbList\",\"@id\":\"https:\\\/\\\/zunkacichoscameleon.pl\\\/produkt\\\/piora-szamanskie-malowane-z-intecja-akwarela-dla-poczatkujacych\\\/#breadcrumb\",\"itemListElement\":[{\"@type\":\"ListItem\",\"position\":1,\"name\":\"Strona g\u0142\u00f3wna\",\"item\":\"https:\\\/\\\/zunkacichoscameleon.pl\\\/\"},{\"@type\":\"ListItem\",\"position\":2,\"name\":\"Sklep\",\"item\":\"https:\\\/\\\/zunkacichoscameleon.pl\\\/sklep\\\/\"},{\"@type\":\"ListItem\",\"position\":3,\"name\":\"Pi\u00f3ra Szama\u0144skie malowane z intecj\u0105, akwarela dla pocz\u0105tkuj\u0105cych\"}]},{\"@type\":\"WebSite\",\"@id\":\"https:\\\/\\\/zunkacichoscameleon.pl\\\/#website\",\"url\":\"https:\\\/\\\/zunkacichoscameleon.pl\\\/\",\"name\":\"Zunka Cichos jak kameleon\",\"description\":\"Rozkminy artystyczno-\u017cyciowe\",\"publisher\":{\"@id\":\"https:\\\/\\\/zunkacichoscameleon.pl\\\/#\\\/schema\\\/person\\\/54eb2742270ae1528910f7e3c94c38a2\"},\"potentialAction\":[{\"@type\":\"SearchAction\",\"target\":{\"@type\":\"EntryPoint\",\"urlTemplate\":\"https:\\\/\\\/zunkacichoscameleon.pl\\\/?s={search_term_string}\"},\"query-input\":{\"@type\":\"PropertyValueSpecification\",\"valueRequired\":true,\"valueName\":\"search_term_string\"}}],\"inLanguage\":\"en-GB\"},{\"@type\":[\"Person\",\"Organization\"],\"@id\":\"https:\\\/\\\/zunkacichoscameleon.pl\\\/#\\\/schema\\\/person\\\/54eb2742270ae1528910f7e3c94c38a2\",\"name\":\"Zunka Cichos\",\"image\":{\"@type\":\"ImageObject\",\"inLanguage\":\"en-GB\",\"@id\":\"https:\\\/\\\/zunkacichoscameleon.pl\\\/wp-content\\\/uploads\\\/2021\\\/12\\\/3.jpg-necklace.jpg\",\"url\":\"https:\\\/\\\/zunkacichoscameleon.pl\\\/wp-content\\\/uploads\\\/2021\\\/12\\\/3.jpg-necklace.jpg\",\"contentUrl\":\"https:\\\/\\\/zunkacichoscameleon.pl\\\/wp-content\\\/uploads\\\/2021\\\/12\\\/3.jpg-necklace.jpg\",\"width\":900,\"height\":600,\"caption\":\"Zunka Cichos\"},\"logo\":{\"@id\":\"https:\\\/\\\/zunkacichoscameleon.pl\\\/wp-content\\\/uploads\\\/2021\\\/12\\\/3.jpg-necklace.jpg\"},\"sameAs\":[\"https:\\\/\\\/zunkacichoscameleon.pl\",\"https:\\\/\\\/www.facebook.com\\\/Cameleon-100398745427656\",\"https:\\\/\\\/www.instagram.com\\\/cameleonka\\\/?hl=en\",\"https:\\\/\\\/pl.pinterest.com\\\/cameleonartshop\\\/_created\\\/\"]}]}<\/script>\n<!-- \/ Yoast SEO plugin. -->","yoast_head_json":{"title":"Pi\u00f3ra Szama\u0144skie malowane z intecj\u0105, akwarela dla pocz\u0105tkuj\u0105cych - Zunka Cichos jak kameleon","description":"Pi\u00f3ra Szama\u0144skie malowane z intencj\u0105, akwarela dla pocz\u0105tkuj\u0105cych. Proste, przyjemne do\u015bwiadczenie malarskie z akwarelami. 1 godzina 40 minut nagrania do odtwarzania we w\u0142asnym rytmie.","robots":{"index":"index","follow":"follow","max-snippet":"max-snippet:-1","max-image-preview":"max-image-preview:large","max-video-preview":"max-video-preview:-1"},"canonical":"https:\/\/zunkacichoscameleon.pl\/en\/product\/piora-szamanskie-malowane-z-intecja-akwarela-dla-poczatkujacych\/","og_locale":"en_GB","og_type":"article","og_title":"Pi\u00f3ra Szama\u0144skie malowane z intecj\u0105, akwarela dla pocz\u0105tkuj\u0105cych - Zunka Cichos jak kameleon","og_description":"Pi\u00f3ra Szama\u0144skie malowane z intencj\u0105, akwarela dla pocz\u0105tkuj\u0105cych. Proste, przyjemne do\u015bwiadczenie malarskie z akwarelami. 1 godzina 40 minut nagrania do odtwarzania we w\u0142asnym rytmie.","og_url":"https:\/\/zunkacichoscameleon.pl\/en\/product\/piora-szamanskie-malowane-z-intecja-akwarela-dla-poczatkujacych\/","og_site_name":"Zunka Cichos jak kameleon","article_publisher":"https:\/\/www.facebook.com\/Cameleon-100398745427656","article_modified_time":"2026-03-17T09:46:58+00:00","og_image":[{"width":1280,"height":720,"url":"https:\/\/zunkacichoscameleon.pl\/wp-content\/uploads\/2023\/07\/Piora-szamanskie.png","type":"image\/png"}],"twitter_card":"summary_large_image","twitter_misc":{"Estimated reading time":"1 minute"},"schema":{"@context":"https:\/\/schema.org","@graph":[{"@type":"WebPage","@id":"https:\/\/zunkacichoscameleon.pl\/produkt\/piora-szamanskie-malowane-z-intecja-akwarela-dla-poczatkujacych\/","url":"https:\/\/zunkacichoscameleon.pl\/produkt\/piora-szamanskie-malowane-z-intecja-akwarela-dla-poczatkujacych\/","name":"Pi\u00f3ra Szama\u0144skie malowane z intecj\u0105, akwarela dla pocz\u0105tkuj\u0105cych - Zunka Cichos jak kameleon","isPartOf":{"@id":"https:\/\/zunkacichoscameleon.pl\/#website"},"primaryImageOfPage":{"@id":"https:\/\/zunkacichoscameleon.pl\/produkt\/piora-szamanskie-malowane-z-intecja-akwarela-dla-poczatkujacych\/#primaryimage"},"image":{"@id":"https:\/\/zunkacichoscameleon.pl\/produkt\/piora-szamanskie-malowane-z-intecja-akwarela-dla-poczatkujacych\/#primaryimage"},"thumbnailUrl":"https:\/\/zunkacichoscameleon.pl\/wp-content\/uploads\/2023\/07\/Piora-szamanskie.png","datePublished":"2026-03-17T09:31:49+00:00","dateModified":"2026-03-17T09:46:58+00:00","description":"Pi\u00f3ra Szama\u0144skie malowane z intencj\u0105, akwarela dla pocz\u0105tkuj\u0105cych. Proste, przyjemne do\u015bwiadczenie malarskie z akwarelami. 1 godzina 40 minut nagrania do odtwarzania we w\u0142asnym rytmie.","breadcrumb":{"@id":"https:\/\/zunkacichoscameleon.pl\/produkt\/piora-szamanskie-malowane-z-intecja-akwarela-dla-poczatkujacych\/#breadcrumb"},"inLanguage":"en-GB","potentialAction":[{"@type":"ReadAction","target":["https:\/\/zunkacichoscameleon.pl\/produkt\/piora-szamanskie-malowane-z-intecja-akwarela-dla-poczatkujacych\/"]}]},{"@type":"ImageObject","inLanguage":"en-GB","@id":"https:\/\/zunkacichoscameleon.pl\/produkt\/piora-szamanskie-malowane-z-intecja-akwarela-dla-poczatkujacych\/#primaryimage","url":"https:\/\/zunkacichoscameleon.pl\/wp-content\/uploads\/2023\/07\/Piora-szamanskie.png","contentUrl":"https:\/\/zunkacichoscameleon.pl\/wp-content\/uploads\/2023\/07\/Piora-szamanskie.png","width":1280,"height":720},{"@type":"BreadcrumbList","@id":"https:\/\/zunkacichoscameleon.pl\/produkt\/piora-szamanskie-malowane-z-intecja-akwarela-dla-poczatkujacych\/#breadcrumb","itemListElement":[{"@type":"ListItem","position":1,"name":"Strona g\u0142\u00f3wna","item":"https:\/\/zunkacichoscameleon.pl\/"},{"@type":"ListItem","position":2,"name":"Sklep","item":"https:\/\/zunkacichoscameleon.pl\/sklep\/"},{"@type":"ListItem","position":3,"name":"Pi\u00f3ra Szama\u0144skie malowane z intecj\u0105, akwarela dla pocz\u0105tkuj\u0105cych"}]},{"@type":"WebSite","@id":"https:\/\/zunkacichoscameleon.pl\/#website","url":"https:\/\/zunkacichoscameleon.pl\/","name":"Zunka Cichos jak kameleon","description":"Rozkminy artystyczno-\u017cyciowe","publisher":{"@id":"https:\/\/zunkacichoscameleon.pl\/#\/schema\/person\/54eb2742270ae1528910f7e3c94c38a2"},"potentialAction":[{"@type":"SearchAction","target":{"@type":"EntryPoint","urlTemplate":"https:\/\/zunkacichoscameleon.pl\/?s={search_term_string}"},"query-input":{"@type":"PropertyValueSpecification","valueRequired":true,"valueName":"search_term_string"}}],"inLanguage":"en-GB"},{"@type":["Person","Organization"],"@id":"https:\/\/zunkacichoscameleon.pl\/#\/schema\/person\/54eb2742270ae1528910f7e3c94c38a2","name":"Zunka Cichos","image":{"@type":"ImageObject","inLanguage":"en-GB","@id":"https:\/\/zunkacichoscameleon.pl\/wp-content\/uploads\/2021\/12\/3.jpg-necklace.jpg","url":"https:\/\/zunkacichoscameleon.pl\/wp-content\/uploads\/2021\/12\/3.jpg-necklace.jpg","contentUrl":"https:\/\/zunkacichoscameleon.pl\/wp-content\/uploads\/2021\/12\/3.jpg-necklace.jpg","width":900,"height":600,"caption":"Zunka Cichos"},"logo":{"@id":"https:\/\/zunkacichoscameleon.pl\/wp-content\/uploads\/2021\/12\/3.jpg-necklace.jpg"},"sameAs":["https:\/\/zunkacichoscameleon.pl","https:\/\/www.facebook.com\/Cameleon-100398745427656","https:\/\/www.instagram.com\/cameleonka\/?hl=en","https:\/\/pl.pinterest.com\/cameleonartshop\/_created\/"]}]}},"jetpack_sharing_enabled":true,"_links":{"self":[{"href":"https:\/\/zunkacichoscameleon.pl\/en\/wp-json\/wp\/v2\/product\/2419","targetHints":{"allow":["GET"]}}],"collection":[{"href":"https:\/\/zunkacichoscameleon.pl\/en\/wp-json\/wp\/v2\/product"}],"about":[{"href":"https:\/\/zunkacichoscameleon.pl\/en\/wp-json\/wp\/v2\/types\/product"}],"replies":[{"embeddable":true,"href":"https:\/\/zunkacichoscameleon.pl\/en\/wp-json\/wp\/v2\/comments?post=2419"}],"wp:featuredmedia":[{"embeddable":true,"href":"https:\/\/zunkacichoscameleon.pl\/en\/wp-json\/wp\/v2\/media\/756"}],"wp:attachment":[{"href":"https:\/\/zunkacichoscameleon.pl\/en\/wp-json\/wp\/v2\/media?parent=2419"}],"wp:term":[{"taxonomy":"product_brand","embeddable":true,"href":"https:\/\/zunkacichoscameleon.pl\/en\/wp-json\/wp\/v2\/product_brand?post=2419"},{"taxonomy":"product_cat","embeddable":true,"href":"https:\/\/zunkacichoscameleon.pl\/en\/wp-json\/wp\/v2\/product_cat?post=2419"},{"taxonomy":"product_tag","embeddable":true,"href":"https:\/\/zunkacichoscameleon.pl\/en\/wp-json\/wp\/v2\/product_tag?post=2419"}],"curies":[{"name":"wp","href":"https:\/\/api.w.org\/{rel}","templated":true}]}}