{"id":2449,"date":"2026-04-17T12:11:44","date_gmt":"2026-04-17T10:11:44","guid":{"rendered":"https:\/\/zunkacichoscameleon.pl\/?post_type=product&#038;p=2449"},"modified":"2026-04-17T12:11:46","modified_gmt":"2026-04-17T10:11:46","slug":"matrioshka-ja-rytual-tworzenia-osobistych-babuszek","status":"publish","type":"product","link":"https:\/\/zunkacichoscameleon.pl\/en\/product\/matrioshka-ja-rytual-tworzenia-osobistych-babuszek\/","title":{"rendered":"Matrioshka-ja, rytua\u0142 tworzenia osobistych babuszek"},"content":{"rendered":"<p><span style=\"font-weight: 400;\">Zapraszam na warsztat, w kt\u00f3rym powstanie osobisty <strong>przedmiot mocy w postaci 5 matrioszek<\/strong><\/span><\/p>\n<p><span style=\"font-weight: 400;\"><br \/>\n<\/span><span style=\"font-weight: 400;\">Te matrioszki powstan\u0105 nie tylko po to, \u017ceby cieszy\u0107 twoje oko, nie tylko po to, \u017ceby twoje r\u0119ce powo\u0142a\u0142y na \u015bwiat talizman, ale po to, \u017ceby\u015b mog\u0142a p\u00f3\u017aniej robi\u0107 sobie r\u00f3\u017cnego rodzaju <strong>ochronne rytua\u0142y.<\/strong><\/span><\/p>\n<p><span style=\"font-weight: 400;\">Matrioszki przysz\u0142y do mnie bardzo dawno temu. Od zawsze czuj\u0119 do niech niewyt\u0142umaczaln\u0105 mi\u0119t\u0119.Ten symbol bycia jedna w drugiej, bardzo mnie porusza ale te\u017c\u00a0 \u00a0prostota, estetyczna\u00a0 rubaszno\u015b\u0107, kwiecisto\u015b\u0107 .<\/span><\/p>\n<p><span style=\"font-weight: 400;\">Matrioszki symbolizuj\u0105 dla mnie przodkinie, ale Ty mo\u017cesz nada\u0107 im w\u0142asn\u0105 symbolik\u0119. Te znaczenia mog\u0119 si\u0119 te\u017c przenika\u0107 i s\u0142u\u017cy\u0107 Tobie tak, jak tego potrzebujesz.<\/span><\/p>\n<p><span style=\"font-weight: 400;\">Stworzy\u0142am bardzo du\u017co r\u00f3\u017cnych matrioszek \u2014 i dla siebie. Wiele z nich posz\u0142o w \u015bwiat, \u017ceby wspiera\u0107 \u017cycia innych os\u00f3b.<\/span><\/p>\n<p>Jestem gotowa zaprosi\u0107 do procesu ich tworzenia.<\/p>\n<p>&nbsp;<\/p>\n<p><span style=\"font-weight: 400;\">Warsztat b\u0119dzie podzielony na dwa spotkania, tak \u017ceby m\u00f3c do\u015bwiadcza\u0107\u00a0 powstawania matrioszek powoli i z uwa\u017cno\u015bci\u0105<\/span><\/p>\n<p>&nbsp;<\/p>\n<p><b>\ud83d\udfe3I spotkanie<\/b><\/p>\n<p><span style=\"font-weight: 400;\">Praca z intencja<\/span><\/p>\n<p><span style=\"font-weight: 400;\">Stworzenie bazy do dalszej pracy z matrioszkami<\/span><\/p>\n<p><span style=\"font-weight: 400;\">Eksperymenty z matrioszkowymi bu\u017akami<\/span><\/p>\n<p>&nbsp;<\/p>\n<p><b>\ud83d\udfe3II spotkanie<\/b><\/p>\n<p><span style=\"font-weight: 400;\">Nadawanie twarzy matrioszkom<\/span><\/p>\n<p><span style=\"font-weight: 400;\">Ozdabianie<\/span><\/p>\n<p><span style=\"font-weight: 400;\">Prezentacja mo\u017cliwych rytua\u0142\u00f3w<\/span><\/p>\n<p>&nbsp;<\/p>\n<p><span style=\"font-weight: 400;\">Ka\u017cde spotkanie potrwa oko\u0142o 2 godziny<\/span><\/p>\n<p><span style=\"font-weight: 400;\">Termin:<\/span><\/p>\n<p><span style=\"font-weight: 400;\">14 maja godziny 19.00-21.00<\/span><\/p>\n<p>&nbsp;<\/p>\n<p><span style=\"font-weight: 400;\">15 maja godzina 19.00-21.00<\/span><\/p>\n<p><span style=\"font-weight: 400;\">Spotkania odb\u0119d\u0105 si\u0119 na zoom i b\u0119d\u0105 cz\u0119\u015bciowo nagrywane, zgodnie z zasad\u0105 kr\u0119gu, w kt\u00f3rym wirtualnie zasi\u0105dziemy.<\/span><\/p>\n<p>&nbsp;<\/p>\n<p><span style=\"font-weight: 400;\">Z warsztatu wyjdziesz wzbogacona o<\/span><\/p>\n<p><span style=\"font-weight: 400;\">\u00a0\ud83c\udf40zestaw w\u0142asnor\u0119cznie malowanych matrioszek, kt\u00f3re b\u0119d\u0105 znaczy\u0107 dla Ciebie co\u015b wa\u017cnego i kt\u00f3re b\u0119dziesz mog\u0142a u\u017cy\u0107 do generowania dobrej energii\u00a0<\/span><\/p>\n<p><span style=\"font-weight: 400;\">\ud83c\udf40 wzmacniaj\u0105ce rytua\u0142y oraz\u00a0 tw\u00f3rcze, unikatowe do\u015bwiadczenie, kt\u00f3re zaprojektowa\u0142am dla Ciebie<\/span><\/p>\n<p>&nbsp;<\/p>\n<p><span style=\"font-weight: 400;\">Do warsztatu b\u0119dziesz musia\u0142a przygotowa\u0107 materia\u0142y, kt\u00f3rych dok\u0142adn\u0105 list\u0119 otrzymasz ode mnie w wiadomo\u015bci, po op\u0142aceniu swojego uczestnictwa.<\/span><\/p>\n<p><span style=\"font-weight: 400;\">\ud83c\udf00Dla kogo:<\/span><\/p>\n<p><span style=\"font-weight: 400;\">Dla ka\u017cdej kobiety, kt\u00f3ra chcia\u0142aby stworzy\u0107 dla siebie rytualne matrioszki, po swojemu, tak jak potrafi i czuje na ten moment. Niech brak wprawnych r\u0105k, nie b\u0119dzie dla Ciebie przeszkod\u0105. Uproszcz\u0119 ten proces maksymalnie.<\/span><\/p>","protected":false},"excerpt":{"rendered":"<p>Zapraszam na warsztat, w kt\u00f3rym powstanie osobisty przedmiot mocy w postaci 5 . Dwa spotkania online 14 i 15 maja.<\/p>","protected":false},"featured_media":2450,"comment_status":"open","ping_status":"closed","template":"","meta":[],"product_brand":[],"product_cat":[108],"product_tag":[],"class_list":{"0":"post-2449","1":"product","2":"type-product","3":"status-publish","4":"has-post-thumbnail","6":"product_cat-warsztaty","8":"first","9":"instock","10":"downloadable","11":"virtual","12":"purchasable","13":"product-type-simple"},"yoast_head":"<!-- This site is optimized with the Yoast SEO plugin v27.3 - https:\/\/yoast.com\/product\/yoast-seo-wordpress\/ -->\n<title>Matrioshka-ja, rytua\u0142 tworzenia osobistych babuszek - Zunka Cichos jak kameleon<\/title>\n<meta name=\"description\" content=\"Zapraszam na warsztat, w kt\u00f3rym powstanie osobisty przedmiot mocy w postaci 5 . Dwa spotkania online 14 i 15 maja.\" \/>\n<meta name=\"robots\" content=\"index, follow, max-snippet:-1, max-image-preview:large, max-video-preview:-1\" \/>\n<link rel=\"canonical\" href=\"https:\/\/zunkacichoscameleon.pl\/en\/product\/matrioshka-ja-rytual-tworzenia-osobistych-babuszek\/\" \/>\n<meta property=\"og:locale\" content=\"en_GB\" \/>\n<meta property=\"og:type\" content=\"article\" \/>\n<meta property=\"og:title\" content=\"Matrioshka-ja, rytua\u0142 tworzenia osobistych babuszek - Zunka Cichos jak kameleon\" \/>\n<meta property=\"og:description\" content=\"Zapraszam na warsztat, w kt\u00f3rym powstanie osobisty przedmiot mocy w postaci 5 . Dwa spotkania online 14 i 15 maja.\" \/>\n<meta property=\"og:url\" content=\"https:\/\/zunkacichoscameleon.pl\/en\/product\/matrioshka-ja-rytual-tworzenia-osobistych-babuszek\/\" \/>\n<meta property=\"og:site_name\" content=\"Zunka Cichos jak kameleon\" \/>\n<meta property=\"article:publisher\" content=\"https:\/\/www.facebook.com\/Cameleon-100398745427656\" \/>\n<meta property=\"article:modified_time\" content=\"2026-04-17T10:11:46+00:00\" \/>\n<meta property=\"og:image\" content=\"https:\/\/zunkacichoscameleon.pl\/wp-content\/uploads\/2026\/04\/work-2.jpg\" \/>\n\t<meta property=\"og:image:width\" content=\"851\" \/>\n\t<meta property=\"og:image:height\" content=\"315\" \/>\n\t<meta property=\"og:image:type\" content=\"image\/jpeg\" \/>\n<meta name=\"twitter:card\" content=\"summary_large_image\" \/>\n<meta name=\"twitter:label1\" content=\"Estimated reading time\" \/>\n\t<meta name=\"twitter:data1\" content=\"2 minutes\" \/>\n<script type=\"application\/ld+json\" class=\"yoast-schema-graph\">{\"@context\":\"https:\\\/\\\/schema.org\",\"@graph\":[{\"@type\":\"WebPage\",\"@id\":\"https:\\\/\\\/zunkacichoscameleon.pl\\\/produkt\\\/matrioshka-ja-rytual-tworzenia-osobistych-babuszek\\\/\",\"url\":\"https:\\\/\\\/zunkacichoscameleon.pl\\\/produkt\\\/matrioshka-ja-rytual-tworzenia-osobistych-babuszek\\\/\",\"name\":\"Matrioshka-ja, rytua\u0142 tworzenia osobistych babuszek - Zunka Cichos jak kameleon\",\"isPartOf\":{\"@id\":\"https:\\\/\\\/zunkacichoscameleon.pl\\\/#website\"},\"primaryImageOfPage\":{\"@id\":\"https:\\\/\\\/zunkacichoscameleon.pl\\\/produkt\\\/matrioshka-ja-rytual-tworzenia-osobistych-babuszek\\\/#primaryimage\"},\"image\":{\"@id\":\"https:\\\/\\\/zunkacichoscameleon.pl\\\/produkt\\\/matrioshka-ja-rytual-tworzenia-osobistych-babuszek\\\/#primaryimage\"},\"thumbnailUrl\":\"https:\\\/\\\/zunkacichoscameleon.pl\\\/wp-content\\\/uploads\\\/2026\\\/04\\\/work-2.jpg\",\"datePublished\":\"2026-04-17T10:11:44+00:00\",\"dateModified\":\"2026-04-17T10:11:46+00:00\",\"description\":\"Zapraszam na warsztat, w kt\u00f3rym powstanie osobisty przedmiot mocy w postaci 5 . Dwa spotkania online 14 i 15 maja.\",\"breadcrumb\":{\"@id\":\"https:\\\/\\\/zunkacichoscameleon.pl\\\/produkt\\\/matrioshka-ja-rytual-tworzenia-osobistych-babuszek\\\/#breadcrumb\"},\"inLanguage\":\"en-GB\",\"potentialAction\":[{\"@type\":\"ReadAction\",\"target\":[\"https:\\\/\\\/zunkacichoscameleon.pl\\\/produkt\\\/matrioshka-ja-rytual-tworzenia-osobistych-babuszek\\\/\"]}]},{\"@type\":\"ImageObject\",\"inLanguage\":\"en-GB\",\"@id\":\"https:\\\/\\\/zunkacichoscameleon.pl\\\/produkt\\\/matrioshka-ja-rytual-tworzenia-osobistych-babuszek\\\/#primaryimage\",\"url\":\"https:\\\/\\\/zunkacichoscameleon.pl\\\/wp-content\\\/uploads\\\/2026\\\/04\\\/work-2.jpg\",\"contentUrl\":\"https:\\\/\\\/zunkacichoscameleon.pl\\\/wp-content\\\/uploads\\\/2026\\\/04\\\/work-2.jpg\",\"width\":851,\"height\":315},{\"@type\":\"BreadcrumbList\",\"@id\":\"https:\\\/\\\/zunkacichoscameleon.pl\\\/produkt\\\/matrioshka-ja-rytual-tworzenia-osobistych-babuszek\\\/#breadcrumb\",\"itemListElement\":[{\"@type\":\"ListItem\",\"position\":1,\"name\":\"Strona g\u0142\u00f3wna\",\"item\":\"https:\\\/\\\/zunkacichoscameleon.pl\\\/\"},{\"@type\":\"ListItem\",\"position\":2,\"name\":\"Sklep\",\"item\":\"https:\\\/\\\/zunkacichoscameleon.pl\\\/sklep\\\/\"},{\"@type\":\"ListItem\",\"position\":3,\"name\":\"Matrioshka-ja, rytua\u0142 tworzenia osobistych babuszek\"}]},{\"@type\":\"WebSite\",\"@id\":\"https:\\\/\\\/zunkacichoscameleon.pl\\\/#website\",\"url\":\"https:\\\/\\\/zunkacichoscameleon.pl\\\/\",\"name\":\"Zunka Cichos jak kameleon\",\"description\":\"Rozkminy artystyczno-\u017cyciowe\",\"publisher\":{\"@id\":\"https:\\\/\\\/zunkacichoscameleon.pl\\\/#\\\/schema\\\/person\\\/54eb2742270ae1528910f7e3c94c38a2\"},\"potentialAction\":[{\"@type\":\"SearchAction\",\"target\":{\"@type\":\"EntryPoint\",\"urlTemplate\":\"https:\\\/\\\/zunkacichoscameleon.pl\\\/?s={search_term_string}\"},\"query-input\":{\"@type\":\"PropertyValueSpecification\",\"valueRequired\":true,\"valueName\":\"search_term_string\"}}],\"inLanguage\":\"en-GB\"},{\"@type\":[\"Person\",\"Organization\"],\"@id\":\"https:\\\/\\\/zunkacichoscameleon.pl\\\/#\\\/schema\\\/person\\\/54eb2742270ae1528910f7e3c94c38a2\",\"name\":\"Zunka Cichos\",\"image\":{\"@type\":\"ImageObject\",\"inLanguage\":\"en-GB\",\"@id\":\"https:\\\/\\\/zunkacichoscameleon.pl\\\/wp-content\\\/uploads\\\/2021\\\/12\\\/3.jpg-necklace.jpg\",\"url\":\"https:\\\/\\\/zunkacichoscameleon.pl\\\/wp-content\\\/uploads\\\/2021\\\/12\\\/3.jpg-necklace.jpg\",\"contentUrl\":\"https:\\\/\\\/zunkacichoscameleon.pl\\\/wp-content\\\/uploads\\\/2021\\\/12\\\/3.jpg-necklace.jpg\",\"width\":900,\"height\":600,\"caption\":\"Zunka Cichos\"},\"logo\":{\"@id\":\"https:\\\/\\\/zunkacichoscameleon.pl\\\/wp-content\\\/uploads\\\/2021\\\/12\\\/3.jpg-necklace.jpg\"},\"sameAs\":[\"https:\\\/\\\/zunkacichoscameleon.pl\",\"https:\\\/\\\/www.facebook.com\\\/Cameleon-100398745427656\",\"https:\\\/\\\/www.instagram.com\\\/cameleonka\\\/?hl=en\",\"https:\\\/\\\/pl.pinterest.com\\\/cameleonartshop\\\/_created\\\/\"]}]}<\/script>\n<!-- \/ Yoast SEO plugin. -->","yoast_head_json":{"title":"Matrioshka-ja, rytua\u0142 tworzenia osobistych babuszek - Zunka Cichos jak kameleon","description":"Zapraszam na warsztat, w kt\u00f3rym powstanie osobisty przedmiot mocy w postaci 5 . Dwa spotkania online 14 i 15 maja.","robots":{"index":"index","follow":"follow","max-snippet":"max-snippet:-1","max-image-preview":"max-image-preview:large","max-video-preview":"max-video-preview:-1"},"canonical":"https:\/\/zunkacichoscameleon.pl\/en\/product\/matrioshka-ja-rytual-tworzenia-osobistych-babuszek\/","og_locale":"en_GB","og_type":"article","og_title":"Matrioshka-ja, rytua\u0142 tworzenia osobistych babuszek - Zunka Cichos jak kameleon","og_description":"Zapraszam na warsztat, w kt\u00f3rym powstanie osobisty przedmiot mocy w postaci 5 . Dwa spotkania online 14 i 15 maja.","og_url":"https:\/\/zunkacichoscameleon.pl\/en\/product\/matrioshka-ja-rytual-tworzenia-osobistych-babuszek\/","og_site_name":"Zunka Cichos jak kameleon","article_publisher":"https:\/\/www.facebook.com\/Cameleon-100398745427656","article_modified_time":"2026-04-17T10:11:46+00:00","og_image":[{"width":851,"height":315,"url":"https:\/\/zunkacichoscameleon.pl\/wp-content\/uploads\/2026\/04\/work-2.jpg","type":"image\/jpeg"}],"twitter_card":"summary_large_image","twitter_misc":{"Estimated reading time":"2 minutes"},"schema":{"@context":"https:\/\/schema.org","@graph":[{"@type":"WebPage","@id":"https:\/\/zunkacichoscameleon.pl\/produkt\/matrioshka-ja-rytual-tworzenia-osobistych-babuszek\/","url":"https:\/\/zunkacichoscameleon.pl\/produkt\/matrioshka-ja-rytual-tworzenia-osobistych-babuszek\/","name":"Matrioshka-ja, rytua\u0142 tworzenia osobistych babuszek - Zunka Cichos jak kameleon","isPartOf":{"@id":"https:\/\/zunkacichoscameleon.pl\/#website"},"primaryImageOfPage":{"@id":"https:\/\/zunkacichoscameleon.pl\/produkt\/matrioshka-ja-rytual-tworzenia-osobistych-babuszek\/#primaryimage"},"image":{"@id":"https:\/\/zunkacichoscameleon.pl\/produkt\/matrioshka-ja-rytual-tworzenia-osobistych-babuszek\/#primaryimage"},"thumbnailUrl":"https:\/\/zunkacichoscameleon.pl\/wp-content\/uploads\/2026\/04\/work-2.jpg","datePublished":"2026-04-17T10:11:44+00:00","dateModified":"2026-04-17T10:11:46+00:00","description":"Zapraszam na warsztat, w kt\u00f3rym powstanie osobisty przedmiot mocy w postaci 5 . Dwa spotkania online 14 i 15 maja.","breadcrumb":{"@id":"https:\/\/zunkacichoscameleon.pl\/produkt\/matrioshka-ja-rytual-tworzenia-osobistych-babuszek\/#breadcrumb"},"inLanguage":"en-GB","potentialAction":[{"@type":"ReadAction","target":["https:\/\/zunkacichoscameleon.pl\/produkt\/matrioshka-ja-rytual-tworzenia-osobistych-babuszek\/"]}]},{"@type":"ImageObject","inLanguage":"en-GB","@id":"https:\/\/zunkacichoscameleon.pl\/produkt\/matrioshka-ja-rytual-tworzenia-osobistych-babuszek\/#primaryimage","url":"https:\/\/zunkacichoscameleon.pl\/wp-content\/uploads\/2026\/04\/work-2.jpg","contentUrl":"https:\/\/zunkacichoscameleon.pl\/wp-content\/uploads\/2026\/04\/work-2.jpg","width":851,"height":315},{"@type":"BreadcrumbList","@id":"https:\/\/zunkacichoscameleon.pl\/produkt\/matrioshka-ja-rytual-tworzenia-osobistych-babuszek\/#breadcrumb","itemListElement":[{"@type":"ListItem","position":1,"name":"Strona g\u0142\u00f3wna","item":"https:\/\/zunkacichoscameleon.pl\/"},{"@type":"ListItem","position":2,"name":"Sklep","item":"https:\/\/zunkacichoscameleon.pl\/sklep\/"},{"@type":"ListItem","position":3,"name":"Matrioshka-ja, rytua\u0142 tworzenia osobistych babuszek"}]},{"@type":"WebSite","@id":"https:\/\/zunkacichoscameleon.pl\/#website","url":"https:\/\/zunkacichoscameleon.pl\/","name":"Zunka Cichos jak kameleon","description":"Rozkminy artystyczno-\u017cyciowe","publisher":{"@id":"https:\/\/zunkacichoscameleon.pl\/#\/schema\/person\/54eb2742270ae1528910f7e3c94c38a2"},"potentialAction":[{"@type":"SearchAction","target":{"@type":"EntryPoint","urlTemplate":"https:\/\/zunkacichoscameleon.pl\/?s={search_term_string}"},"query-input":{"@type":"PropertyValueSpecification","valueRequired":true,"valueName":"search_term_string"}}],"inLanguage":"en-GB"},{"@type":["Person","Organization"],"@id":"https:\/\/zunkacichoscameleon.pl\/#\/schema\/person\/54eb2742270ae1528910f7e3c94c38a2","name":"Zunka Cichos","image":{"@type":"ImageObject","inLanguage":"en-GB","@id":"https:\/\/zunkacichoscameleon.pl\/wp-content\/uploads\/2021\/12\/3.jpg-necklace.jpg","url":"https:\/\/zunkacichoscameleon.pl\/wp-content\/uploads\/2021\/12\/3.jpg-necklace.jpg","contentUrl":"https:\/\/zunkacichoscameleon.pl\/wp-content\/uploads\/2021\/12\/3.jpg-necklace.jpg","width":900,"height":600,"caption":"Zunka Cichos"},"logo":{"@id":"https:\/\/zunkacichoscameleon.pl\/wp-content\/uploads\/2021\/12\/3.jpg-necklace.jpg"},"sameAs":["https:\/\/zunkacichoscameleon.pl","https:\/\/www.facebook.com\/Cameleon-100398745427656","https:\/\/www.instagram.com\/cameleonka\/?hl=en","https:\/\/pl.pinterest.com\/cameleonartshop\/_created\/"]}]}},"jetpack_sharing_enabled":true,"_links":{"self":[{"href":"https:\/\/zunkacichoscameleon.pl\/en\/wp-json\/wp\/v2\/product\/2449","targetHints":{"allow":["GET"]}}],"collection":[{"href":"https:\/\/zunkacichoscameleon.pl\/en\/wp-json\/wp\/v2\/product"}],"about":[{"href":"https:\/\/zunkacichoscameleon.pl\/en\/wp-json\/wp\/v2\/types\/product"}],"replies":[{"embeddable":true,"href":"https:\/\/zunkacichoscameleon.pl\/en\/wp-json\/wp\/v2\/comments?post=2449"}],"wp:featuredmedia":[{"embeddable":true,"href":"https:\/\/zunkacichoscameleon.pl\/en\/wp-json\/wp\/v2\/media\/2450"}],"wp:attachment":[{"href":"https:\/\/zunkacichoscameleon.pl\/en\/wp-json\/wp\/v2\/media?parent=2449"}],"wp:term":[{"taxonomy":"product_brand","embeddable":true,"href":"https:\/\/zunkacichoscameleon.pl\/en\/wp-json\/wp\/v2\/product_brand?post=2449"},{"taxonomy":"product_cat","embeddable":true,"href":"https:\/\/zunkacichoscameleon.pl\/en\/wp-json\/wp\/v2\/product_cat?post=2449"},{"taxonomy":"product_tag","embeddable":true,"href":"https:\/\/zunkacichoscameleon.pl\/en\/wp-json\/wp\/v2\/product_tag?post=2449"}],"curies":[{"name":"wp","href":"https:\/\/api.w.org\/{rel}","templated":true}]}}