{"id":261,"date":"2022-02-28T16:22:10","date_gmt":"2022-02-28T15:22:10","guid":{"rendered":"https:\/\/zunkacichoscameleon.pl\/?post_type=product&#038;p=261"},"modified":"2023-04-02T16:59:59","modified_gmt":"2023-04-02T14:59:59","slug":"ptasia-bogini-fine-art-print","status":"publish","type":"product","link":"https:\/\/zunkacichoscameleon.pl\/en\/product\/ptasia-bogini-fine-art-print\/","title":{"rendered":"Ptasia bogini fine Art Print SOLD"},"content":{"rendered":"<p>Ptasia bogini fine art print<\/p>\n<p>Ptasia bogini pyta Ciebie &#8221; Are you ready to take off&#8221;? Czy Twoje skrzyd\u0142a s\u0105 gotowe do lotu?Czas je wypr\u00f3bowa\u0107 i skoczy\u0107.<\/p>\n<p>Oryginalnie ten obraz zosta\u0142 namalowany technik\u0105 mieszan\u0105.<\/p>\n<p>Kupujesz artystyczny wydruk, Fine Art Print do kt\u00f3rego u\u017cyto bardzo dobrego, specialnego papieru. Jest on u\u017cywany to robienia reprodukcji st\u0105d te\u017c kolory i tekstury na wydruku pi\u0119knie oddaj\u0105 orygina\u0142 obrazu. Wydruk jest bardzo kolorowy, wysycony.<\/p>\n<p>Rozmiar 25cm\/36cm + 2 cm marginesu ze wszystkich stron<\/p>\n<p>Rama nie jest wliczona w cen\u0119.<\/p>\n<p>Wysy\u0142ka 2-3 dni robocze.<\/p>\n<p>Prace podobne\u00a0 do Ptasia Bogini Fine Art Print , <a href=\"https:\/\/zunkacichoscameleon.pl\/en\/product\/kobieta-motyl-transformacji\/\">kliknij tutaj<\/a><\/p>","protected":false},"excerpt":{"rendered":"<p>Ptasia bogini fine art print, kolorowy wydruk artystyczny, kobieta i ptak pytaj\u0105 Ci\u0119 czy jeste\u015b gotowa do lotu<\/p>","protected":false},"featured_media":262,"comment_status":"open","ping_status":"closed","template":"","meta":[],"product_brand":[],"product_cat":[41,98],"product_tag":[56,37,45,47,55],"class_list":{"0":"post-261","1":"product","2":"type-product","3":"status-publish","4":"has-post-thumbnail","6":"product_cat-duchowe","7":"product_cat-obrazy","8":"product_tag-bogini","9":"product_tag-duchowe","10":"product_tag-fine-art-print","11":"product_tag-kobieta","12":"product_tag-ptak","13":"product_shipping_class-printy","15":"first","16":"outofstock","17":"shipping-taxable","18":"purchasable","19":"product-type-simple"},"yoast_head":"<!-- This site is optimized with the Yoast SEO plugin v27.3 - https:\/\/yoast.com\/product\/yoast-seo-wordpress\/ -->\n<title>Ptasia bogini fine Art Print SOLD - Zunka Cichos jak kameleon<\/title>\n<meta name=\"description\" content=\"Ptasia bogini fine art print, kolorowy wydruk artystyczny, kobieta i ptak pytaj\u0105 Ci\u0119 czy jeste\u015b gotowa do lotu\" \/>\n<meta name=\"robots\" content=\"index, follow, max-snippet:-1, max-image-preview:large, max-video-preview:-1\" \/>\n<link rel=\"canonical\" href=\"https:\/\/zunkacichoscameleon.pl\/en\/product\/ptasia-bogini-fine-art-print\/\" \/>\n<meta property=\"og:locale\" content=\"en_GB\" \/>\n<meta property=\"og:type\" content=\"article\" \/>\n<meta property=\"og:title\" content=\"Ptasia bogini fine Art Print SOLD - Zunka Cichos jak kameleon\" \/>\n<meta property=\"og:description\" content=\"Ptasia bogini fine art print, kolorowy wydruk artystyczny, kobieta i ptak pytaj\u0105 Ci\u0119 czy jeste\u015b gotowa do lotu\" \/>\n<meta property=\"og:url\" content=\"https:\/\/zunkacichoscameleon.pl\/en\/product\/ptasia-bogini-fine-art-print\/\" \/>\n<meta property=\"og:site_name\" content=\"Zunka Cichos jak kameleon\" \/>\n<meta property=\"article:publisher\" content=\"https:\/\/www.facebook.com\/Cameleon-100398745427656\" \/>\n<meta property=\"article:modified_time\" content=\"2023-04-02T14:59:59+00:00\" \/>\n<meta property=\"og:image\" content=\"https:\/\/zunkacichoscameleon.pl\/wp-content\/uploads\/2022\/02\/birdy-goddess-1-scaled.jpg\" \/>\n\t<meta property=\"og:image:width\" content=\"2560\" \/>\n\t<meta property=\"og:image:height\" content=\"1828\" \/>\n\t<meta property=\"og:image:type\" content=\"image\/jpeg\" \/>\n<meta name=\"twitter:card\" content=\"summary_large_image\" \/>\n<meta name=\"twitter:label1\" content=\"Estimated reading time\" \/>\n\t<meta name=\"twitter:data1\" content=\"1 minute\" \/>\n<script type=\"application\/ld+json\" class=\"yoast-schema-graph\">{\"@context\":\"https:\\\/\\\/schema.org\",\"@graph\":[{\"@type\":\"WebPage\",\"@id\":\"https:\\\/\\\/zunkacichoscameleon.pl\\\/produkt\\\/ptasia-bogini-fine-art-print\\\/\",\"url\":\"https:\\\/\\\/zunkacichoscameleon.pl\\\/produkt\\\/ptasia-bogini-fine-art-print\\\/\",\"name\":\"Ptasia bogini fine Art Print SOLD - Zunka Cichos jak kameleon\",\"isPartOf\":{\"@id\":\"https:\\\/\\\/zunkacichoscameleon.pl\\\/#website\"},\"primaryImageOfPage\":{\"@id\":\"https:\\\/\\\/zunkacichoscameleon.pl\\\/produkt\\\/ptasia-bogini-fine-art-print\\\/#primaryimage\"},\"image\":{\"@id\":\"https:\\\/\\\/zunkacichoscameleon.pl\\\/produkt\\\/ptasia-bogini-fine-art-print\\\/#primaryimage\"},\"thumbnailUrl\":\"https:\\\/\\\/zunkacichoscameleon.pl\\\/wp-content\\\/uploads\\\/2022\\\/02\\\/birdy-goddess-1-scaled.jpg\",\"datePublished\":\"2022-02-28T15:22:10+00:00\",\"dateModified\":\"2023-04-02T14:59:59+00:00\",\"description\":\"Ptasia bogini fine art print, kolorowy wydruk artystyczny, kobieta i ptak pytaj\u0105 Ci\u0119 czy jeste\u015b gotowa do lotu\",\"breadcrumb\":{\"@id\":\"https:\\\/\\\/zunkacichoscameleon.pl\\\/produkt\\\/ptasia-bogini-fine-art-print\\\/#breadcrumb\"},\"inLanguage\":\"en-GB\",\"potentialAction\":[{\"@type\":\"ReadAction\",\"target\":[\"https:\\\/\\\/zunkacichoscameleon.pl\\\/produkt\\\/ptasia-bogini-fine-art-print\\\/\"]}]},{\"@type\":\"ImageObject\",\"inLanguage\":\"en-GB\",\"@id\":\"https:\\\/\\\/zunkacichoscameleon.pl\\\/produkt\\\/ptasia-bogini-fine-art-print\\\/#primaryimage\",\"url\":\"https:\\\/\\\/zunkacichoscameleon.pl\\\/wp-content\\\/uploads\\\/2022\\\/02\\\/birdy-goddess-1-scaled.jpg\",\"contentUrl\":\"https:\\\/\\\/zunkacichoscameleon.pl\\\/wp-content\\\/uploads\\\/2022\\\/02\\\/birdy-goddess-1-scaled.jpg\",\"width\":2560,\"height\":1828,\"caption\":\"Ptasia bogini fine art print\"},{\"@type\":\"BreadcrumbList\",\"@id\":\"https:\\\/\\\/zunkacichoscameleon.pl\\\/produkt\\\/ptasia-bogini-fine-art-print\\\/#breadcrumb\",\"itemListElement\":[{\"@type\":\"ListItem\",\"position\":1,\"name\":\"Strona g\u0142\u00f3wna\",\"item\":\"https:\\\/\\\/zunkacichoscameleon.pl\\\/\"},{\"@type\":\"ListItem\",\"position\":2,\"name\":\"Sklep\",\"item\":\"https:\\\/\\\/zunkacichoscameleon.pl\\\/sklep\\\/\"},{\"@type\":\"ListItem\",\"position\":3,\"name\":\"Ptasia bogini fine Art Print SOLD\"}]},{\"@type\":\"WebSite\",\"@id\":\"https:\\\/\\\/zunkacichoscameleon.pl\\\/#website\",\"url\":\"https:\\\/\\\/zunkacichoscameleon.pl\\\/\",\"name\":\"Zunka Cichos jak kameleon\",\"description\":\"Rozkminy artystyczno-\u017cyciowe\",\"publisher\":{\"@id\":\"https:\\\/\\\/zunkacichoscameleon.pl\\\/#\\\/schema\\\/person\\\/54eb2742270ae1528910f7e3c94c38a2\"},\"potentialAction\":[{\"@type\":\"SearchAction\",\"target\":{\"@type\":\"EntryPoint\",\"urlTemplate\":\"https:\\\/\\\/zunkacichoscameleon.pl\\\/?s={search_term_string}\"},\"query-input\":{\"@type\":\"PropertyValueSpecification\",\"valueRequired\":true,\"valueName\":\"search_term_string\"}}],\"inLanguage\":\"en-GB\"},{\"@type\":[\"Person\",\"Organization\"],\"@id\":\"https:\\\/\\\/zunkacichoscameleon.pl\\\/#\\\/schema\\\/person\\\/54eb2742270ae1528910f7e3c94c38a2\",\"name\":\"Zunka Cichos\",\"image\":{\"@type\":\"ImageObject\",\"inLanguage\":\"en-GB\",\"@id\":\"https:\\\/\\\/zunkacichoscameleon.pl\\\/wp-content\\\/uploads\\\/2021\\\/12\\\/3.jpg-necklace.jpg\",\"url\":\"https:\\\/\\\/zunkacichoscameleon.pl\\\/wp-content\\\/uploads\\\/2021\\\/12\\\/3.jpg-necklace.jpg\",\"contentUrl\":\"https:\\\/\\\/zunkacichoscameleon.pl\\\/wp-content\\\/uploads\\\/2021\\\/12\\\/3.jpg-necklace.jpg\",\"width\":900,\"height\":600,\"caption\":\"Zunka Cichos\"},\"logo\":{\"@id\":\"https:\\\/\\\/zunkacichoscameleon.pl\\\/wp-content\\\/uploads\\\/2021\\\/12\\\/3.jpg-necklace.jpg\"},\"sameAs\":[\"https:\\\/\\\/zunkacichoscameleon.pl\",\"https:\\\/\\\/www.facebook.com\\\/Cameleon-100398745427656\",\"https:\\\/\\\/www.instagram.com\\\/cameleonka\\\/?hl=en\",\"https:\\\/\\\/pl.pinterest.com\\\/cameleonartshop\\\/_created\\\/\"]}]}<\/script>\n<!-- \/ Yoast SEO plugin. -->","yoast_head_json":{"title":"Ptasia bogini fine Art Print SOLD - Zunka Cichos jak kameleon","description":"Ptasia bogini fine art print, kolorowy wydruk artystyczny, kobieta i ptak pytaj\u0105 Ci\u0119 czy jeste\u015b gotowa do lotu","robots":{"index":"index","follow":"follow","max-snippet":"max-snippet:-1","max-image-preview":"max-image-preview:large","max-video-preview":"max-video-preview:-1"},"canonical":"https:\/\/zunkacichoscameleon.pl\/en\/product\/ptasia-bogini-fine-art-print\/","og_locale":"en_GB","og_type":"article","og_title":"Ptasia bogini fine Art Print SOLD - Zunka Cichos jak kameleon","og_description":"Ptasia bogini fine art print, kolorowy wydruk artystyczny, kobieta i ptak pytaj\u0105 Ci\u0119 czy jeste\u015b gotowa do lotu","og_url":"https:\/\/zunkacichoscameleon.pl\/en\/product\/ptasia-bogini-fine-art-print\/","og_site_name":"Zunka Cichos jak kameleon","article_publisher":"https:\/\/www.facebook.com\/Cameleon-100398745427656","article_modified_time":"2023-04-02T14:59:59+00:00","og_image":[{"width":2560,"height":1828,"url":"https:\/\/zunkacichoscameleon.pl\/wp-content\/uploads\/2022\/02\/birdy-goddess-1-scaled.jpg","type":"image\/jpeg"}],"twitter_card":"summary_large_image","twitter_misc":{"Estimated reading time":"1 minute"},"schema":{"@context":"https:\/\/schema.org","@graph":[{"@type":"WebPage","@id":"https:\/\/zunkacichoscameleon.pl\/produkt\/ptasia-bogini-fine-art-print\/","url":"https:\/\/zunkacichoscameleon.pl\/produkt\/ptasia-bogini-fine-art-print\/","name":"Ptasia bogini fine Art Print SOLD - Zunka Cichos jak kameleon","isPartOf":{"@id":"https:\/\/zunkacichoscameleon.pl\/#website"},"primaryImageOfPage":{"@id":"https:\/\/zunkacichoscameleon.pl\/produkt\/ptasia-bogini-fine-art-print\/#primaryimage"},"image":{"@id":"https:\/\/zunkacichoscameleon.pl\/produkt\/ptasia-bogini-fine-art-print\/#primaryimage"},"thumbnailUrl":"https:\/\/zunkacichoscameleon.pl\/wp-content\/uploads\/2022\/02\/birdy-goddess-1-scaled.jpg","datePublished":"2022-02-28T15:22:10+00:00","dateModified":"2023-04-02T14:59:59+00:00","description":"Ptasia bogini fine art print, kolorowy wydruk artystyczny, kobieta i ptak pytaj\u0105 Ci\u0119 czy jeste\u015b gotowa do lotu","breadcrumb":{"@id":"https:\/\/zunkacichoscameleon.pl\/produkt\/ptasia-bogini-fine-art-print\/#breadcrumb"},"inLanguage":"en-GB","potentialAction":[{"@type":"ReadAction","target":["https:\/\/zunkacichoscameleon.pl\/produkt\/ptasia-bogini-fine-art-print\/"]}]},{"@type":"ImageObject","inLanguage":"en-GB","@id":"https:\/\/zunkacichoscameleon.pl\/produkt\/ptasia-bogini-fine-art-print\/#primaryimage","url":"https:\/\/zunkacichoscameleon.pl\/wp-content\/uploads\/2022\/02\/birdy-goddess-1-scaled.jpg","contentUrl":"https:\/\/zunkacichoscameleon.pl\/wp-content\/uploads\/2022\/02\/birdy-goddess-1-scaled.jpg","width":2560,"height":1828,"caption":"Ptasia bogini fine art print"},{"@type":"BreadcrumbList","@id":"https:\/\/zunkacichoscameleon.pl\/produkt\/ptasia-bogini-fine-art-print\/#breadcrumb","itemListElement":[{"@type":"ListItem","position":1,"name":"Strona g\u0142\u00f3wna","item":"https:\/\/zunkacichoscameleon.pl\/"},{"@type":"ListItem","position":2,"name":"Sklep","item":"https:\/\/zunkacichoscameleon.pl\/sklep\/"},{"@type":"ListItem","position":3,"name":"Ptasia bogini fine Art Print SOLD"}]},{"@type":"WebSite","@id":"https:\/\/zunkacichoscameleon.pl\/#website","url":"https:\/\/zunkacichoscameleon.pl\/","name":"Zunka Cichos jak kameleon","description":"Rozkminy artystyczno-\u017cyciowe","publisher":{"@id":"https:\/\/zunkacichoscameleon.pl\/#\/schema\/person\/54eb2742270ae1528910f7e3c94c38a2"},"potentialAction":[{"@type":"SearchAction","target":{"@type":"EntryPoint","urlTemplate":"https:\/\/zunkacichoscameleon.pl\/?s={search_term_string}"},"query-input":{"@type":"PropertyValueSpecification","valueRequired":true,"valueName":"search_term_string"}}],"inLanguage":"en-GB"},{"@type":["Person","Organization"],"@id":"https:\/\/zunkacichoscameleon.pl\/#\/schema\/person\/54eb2742270ae1528910f7e3c94c38a2","name":"Zunka Cichos","image":{"@type":"ImageObject","inLanguage":"en-GB","@id":"https:\/\/zunkacichoscameleon.pl\/wp-content\/uploads\/2021\/12\/3.jpg-necklace.jpg","url":"https:\/\/zunkacichoscameleon.pl\/wp-content\/uploads\/2021\/12\/3.jpg-necklace.jpg","contentUrl":"https:\/\/zunkacichoscameleon.pl\/wp-content\/uploads\/2021\/12\/3.jpg-necklace.jpg","width":900,"height":600,"caption":"Zunka Cichos"},"logo":{"@id":"https:\/\/zunkacichoscameleon.pl\/wp-content\/uploads\/2021\/12\/3.jpg-necklace.jpg"},"sameAs":["https:\/\/zunkacichoscameleon.pl","https:\/\/www.facebook.com\/Cameleon-100398745427656","https:\/\/www.instagram.com\/cameleonka\/?hl=en","https:\/\/pl.pinterest.com\/cameleonartshop\/_created\/"]}]}},"jetpack_sharing_enabled":true,"_links":{"self":[{"href":"https:\/\/zunkacichoscameleon.pl\/en\/wp-json\/wp\/v2\/product\/261","targetHints":{"allow":["GET"]}}],"collection":[{"href":"https:\/\/zunkacichoscameleon.pl\/en\/wp-json\/wp\/v2\/product"}],"about":[{"href":"https:\/\/zunkacichoscameleon.pl\/en\/wp-json\/wp\/v2\/types\/product"}],"replies":[{"embeddable":true,"href":"https:\/\/zunkacichoscameleon.pl\/en\/wp-json\/wp\/v2\/comments?post=261"}],"wp:featuredmedia":[{"embeddable":true,"href":"https:\/\/zunkacichoscameleon.pl\/en\/wp-json\/wp\/v2\/media\/262"}],"wp:attachment":[{"href":"https:\/\/zunkacichoscameleon.pl\/en\/wp-json\/wp\/v2\/media?parent=261"}],"wp:term":[{"taxonomy":"product_brand","embeddable":true,"href":"https:\/\/zunkacichoscameleon.pl\/en\/wp-json\/wp\/v2\/product_brand?post=261"},{"taxonomy":"product_cat","embeddable":true,"href":"https:\/\/zunkacichoscameleon.pl\/en\/wp-json\/wp\/v2\/product_cat?post=261"},{"taxonomy":"product_tag","embeddable":true,"href":"https:\/\/zunkacichoscameleon.pl\/en\/wp-json\/wp\/v2\/product_tag?post=261"}],"curies":[{"name":"wp","href":"https:\/\/api.w.org\/{rel}","templated":true}]}}