{"id":447,"date":"2022-07-24T12:52:21","date_gmt":"2022-07-24T10:52:21","guid":{"rendered":"https:\/\/zunkacichoscameleon.pl\/?post_type=product&#038;p=447"},"modified":"2025-02-18T20:43:23","modified_gmt":"2025-02-18T19:43:23","slug":"swiadomosc","status":"publish","type":"product","link":"https:\/\/zunkacichoscameleon.pl\/en\/product\/swiadomosc\/","title":{"rendered":"\u015awiadomo\u015b\u0107"},"content":{"rendered":"<p>\u015awiadomo\u015b\u0107,<\/p>\n<p>Tego co si\u0119 raz zobaczy\u0142o oczyma \u015bwiadomo\u015bci nie da si\u0119 odzobaczy\u0107.<\/p>\n<p>To jest widzenie, od kt\u00f3rego nie ma ucieczki do starego. Spotkanie w stadzie kt\u00f3re chce widzie\u0107 jest bezcenne. Niech wyrasta z tego pi\u0119kno, kt\u00f3re \u0142\u0105czy rzeczywisto\u015b\u0107 z dusz\u0105.<\/p>\n<p>mix media on watercolour paper<\/p>\n<p>Format A3, bez ramy<\/p>\n<p>Foreign customers, please place your order im my <a href=\"https:\/\/www.etsy.com\/shop\/Cameleonartstore?ref=seller-platform-mcnav\">Etsy shop<\/a>\u00a0to pay in your local currency or use pay pal as payment method in this shop<\/p>\n<p>Processing time 1-3 business days+ delivery with standard priority mail without tracking. Delivery time depends on your location<\/p>","protected":false},"excerpt":{"rendered":"<p>\u015bwiadomo\u015b\u0107, co si\u0119 raz zobaczy\u0142o tego nie da si\u0119 nie widzie\u0107, mix media na papierze do akwareli, bez ramy, A3<\/p>","protected":false},"featured_media":448,"comment_status":"open","ping_status":"closed","template":"","meta":[],"product_brand":[],"product_cat":[41,98],"product_tag":[37,76],"class_list":{"0":"post-447","1":"product","2":"type-product","3":"status-publish","4":"has-post-thumbnail","6":"product_cat-duchowe","7":"product_cat-obrazy","8":"product_tag-duchowe","9":"product_tag-swiadomosc","11":"first","12":"instock","13":"sale","14":"shipping-taxable","15":"purchasable","16":"product-type-simple"},"yoast_head":"<!-- This site is optimized with the Yoast SEO plugin v27.3 - https:\/\/yoast.com\/product\/yoast-seo-wordpress\/ -->\n<title>\u015awiadomo\u015b\u0107 - Zunka Cichos jak kameleon<\/title>\n<meta name=\"description\" content=\"\u015bwiadomo\u015b\u0107, co si\u0119 raz zobaczy\u0142o tego nie da si\u0119 nie widzie\u0107, mix media na papierze do akwareli, bez ramy, A3\" \/>\n<meta name=\"robots\" content=\"index, follow, max-snippet:-1, max-image-preview:large, max-video-preview:-1\" \/>\n<link rel=\"canonical\" href=\"https:\/\/zunkacichoscameleon.pl\/en\/product\/swiadomosc\/\" \/>\n<meta property=\"og:locale\" content=\"en_GB\" \/>\n<meta property=\"og:type\" content=\"article\" \/>\n<meta property=\"og:title\" content=\"\u015awiadomo\u015b\u0107 - Zunka Cichos jak kameleon\" \/>\n<meta property=\"og:description\" content=\"\u015bwiadomo\u015b\u0107, co si\u0119 raz zobaczy\u0142o tego nie da si\u0119 nie widzie\u0107, mix media na papierze do akwareli, bez ramy, A3\" \/>\n<meta property=\"og:url\" content=\"https:\/\/zunkacichoscameleon.pl\/en\/product\/swiadomosc\/\" \/>\n<meta property=\"og:site_name\" content=\"Zunka Cichos jak kameleon\" \/>\n<meta property=\"article:publisher\" content=\"https:\/\/www.facebook.com\/Cameleon-100398745427656\" \/>\n<meta property=\"article:modified_time\" content=\"2025-02-18T19:43:23+00:00\" \/>\n<meta property=\"og:image\" content=\"https:\/\/zunkacichoscameleon.pl\/wp-content\/uploads\/2022\/07\/P7080715-scaled.jpg\" \/>\n\t<meta property=\"og:image:width\" content=\"1878\" \/>\n\t<meta property=\"og:image:height\" content=\"2560\" \/>\n\t<meta property=\"og:image:type\" content=\"image\/jpeg\" \/>\n<meta name=\"twitter:card\" content=\"summary_large_image\" \/>\n<meta name=\"twitter:label1\" content=\"Estimated reading time\" \/>\n\t<meta name=\"twitter:data1\" content=\"1 minute\" \/>\n<script type=\"application\/ld+json\" class=\"yoast-schema-graph\">{\"@context\":\"https:\\\/\\\/schema.org\",\"@graph\":[{\"@type\":\"WebPage\",\"@id\":\"https:\\\/\\\/zunkacichoscameleon.pl\\\/produkt\\\/swiadomosc\\\/\",\"url\":\"https:\\\/\\\/zunkacichoscameleon.pl\\\/produkt\\\/swiadomosc\\\/\",\"name\":\"\u015awiadomo\u015b\u0107 - Zunka Cichos jak kameleon\",\"isPartOf\":{\"@id\":\"https:\\\/\\\/zunkacichoscameleon.pl\\\/#website\"},\"primaryImageOfPage\":{\"@id\":\"https:\\\/\\\/zunkacichoscameleon.pl\\\/produkt\\\/swiadomosc\\\/#primaryimage\"},\"image\":{\"@id\":\"https:\\\/\\\/zunkacichoscameleon.pl\\\/produkt\\\/swiadomosc\\\/#primaryimage\"},\"thumbnailUrl\":\"https:\\\/\\\/zunkacichoscameleon.pl\\\/wp-content\\\/uploads\\\/2022\\\/07\\\/P7080715-scaled.jpg\",\"datePublished\":\"2022-07-24T10:52:21+00:00\",\"dateModified\":\"2025-02-18T19:43:23+00:00\",\"description\":\"\u015bwiadomo\u015b\u0107, co si\u0119 raz zobaczy\u0142o tego nie da si\u0119 nie widzie\u0107, mix media na papierze do akwareli, bez ramy, A3\",\"breadcrumb\":{\"@id\":\"https:\\\/\\\/zunkacichoscameleon.pl\\\/produkt\\\/swiadomosc\\\/#breadcrumb\"},\"inLanguage\":\"en-GB\",\"potentialAction\":[{\"@type\":\"ReadAction\",\"target\":[\"https:\\\/\\\/zunkacichoscameleon.pl\\\/produkt\\\/swiadomosc\\\/\"]}]},{\"@type\":\"ImageObject\",\"inLanguage\":\"en-GB\",\"@id\":\"https:\\\/\\\/zunkacichoscameleon.pl\\\/produkt\\\/swiadomosc\\\/#primaryimage\",\"url\":\"https:\\\/\\\/zunkacichoscameleon.pl\\\/wp-content\\\/uploads\\\/2022\\\/07\\\/P7080715-scaled.jpg\",\"contentUrl\":\"https:\\\/\\\/zunkacichoscameleon.pl\\\/wp-content\\\/uploads\\\/2022\\\/07\\\/P7080715-scaled.jpg\",\"width\":1878,\"height\":2560,\"caption\":\"swiadomosc obraz duchowy\"},{\"@type\":\"BreadcrumbList\",\"@id\":\"https:\\\/\\\/zunkacichoscameleon.pl\\\/produkt\\\/swiadomosc\\\/#breadcrumb\",\"itemListElement\":[{\"@type\":\"ListItem\",\"position\":1,\"name\":\"Strona g\u0142\u00f3wna\",\"item\":\"https:\\\/\\\/zunkacichoscameleon.pl\\\/\"},{\"@type\":\"ListItem\",\"position\":2,\"name\":\"Sklep\",\"item\":\"https:\\\/\\\/zunkacichoscameleon.pl\\\/sklep\\\/\"},{\"@type\":\"ListItem\",\"position\":3,\"name\":\"\u015awiadomo\u015b\u0107\"}]},{\"@type\":\"WebSite\",\"@id\":\"https:\\\/\\\/zunkacichoscameleon.pl\\\/#website\",\"url\":\"https:\\\/\\\/zunkacichoscameleon.pl\\\/\",\"name\":\"Zunka Cichos jak kameleon\",\"description\":\"Rozkminy artystyczno-\u017cyciowe\",\"publisher\":{\"@id\":\"https:\\\/\\\/zunkacichoscameleon.pl\\\/#\\\/schema\\\/person\\\/54eb2742270ae1528910f7e3c94c38a2\"},\"potentialAction\":[{\"@type\":\"SearchAction\",\"target\":{\"@type\":\"EntryPoint\",\"urlTemplate\":\"https:\\\/\\\/zunkacichoscameleon.pl\\\/?s={search_term_string}\"},\"query-input\":{\"@type\":\"PropertyValueSpecification\",\"valueRequired\":true,\"valueName\":\"search_term_string\"}}],\"inLanguage\":\"en-GB\"},{\"@type\":[\"Person\",\"Organization\"],\"@id\":\"https:\\\/\\\/zunkacichoscameleon.pl\\\/#\\\/schema\\\/person\\\/54eb2742270ae1528910f7e3c94c38a2\",\"name\":\"Zunka Cichos\",\"image\":{\"@type\":\"ImageObject\",\"inLanguage\":\"en-GB\",\"@id\":\"https:\\\/\\\/zunkacichoscameleon.pl\\\/wp-content\\\/uploads\\\/2021\\\/12\\\/3.jpg-necklace.jpg\",\"url\":\"https:\\\/\\\/zunkacichoscameleon.pl\\\/wp-content\\\/uploads\\\/2021\\\/12\\\/3.jpg-necklace.jpg\",\"contentUrl\":\"https:\\\/\\\/zunkacichoscameleon.pl\\\/wp-content\\\/uploads\\\/2021\\\/12\\\/3.jpg-necklace.jpg\",\"width\":900,\"height\":600,\"caption\":\"Zunka Cichos\"},\"logo\":{\"@id\":\"https:\\\/\\\/zunkacichoscameleon.pl\\\/wp-content\\\/uploads\\\/2021\\\/12\\\/3.jpg-necklace.jpg\"},\"sameAs\":[\"https:\\\/\\\/zunkacichoscameleon.pl\",\"https:\\\/\\\/www.facebook.com\\\/Cameleon-100398745427656\",\"https:\\\/\\\/www.instagram.com\\\/cameleonka\\\/?hl=en\",\"https:\\\/\\\/pl.pinterest.com\\\/cameleonartshop\\\/_created\\\/\"]}]}<\/script>\n<!-- \/ Yoast SEO plugin. -->","yoast_head_json":{"title":"\u015awiadomo\u015b\u0107 - Zunka Cichos jak kameleon","description":"\u015bwiadomo\u015b\u0107, co si\u0119 raz zobaczy\u0142o tego nie da si\u0119 nie widzie\u0107, mix media na papierze do akwareli, bez ramy, A3","robots":{"index":"index","follow":"follow","max-snippet":"max-snippet:-1","max-image-preview":"max-image-preview:large","max-video-preview":"max-video-preview:-1"},"canonical":"https:\/\/zunkacichoscameleon.pl\/en\/product\/swiadomosc\/","og_locale":"en_GB","og_type":"article","og_title":"\u015awiadomo\u015b\u0107 - Zunka Cichos jak kameleon","og_description":"\u015bwiadomo\u015b\u0107, co si\u0119 raz zobaczy\u0142o tego nie da si\u0119 nie widzie\u0107, mix media na papierze do akwareli, bez ramy, A3","og_url":"https:\/\/zunkacichoscameleon.pl\/en\/product\/swiadomosc\/","og_site_name":"Zunka Cichos jak kameleon","article_publisher":"https:\/\/www.facebook.com\/Cameleon-100398745427656","article_modified_time":"2025-02-18T19:43:23+00:00","og_image":[{"width":1878,"height":2560,"url":"https:\/\/zunkacichoscameleon.pl\/wp-content\/uploads\/2022\/07\/P7080715-scaled.jpg","type":"image\/jpeg"}],"twitter_card":"summary_large_image","twitter_misc":{"Estimated reading time":"1 minute"},"schema":{"@context":"https:\/\/schema.org","@graph":[{"@type":"WebPage","@id":"https:\/\/zunkacichoscameleon.pl\/produkt\/swiadomosc\/","url":"https:\/\/zunkacichoscameleon.pl\/produkt\/swiadomosc\/","name":"\u015awiadomo\u015b\u0107 - Zunka Cichos jak kameleon","isPartOf":{"@id":"https:\/\/zunkacichoscameleon.pl\/#website"},"primaryImageOfPage":{"@id":"https:\/\/zunkacichoscameleon.pl\/produkt\/swiadomosc\/#primaryimage"},"image":{"@id":"https:\/\/zunkacichoscameleon.pl\/produkt\/swiadomosc\/#primaryimage"},"thumbnailUrl":"https:\/\/zunkacichoscameleon.pl\/wp-content\/uploads\/2022\/07\/P7080715-scaled.jpg","datePublished":"2022-07-24T10:52:21+00:00","dateModified":"2025-02-18T19:43:23+00:00","description":"\u015bwiadomo\u015b\u0107, co si\u0119 raz zobaczy\u0142o tego nie da si\u0119 nie widzie\u0107, mix media na papierze do akwareli, bez ramy, A3","breadcrumb":{"@id":"https:\/\/zunkacichoscameleon.pl\/produkt\/swiadomosc\/#breadcrumb"},"inLanguage":"en-GB","potentialAction":[{"@type":"ReadAction","target":["https:\/\/zunkacichoscameleon.pl\/produkt\/swiadomosc\/"]}]},{"@type":"ImageObject","inLanguage":"en-GB","@id":"https:\/\/zunkacichoscameleon.pl\/produkt\/swiadomosc\/#primaryimage","url":"https:\/\/zunkacichoscameleon.pl\/wp-content\/uploads\/2022\/07\/P7080715-scaled.jpg","contentUrl":"https:\/\/zunkacichoscameleon.pl\/wp-content\/uploads\/2022\/07\/P7080715-scaled.jpg","width":1878,"height":2560,"caption":"swiadomosc obraz duchowy"},{"@type":"BreadcrumbList","@id":"https:\/\/zunkacichoscameleon.pl\/produkt\/swiadomosc\/#breadcrumb","itemListElement":[{"@type":"ListItem","position":1,"name":"Strona g\u0142\u00f3wna","item":"https:\/\/zunkacichoscameleon.pl\/"},{"@type":"ListItem","position":2,"name":"Sklep","item":"https:\/\/zunkacichoscameleon.pl\/sklep\/"},{"@type":"ListItem","position":3,"name":"\u015awiadomo\u015b\u0107"}]},{"@type":"WebSite","@id":"https:\/\/zunkacichoscameleon.pl\/#website","url":"https:\/\/zunkacichoscameleon.pl\/","name":"Zunka Cichos jak kameleon","description":"Rozkminy artystyczno-\u017cyciowe","publisher":{"@id":"https:\/\/zunkacichoscameleon.pl\/#\/schema\/person\/54eb2742270ae1528910f7e3c94c38a2"},"potentialAction":[{"@type":"SearchAction","target":{"@type":"EntryPoint","urlTemplate":"https:\/\/zunkacichoscameleon.pl\/?s={search_term_string}"},"query-input":{"@type":"PropertyValueSpecification","valueRequired":true,"valueName":"search_term_string"}}],"inLanguage":"en-GB"},{"@type":["Person","Organization"],"@id":"https:\/\/zunkacichoscameleon.pl\/#\/schema\/person\/54eb2742270ae1528910f7e3c94c38a2","name":"Zunka Cichos","image":{"@type":"ImageObject","inLanguage":"en-GB","@id":"https:\/\/zunkacichoscameleon.pl\/wp-content\/uploads\/2021\/12\/3.jpg-necklace.jpg","url":"https:\/\/zunkacichoscameleon.pl\/wp-content\/uploads\/2021\/12\/3.jpg-necklace.jpg","contentUrl":"https:\/\/zunkacichoscameleon.pl\/wp-content\/uploads\/2021\/12\/3.jpg-necklace.jpg","width":900,"height":600,"caption":"Zunka Cichos"},"logo":{"@id":"https:\/\/zunkacichoscameleon.pl\/wp-content\/uploads\/2021\/12\/3.jpg-necklace.jpg"},"sameAs":["https:\/\/zunkacichoscameleon.pl","https:\/\/www.facebook.com\/Cameleon-100398745427656","https:\/\/www.instagram.com\/cameleonka\/?hl=en","https:\/\/pl.pinterest.com\/cameleonartshop\/_created\/"]}]}},"jetpack_sharing_enabled":true,"_links":{"self":[{"href":"https:\/\/zunkacichoscameleon.pl\/en\/wp-json\/wp\/v2\/product\/447","targetHints":{"allow":["GET"]}}],"collection":[{"href":"https:\/\/zunkacichoscameleon.pl\/en\/wp-json\/wp\/v2\/product"}],"about":[{"href":"https:\/\/zunkacichoscameleon.pl\/en\/wp-json\/wp\/v2\/types\/product"}],"replies":[{"embeddable":true,"href":"https:\/\/zunkacichoscameleon.pl\/en\/wp-json\/wp\/v2\/comments?post=447"}],"wp:featuredmedia":[{"embeddable":true,"href":"https:\/\/zunkacichoscameleon.pl\/en\/wp-json\/wp\/v2\/media\/448"}],"wp:attachment":[{"href":"https:\/\/zunkacichoscameleon.pl\/en\/wp-json\/wp\/v2\/media?parent=447"}],"wp:term":[{"taxonomy":"product_brand","embeddable":true,"href":"https:\/\/zunkacichoscameleon.pl\/en\/wp-json\/wp\/v2\/product_brand?post=447"},{"taxonomy":"product_cat","embeddable":true,"href":"https:\/\/zunkacichoscameleon.pl\/en\/wp-json\/wp\/v2\/product_cat?post=447"},{"taxonomy":"product_tag","embeddable":true,"href":"https:\/\/zunkacichoscameleon.pl\/en\/wp-json\/wp\/v2\/product_tag?post=447"}],"curies":[{"name":"wp","href":"https:\/\/api.w.org\/{rel}","templated":true}]}}