{"id":559,"date":"2023-01-19T16:51:07","date_gmt":"2023-01-19T15:51:07","guid":{"rendered":"https:\/\/zunkacichoscameleon.pl\/?post_type=product&#038;p=559"},"modified":"2025-12-02T16:19:07","modified_gmt":"2025-12-02T15:19:07","slug":"portrety-przodkin-rytual-malarski-online","status":"publish","type":"product","link":"https:\/\/zunkacichoscameleon.pl\/en\/product\/portrety-przodkin-rytual-malarski-online\/","title":{"rendered":"Ancestors Portrait painting ritual, recording, in polish"},"content":{"rendered":"<p>I would like to invite you to painting ritual. You will create your ancestors portrait. This recording is 2 hours long and you will be guided by me, step by step in the experience<\/p>\n<p>It won\u00b4t be a typical portrait but a visual message in a form of an image that you will paint<\/p>\n<p>I invite you to honor your ancestors in a creative way<br \/>\nYou will meet you ancestor by creating a space where  art meet spirituality<\/p>\n<p>You will nurish your life and health with the energies from your ancestors<br \/>\nYour hands, brushes and paints will create a channel through which the Invisible will take shape<\/p>\n<p>You will create a painted talisman that will connect you with your heritage<\/p>\n<p>Your intention will guide you<\/p>\n<p>You will learn a very pleasant and easy painting technique, so after you can experiment with art and beauty by yourself.<br \/>\nYour inner artist will be reborn<\/p>\n<p>Important- this ritual is for every women, no matter of the level of your painting skilles. Beginners are welcomed as well as artists. I belive that everyone is an artist in their own unique way.<br \/>\nThis experience is not for children<\/p>\n<p>My name is Zunka Cichos<br \/>\nI am an artist  and guide to the images of the soul.<br \/>\nI come to you as a woman who loves beauty, an artist, explorer of the invisible and other dimensions<br \/>\nI belive in healing powers of love, truth and creativity<br \/>\nI love the combination of inner journeys and making art<\/p>\n<p>Materials<\/p>\n<p>watercolour paper or mix media paper A4<\/p>\n<p>acrylic paints 2 or 3 colours+ titanium white<\/p>\n<p>watercolour pencil or pencil<\/p>\n<p>napkins with different patterns, some kind of glue best gel medium mat<\/p>\n<p>acrylic paint<\/p>\n<p>white and black gel pen<\/p>\n<p>After placing and order you will receive a confirmation email with a link to be downloaded to your computer. This link will be active 9 months long.<\/p>\n<p>&nbsp;<\/p>\n<p>&nbsp;<\/p>\n<p>&nbsp;<\/p>\n<p>&nbsp;<\/p>","protected":false},"excerpt":{"rendered":"<p>I would like to invite you to painting ritual. You will paint a portrait of your ancestor. 2 hours long experience<\/p>","protected":false},"featured_media":560,"comment_status":"open","ping_status":"closed","template":"","meta":[],"product_brand":[],"product_cat":[99],"product_tag":[93,92,94,95,91],"class_list":{"0":"post-559","1":"product","2":"type-product","3":"status-publish","4":"has-post-thumbnail","6":"product_cat-nagrania","7":"product_tag-kurs","8":"product_tag-lekcja-online","9":"product_tag-mini-kurs","10":"product_tag-portrety-przodkin","11":"product_tag-rytual-online","13":"first","14":"instock","15":"downloadable","16":"virtual","17":"purchasable","18":"product-type-simple"},"yoast_head":"<!-- This site is optimized with the Yoast SEO plugin v27.3 - https:\/\/yoast.com\/product\/yoast-seo-wordpress\/ -->\n<title>Portrety Przodki\u0144 rytua\u0142 malarski online - Zunka Cichos jak kameleon<\/title>\n<meta name=\"description\" content=\"Zapraszam Ciebie do rytua\u0142u malarskiego, podczas kt\u00f3rego namalujesz portret swojej przodkini lub przodka. Nagranie trwa 2 godziny\" \/>\n<meta name=\"robots\" content=\"index, follow, max-snippet:-1, max-image-preview:large, max-video-preview:-1\" \/>\n<link rel=\"canonical\" href=\"https:\/\/zunkacichoscameleon.pl\/en\/product\/portrety-przodkin-rytual-malarski-online\/\" \/>\n<meta property=\"og:locale\" content=\"en_GB\" \/>\n<meta property=\"og:type\" content=\"article\" \/>\n<meta property=\"og:title\" content=\"Portrety Przodki\u0144 rytua\u0142 malarski online - Zunka Cichos jak kameleon\" \/>\n<meta property=\"og:description\" content=\"Zapraszam Ciebie do rytua\u0142u malarskiego, podczas kt\u00f3rego namalujesz portret swojej przodkini lub przodka. Nagranie trwa 2 godziny\" \/>\n<meta property=\"og:url\" content=\"https:\/\/zunkacichoscameleon.pl\/en\/product\/portrety-przodkin-rytual-malarski-online\/\" \/>\n<meta property=\"og:site_name\" content=\"Zunka Cichos jak kameleon\" \/>\n<meta property=\"article:publisher\" content=\"https:\/\/www.facebook.com\/Cameleon-100398745427656\" \/>\n<meta property=\"article:modified_time\" content=\"2025-12-02T15:19:07+00:00\" \/>\n<meta property=\"og:image\" content=\"https:\/\/zunkacichoscameleon.pl\/wp-content\/uploads\/2023\/01\/portrety-Przodkin-724x1024.png\" \/>\n\t<meta property=\"og:image:width\" content=\"724\" \/>\n\t<meta property=\"og:image:height\" content=\"1024\" \/>\n\t<meta property=\"og:image:type\" content=\"image\/png\" \/>\n<meta name=\"twitter:card\" content=\"summary_large_image\" \/>\n<meta name=\"twitter:label1\" content=\"Estimated reading time\" \/>\n\t<meta name=\"twitter:data1\" content=\"2 minutes\" \/>\n<script type=\"application\/ld+json\" class=\"yoast-schema-graph\">{\"@context\":\"https:\\\/\\\/schema.org\",\"@graph\":[{\"@type\":\"WebPage\",\"@id\":\"https:\\\/\\\/zunkacichoscameleon.pl\\\/produkt\\\/portrety-przodkin-rytual-malarski-online\\\/\",\"url\":\"https:\\\/\\\/zunkacichoscameleon.pl\\\/produkt\\\/portrety-przodkin-rytual-malarski-online\\\/\",\"name\":\"Portrety Przodki\u0144 rytua\u0142 malarski online - Zunka Cichos jak kameleon\",\"isPartOf\":{\"@id\":\"https:\\\/\\\/zunkacichoscameleon.pl\\\/#website\"},\"primaryImageOfPage\":{\"@id\":\"https:\\\/\\\/zunkacichoscameleon.pl\\\/produkt\\\/portrety-przodkin-rytual-malarski-online\\\/#primaryimage\"},\"image\":{\"@id\":\"https:\\\/\\\/zunkacichoscameleon.pl\\\/produkt\\\/portrety-przodkin-rytual-malarski-online\\\/#primaryimage\"},\"thumbnailUrl\":\"https:\\\/\\\/zunkacichoscameleon.pl\\\/wp-content\\\/uploads\\\/2023\\\/01\\\/portrety-Przodkin.png\",\"datePublished\":\"2023-01-19T15:51:07+00:00\",\"dateModified\":\"2025-12-02T15:19:07+00:00\",\"description\":\"Zapraszam Ciebie do rytua\u0142u malarskiego, podczas kt\u00f3rego namalujesz portret swojej przodkini lub przodka. Nagranie trwa 2 godziny\",\"breadcrumb\":{\"@id\":\"https:\\\/\\\/zunkacichoscameleon.pl\\\/produkt\\\/portrety-przodkin-rytual-malarski-online\\\/#breadcrumb\"},\"inLanguage\":\"en-GB\",\"potentialAction\":[{\"@type\":\"ReadAction\",\"target\":[\"https:\\\/\\\/zunkacichoscameleon.pl\\\/produkt\\\/portrety-przodkin-rytual-malarski-online\\\/\"]}]},{\"@type\":\"ImageObject\",\"inLanguage\":\"en-GB\",\"@id\":\"https:\\\/\\\/zunkacichoscameleon.pl\\\/produkt\\\/portrety-przodkin-rytual-malarski-online\\\/#primaryimage\",\"url\":\"https:\\\/\\\/zunkacichoscameleon.pl\\\/wp-content\\\/uploads\\\/2023\\\/01\\\/portrety-Przodkin.png\",\"contentUrl\":\"https:\\\/\\\/zunkacichoscameleon.pl\\\/wp-content\\\/uploads\\\/2023\\\/01\\\/portrety-Przodkin.png\",\"width\":1414,\"height\":2000,\"caption\":\"portrety przodkin rytual online\"},{\"@type\":\"BreadcrumbList\",\"@id\":\"https:\\\/\\\/zunkacichoscameleon.pl\\\/produkt\\\/portrety-przodkin-rytual-malarski-online\\\/#breadcrumb\",\"itemListElement\":[{\"@type\":\"ListItem\",\"position\":1,\"name\":\"Strona g\u0142\u00f3wna\",\"item\":\"https:\\\/\\\/zunkacichoscameleon.pl\\\/\"},{\"@type\":\"ListItem\",\"position\":2,\"name\":\"Sklep\",\"item\":\"https:\\\/\\\/zunkacichoscameleon.pl\\\/sklep\\\/\"},{\"@type\":\"ListItem\",\"position\":3,\"name\":\"Portrety Przodki\u0144 rytua\u0142 malarski online\"}]},{\"@type\":\"WebSite\",\"@id\":\"https:\\\/\\\/zunkacichoscameleon.pl\\\/#website\",\"url\":\"https:\\\/\\\/zunkacichoscameleon.pl\\\/\",\"name\":\"Zunka Cichos jak kameleon\",\"description\":\"Rozkminy artystyczno-\u017cyciowe\",\"publisher\":{\"@id\":\"https:\\\/\\\/zunkacichoscameleon.pl\\\/#\\\/schema\\\/person\\\/54eb2742270ae1528910f7e3c94c38a2\"},\"potentialAction\":[{\"@type\":\"SearchAction\",\"target\":{\"@type\":\"EntryPoint\",\"urlTemplate\":\"https:\\\/\\\/zunkacichoscameleon.pl\\\/?s={search_term_string}\"},\"query-input\":{\"@type\":\"PropertyValueSpecification\",\"valueRequired\":true,\"valueName\":\"search_term_string\"}}],\"inLanguage\":\"en-GB\"},{\"@type\":[\"Person\",\"Organization\"],\"@id\":\"https:\\\/\\\/zunkacichoscameleon.pl\\\/#\\\/schema\\\/person\\\/54eb2742270ae1528910f7e3c94c38a2\",\"name\":\"Zunka Cichos\",\"image\":{\"@type\":\"ImageObject\",\"inLanguage\":\"en-GB\",\"@id\":\"https:\\\/\\\/zunkacichoscameleon.pl\\\/wp-content\\\/uploads\\\/2021\\\/12\\\/3.jpg-necklace.jpg\",\"url\":\"https:\\\/\\\/zunkacichoscameleon.pl\\\/wp-content\\\/uploads\\\/2021\\\/12\\\/3.jpg-necklace.jpg\",\"contentUrl\":\"https:\\\/\\\/zunkacichoscameleon.pl\\\/wp-content\\\/uploads\\\/2021\\\/12\\\/3.jpg-necklace.jpg\",\"width\":900,\"height\":600,\"caption\":\"Zunka Cichos\"},\"logo\":{\"@id\":\"https:\\\/\\\/zunkacichoscameleon.pl\\\/wp-content\\\/uploads\\\/2021\\\/12\\\/3.jpg-necklace.jpg\"},\"sameAs\":[\"https:\\\/\\\/zunkacichoscameleon.pl\",\"https:\\\/\\\/www.facebook.com\\\/Cameleon-100398745427656\",\"https:\\\/\\\/www.instagram.com\\\/cameleonka\\\/?hl=en\",\"https:\\\/\\\/pl.pinterest.com\\\/cameleonartshop\\\/_created\\\/\"]}]}<\/script>\n<!-- \/ Yoast SEO plugin. -->","yoast_head_json":{"title":"Portrety Przodki\u0144 rytua\u0142 malarski online - Zunka Cichos jak kameleon","description":"Zapraszam Ciebie do rytua\u0142u malarskiego, podczas kt\u00f3rego namalujesz portret swojej przodkini lub przodka. Nagranie trwa 2 godziny","robots":{"index":"index","follow":"follow","max-snippet":"max-snippet:-1","max-image-preview":"max-image-preview:large","max-video-preview":"max-video-preview:-1"},"canonical":"https:\/\/zunkacichoscameleon.pl\/en\/product\/portrety-przodkin-rytual-malarski-online\/","og_locale":"en_GB","og_type":"article","og_title":"Portrety Przodki\u0144 rytua\u0142 malarski online - Zunka Cichos jak kameleon","og_description":"Zapraszam Ciebie do rytua\u0142u malarskiego, podczas kt\u00f3rego namalujesz portret swojej przodkini lub przodka. Nagranie trwa 2 godziny","og_url":"https:\/\/zunkacichoscameleon.pl\/en\/product\/portrety-przodkin-rytual-malarski-online\/","og_site_name":"Zunka Cichos jak kameleon","article_publisher":"https:\/\/www.facebook.com\/Cameleon-100398745427656","article_modified_time":"2025-12-02T15:19:07+00:00","og_image":[{"width":724,"height":1024,"url":"https:\/\/zunkacichoscameleon.pl\/wp-content\/uploads\/2023\/01\/portrety-Przodkin-724x1024.png","type":"image\/png"}],"twitter_card":"summary_large_image","twitter_misc":{"Estimated reading time":"2 minutes"},"schema":{"@context":"https:\/\/schema.org","@graph":[{"@type":"WebPage","@id":"https:\/\/zunkacichoscameleon.pl\/produkt\/portrety-przodkin-rytual-malarski-online\/","url":"https:\/\/zunkacichoscameleon.pl\/produkt\/portrety-przodkin-rytual-malarski-online\/","name":"Portrety Przodki\u0144 rytua\u0142 malarski online - Zunka Cichos jak kameleon","isPartOf":{"@id":"https:\/\/zunkacichoscameleon.pl\/#website"},"primaryImageOfPage":{"@id":"https:\/\/zunkacichoscameleon.pl\/produkt\/portrety-przodkin-rytual-malarski-online\/#primaryimage"},"image":{"@id":"https:\/\/zunkacichoscameleon.pl\/produkt\/portrety-przodkin-rytual-malarski-online\/#primaryimage"},"thumbnailUrl":"https:\/\/zunkacichoscameleon.pl\/wp-content\/uploads\/2023\/01\/portrety-Przodkin.png","datePublished":"2023-01-19T15:51:07+00:00","dateModified":"2025-12-02T15:19:07+00:00","description":"Zapraszam Ciebie do rytua\u0142u malarskiego, podczas kt\u00f3rego namalujesz portret swojej przodkini lub przodka. Nagranie trwa 2 godziny","breadcrumb":{"@id":"https:\/\/zunkacichoscameleon.pl\/produkt\/portrety-przodkin-rytual-malarski-online\/#breadcrumb"},"inLanguage":"en-GB","potentialAction":[{"@type":"ReadAction","target":["https:\/\/zunkacichoscameleon.pl\/produkt\/portrety-przodkin-rytual-malarski-online\/"]}]},{"@type":"ImageObject","inLanguage":"en-GB","@id":"https:\/\/zunkacichoscameleon.pl\/produkt\/portrety-przodkin-rytual-malarski-online\/#primaryimage","url":"https:\/\/zunkacichoscameleon.pl\/wp-content\/uploads\/2023\/01\/portrety-Przodkin.png","contentUrl":"https:\/\/zunkacichoscameleon.pl\/wp-content\/uploads\/2023\/01\/portrety-Przodkin.png","width":1414,"height":2000,"caption":"portrety przodkin rytual online"},{"@type":"BreadcrumbList","@id":"https:\/\/zunkacichoscameleon.pl\/produkt\/portrety-przodkin-rytual-malarski-online\/#breadcrumb","itemListElement":[{"@type":"ListItem","position":1,"name":"Strona g\u0142\u00f3wna","item":"https:\/\/zunkacichoscameleon.pl\/"},{"@type":"ListItem","position":2,"name":"Sklep","item":"https:\/\/zunkacichoscameleon.pl\/sklep\/"},{"@type":"ListItem","position":3,"name":"Portrety Przodki\u0144 rytua\u0142 malarski online"}]},{"@type":"WebSite","@id":"https:\/\/zunkacichoscameleon.pl\/#website","url":"https:\/\/zunkacichoscameleon.pl\/","name":"Zunka Cichos jak kameleon","description":"Rozkminy artystyczno-\u017cyciowe","publisher":{"@id":"https:\/\/zunkacichoscameleon.pl\/#\/schema\/person\/54eb2742270ae1528910f7e3c94c38a2"},"potentialAction":[{"@type":"SearchAction","target":{"@type":"EntryPoint","urlTemplate":"https:\/\/zunkacichoscameleon.pl\/?s={search_term_string}"},"query-input":{"@type":"PropertyValueSpecification","valueRequired":true,"valueName":"search_term_string"}}],"inLanguage":"en-GB"},{"@type":["Person","Organization"],"@id":"https:\/\/zunkacichoscameleon.pl\/#\/schema\/person\/54eb2742270ae1528910f7e3c94c38a2","name":"Zunka Cichos","image":{"@type":"ImageObject","inLanguage":"en-GB","@id":"https:\/\/zunkacichoscameleon.pl\/wp-content\/uploads\/2021\/12\/3.jpg-necklace.jpg","url":"https:\/\/zunkacichoscameleon.pl\/wp-content\/uploads\/2021\/12\/3.jpg-necklace.jpg","contentUrl":"https:\/\/zunkacichoscameleon.pl\/wp-content\/uploads\/2021\/12\/3.jpg-necklace.jpg","width":900,"height":600,"caption":"Zunka Cichos"},"logo":{"@id":"https:\/\/zunkacichoscameleon.pl\/wp-content\/uploads\/2021\/12\/3.jpg-necklace.jpg"},"sameAs":["https:\/\/zunkacichoscameleon.pl","https:\/\/www.facebook.com\/Cameleon-100398745427656","https:\/\/www.instagram.com\/cameleonka\/?hl=en","https:\/\/pl.pinterest.com\/cameleonartshop\/_created\/"]}]}},"jetpack_sharing_enabled":true,"_links":{"self":[{"href":"https:\/\/zunkacichoscameleon.pl\/en\/wp-json\/wp\/v2\/product\/559","targetHints":{"allow":["GET"]}}],"collection":[{"href":"https:\/\/zunkacichoscameleon.pl\/en\/wp-json\/wp\/v2\/product"}],"about":[{"href":"https:\/\/zunkacichoscameleon.pl\/en\/wp-json\/wp\/v2\/types\/product"}],"replies":[{"embeddable":true,"href":"https:\/\/zunkacichoscameleon.pl\/en\/wp-json\/wp\/v2\/comments?post=559"}],"wp:featuredmedia":[{"embeddable":true,"href":"https:\/\/zunkacichoscameleon.pl\/en\/wp-json\/wp\/v2\/media\/560"}],"wp:attachment":[{"href":"https:\/\/zunkacichoscameleon.pl\/en\/wp-json\/wp\/v2\/media?parent=559"}],"wp:term":[{"taxonomy":"product_brand","embeddable":true,"href":"https:\/\/zunkacichoscameleon.pl\/en\/wp-json\/wp\/v2\/product_brand?post=559"},{"taxonomy":"product_cat","embeddable":true,"href":"https:\/\/zunkacichoscameleon.pl\/en\/wp-json\/wp\/v2\/product_cat?post=559"},{"taxonomy":"product_tag","embeddable":true,"href":"https:\/\/zunkacichoscameleon.pl\/en\/wp-json\/wp\/v2\/product_tag?post=559"}],"curies":[{"name":"wp","href":"https:\/\/api.w.org\/{rel}","templated":true}]}}