{"id":644,"date":"2023-03-28T11:13:11","date_gmt":"2023-03-28T09:13:11","guid":{"rendered":"https:\/\/zunkacichoscameleon.pl\/?post_type=product&#038;p=644"},"modified":"2025-12-02T16:18:51","modified_gmt":"2025-12-02T15:18:51","slug":"moje-postaci-wewnetrzne-tworcze-spotkanie-z-soba-nagranie","status":"publish","type":"product","link":"https:\/\/zunkacichoscameleon.pl\/en\/product\/moje-postaci-wewnetrzne-tworcze-spotkanie-z-soba-nagranie\/","title":{"rendered":"My inner figuers - creative meeting with your self, recording in polish"},"content":{"rendered":"<p>I would like to invite to a painting ritual, during which you will paint your inner landscape, your inner figuers. 2 hours recording in POLISH<\/p>\n<p>You will meet your inner characters by painting their graphic representation<\/p>\n<p>I would like to invite you to creative journey within, to get to know yourself better through art making.<br \/>\nYour brushes, paints and hands will create a channel through which you will receive a visual message. You will send it yourself to yourself.<\/p>\n<p>You will create a painted talisman<\/p>\n<p>Your intention will guide you<\/p>\n<p>You will also learn a very light and pleasant painting technique, which will allow you to play and experiment by yourself and create beauty.<br \/>\nYour inner artist will be activated<\/p>\n<p>Important- this ritual is for every women, no matter of the level of your painting skilles. Beginners are welcomed as well as artists. I belive that everyone is an artist in their own unique way.<br \/>\nNagranie przeznaczone jest dla os\u00f3b doros\u0142ych.<\/p>\n<p>My name is Zunka Cichos<br \/>\nI graduated from Academy of Expressive Arts, I am Instructor of Movement Improvisation and Body Symbolism, I studied 2 years of Process Oriented Psychology<br \/>\nI am an artist and a guide to soul images<br \/>\nI belive in healing powers of love, truth and creativity<br \/>\nI love the combination of inner journeys and making art<\/p>\n<p>&nbsp;<\/p>\n<p>Materials<\/p>\n<p>Watercolour paper or mix media paper A3 or A2<\/p>\n<p>2,3 acrylic inks + titanium white<\/p>\n<p>watercolour pencil or pencil<\/p>\n<p>napkins with different patterns, some kind of glue best gel medium mat<\/p>\n<p>acrylic paint<\/p>\n<p>white and black gel pen<\/p>\n<p>craft paper and pages from an old book<\/p>\n<p>After placing the order you will receive a confirmation mail with link to download<\/p>\n<p>If you like the idea of painting rituals you may be interested in creating <a href=\"https:\/\/zunkacichoscameleon.pl\/en\/product\/portrety-przodkin-rytual-malarski-online\/\">Portrait of your ancestors<\/a><\/p>\n<p>Link which you will receive <strong>needs to be downloaded to your computer<\/strong>it will be active 9 months long<\/p>\n<p>&nbsp;<\/p>\n<p>&nbsp;<\/p>\n<p>&nbsp;<\/p>","protected":false},"excerpt":{"rendered":"<p>My inner figuers- 2 hours recording of a creative meeting with oneself, a journey within through the creative process<\/p>","protected":false},"featured_media":645,"comment_status":"open","ping_status":"closed","template":"","meta":[],"product_brand":[],"product_cat":[99],"product_tag":[96,97,91],"class_list":{"0":"post-644","1":"product","2":"type-product","3":"status-publish","4":"has-post-thumbnail","6":"product_cat-nagrania","7":"product_tag-nagranie","8":"product_tag-postaci-wewnetrzne","9":"product_tag-rytual-online","11":"first","12":"instock","13":"downloadable","14":"virtual","15":"purchasable","16":"product-type-simple"},"yoast_head":"<!-- This site is optimized with the Yoast SEO plugin v27.3 - https:\/\/yoast.com\/product\/yoast-seo-wordpress\/ -->\n<title>Moje postaci wewn\u0119trzne-tw\u00f3rcze spotkanie z sob\u0105, nagranie - Zunka Cichos jak kameleon<\/title>\n<meta name=\"description\" content=\"Moje postaci wewn\u0119trzne, to dwu godzinne nagranie tw\u00f3rczego spotkania z sob\u0105, podr\u00f3\u017c poprzez proces tw\u00f3rczy do siebie\" \/>\n<meta name=\"robots\" content=\"index, follow, max-snippet:-1, max-image-preview:large, max-video-preview:-1\" \/>\n<link rel=\"canonical\" href=\"https:\/\/zunkacichoscameleon.pl\/en\/product\/moje-postaci-wewnetrzne-tworcze-spotkanie-z-soba-nagranie\/\" \/>\n<meta property=\"og:locale\" content=\"en_GB\" \/>\n<meta property=\"og:type\" content=\"article\" \/>\n<meta property=\"og:title\" content=\"Moje postaci wewn\u0119trzne-tw\u00f3rcze spotkanie z sob\u0105, nagranie - Zunka Cichos jak kameleon\" \/>\n<meta property=\"og:description\" content=\"Moje postaci wewn\u0119trzne, to dwu godzinne nagranie tw\u00f3rczego spotkania z sob\u0105, podr\u00f3\u017c poprzez proces tw\u00f3rczy do siebie\" \/>\n<meta property=\"og:url\" content=\"https:\/\/zunkacichoscameleon.pl\/en\/product\/moje-postaci-wewnetrzne-tworcze-spotkanie-z-soba-nagranie\/\" \/>\n<meta property=\"og:site_name\" content=\"Zunka Cichos jak kameleon\" \/>\n<meta property=\"article:publisher\" content=\"https:\/\/www.facebook.com\/Cameleon-100398745427656\" \/>\n<meta property=\"article:modified_time\" content=\"2025-12-02T15:18:51+00:00\" \/>\n<meta property=\"og:image\" content=\"https:\/\/zunkacichoscameleon.pl\/wp-content\/uploads\/2023\/03\/Warszawa.png\" \/>\n\t<meta property=\"og:image:width\" content=\"940\" \/>\n\t<meta property=\"og:image:height\" content=\"788\" \/>\n\t<meta property=\"og:image:type\" content=\"image\/png\" \/>\n<meta name=\"twitter:card\" content=\"summary_large_image\" \/>\n<meta name=\"twitter:label1\" content=\"Estimated reading time\" \/>\n\t<meta name=\"twitter:data1\" content=\"3 minutes\" \/>\n<script type=\"application\/ld+json\" class=\"yoast-schema-graph\">{\"@context\":\"https:\\\/\\\/schema.org\",\"@graph\":[{\"@type\":\"WebPage\",\"@id\":\"https:\\\/\\\/zunkacichoscameleon.pl\\\/produkt\\\/moje-postaci-wewnetrzne-tworcze-spotkanie-z-soba-nagranie\\\/\",\"url\":\"https:\\\/\\\/zunkacichoscameleon.pl\\\/produkt\\\/moje-postaci-wewnetrzne-tworcze-spotkanie-z-soba-nagranie\\\/\",\"name\":\"Moje postaci wewn\u0119trzne-tw\u00f3rcze spotkanie z sob\u0105, nagranie - Zunka Cichos jak kameleon\",\"isPartOf\":{\"@id\":\"https:\\\/\\\/zunkacichoscameleon.pl\\\/#website\"},\"primaryImageOfPage\":{\"@id\":\"https:\\\/\\\/zunkacichoscameleon.pl\\\/produkt\\\/moje-postaci-wewnetrzne-tworcze-spotkanie-z-soba-nagranie\\\/#primaryimage\"},\"image\":{\"@id\":\"https:\\\/\\\/zunkacichoscameleon.pl\\\/produkt\\\/moje-postaci-wewnetrzne-tworcze-spotkanie-z-soba-nagranie\\\/#primaryimage\"},\"thumbnailUrl\":\"https:\\\/\\\/zunkacichoscameleon.pl\\\/wp-content\\\/uploads\\\/2023\\\/03\\\/Warszawa.png\",\"datePublished\":\"2023-03-28T09:13:11+00:00\",\"dateModified\":\"2025-12-02T15:18:51+00:00\",\"description\":\"Moje postaci wewn\u0119trzne, to dwu godzinne nagranie tw\u00f3rczego spotkania z sob\u0105, podr\u00f3\u017c poprzez proces tw\u00f3rczy do siebie\",\"breadcrumb\":{\"@id\":\"https:\\\/\\\/zunkacichoscameleon.pl\\\/produkt\\\/moje-postaci-wewnetrzne-tworcze-spotkanie-z-soba-nagranie\\\/#breadcrumb\"},\"inLanguage\":\"en-GB\",\"potentialAction\":[{\"@type\":\"ReadAction\",\"target\":[\"https:\\\/\\\/zunkacichoscameleon.pl\\\/produkt\\\/moje-postaci-wewnetrzne-tworcze-spotkanie-z-soba-nagranie\\\/\"]}]},{\"@type\":\"ImageObject\",\"inLanguage\":\"en-GB\",\"@id\":\"https:\\\/\\\/zunkacichoscameleon.pl\\\/produkt\\\/moje-postaci-wewnetrzne-tworcze-spotkanie-z-soba-nagranie\\\/#primaryimage\",\"url\":\"https:\\\/\\\/zunkacichoscameleon.pl\\\/wp-content\\\/uploads\\\/2023\\\/03\\\/Warszawa.png\",\"contentUrl\":\"https:\\\/\\\/zunkacichoscameleon.pl\\\/wp-content\\\/uploads\\\/2023\\\/03\\\/Warszawa.png\",\"width\":940,\"height\":788,\"caption\":\"postaci wewnetrzne\"},{\"@type\":\"BreadcrumbList\",\"@id\":\"https:\\\/\\\/zunkacichoscameleon.pl\\\/produkt\\\/moje-postaci-wewnetrzne-tworcze-spotkanie-z-soba-nagranie\\\/#breadcrumb\",\"itemListElement\":[{\"@type\":\"ListItem\",\"position\":1,\"name\":\"Strona g\u0142\u00f3wna\",\"item\":\"https:\\\/\\\/zunkacichoscameleon.pl\\\/\"},{\"@type\":\"ListItem\",\"position\":2,\"name\":\"Sklep\",\"item\":\"https:\\\/\\\/zunkacichoscameleon.pl\\\/sklep\\\/\"},{\"@type\":\"ListItem\",\"position\":3,\"name\":\"Moje postaci wewn\u0119trzne-tw\u00f3rcze spotkanie z sob\u0105, nagranie\"}]},{\"@type\":\"WebSite\",\"@id\":\"https:\\\/\\\/zunkacichoscameleon.pl\\\/#website\",\"url\":\"https:\\\/\\\/zunkacichoscameleon.pl\\\/\",\"name\":\"Zunka Cichos jak kameleon\",\"description\":\"Rozkminy artystyczno-\u017cyciowe\",\"publisher\":{\"@id\":\"https:\\\/\\\/zunkacichoscameleon.pl\\\/#\\\/schema\\\/person\\\/54eb2742270ae1528910f7e3c94c38a2\"},\"potentialAction\":[{\"@type\":\"SearchAction\",\"target\":{\"@type\":\"EntryPoint\",\"urlTemplate\":\"https:\\\/\\\/zunkacichoscameleon.pl\\\/?s={search_term_string}\"},\"query-input\":{\"@type\":\"PropertyValueSpecification\",\"valueRequired\":true,\"valueName\":\"search_term_string\"}}],\"inLanguage\":\"en-GB\"},{\"@type\":[\"Person\",\"Organization\"],\"@id\":\"https:\\\/\\\/zunkacichoscameleon.pl\\\/#\\\/schema\\\/person\\\/54eb2742270ae1528910f7e3c94c38a2\",\"name\":\"Zunka Cichos\",\"image\":{\"@type\":\"ImageObject\",\"inLanguage\":\"en-GB\",\"@id\":\"https:\\\/\\\/zunkacichoscameleon.pl\\\/wp-content\\\/uploads\\\/2021\\\/12\\\/3.jpg-necklace.jpg\",\"url\":\"https:\\\/\\\/zunkacichoscameleon.pl\\\/wp-content\\\/uploads\\\/2021\\\/12\\\/3.jpg-necklace.jpg\",\"contentUrl\":\"https:\\\/\\\/zunkacichoscameleon.pl\\\/wp-content\\\/uploads\\\/2021\\\/12\\\/3.jpg-necklace.jpg\",\"width\":900,\"height\":600,\"caption\":\"Zunka Cichos\"},\"logo\":{\"@id\":\"https:\\\/\\\/zunkacichoscameleon.pl\\\/wp-content\\\/uploads\\\/2021\\\/12\\\/3.jpg-necklace.jpg\"},\"sameAs\":[\"https:\\\/\\\/zunkacichoscameleon.pl\",\"https:\\\/\\\/www.facebook.com\\\/Cameleon-100398745427656\",\"https:\\\/\\\/www.instagram.com\\\/cameleonka\\\/?hl=en\",\"https:\\\/\\\/pl.pinterest.com\\\/cameleonartshop\\\/_created\\\/\"]}]}<\/script>\n<!-- \/ Yoast SEO plugin. -->","yoast_head_json":{"title":"Moje postaci wewn\u0119trzne-tw\u00f3rcze spotkanie z sob\u0105, nagranie - Zunka Cichos jak kameleon","description":"My inner figuers- 2 hours recording of a creative meeting with oneself, a journey within through the creative process","robots":{"index":"index","follow":"follow","max-snippet":"max-snippet:-1","max-image-preview":"max-image-preview:large","max-video-preview":"max-video-preview:-1"},"canonical":"https:\/\/zunkacichoscameleon.pl\/en\/product\/moje-postaci-wewnetrzne-tworcze-spotkanie-z-soba-nagranie\/","og_locale":"en_GB","og_type":"article","og_title":"Moje postaci wewn\u0119trzne-tw\u00f3rcze spotkanie z sob\u0105, nagranie - Zunka Cichos jak kameleon","og_description":"Moje postaci wewn\u0119trzne, to dwu godzinne nagranie tw\u00f3rczego spotkania z sob\u0105, podr\u00f3\u017c poprzez proces tw\u00f3rczy do siebie","og_url":"https:\/\/zunkacichoscameleon.pl\/en\/product\/moje-postaci-wewnetrzne-tworcze-spotkanie-z-soba-nagranie\/","og_site_name":"Zunka Cichos jak kameleon","article_publisher":"https:\/\/www.facebook.com\/Cameleon-100398745427656","article_modified_time":"2025-12-02T15:18:51+00:00","og_image":[{"width":940,"height":788,"url":"https:\/\/zunkacichoscameleon.pl\/wp-content\/uploads\/2023\/03\/Warszawa.png","type":"image\/png"}],"twitter_card":"summary_large_image","twitter_misc":{"Estimated reading time":"3 minutes"},"schema":{"@context":"https:\/\/schema.org","@graph":[{"@type":"WebPage","@id":"https:\/\/zunkacichoscameleon.pl\/produkt\/moje-postaci-wewnetrzne-tworcze-spotkanie-z-soba-nagranie\/","url":"https:\/\/zunkacichoscameleon.pl\/produkt\/moje-postaci-wewnetrzne-tworcze-spotkanie-z-soba-nagranie\/","name":"Moje postaci wewn\u0119trzne-tw\u00f3rcze spotkanie z sob\u0105, nagranie - Zunka Cichos jak kameleon","isPartOf":{"@id":"https:\/\/zunkacichoscameleon.pl\/#website"},"primaryImageOfPage":{"@id":"https:\/\/zunkacichoscameleon.pl\/produkt\/moje-postaci-wewnetrzne-tworcze-spotkanie-z-soba-nagranie\/#primaryimage"},"image":{"@id":"https:\/\/zunkacichoscameleon.pl\/produkt\/moje-postaci-wewnetrzne-tworcze-spotkanie-z-soba-nagranie\/#primaryimage"},"thumbnailUrl":"https:\/\/zunkacichoscameleon.pl\/wp-content\/uploads\/2023\/03\/Warszawa.png","datePublished":"2023-03-28T09:13:11+00:00","dateModified":"2025-12-02T15:18:51+00:00","description":"My inner figuers- 2 hours recording of a creative meeting with oneself, a journey within through the creative process","breadcrumb":{"@id":"https:\/\/zunkacichoscameleon.pl\/produkt\/moje-postaci-wewnetrzne-tworcze-spotkanie-z-soba-nagranie\/#breadcrumb"},"inLanguage":"en-GB","potentialAction":[{"@type":"ReadAction","target":["https:\/\/zunkacichoscameleon.pl\/produkt\/moje-postaci-wewnetrzne-tworcze-spotkanie-z-soba-nagranie\/"]}]},{"@type":"ImageObject","inLanguage":"en-GB","@id":"https:\/\/zunkacichoscameleon.pl\/produkt\/moje-postaci-wewnetrzne-tworcze-spotkanie-z-soba-nagranie\/#primaryimage","url":"https:\/\/zunkacichoscameleon.pl\/wp-content\/uploads\/2023\/03\/Warszawa.png","contentUrl":"https:\/\/zunkacichoscameleon.pl\/wp-content\/uploads\/2023\/03\/Warszawa.png","width":940,"height":788,"caption":"postaci wewnetrzne"},{"@type":"BreadcrumbList","@id":"https:\/\/zunkacichoscameleon.pl\/produkt\/moje-postaci-wewnetrzne-tworcze-spotkanie-z-soba-nagranie\/#breadcrumb","itemListElement":[{"@type":"ListItem","position":1,"name":"Strona g\u0142\u00f3wna","item":"https:\/\/zunkacichoscameleon.pl\/"},{"@type":"ListItem","position":2,"name":"Sklep","item":"https:\/\/zunkacichoscameleon.pl\/sklep\/"},{"@type":"ListItem","position":3,"name":"Moje postaci wewn\u0119trzne-tw\u00f3rcze spotkanie z sob\u0105, nagranie"}]},{"@type":"WebSite","@id":"https:\/\/zunkacichoscameleon.pl\/#website","url":"https:\/\/zunkacichoscameleon.pl\/","name":"Zunka Cichos jak kameleon","description":"Rozkminy artystyczno-\u017cyciowe","publisher":{"@id":"https:\/\/zunkacichoscameleon.pl\/#\/schema\/person\/54eb2742270ae1528910f7e3c94c38a2"},"potentialAction":[{"@type":"SearchAction","target":{"@type":"EntryPoint","urlTemplate":"https:\/\/zunkacichoscameleon.pl\/?s={search_term_string}"},"query-input":{"@type":"PropertyValueSpecification","valueRequired":true,"valueName":"search_term_string"}}],"inLanguage":"en-GB"},{"@type":["Person","Organization"],"@id":"https:\/\/zunkacichoscameleon.pl\/#\/schema\/person\/54eb2742270ae1528910f7e3c94c38a2","name":"Zunka Cichos","image":{"@type":"ImageObject","inLanguage":"en-GB","@id":"https:\/\/zunkacichoscameleon.pl\/wp-content\/uploads\/2021\/12\/3.jpg-necklace.jpg","url":"https:\/\/zunkacichoscameleon.pl\/wp-content\/uploads\/2021\/12\/3.jpg-necklace.jpg","contentUrl":"https:\/\/zunkacichoscameleon.pl\/wp-content\/uploads\/2021\/12\/3.jpg-necklace.jpg","width":900,"height":600,"caption":"Zunka Cichos"},"logo":{"@id":"https:\/\/zunkacichoscameleon.pl\/wp-content\/uploads\/2021\/12\/3.jpg-necklace.jpg"},"sameAs":["https:\/\/zunkacichoscameleon.pl","https:\/\/www.facebook.com\/Cameleon-100398745427656","https:\/\/www.instagram.com\/cameleonka\/?hl=en","https:\/\/pl.pinterest.com\/cameleonartshop\/_created\/"]}]}},"jetpack_sharing_enabled":true,"_links":{"self":[{"href":"https:\/\/zunkacichoscameleon.pl\/en\/wp-json\/wp\/v2\/product\/644","targetHints":{"allow":["GET"]}}],"collection":[{"href":"https:\/\/zunkacichoscameleon.pl\/en\/wp-json\/wp\/v2\/product"}],"about":[{"href":"https:\/\/zunkacichoscameleon.pl\/en\/wp-json\/wp\/v2\/types\/product"}],"replies":[{"embeddable":true,"href":"https:\/\/zunkacichoscameleon.pl\/en\/wp-json\/wp\/v2\/comments?post=644"}],"wp:featuredmedia":[{"embeddable":true,"href":"https:\/\/zunkacichoscameleon.pl\/en\/wp-json\/wp\/v2\/media\/645"}],"wp:attachment":[{"href":"https:\/\/zunkacichoscameleon.pl\/en\/wp-json\/wp\/v2\/media?parent=644"}],"wp:term":[{"taxonomy":"product_brand","embeddable":true,"href":"https:\/\/zunkacichoscameleon.pl\/en\/wp-json\/wp\/v2\/product_brand?post=644"},{"taxonomy":"product_cat","embeddable":true,"href":"https:\/\/zunkacichoscameleon.pl\/en\/wp-json\/wp\/v2\/product_cat?post=644"},{"taxonomy":"product_tag","embeddable":true,"href":"https:\/\/zunkacichoscameleon.pl\/en\/wp-json\/wp\/v2\/product_tag?post=644"}],"curies":[{"name":"wp","href":"https:\/\/api.w.org\/{rel}","templated":true}]}}