{"id":672,"date":"2023-04-13T11:45:38","date_gmt":"2023-04-13T09:45:38","guid":{"rendered":"https:\/\/zunkacichoscameleon.pl\/?post_type=product&#038;p=672"},"modified":"2026-04-10T15:54:35","modified_gmt":"2026-04-10T13:54:35","slug":"jonija-rytual-malarski-dla-joni","status":"publish","type":"product","link":"https:\/\/zunkacichoscameleon.pl\/en\/product\/jonija-rytual-malarski-dla-joni\/","title":{"rendered":"Yoni painting ritual"},"content":{"rendered":"<p>This recording is available only in POLISH\nDear sister I would like to invite you to a painting ritual. You will create a talisman for your yoni. This recording is 1:47 minutes long and I will guide you step by step in this experinece into your inner temple<\/p>\n<p>You will create a full of energy, intentional painting<\/p>\n<p>This experience is for you if you feel that you need to love yourself deeper, honor yourself, be in touch with your yoni wisdom, feel her, hear and respect her voice.<\/p>\n<p>I invite you to create something special for your yoni, kind of painted altar<br \/>\nYou will be guided step by step to space where the invisible takes shape.<\/p>\n<p>Your intention will guide you<\/p>\n<p>You will learn a very pleasant and easy painting technique, so after you can experiment with art and beauty by yourself.<br \/>\nYour inner artist will be reborn<\/p>\n<p>Important- this ritual is for every women, no matter of the level of your painting skilles. Beginners are welcomed as well as artists. I belive that everyone is an artist in their own unique way.<br \/>\nSo if it was 15 years ago that you painted for the last time, WELCOME<\/p>\n<p>This video will guide to an intimate meeting with your yoni, in your own rhythm and space<\/p>\n<p>This is not a vedic art or art theraphy this is my own way to get in touch with myself through art<\/p>\n<p>My name is Zunka Cichos<br \/>\nI am an artist  and guide to the images of the soul.<br \/>\nI love beauty, I am fascinated by art being a channel for the invisible, I am a guide to the inner images.<br \/>\nI belive in healing powers of love, truth and creativity<br \/>\nI love the combination of inner journeys and making art<\/p>\n<p>&nbsp;<\/p>\n<p>Materials<\/p>\n<p>watercolour paper or mix media paper<\/p>\n<p>black paper A4 for mix media or other colours according to your prefernces<\/p>\n<p>acrylic inks<\/p>\n<p>watercolour pencil or pencil<\/p>\n<p>acrylic paint<\/p>\n<p>white and black gel pen, or more colours<\/p>\n<p>markers<\/p>\n<p>&nbsp;<\/p>\n<p>in my shop <a href=\"https:\/\/zunkacichoscameleon.pl\/en\/product-category\/nagrania\/\">rytua\u0142y malarskie<\/a> znajdziesz tutaj<\/p>\n<p>Link which you will receive <strong>dostaniesz link z kt\u00f3rego mo\u017cesz pobra\u0107 nagranie.<\/strong> Link b\u0119dzie aktywny przez 9 miesi\u0119cy.<\/p>","protected":false},"excerpt":{"rendered":"<p>Jonija rytua\u0142 malarski dla joni, prawie dwu godzinne nagranie podczas kt\u00f3rego stworzysz malarski talizman dla swojej joni<\/p>","protected":false},"featured_media":673,"comment_status":"open","ping_status":"closed","template":"","meta":[],"product_brand":[],"product_cat":[99],"product_tag":[],"class_list":{"0":"post-672","1":"product","2":"type-product","3":"status-publish","4":"has-post-thumbnail","6":"product_cat-nagrania","8":"first","9":"instock","10":"downloadable","11":"virtual","12":"purchasable","13":"product-type-simple"},"yoast_head":"<!-- This site is optimized with the Yoast SEO plugin v27.3 - https:\/\/yoast.com\/product\/yoast-seo-wordpress\/ -->\n<title>JoniJa rytua\u0142 malarski dla joni - Zunka Cichos jak kameleon<\/title>\n<meta name=\"description\" content=\"Jonija rytua\u0142 malarski dla joni, prawie dwu godzinne nagranie podczas kt\u00f3rego stworzysz malarski talizman dla swojej joni\" \/>\n<meta name=\"robots\" content=\"index, follow, max-snippet:-1, max-image-preview:large, max-video-preview:-1\" \/>\n<link rel=\"canonical\" href=\"https:\/\/zunkacichoscameleon.pl\/en\/product\/jonija-rytual-malarski-dla-joni\/\" \/>\n<meta property=\"og:locale\" content=\"en_GB\" \/>\n<meta property=\"og:type\" content=\"article\" \/>\n<meta property=\"og:title\" content=\"JoniJa rytua\u0142 malarski dla joni - Zunka Cichos jak kameleon\" \/>\n<meta property=\"og:description\" content=\"Jonija rytua\u0142 malarski dla joni, prawie dwu godzinne nagranie podczas kt\u00f3rego stworzysz malarski talizman dla swojej joni\" \/>\n<meta property=\"og:url\" content=\"https:\/\/zunkacichoscameleon.pl\/en\/product\/jonija-rytual-malarski-dla-joni\/\" \/>\n<meta property=\"og:site_name\" content=\"Zunka Cichos jak kameleon\" \/>\n<meta property=\"article:publisher\" content=\"https:\/\/www.facebook.com\/Cameleon-100398745427656\" \/>\n<meta property=\"article:modified_time\" content=\"2026-04-10T13:54:35+00:00\" \/>\n<meta property=\"og:image\" content=\"https:\/\/zunkacichoscameleon.pl\/wp-content\/uploads\/2023\/04\/mini-youtube.png\" \/>\n\t<meta property=\"og:image:width\" content=\"1280\" \/>\n\t<meta property=\"og:image:height\" content=\"720\" \/>\n\t<meta property=\"og:image:type\" content=\"image\/png\" \/>\n<meta name=\"twitter:card\" content=\"summary_large_image\" \/>\n<meta name=\"twitter:label1\" content=\"Estimated reading time\" \/>\n\t<meta name=\"twitter:data1\" content=\"3 minutes\" \/>\n<script type=\"application\/ld+json\" class=\"yoast-schema-graph\">{\"@context\":\"https:\\\/\\\/schema.org\",\"@graph\":[{\"@type\":\"WebPage\",\"@id\":\"https:\\\/\\\/zunkacichoscameleon.pl\\\/produkt\\\/jonija-rytual-malarski-dla-joni\\\/\",\"url\":\"https:\\\/\\\/zunkacichoscameleon.pl\\\/produkt\\\/jonija-rytual-malarski-dla-joni\\\/\",\"name\":\"JoniJa rytua\u0142 malarski dla joni - Zunka Cichos jak kameleon\",\"isPartOf\":{\"@id\":\"https:\\\/\\\/zunkacichoscameleon.pl\\\/#website\"},\"primaryImageOfPage\":{\"@id\":\"https:\\\/\\\/zunkacichoscameleon.pl\\\/produkt\\\/jonija-rytual-malarski-dla-joni\\\/#primaryimage\"},\"image\":{\"@id\":\"https:\\\/\\\/zunkacichoscameleon.pl\\\/produkt\\\/jonija-rytual-malarski-dla-joni\\\/#primaryimage\"},\"thumbnailUrl\":\"https:\\\/\\\/zunkacichoscameleon.pl\\\/wp-content\\\/uploads\\\/2023\\\/04\\\/mini-youtube.png\",\"datePublished\":\"2023-04-13T09:45:38+00:00\",\"dateModified\":\"2026-04-10T13:54:35+00:00\",\"description\":\"Jonija rytua\u0142 malarski dla joni, prawie dwu godzinne nagranie podczas kt\u00f3rego stworzysz malarski talizman dla swojej joni\",\"breadcrumb\":{\"@id\":\"https:\\\/\\\/zunkacichoscameleon.pl\\\/produkt\\\/jonija-rytual-malarski-dla-joni\\\/#breadcrumb\"},\"inLanguage\":\"en-GB\",\"potentialAction\":[{\"@type\":\"ReadAction\",\"target\":[\"https:\\\/\\\/zunkacichoscameleon.pl\\\/produkt\\\/jonija-rytual-malarski-dla-joni\\\/\"]}]},{\"@type\":\"ImageObject\",\"inLanguage\":\"en-GB\",\"@id\":\"https:\\\/\\\/zunkacichoscameleon.pl\\\/produkt\\\/jonija-rytual-malarski-dla-joni\\\/#primaryimage\",\"url\":\"https:\\\/\\\/zunkacichoscameleon.pl\\\/wp-content\\\/uploads\\\/2023\\\/04\\\/mini-youtube.png\",\"contentUrl\":\"https:\\\/\\\/zunkacichoscameleon.pl\\\/wp-content\\\/uploads\\\/2023\\\/04\\\/mini-youtube.png\",\"width\":1280,\"height\":720,\"caption\":\"Jonija rytual malaski dla joni\"},{\"@type\":\"BreadcrumbList\",\"@id\":\"https:\\\/\\\/zunkacichoscameleon.pl\\\/produkt\\\/jonija-rytual-malarski-dla-joni\\\/#breadcrumb\",\"itemListElement\":[{\"@type\":\"ListItem\",\"position\":1,\"name\":\"Strona g\u0142\u00f3wna\",\"item\":\"https:\\\/\\\/zunkacichoscameleon.pl\\\/\"},{\"@type\":\"ListItem\",\"position\":2,\"name\":\"Sklep\",\"item\":\"https:\\\/\\\/zunkacichoscameleon.pl\\\/sklep\\\/\"},{\"@type\":\"ListItem\",\"position\":3,\"name\":\"JoniJa rytua\u0142 malarski dla joni\"}]},{\"@type\":\"WebSite\",\"@id\":\"https:\\\/\\\/zunkacichoscameleon.pl\\\/#website\",\"url\":\"https:\\\/\\\/zunkacichoscameleon.pl\\\/\",\"name\":\"Zunka Cichos jak kameleon\",\"description\":\"Rozkminy artystyczno-\u017cyciowe\",\"publisher\":{\"@id\":\"https:\\\/\\\/zunkacichoscameleon.pl\\\/#\\\/schema\\\/person\\\/54eb2742270ae1528910f7e3c94c38a2\"},\"potentialAction\":[{\"@type\":\"SearchAction\",\"target\":{\"@type\":\"EntryPoint\",\"urlTemplate\":\"https:\\\/\\\/zunkacichoscameleon.pl\\\/?s={search_term_string}\"},\"query-input\":{\"@type\":\"PropertyValueSpecification\",\"valueRequired\":true,\"valueName\":\"search_term_string\"}}],\"inLanguage\":\"en-GB\"},{\"@type\":[\"Person\",\"Organization\"],\"@id\":\"https:\\\/\\\/zunkacichoscameleon.pl\\\/#\\\/schema\\\/person\\\/54eb2742270ae1528910f7e3c94c38a2\",\"name\":\"Zunka Cichos\",\"image\":{\"@type\":\"ImageObject\",\"inLanguage\":\"en-GB\",\"@id\":\"https:\\\/\\\/zunkacichoscameleon.pl\\\/wp-content\\\/uploads\\\/2021\\\/12\\\/3.jpg-necklace.jpg\",\"url\":\"https:\\\/\\\/zunkacichoscameleon.pl\\\/wp-content\\\/uploads\\\/2021\\\/12\\\/3.jpg-necklace.jpg\",\"contentUrl\":\"https:\\\/\\\/zunkacichoscameleon.pl\\\/wp-content\\\/uploads\\\/2021\\\/12\\\/3.jpg-necklace.jpg\",\"width\":900,\"height\":600,\"caption\":\"Zunka Cichos\"},\"logo\":{\"@id\":\"https:\\\/\\\/zunkacichoscameleon.pl\\\/wp-content\\\/uploads\\\/2021\\\/12\\\/3.jpg-necklace.jpg\"},\"sameAs\":[\"https:\\\/\\\/zunkacichoscameleon.pl\",\"https:\\\/\\\/www.facebook.com\\\/Cameleon-100398745427656\",\"https:\\\/\\\/www.instagram.com\\\/cameleonka\\\/?hl=en\",\"https:\\\/\\\/pl.pinterest.com\\\/cameleonartshop\\\/_created\\\/\"]}]}<\/script>\n<!-- \/ Yoast SEO plugin. -->","yoast_head_json":{"title":"JoniJa rytua\u0142 malarski dla joni - Zunka Cichos jak kameleon","description":"Jonija rytua\u0142 malarski dla joni, prawie dwu godzinne nagranie podczas kt\u00f3rego stworzysz malarski talizman dla swojej joni","robots":{"index":"index","follow":"follow","max-snippet":"max-snippet:-1","max-image-preview":"max-image-preview:large","max-video-preview":"max-video-preview:-1"},"canonical":"https:\/\/zunkacichoscameleon.pl\/en\/product\/jonija-rytual-malarski-dla-joni\/","og_locale":"en_GB","og_type":"article","og_title":"JoniJa rytua\u0142 malarski dla joni - Zunka Cichos jak kameleon","og_description":"Jonija rytua\u0142 malarski dla joni, prawie dwu godzinne nagranie podczas kt\u00f3rego stworzysz malarski talizman dla swojej joni","og_url":"https:\/\/zunkacichoscameleon.pl\/en\/product\/jonija-rytual-malarski-dla-joni\/","og_site_name":"Zunka Cichos jak kameleon","article_publisher":"https:\/\/www.facebook.com\/Cameleon-100398745427656","article_modified_time":"2026-04-10T13:54:35+00:00","og_image":[{"width":1280,"height":720,"url":"https:\/\/zunkacichoscameleon.pl\/wp-content\/uploads\/2023\/04\/mini-youtube.png","type":"image\/png"}],"twitter_card":"summary_large_image","twitter_misc":{"Estimated reading time":"3 minutes"},"schema":{"@context":"https:\/\/schema.org","@graph":[{"@type":"WebPage","@id":"https:\/\/zunkacichoscameleon.pl\/produkt\/jonija-rytual-malarski-dla-joni\/","url":"https:\/\/zunkacichoscameleon.pl\/produkt\/jonija-rytual-malarski-dla-joni\/","name":"JoniJa rytua\u0142 malarski dla joni - Zunka Cichos jak kameleon","isPartOf":{"@id":"https:\/\/zunkacichoscameleon.pl\/#website"},"primaryImageOfPage":{"@id":"https:\/\/zunkacichoscameleon.pl\/produkt\/jonija-rytual-malarski-dla-joni\/#primaryimage"},"image":{"@id":"https:\/\/zunkacichoscameleon.pl\/produkt\/jonija-rytual-malarski-dla-joni\/#primaryimage"},"thumbnailUrl":"https:\/\/zunkacichoscameleon.pl\/wp-content\/uploads\/2023\/04\/mini-youtube.png","datePublished":"2023-04-13T09:45:38+00:00","dateModified":"2026-04-10T13:54:35+00:00","description":"Jonija rytua\u0142 malarski dla joni, prawie dwu godzinne nagranie podczas kt\u00f3rego stworzysz malarski talizman dla swojej joni","breadcrumb":{"@id":"https:\/\/zunkacichoscameleon.pl\/produkt\/jonija-rytual-malarski-dla-joni\/#breadcrumb"},"inLanguage":"en-GB","potentialAction":[{"@type":"ReadAction","target":["https:\/\/zunkacichoscameleon.pl\/produkt\/jonija-rytual-malarski-dla-joni\/"]}]},{"@type":"ImageObject","inLanguage":"en-GB","@id":"https:\/\/zunkacichoscameleon.pl\/produkt\/jonija-rytual-malarski-dla-joni\/#primaryimage","url":"https:\/\/zunkacichoscameleon.pl\/wp-content\/uploads\/2023\/04\/mini-youtube.png","contentUrl":"https:\/\/zunkacichoscameleon.pl\/wp-content\/uploads\/2023\/04\/mini-youtube.png","width":1280,"height":720,"caption":"Jonija rytual malaski dla joni"},{"@type":"BreadcrumbList","@id":"https:\/\/zunkacichoscameleon.pl\/produkt\/jonija-rytual-malarski-dla-joni\/#breadcrumb","itemListElement":[{"@type":"ListItem","position":1,"name":"Strona g\u0142\u00f3wna","item":"https:\/\/zunkacichoscameleon.pl\/"},{"@type":"ListItem","position":2,"name":"Sklep","item":"https:\/\/zunkacichoscameleon.pl\/sklep\/"},{"@type":"ListItem","position":3,"name":"JoniJa rytua\u0142 malarski dla joni"}]},{"@type":"WebSite","@id":"https:\/\/zunkacichoscameleon.pl\/#website","url":"https:\/\/zunkacichoscameleon.pl\/","name":"Zunka Cichos jak kameleon","description":"Rozkminy artystyczno-\u017cyciowe","publisher":{"@id":"https:\/\/zunkacichoscameleon.pl\/#\/schema\/person\/54eb2742270ae1528910f7e3c94c38a2"},"potentialAction":[{"@type":"SearchAction","target":{"@type":"EntryPoint","urlTemplate":"https:\/\/zunkacichoscameleon.pl\/?s={search_term_string}"},"query-input":{"@type":"PropertyValueSpecification","valueRequired":true,"valueName":"search_term_string"}}],"inLanguage":"en-GB"},{"@type":["Person","Organization"],"@id":"https:\/\/zunkacichoscameleon.pl\/#\/schema\/person\/54eb2742270ae1528910f7e3c94c38a2","name":"Zunka Cichos","image":{"@type":"ImageObject","inLanguage":"en-GB","@id":"https:\/\/zunkacichoscameleon.pl\/wp-content\/uploads\/2021\/12\/3.jpg-necklace.jpg","url":"https:\/\/zunkacichoscameleon.pl\/wp-content\/uploads\/2021\/12\/3.jpg-necklace.jpg","contentUrl":"https:\/\/zunkacichoscameleon.pl\/wp-content\/uploads\/2021\/12\/3.jpg-necklace.jpg","width":900,"height":600,"caption":"Zunka Cichos"},"logo":{"@id":"https:\/\/zunkacichoscameleon.pl\/wp-content\/uploads\/2021\/12\/3.jpg-necklace.jpg"},"sameAs":["https:\/\/zunkacichoscameleon.pl","https:\/\/www.facebook.com\/Cameleon-100398745427656","https:\/\/www.instagram.com\/cameleonka\/?hl=en","https:\/\/pl.pinterest.com\/cameleonartshop\/_created\/"]}]}},"jetpack_sharing_enabled":true,"_links":{"self":[{"href":"https:\/\/zunkacichoscameleon.pl\/en\/wp-json\/wp\/v2\/product\/672","targetHints":{"allow":["GET"]}}],"collection":[{"href":"https:\/\/zunkacichoscameleon.pl\/en\/wp-json\/wp\/v2\/product"}],"about":[{"href":"https:\/\/zunkacichoscameleon.pl\/en\/wp-json\/wp\/v2\/types\/product"}],"replies":[{"embeddable":true,"href":"https:\/\/zunkacichoscameleon.pl\/en\/wp-json\/wp\/v2\/comments?post=672"}],"wp:featuredmedia":[{"embeddable":true,"href":"https:\/\/zunkacichoscameleon.pl\/en\/wp-json\/wp\/v2\/media\/673"}],"wp:attachment":[{"href":"https:\/\/zunkacichoscameleon.pl\/en\/wp-json\/wp\/v2\/media?parent=672"}],"wp:term":[{"taxonomy":"product_brand","embeddable":true,"href":"https:\/\/zunkacichoscameleon.pl\/en\/wp-json\/wp\/v2\/product_brand?post=672"},{"taxonomy":"product_cat","embeddable":true,"href":"https:\/\/zunkacichoscameleon.pl\/en\/wp-json\/wp\/v2\/product_cat?post=672"},{"taxonomy":"product_tag","embeddable":true,"href":"https:\/\/zunkacichoscameleon.pl\/en\/wp-json\/wp\/v2\/product_tag?post=672"}],"curies":[{"name":"wp","href":"https:\/\/api.w.org\/{rel}","templated":true}]}}