{"id":835,"date":"2023-09-16T16:47:34","date_gmt":"2023-09-16T14:47:34","guid":{"rendered":"https:\/\/zunkacichoscameleon.pl\/?post_type=product&#038;p=835"},"modified":"2025-12-02T16:17:16","modified_gmt":"2025-12-02T15:17:16","slug":"magiczne-grzyby-podroz-malarska-nagranie","status":"publish","type":"product","link":"https:\/\/zunkacichoscameleon.pl\/en\/product\/magiczne-grzyby-podroz-malarska-nagranie\/","title":{"rendered":"Magic mushrooms, painting experience, recording, polish version"},"content":{"rendered":"<p>Magic mushrooms, painting experience\/class, 77 minutes recording during which, by using acrylic inks and other materials you will meet magic mushrooms <strong>This video is recorded in polish<\/strong> please be aware of that<\/p>\n<p>This recorded experience is for people who desire to paint. It is easy so it is good for beginners as well as for art explorers. In this video I guide you step by step, slowly  and mindfully through a process of painting colourful, vibrant magic mushrooms.\nThe idea to record this class came from my own psychodelic journey.<\/p>\n<p>You will find more details here <a href=\"https:\/\/tworczezycie.zunkacichoscameleon.pl\/magiczne-grzyby-2\/\"><strong>TUTAJ<\/strong><\/a><\/p>\n<p><strong>Materials<\/strong>, kt\u00f3re b\u0119d\u0105 Ci potrzebne.<\/p>\n<p>acrylic inks<\/p>\n<p>mix media paper<\/p>\n<p>watercolour pencil, pencil<\/p>\n<p>gel pens- favourite colours<\/p>\n<p><strong>IMPORTANT\u00a0<\/strong><\/p>\n<p>After placing the order, in a separate confirmation message, you will receive a link to download, the link will be active 9 months. <strong>9 miesi\u0119cy.<\/strong><\/p>","protected":false},"excerpt":{"rendered":"<p>Magic mushrooms, painting experience\/class, 77 minutes video, for beginners, easy and pleasant, acrylic inks<\/p>","protected":false},"featured_media":836,"comment_status":"open","ping_status":"closed","template":"","meta":[],"product_brand":[],"product_cat":[99],"product_tag":[105,96],"class_list":{"0":"post-835","1":"product","2":"type-product","3":"status-publish","4":"has-post-thumbnail","6":"product_cat-nagrania","7":"product_tag-magiczne-grzyby","8":"product_tag-nagranie","10":"first","11":"instock","12":"downloadable","13":"virtual","14":"purchasable","15":"product-type-simple"},"yoast_head":"<!-- This site is optimized with the Yoast SEO plugin v27.3 - https:\/\/yoast.com\/product\/yoast-seo-wordpress\/ -->\n<title>Magiczne grzyby, podr\u00f3\u017c malarska, nagranie - Zunka Cichos jak kameleon<\/title>\n<meta name=\"description\" content=\"Magiczne grzyby, to podr\u00f3\u017c malarska w formie 77 minutowego nagrania, poziom prosty, przyjemno\u015bciowy, z u\u017cyciem tuszy akrylowych\" \/>\n<meta name=\"robots\" content=\"index, follow, max-snippet:-1, max-image-preview:large, max-video-preview:-1\" \/>\n<link rel=\"canonical\" href=\"https:\/\/zunkacichoscameleon.pl\/en\/product\/magiczne-grzyby-podroz-malarska-nagranie\/\" \/>\n<meta property=\"og:locale\" content=\"en_GB\" \/>\n<meta property=\"og:type\" content=\"article\" \/>\n<meta property=\"og:title\" content=\"Magiczne grzyby, podr\u00f3\u017c malarska, nagranie - Zunka Cichos jak kameleon\" \/>\n<meta property=\"og:description\" content=\"Magiczne grzyby, to podr\u00f3\u017c malarska w formie 77 minutowego nagrania, poziom prosty, przyjemno\u015bciowy, z u\u017cyciem tuszy akrylowych\" \/>\n<meta property=\"og:url\" content=\"https:\/\/zunkacichoscameleon.pl\/en\/product\/magiczne-grzyby-podroz-malarska-nagranie\/\" \/>\n<meta property=\"og:site_name\" content=\"Zunka Cichos jak kameleon\" \/>\n<meta property=\"article:publisher\" content=\"https:\/\/www.facebook.com\/Cameleon-100398745427656\" \/>\n<meta property=\"article:modified_time\" content=\"2025-12-02T15:17:16+00:00\" \/>\n<meta property=\"og:image\" content=\"https:\/\/zunkacichoscameleon.pl\/wp-content\/uploads\/2023\/09\/Magiczne-grzyby.jpg\" \/>\n\t<meta property=\"og:image:width\" content=\"2560\" \/>\n\t<meta property=\"og:image:height\" content=\"1440\" \/>\n\t<meta property=\"og:image:type\" content=\"image\/jpeg\" \/>\n<meta name=\"twitter:card\" content=\"summary_large_image\" \/>\n<meta name=\"twitter:label1\" content=\"Estimated reading time\" \/>\n\t<meta name=\"twitter:data1\" content=\"1 minute\" \/>\n<script type=\"application\/ld+json\" class=\"yoast-schema-graph\">{\"@context\":\"https:\\\/\\\/schema.org\",\"@graph\":[{\"@type\":\"WebPage\",\"@id\":\"https:\\\/\\\/zunkacichoscameleon.pl\\\/produkt\\\/magiczne-grzyby-podroz-malarska-nagranie\\\/\",\"url\":\"https:\\\/\\\/zunkacichoscameleon.pl\\\/produkt\\\/magiczne-grzyby-podroz-malarska-nagranie\\\/\",\"name\":\"Magiczne grzyby, podr\u00f3\u017c malarska, nagranie - Zunka Cichos jak kameleon\",\"isPartOf\":{\"@id\":\"https:\\\/\\\/zunkacichoscameleon.pl\\\/#website\"},\"primaryImageOfPage\":{\"@id\":\"https:\\\/\\\/zunkacichoscameleon.pl\\\/produkt\\\/magiczne-grzyby-podroz-malarska-nagranie\\\/#primaryimage\"},\"image\":{\"@id\":\"https:\\\/\\\/zunkacichoscameleon.pl\\\/produkt\\\/magiczne-grzyby-podroz-malarska-nagranie\\\/#primaryimage\"},\"thumbnailUrl\":\"https:\\\/\\\/zunkacichoscameleon.pl\\\/wp-content\\\/uploads\\\/2023\\\/09\\\/Magiczne-grzyby.jpg\",\"datePublished\":\"2023-09-16T14:47:34+00:00\",\"dateModified\":\"2025-12-02T15:17:16+00:00\",\"description\":\"Magiczne grzyby, to podr\u00f3\u017c malarska w formie 77 minutowego nagrania, poziom prosty, przyjemno\u015bciowy, z u\u017cyciem tuszy akrylowych\",\"breadcrumb\":{\"@id\":\"https:\\\/\\\/zunkacichoscameleon.pl\\\/produkt\\\/magiczne-grzyby-podroz-malarska-nagranie\\\/#breadcrumb\"},\"inLanguage\":\"en-GB\",\"potentialAction\":[{\"@type\":\"ReadAction\",\"target\":[\"https:\\\/\\\/zunkacichoscameleon.pl\\\/produkt\\\/magiczne-grzyby-podroz-malarska-nagranie\\\/\"]}]},{\"@type\":\"ImageObject\",\"inLanguage\":\"en-GB\",\"@id\":\"https:\\\/\\\/zunkacichoscameleon.pl\\\/produkt\\\/magiczne-grzyby-podroz-malarska-nagranie\\\/#primaryimage\",\"url\":\"https:\\\/\\\/zunkacichoscameleon.pl\\\/wp-content\\\/uploads\\\/2023\\\/09\\\/Magiczne-grzyby.jpg\",\"contentUrl\":\"https:\\\/\\\/zunkacichoscameleon.pl\\\/wp-content\\\/uploads\\\/2023\\\/09\\\/Magiczne-grzyby.jpg\",\"width\":2560,\"height\":1440,\"caption\":\"Magiczne grzyby\"},{\"@type\":\"BreadcrumbList\",\"@id\":\"https:\\\/\\\/zunkacichoscameleon.pl\\\/produkt\\\/magiczne-grzyby-podroz-malarska-nagranie\\\/#breadcrumb\",\"itemListElement\":[{\"@type\":\"ListItem\",\"position\":1,\"name\":\"Strona g\u0142\u00f3wna\",\"item\":\"https:\\\/\\\/zunkacichoscameleon.pl\\\/\"},{\"@type\":\"ListItem\",\"position\":2,\"name\":\"Sklep\",\"item\":\"https:\\\/\\\/zunkacichoscameleon.pl\\\/sklep\\\/\"},{\"@type\":\"ListItem\",\"position\":3,\"name\":\"Magiczne grzyby, podr\u00f3\u017c malarska, nagranie\"}]},{\"@type\":\"WebSite\",\"@id\":\"https:\\\/\\\/zunkacichoscameleon.pl\\\/#website\",\"url\":\"https:\\\/\\\/zunkacichoscameleon.pl\\\/\",\"name\":\"Zunka Cichos jak kameleon\",\"description\":\"Rozkminy artystyczno-\u017cyciowe\",\"publisher\":{\"@id\":\"https:\\\/\\\/zunkacichoscameleon.pl\\\/#\\\/schema\\\/person\\\/54eb2742270ae1528910f7e3c94c38a2\"},\"potentialAction\":[{\"@type\":\"SearchAction\",\"target\":{\"@type\":\"EntryPoint\",\"urlTemplate\":\"https:\\\/\\\/zunkacichoscameleon.pl\\\/?s={search_term_string}\"},\"query-input\":{\"@type\":\"PropertyValueSpecification\",\"valueRequired\":true,\"valueName\":\"search_term_string\"}}],\"inLanguage\":\"en-GB\"},{\"@type\":[\"Person\",\"Organization\"],\"@id\":\"https:\\\/\\\/zunkacichoscameleon.pl\\\/#\\\/schema\\\/person\\\/54eb2742270ae1528910f7e3c94c38a2\",\"name\":\"Zunka Cichos\",\"image\":{\"@type\":\"ImageObject\",\"inLanguage\":\"en-GB\",\"@id\":\"https:\\\/\\\/zunkacichoscameleon.pl\\\/wp-content\\\/uploads\\\/2021\\\/12\\\/3.jpg-necklace.jpg\",\"url\":\"https:\\\/\\\/zunkacichoscameleon.pl\\\/wp-content\\\/uploads\\\/2021\\\/12\\\/3.jpg-necklace.jpg\",\"contentUrl\":\"https:\\\/\\\/zunkacichoscameleon.pl\\\/wp-content\\\/uploads\\\/2021\\\/12\\\/3.jpg-necklace.jpg\",\"width\":900,\"height\":600,\"caption\":\"Zunka Cichos\"},\"logo\":{\"@id\":\"https:\\\/\\\/zunkacichoscameleon.pl\\\/wp-content\\\/uploads\\\/2021\\\/12\\\/3.jpg-necklace.jpg\"},\"sameAs\":[\"https:\\\/\\\/zunkacichoscameleon.pl\",\"https:\\\/\\\/www.facebook.com\\\/Cameleon-100398745427656\",\"https:\\\/\\\/www.instagram.com\\\/cameleonka\\\/?hl=en\",\"https:\\\/\\\/pl.pinterest.com\\\/cameleonartshop\\\/_created\\\/\"]}]}<\/script>\n<!-- \/ Yoast SEO plugin. -->","yoast_head_json":{"title":"Magiczne grzyby, podr\u00f3\u017c malarska, nagranie - Zunka Cichos jak kameleon","description":"Magic mushrooms, painting experience\/class, 77 minutes video, for beginners, easy and pleasant, acrylic inks","robots":{"index":"index","follow":"follow","max-snippet":"max-snippet:-1","max-image-preview":"max-image-preview:large","max-video-preview":"max-video-preview:-1"},"canonical":"https:\/\/zunkacichoscameleon.pl\/en\/product\/magiczne-grzyby-podroz-malarska-nagranie\/","og_locale":"en_GB","og_type":"article","og_title":"Magiczne grzyby, podr\u00f3\u017c malarska, nagranie - Zunka Cichos jak kameleon","og_description":"Magiczne grzyby, to podr\u00f3\u017c malarska w formie 77 minutowego nagrania, poziom prosty, przyjemno\u015bciowy, z u\u017cyciem tuszy akrylowych","og_url":"https:\/\/zunkacichoscameleon.pl\/en\/product\/magiczne-grzyby-podroz-malarska-nagranie\/","og_site_name":"Zunka Cichos jak kameleon","article_publisher":"https:\/\/www.facebook.com\/Cameleon-100398745427656","article_modified_time":"2025-12-02T15:17:16+00:00","og_image":[{"width":2560,"height":1440,"url":"https:\/\/zunkacichoscameleon.pl\/wp-content\/uploads\/2023\/09\/Magiczne-grzyby.jpg","type":"image\/jpeg"}],"twitter_card":"summary_large_image","twitter_misc":{"Estimated reading time":"1 minute"},"schema":{"@context":"https:\/\/schema.org","@graph":[{"@type":"WebPage","@id":"https:\/\/zunkacichoscameleon.pl\/produkt\/magiczne-grzyby-podroz-malarska-nagranie\/","url":"https:\/\/zunkacichoscameleon.pl\/produkt\/magiczne-grzyby-podroz-malarska-nagranie\/","name":"Magiczne grzyby, podr\u00f3\u017c malarska, nagranie - Zunka Cichos jak kameleon","isPartOf":{"@id":"https:\/\/zunkacichoscameleon.pl\/#website"},"primaryImageOfPage":{"@id":"https:\/\/zunkacichoscameleon.pl\/produkt\/magiczne-grzyby-podroz-malarska-nagranie\/#primaryimage"},"image":{"@id":"https:\/\/zunkacichoscameleon.pl\/produkt\/magiczne-grzyby-podroz-malarska-nagranie\/#primaryimage"},"thumbnailUrl":"https:\/\/zunkacichoscameleon.pl\/wp-content\/uploads\/2023\/09\/Magiczne-grzyby.jpg","datePublished":"2023-09-16T14:47:34+00:00","dateModified":"2025-12-02T15:17:16+00:00","description":"Magic mushrooms, painting experience\/class, 77 minutes video, for beginners, easy and pleasant, acrylic inks","breadcrumb":{"@id":"https:\/\/zunkacichoscameleon.pl\/produkt\/magiczne-grzyby-podroz-malarska-nagranie\/#breadcrumb"},"inLanguage":"en-GB","potentialAction":[{"@type":"ReadAction","target":["https:\/\/zunkacichoscameleon.pl\/produkt\/magiczne-grzyby-podroz-malarska-nagranie\/"]}]},{"@type":"ImageObject","inLanguage":"en-GB","@id":"https:\/\/zunkacichoscameleon.pl\/produkt\/magiczne-grzyby-podroz-malarska-nagranie\/#primaryimage","url":"https:\/\/zunkacichoscameleon.pl\/wp-content\/uploads\/2023\/09\/Magiczne-grzyby.jpg","contentUrl":"https:\/\/zunkacichoscameleon.pl\/wp-content\/uploads\/2023\/09\/Magiczne-grzyby.jpg","width":2560,"height":1440,"caption":"Magiczne grzyby"},{"@type":"BreadcrumbList","@id":"https:\/\/zunkacichoscameleon.pl\/produkt\/magiczne-grzyby-podroz-malarska-nagranie\/#breadcrumb","itemListElement":[{"@type":"ListItem","position":1,"name":"Strona g\u0142\u00f3wna","item":"https:\/\/zunkacichoscameleon.pl\/"},{"@type":"ListItem","position":2,"name":"Sklep","item":"https:\/\/zunkacichoscameleon.pl\/sklep\/"},{"@type":"ListItem","position":3,"name":"Magiczne grzyby, podr\u00f3\u017c malarska, nagranie"}]},{"@type":"WebSite","@id":"https:\/\/zunkacichoscameleon.pl\/#website","url":"https:\/\/zunkacichoscameleon.pl\/","name":"Zunka Cichos jak kameleon","description":"Rozkminy artystyczno-\u017cyciowe","publisher":{"@id":"https:\/\/zunkacichoscameleon.pl\/#\/schema\/person\/54eb2742270ae1528910f7e3c94c38a2"},"potentialAction":[{"@type":"SearchAction","target":{"@type":"EntryPoint","urlTemplate":"https:\/\/zunkacichoscameleon.pl\/?s={search_term_string}"},"query-input":{"@type":"PropertyValueSpecification","valueRequired":true,"valueName":"search_term_string"}}],"inLanguage":"en-GB"},{"@type":["Person","Organization"],"@id":"https:\/\/zunkacichoscameleon.pl\/#\/schema\/person\/54eb2742270ae1528910f7e3c94c38a2","name":"Zunka Cichos","image":{"@type":"ImageObject","inLanguage":"en-GB","@id":"https:\/\/zunkacichoscameleon.pl\/wp-content\/uploads\/2021\/12\/3.jpg-necklace.jpg","url":"https:\/\/zunkacichoscameleon.pl\/wp-content\/uploads\/2021\/12\/3.jpg-necklace.jpg","contentUrl":"https:\/\/zunkacichoscameleon.pl\/wp-content\/uploads\/2021\/12\/3.jpg-necklace.jpg","width":900,"height":600,"caption":"Zunka Cichos"},"logo":{"@id":"https:\/\/zunkacichoscameleon.pl\/wp-content\/uploads\/2021\/12\/3.jpg-necklace.jpg"},"sameAs":["https:\/\/zunkacichoscameleon.pl","https:\/\/www.facebook.com\/Cameleon-100398745427656","https:\/\/www.instagram.com\/cameleonka\/?hl=en","https:\/\/pl.pinterest.com\/cameleonartshop\/_created\/"]}]}},"jetpack_sharing_enabled":true,"_links":{"self":[{"href":"https:\/\/zunkacichoscameleon.pl\/en\/wp-json\/wp\/v2\/product\/835","targetHints":{"allow":["GET"]}}],"collection":[{"href":"https:\/\/zunkacichoscameleon.pl\/en\/wp-json\/wp\/v2\/product"}],"about":[{"href":"https:\/\/zunkacichoscameleon.pl\/en\/wp-json\/wp\/v2\/types\/product"}],"replies":[{"embeddable":true,"href":"https:\/\/zunkacichoscameleon.pl\/en\/wp-json\/wp\/v2\/comments?post=835"}],"wp:featuredmedia":[{"embeddable":true,"href":"https:\/\/zunkacichoscameleon.pl\/en\/wp-json\/wp\/v2\/media\/836"}],"wp:attachment":[{"href":"https:\/\/zunkacichoscameleon.pl\/en\/wp-json\/wp\/v2\/media?parent=835"}],"wp:term":[{"taxonomy":"product_brand","embeddable":true,"href":"https:\/\/zunkacichoscameleon.pl\/en\/wp-json\/wp\/v2\/product_brand?post=835"},{"taxonomy":"product_cat","embeddable":true,"href":"https:\/\/zunkacichoscameleon.pl\/en\/wp-json\/wp\/v2\/product_cat?post=835"},{"taxonomy":"product_tag","embeddable":true,"href":"https:\/\/zunkacichoscameleon.pl\/en\/wp-json\/wp\/v2\/product_tag?post=835"}],"curies":[{"name":"wp","href":"https:\/\/api.w.org\/{rel}","templated":true}]}}