{"id":914,"date":"2023-10-25T14:32:03","date_gmt":"2023-10-25T12:32:03","guid":{"rendered":"https:\/\/zunkacichoscameleon.pl\/?post_type=product&#038;p=914"},"modified":"2025-12-02T16:17:03","modified_gmt":"2025-12-02T15:17:03","slug":"kobiety-wielowymiarowe-rytual-malarski","status":"publish","type":"product","link":"https:\/\/zunkacichoscameleon.pl\/en\/product\/kobiety-wielowymiarowe-rytual-malarski\/","title":{"rendered":"Multidimensional Women-painting ritual- polish version"},"content":{"rendered":"<p>Mulitdimensional Woman- painting ritual, recording. You will create a woman portrait from your inner cosmos<\/p>\n<p>The process of creating this ritual was being born slowly<\/p>\n<p>Slowly, step by step I will show you the path to your own multidimensional inner woman<\/p>\n<p>You will create a portrait<\/p>\n<p>This recording takes 1 hour and 35 minutes<\/p>\n<p>Will have access to this video for 9 months<\/p>\n<p>Materials<\/p>\n<p>watercolour paper A3 or A4<\/p>\n<p>acrylic inks, watercolour or Golden fluids<\/p>\n<p>watercolour pencil<\/p>\n<p>gel pens<\/p>\n<p><strong>After the payment you will receive a separate message with the link to download <\/strong><\/p>\n<p>In case of any questions send me a message -zuzaci@gmail.com<\/p>\n<p>&nbsp;<\/p>","protected":false},"excerpt":{"rendered":"<p>Mulitdimensional Woman- painting ritual, recording. You will create a woman portrait from your inner cosmos<\/p>","protected":false},"featured_media":915,"comment_status":"open","ping_status":"closed","template":"","meta":[],"product_brand":[],"product_cat":[99],"product_tag":[],"class_list":{"0":"post-914","1":"product","2":"type-product","3":"status-publish","4":"has-post-thumbnail","6":"product_cat-nagrania","8":"first","9":"instock","10":"downloadable","11":"virtual","12":"purchasable","13":"product-type-simple"},"yoast_head":"<!-- This site is optimized with the Yoast SEO plugin v27.3 - https:\/\/yoast.com\/product\/yoast-seo-wordpress\/ -->\n<title>Kobiety Wielowymiarowe- rytua\u0142 malarski - Zunka Cichos jak kameleon<\/title>\n<meta name=\"description\" content=\"Kobiety wielowymiarowe rytua\u0142 malarski, 2 godzinne nagranie podczas kt\u00f3rego powstanie portrety kobiety z Twojego wewn\u0119trznego kosmosu\" \/>\n<meta name=\"robots\" content=\"index, follow, max-snippet:-1, max-image-preview:large, max-video-preview:-1\" \/>\n<link rel=\"canonical\" href=\"https:\/\/zunkacichoscameleon.pl\/en\/product\/kobiety-wielowymiarowe-rytual-malarski\/\" \/>\n<meta property=\"og:locale\" content=\"en_GB\" \/>\n<meta property=\"og:type\" content=\"article\" \/>\n<meta property=\"og:title\" content=\"Kobiety Wielowymiarowe- rytua\u0142 malarski - Zunka Cichos jak kameleon\" \/>\n<meta property=\"og:description\" content=\"Kobiety wielowymiarowe rytua\u0142 malarski, 2 godzinne nagranie podczas kt\u00f3rego powstanie portrety kobiety z Twojego wewn\u0119trznego kosmosu\" \/>\n<meta property=\"og:url\" content=\"https:\/\/zunkacichoscameleon.pl\/en\/product\/kobiety-wielowymiarowe-rytual-malarski\/\" \/>\n<meta property=\"og:site_name\" content=\"Zunka Cichos jak kameleon\" \/>\n<meta property=\"article:publisher\" content=\"https:\/\/www.facebook.com\/Cameleon-100398745427656\" \/>\n<meta property=\"article:modified_time\" content=\"2025-12-02T15:17:03+00:00\" \/>\n<meta property=\"og:image\" content=\"https:\/\/zunkacichoscameleon.pl\/wp-content\/uploads\/2023\/10\/wielowymiarowe-kobiety-1024x576.png\" \/>\n\t<meta property=\"og:image:width\" content=\"1024\" \/>\n\t<meta property=\"og:image:height\" content=\"576\" \/>\n\t<meta property=\"og:image:type\" content=\"image\/png\" \/>\n<meta name=\"twitter:card\" content=\"summary_large_image\" \/>\n<meta name=\"twitter:label1\" content=\"Estimated reading time\" \/>\n\t<meta name=\"twitter:data1\" content=\"1 minute\" \/>\n<script type=\"application\/ld+json\" class=\"yoast-schema-graph\">{\"@context\":\"https:\\\/\\\/schema.org\",\"@graph\":[{\"@type\":\"WebPage\",\"@id\":\"https:\\\/\\\/zunkacichoscameleon.pl\\\/produkt\\\/kobiety-wielowymiarowe-rytual-malarski\\\/\",\"url\":\"https:\\\/\\\/zunkacichoscameleon.pl\\\/produkt\\\/kobiety-wielowymiarowe-rytual-malarski\\\/\",\"name\":\"Kobiety Wielowymiarowe- rytua\u0142 malarski - Zunka Cichos jak kameleon\",\"isPartOf\":{\"@id\":\"https:\\\/\\\/zunkacichoscameleon.pl\\\/#website\"},\"primaryImageOfPage\":{\"@id\":\"https:\\\/\\\/zunkacichoscameleon.pl\\\/produkt\\\/kobiety-wielowymiarowe-rytual-malarski\\\/#primaryimage\"},\"image\":{\"@id\":\"https:\\\/\\\/zunkacichoscameleon.pl\\\/produkt\\\/kobiety-wielowymiarowe-rytual-malarski\\\/#primaryimage\"},\"thumbnailUrl\":\"https:\\\/\\\/zunkacichoscameleon.pl\\\/wp-content\\\/uploads\\\/2023\\\/10\\\/wielowymiarowe-kobiety.png\",\"datePublished\":\"2023-10-25T12:32:03+00:00\",\"dateModified\":\"2025-12-02T15:17:03+00:00\",\"description\":\"Kobiety wielowymiarowe rytua\u0142 malarski, 2 godzinne nagranie podczas kt\u00f3rego powstanie portrety kobiety z Twojego wewn\u0119trznego kosmosu\",\"breadcrumb\":{\"@id\":\"https:\\\/\\\/zunkacichoscameleon.pl\\\/produkt\\\/kobiety-wielowymiarowe-rytual-malarski\\\/#breadcrumb\"},\"inLanguage\":\"en-GB\",\"potentialAction\":[{\"@type\":\"ReadAction\",\"target\":[\"https:\\\/\\\/zunkacichoscameleon.pl\\\/produkt\\\/kobiety-wielowymiarowe-rytual-malarski\\\/\"]}]},{\"@type\":\"ImageObject\",\"inLanguage\":\"en-GB\",\"@id\":\"https:\\\/\\\/zunkacichoscameleon.pl\\\/produkt\\\/kobiety-wielowymiarowe-rytual-malarski\\\/#primaryimage\",\"url\":\"https:\\\/\\\/zunkacichoscameleon.pl\\\/wp-content\\\/uploads\\\/2023\\\/10\\\/wielowymiarowe-kobiety.png\",\"contentUrl\":\"https:\\\/\\\/zunkacichoscameleon.pl\\\/wp-content\\\/uploads\\\/2023\\\/10\\\/wielowymiarowe-kobiety.png\",\"width\":2560,\"height\":1440,\"caption\":\"wielowymiarowe kobiety\"},{\"@type\":\"BreadcrumbList\",\"@id\":\"https:\\\/\\\/zunkacichoscameleon.pl\\\/produkt\\\/kobiety-wielowymiarowe-rytual-malarski\\\/#breadcrumb\",\"itemListElement\":[{\"@type\":\"ListItem\",\"position\":1,\"name\":\"Strona g\u0142\u00f3wna\",\"item\":\"https:\\\/\\\/zunkacichoscameleon.pl\\\/\"},{\"@type\":\"ListItem\",\"position\":2,\"name\":\"Sklep\",\"item\":\"https:\\\/\\\/zunkacichoscameleon.pl\\\/sklep\\\/\"},{\"@type\":\"ListItem\",\"position\":3,\"name\":\"Kobiety Wielowymiarowe- rytua\u0142 malarski\"}]},{\"@type\":\"WebSite\",\"@id\":\"https:\\\/\\\/zunkacichoscameleon.pl\\\/#website\",\"url\":\"https:\\\/\\\/zunkacichoscameleon.pl\\\/\",\"name\":\"Zunka Cichos jak kameleon\",\"description\":\"Rozkminy artystyczno-\u017cyciowe\",\"publisher\":{\"@id\":\"https:\\\/\\\/zunkacichoscameleon.pl\\\/#\\\/schema\\\/person\\\/54eb2742270ae1528910f7e3c94c38a2\"},\"potentialAction\":[{\"@type\":\"SearchAction\",\"target\":{\"@type\":\"EntryPoint\",\"urlTemplate\":\"https:\\\/\\\/zunkacichoscameleon.pl\\\/?s={search_term_string}\"},\"query-input\":{\"@type\":\"PropertyValueSpecification\",\"valueRequired\":true,\"valueName\":\"search_term_string\"}}],\"inLanguage\":\"en-GB\"},{\"@type\":[\"Person\",\"Organization\"],\"@id\":\"https:\\\/\\\/zunkacichoscameleon.pl\\\/#\\\/schema\\\/person\\\/54eb2742270ae1528910f7e3c94c38a2\",\"name\":\"Zunka Cichos\",\"image\":{\"@type\":\"ImageObject\",\"inLanguage\":\"en-GB\",\"@id\":\"https:\\\/\\\/zunkacichoscameleon.pl\\\/wp-content\\\/uploads\\\/2021\\\/12\\\/3.jpg-necklace.jpg\",\"url\":\"https:\\\/\\\/zunkacichoscameleon.pl\\\/wp-content\\\/uploads\\\/2021\\\/12\\\/3.jpg-necklace.jpg\",\"contentUrl\":\"https:\\\/\\\/zunkacichoscameleon.pl\\\/wp-content\\\/uploads\\\/2021\\\/12\\\/3.jpg-necklace.jpg\",\"width\":900,\"height\":600,\"caption\":\"Zunka Cichos\"},\"logo\":{\"@id\":\"https:\\\/\\\/zunkacichoscameleon.pl\\\/wp-content\\\/uploads\\\/2021\\\/12\\\/3.jpg-necklace.jpg\"},\"sameAs\":[\"https:\\\/\\\/zunkacichoscameleon.pl\",\"https:\\\/\\\/www.facebook.com\\\/Cameleon-100398745427656\",\"https:\\\/\\\/www.instagram.com\\\/cameleonka\\\/?hl=en\",\"https:\\\/\\\/pl.pinterest.com\\\/cameleonartshop\\\/_created\\\/\"]}]}<\/script>\n<!-- \/ Yoast SEO plugin. -->","yoast_head_json":{"title":"Kobiety Wielowymiarowe- rytua\u0142 malarski - Zunka Cichos jak kameleon","description":"Kobiety wielowymiarowe rytua\u0142 malarski, 2 godzinne nagranie podczas kt\u00f3rego powstanie portrety kobiety z Twojego wewn\u0119trznego kosmosu","robots":{"index":"index","follow":"follow","max-snippet":"max-snippet:-1","max-image-preview":"max-image-preview:large","max-video-preview":"max-video-preview:-1"},"canonical":"https:\/\/zunkacichoscameleon.pl\/en\/product\/kobiety-wielowymiarowe-rytual-malarski\/","og_locale":"en_GB","og_type":"article","og_title":"Kobiety Wielowymiarowe- rytua\u0142 malarski - Zunka Cichos jak kameleon","og_description":"Kobiety wielowymiarowe rytua\u0142 malarski, 2 godzinne nagranie podczas kt\u00f3rego powstanie portrety kobiety z Twojego wewn\u0119trznego kosmosu","og_url":"https:\/\/zunkacichoscameleon.pl\/en\/product\/kobiety-wielowymiarowe-rytual-malarski\/","og_site_name":"Zunka Cichos jak kameleon","article_publisher":"https:\/\/www.facebook.com\/Cameleon-100398745427656","article_modified_time":"2025-12-02T15:17:03+00:00","og_image":[{"width":1024,"height":576,"url":"https:\/\/zunkacichoscameleon.pl\/wp-content\/uploads\/2023\/10\/wielowymiarowe-kobiety-1024x576.png","type":"image\/png"}],"twitter_card":"summary_large_image","twitter_misc":{"Estimated reading time":"1 minute"},"schema":{"@context":"https:\/\/schema.org","@graph":[{"@type":"WebPage","@id":"https:\/\/zunkacichoscameleon.pl\/produkt\/kobiety-wielowymiarowe-rytual-malarski\/","url":"https:\/\/zunkacichoscameleon.pl\/produkt\/kobiety-wielowymiarowe-rytual-malarski\/","name":"Kobiety Wielowymiarowe- rytua\u0142 malarski - Zunka Cichos jak kameleon","isPartOf":{"@id":"https:\/\/zunkacichoscameleon.pl\/#website"},"primaryImageOfPage":{"@id":"https:\/\/zunkacichoscameleon.pl\/produkt\/kobiety-wielowymiarowe-rytual-malarski\/#primaryimage"},"image":{"@id":"https:\/\/zunkacichoscameleon.pl\/produkt\/kobiety-wielowymiarowe-rytual-malarski\/#primaryimage"},"thumbnailUrl":"https:\/\/zunkacichoscameleon.pl\/wp-content\/uploads\/2023\/10\/wielowymiarowe-kobiety.png","datePublished":"2023-10-25T12:32:03+00:00","dateModified":"2025-12-02T15:17:03+00:00","description":"Kobiety wielowymiarowe rytua\u0142 malarski, 2 godzinne nagranie podczas kt\u00f3rego powstanie portrety kobiety z Twojego wewn\u0119trznego kosmosu","breadcrumb":{"@id":"https:\/\/zunkacichoscameleon.pl\/produkt\/kobiety-wielowymiarowe-rytual-malarski\/#breadcrumb"},"inLanguage":"en-GB","potentialAction":[{"@type":"ReadAction","target":["https:\/\/zunkacichoscameleon.pl\/produkt\/kobiety-wielowymiarowe-rytual-malarski\/"]}]},{"@type":"ImageObject","inLanguage":"en-GB","@id":"https:\/\/zunkacichoscameleon.pl\/produkt\/kobiety-wielowymiarowe-rytual-malarski\/#primaryimage","url":"https:\/\/zunkacichoscameleon.pl\/wp-content\/uploads\/2023\/10\/wielowymiarowe-kobiety.png","contentUrl":"https:\/\/zunkacichoscameleon.pl\/wp-content\/uploads\/2023\/10\/wielowymiarowe-kobiety.png","width":2560,"height":1440,"caption":"wielowymiarowe kobiety"},{"@type":"BreadcrumbList","@id":"https:\/\/zunkacichoscameleon.pl\/produkt\/kobiety-wielowymiarowe-rytual-malarski\/#breadcrumb","itemListElement":[{"@type":"ListItem","position":1,"name":"Strona g\u0142\u00f3wna","item":"https:\/\/zunkacichoscameleon.pl\/"},{"@type":"ListItem","position":2,"name":"Sklep","item":"https:\/\/zunkacichoscameleon.pl\/sklep\/"},{"@type":"ListItem","position":3,"name":"Kobiety Wielowymiarowe- rytua\u0142 malarski"}]},{"@type":"WebSite","@id":"https:\/\/zunkacichoscameleon.pl\/#website","url":"https:\/\/zunkacichoscameleon.pl\/","name":"Zunka Cichos jak kameleon","description":"Rozkminy artystyczno-\u017cyciowe","publisher":{"@id":"https:\/\/zunkacichoscameleon.pl\/#\/schema\/person\/54eb2742270ae1528910f7e3c94c38a2"},"potentialAction":[{"@type":"SearchAction","target":{"@type":"EntryPoint","urlTemplate":"https:\/\/zunkacichoscameleon.pl\/?s={search_term_string}"},"query-input":{"@type":"PropertyValueSpecification","valueRequired":true,"valueName":"search_term_string"}}],"inLanguage":"en-GB"},{"@type":["Person","Organization"],"@id":"https:\/\/zunkacichoscameleon.pl\/#\/schema\/person\/54eb2742270ae1528910f7e3c94c38a2","name":"Zunka Cichos","image":{"@type":"ImageObject","inLanguage":"en-GB","@id":"https:\/\/zunkacichoscameleon.pl\/wp-content\/uploads\/2021\/12\/3.jpg-necklace.jpg","url":"https:\/\/zunkacichoscameleon.pl\/wp-content\/uploads\/2021\/12\/3.jpg-necklace.jpg","contentUrl":"https:\/\/zunkacichoscameleon.pl\/wp-content\/uploads\/2021\/12\/3.jpg-necklace.jpg","width":900,"height":600,"caption":"Zunka Cichos"},"logo":{"@id":"https:\/\/zunkacichoscameleon.pl\/wp-content\/uploads\/2021\/12\/3.jpg-necklace.jpg"},"sameAs":["https:\/\/zunkacichoscameleon.pl","https:\/\/www.facebook.com\/Cameleon-100398745427656","https:\/\/www.instagram.com\/cameleonka\/?hl=en","https:\/\/pl.pinterest.com\/cameleonartshop\/_created\/"]}]}},"jetpack_sharing_enabled":true,"_links":{"self":[{"href":"https:\/\/zunkacichoscameleon.pl\/en\/wp-json\/wp\/v2\/product\/914","targetHints":{"allow":["GET"]}}],"collection":[{"href":"https:\/\/zunkacichoscameleon.pl\/en\/wp-json\/wp\/v2\/product"}],"about":[{"href":"https:\/\/zunkacichoscameleon.pl\/en\/wp-json\/wp\/v2\/types\/product"}],"replies":[{"embeddable":true,"href":"https:\/\/zunkacichoscameleon.pl\/en\/wp-json\/wp\/v2\/comments?post=914"}],"wp:featuredmedia":[{"embeddable":true,"href":"https:\/\/zunkacichoscameleon.pl\/en\/wp-json\/wp\/v2\/media\/915"}],"wp:attachment":[{"href":"https:\/\/zunkacichoscameleon.pl\/en\/wp-json\/wp\/v2\/media?parent=914"}],"wp:term":[{"taxonomy":"product_brand","embeddable":true,"href":"https:\/\/zunkacichoscameleon.pl\/en\/wp-json\/wp\/v2\/product_brand?post=914"},{"taxonomy":"product_cat","embeddable":true,"href":"https:\/\/zunkacichoscameleon.pl\/en\/wp-json\/wp\/v2\/product_cat?post=914"},{"taxonomy":"product_tag","embeddable":true,"href":"https:\/\/zunkacichoscameleon.pl\/en\/wp-json\/wp\/v2\/product_tag?post=914"}],"curies":[{"name":"wp","href":"https:\/\/api.w.org\/{rel}","templated":true}]}}